{"id":1227,"date":"2016-09-06T18:11:23","date_gmt":"2016-09-06T18:11:23","guid":{"rendered":"http:\/\/demos.famethemes.com\/screenr-plus\/?post_type=portfolio&#038;p=1197"},"modified":"2026-01-07T15:28:37","modified_gmt":"2026-01-07T15:28:37","slug":"spanish-schools-in-barcelona","status":"publish","type":"page","link":"https:\/\/holaspain.agency\/pt\/spanish-schools-in-barcelona\/","title":{"rendered":"Escolas de espanhol em Barcelona"},"content":{"rendered":"<div class=\"wpb-content-wrapper\"><div class=\"vc_row wpb_row vc_row-fluid\"><div class=\"wpb_column vc_column_container vc_col-sm-12\"><div class=\"vc_column-inner\"><div class=\"wpb_wrapper\">\n\t<div class=\"wpb_text_column wpb_content_element\" >\n\t\t<div class=\"wpb_wrapper\">\n\t\t\t<h1 style=\"text-align: justify;\">Estudar espanhol no exterior<\/h1>\n<h3 style=\"text-align: justify;\"><strong>Aprenda espanhol em Barcelona - Onde a l\u00edngua, a arte e o Mediterr\u00e2neo se encontram<\/strong><\/h3>\n<blockquote>\n<p style=\"text-align: justify;\">Se voc\u00ea est\u00e1 sonhando em aprender espanhol em uma cidade cheia de criatividade, cultura e charme \u00e0 beira-mar, <strong>Barcelona<\/strong> \u00e9 o destino perfeito. Famoso por suas <strong>Arquitetura de Gaud\u00ed, estilo de vida cosmopolita e praias mediterr\u00e2neas<\/strong>, Barcelona oferece um ambiente inspirador para <strong>Estude espanhol enquanto desfruta de uma das cidades mais vibrantes da Europa<\/strong>.<\/p>\n<\/blockquote>\n<h3 style=\"text-align: justify;\"><strong>Por que estudar espanhol em Barcelona?<\/strong><\/h3>\n<p><iframe loading=\"lazy\" title=\"Estudar espanhol em Barcelona \ud83c\uddea\ud83c\uddf8 | Cultura, vida urbana e imers\u00e3o\" width=\"790\" height=\"444\" src=\"https:\/\/www.youtube.com\/embed\/ooLzWz08nEo?feature=oembed\" frameborder=\"0\" allow=\"accelerometer; autoplay; clipboard-write; encrypted-media; gyroscope; picture-in-picture; web-share\" referrerpolicy=\"strict-origin-when-cross-origin\" allowfullscreen><\/iframe><\/p>\n<p style=\"text-align: justify;\"><span style=\"font-size: 0.9375rem;\">Se voc\u00ea \u00e9 um\u00a0<\/span><strong style=\"font-size: 0.9375rem;\">adolescente em busca de um ver\u00e3o inesquec\u00edvel no exterior<\/strong><span style=\"font-size: 0.9375rem;\">\u00a0ou um\u00a0<\/span><strong style=\"font-size: 0.9375rem;\">aluno adulto<\/strong><span style=\"font-size: 0.9375rem;\">\u00a0Buscando um programa de imers\u00e3o total, Barcelona combina excel\u00eancia acad\u00eamica com uma atmosfera internacional empolgante.<\/span><\/p>\n<p style=\"text-align: justify;\">Barcelona \u00e9 a capital da Espanha <strong>segunda maior cidade<\/strong> e um dos destinos mais populares para estudantes internacionais.<br \/>\n\u00c9 um lugar onde a tradi\u00e7\u00e3o encontra a inova\u00e7\u00e3o, onde voc\u00ea pode estudar espanhol pela manh\u00e3, visitar um museu de classe mundial \u00e0 tarde e relaxar na praia \u00e0 noite.<\/p>\n<p style=\"text-align: justify;\">Os alunos adoram Barcelona porque:<\/p>\n<ul style=\"text-align: justify;\">\n<li>Ele oferece <strong>Escolas de espanhol de alta qualidade<\/strong> credenciado pelo Instituto Cervantes.<\/li>\n<li>\u00c9 um <strong>cidade bil\u00edngue<\/strong>, onde voc\u00ea pode ouvir espanhol e catal\u00e3o, enriquecendo sua experi\u00eancia cultural.<\/li>\n<li>O <strong>Clima mediterr\u00e2neo<\/strong> e estilo de vida tornam o aprendizado descontra\u00eddo e agrad\u00e1vel.<\/li>\n<li>\u00c9 <strong>internacional, art\u00edstica e cheia de vida<\/strong> - perfeito para fazer amigos globais.<\/li>\n<li>Sempre h\u00e1 algo acontecendo, de festivais a mercados de alimentos e shows.<\/li>\n<\/ul>\n<p style=\"text-align: justify;\">Em Barcelona, voc\u00ea n\u00e3o apenas aprender\u00e1 espanhol, mas tamb\u00e9m <strong>viver isso<\/strong> por meio da arte, cultura e conversas cotidianas.<\/p>\n<h3 style=\"text-align: justify;\"><strong>Principais escolas de espanhol em Barcelona<\/strong><\/h3>\n<p style=\"text-align: justify;\">Aqui est\u00e3o alguns dos <strong>As melhores e mais reconhecidas escolas de espanhol em Barcelona<\/strong>, A empresa oferece programas para todas as idades e n\u00edveis:<\/p>\n<h4 style=\"text-align: justify;\"><strong>1. Enforex Barcelona<\/strong><\/h4>\n<p style=\"text-align: justify;\">Localizada perto do famoso Passeig de Gr\u00e0cia, a Enforex oferece instala\u00e7\u00f5es modernas, professores experientes e um ambiente multicultural. Os alunos podem escolher entre cursos intensivos, prepara\u00e7\u00e3o para o exame DELE e programas de ver\u00e3o para adolescentes.<\/p>\n<h4 style=\"text-align: justify;\"><strong>2. Don Quijote Barcelona<\/strong><\/h4>\n<p style=\"text-align: justify;\">Uma das principais escolas de idiomas da Espanha, a Don Quijote oferece programas flex\u00edveis, turmas pequenas e atividades culturais imersivas. \u00c9 ideal para adultos, estudantes universit\u00e1rios e alunos mais jovens que desejam melhorar rapidamente enquanto aproveitam a cidade.<\/p>\n<h4 style=\"text-align: justify;\"><strong>3. Speakeasy Barcelona<\/strong><\/h4>\n<p style=\"text-align: justify;\">Uma escola moderna e bem avaliada com um ambiente descontra\u00eddo e amig\u00e1vel. A Speakeasy oferece cursos intensivos e semi-intensivos, aulas on-line e eventos culturais - perfeita para alunos internacionais que desejam qualidade e comunidade.<\/p>\n<h4 style=\"text-align: justify;\"><strong>4. Expandir Barcelona<\/strong><\/h4>\n<p style=\"text-align: justify;\">Credenciada pelo Instituto Cervantes, a Expanish se concentra no aprendizado interativo e na imers\u00e3o total. A escola organiza interc\u00e2mbios de idiomas, oficinas de culin\u00e1ria e excurs\u00f5es, o que a torna uma das favoritas entre os adultos e os alunos do ano sab\u00e1tico.<\/p>\n<h4 style=\"text-align: justify;\"><strong>5. Linguaschools Barcelona<\/strong><\/h4>\n<p style=\"text-align: justify;\">Localizada em um belo edif\u00edcio modernista pr\u00f3ximo ao centro da cidade, a Linguaschools oferece cursos em pequenos grupos e aten\u00e7\u00e3o personalizada. \u00c9 conhecida por sua atmosfera acolhedora e excelente qualidade de ensino.<\/p>\n<h3 style=\"text-align: justify;\"><strong>Vivendo a experi\u00eancia de Barcelona<\/strong><\/h3>\n<p style=\"text-align: justify;\">Aprender espanhol em Barcelona \u00e9 uma aventura cultural. Voc\u00ea pode:<\/p>\n<ul style=\"text-align: justify;\">\n<li>Explore o <strong>Sagrada Fam\u00edlia<\/strong> e outras obras-primas de Gaud\u00ed.<\/li>\n<li>Passeie pelo <strong>Bairro G\u00f3tico<\/strong> e descobrir pra\u00e7as e caf\u00e9s escondidos.<\/li>\n<li>Relaxe <strong>Praia de Barceloneta<\/strong> depois da aula.<\/li>\n<li>Aproveite as noites de tapas em <strong>El Born<\/strong> ou vistas do p\u00f4r do sol de <strong>Colina de Montju\u00efc<\/strong>.<\/li>\n<li>Participe de festivais locais como <strong>La Merc\u00e8<\/strong> ou <strong>Sant Jordi<\/strong>, e descubra as tradi\u00e7\u00f5es catal\u00e3s junto com a cultura espanhola.<\/li>\n<\/ul>\n<blockquote>\n<p style=\"text-align: justify;\">Barcelona oferece a combina\u00e7\u00e3o perfeita de <strong>agita\u00e7\u00e3o urbana e relaxamento \u00e0 beira-mar<\/strong>, A escola de espanhol de Barcelona \u00e9 uma das mais importantes do mundo, fazendo com que cada dia de seu curso de espanhol seja inesquec\u00edvel. Aprenda espanhol e experimente a energia vibrante de Barcelona - das ruas movimentadas e arquitetura ic\u00f4nica aos caf\u00e9s \u00e0 beira-mar, cada momento \u00e9 uma oportunidade para praticar o idioma, abra\u00e7ar a cultura catal\u00e3 e tornar sua estadia inesquec\u00edvel.<\/p>\n<\/blockquote>\n\n\t\t<\/div>\n\t<\/div>\n<section class=\"vc_cta3-container\"><div class=\"vc_general vc_do_cta3 vc_cta3 vc_cta3-style-outline vc_cta3-shape-rounded vc_cta3-align-left vc_cta3-color-classic vc_cta3-icon-size-md vc_cta3-icons-left vc_cta3-actions-right\"><div class=\"vc_cta3-icons\"><div class=\"vc_icon_element vc_icon_element-outer vc_do_icon vc_icon_element-align-left\"><div class=\"vc_icon_element-inner vc_icon_element-color-turquoise vc_icon_element-size-md vc_icon_element-style- vc_icon_element-background-color-grey\" ><span class=\"vc_icon_element-icon fa fa-solid fa-arrow-right-from-bracket\" ><\/span><\/div><\/div><\/div><div class=\"vc_cta3_content-container\"><div class=\"vc_cta3-content\"><header class=\"vc_cta3-content-header\"><h2>Comece sua jornada de espanhol em Barcelona hoje mesmo!<\/h2><\/header><p style=\"text-align: justify;\">Se voc\u00ea deseja estudar espanhol para viajar, trabalhar ou se divertir, <strong>Barcelona \u00e9 o lugar ideal para aprender e viver o idioma<\/strong>. Com suas excelentes escolas, clima ensolarado e energia criativa, a cidade o convida a descobrir o espanhol por meio de experi\u00eancias que ser\u00e3o lembradas para sempre.<\/p>\n<\/div><div class=\"vc_cta3-actions\"><div class=\"vc_btn3-container vc_btn3-inline vc_do_btn\" ><a class=\"vc_general vc_btn3 vc_btn3-size-md vc_btn3-shape-rounded vc_btn3-style-modern vc_btn3-color-info\" href=\"https:\/\/holaspain.agency\/pt\/#contact\" title=\"\">Entre em contato hoje mesmo<\/a><\/div><\/div><\/div><\/div><\/section><\/div><\/div><\/div><\/div>\n<\/div>","protected":false},"excerpt":{"rendered":"<p>Mergulhe no espanhol em Barcelona - uma cidade de criatividade, cultura e beleza \u00e0 beira-mar, que oferece excelentes escolas em um ambiente verdadeiramente cosmopolita.<\/p>","protected":false},"author":1,"featured_media":1820,"parent":0,"menu_order":0,"comment_status":"closed","ping_status":"closed","template":"","meta":{"_seopress_robots_primary_cat":"","_seopress_titles_title":"Hola Spain %%sep%% %%post_title%%","_seopress_titles_desc":"Learn Spanish in Barcelona \u2014 immerse yourself in art, culture, and Mediterranean life while practicing the language in a vibrant, sunny city.","_seopress_robots_index":"","_daextam_enable_autolinks":"1","footnotes":""},"categories":[55,53],"tags":[],"class_list":["post-1227","page","type-page","status-publish","has-post-thumbnail","hentry","category-barcelona-spanish-schools","category-spanish-schools"],"_links":{"self":[{"href":"https:\/\/holaspain.agency\/pt\/wp-json\/wp\/v2\/pages\/1227","targetHints":{"allow":["GET"]}}],"collection":[{"href":"https:\/\/holaspain.agency\/pt\/wp-json\/wp\/v2\/pages"}],"about":[{"href":"https:\/\/holaspain.agency\/pt\/wp-json\/wp\/v2\/types\/page"}],"author":[{"embeddable":true,"href":"https:\/\/holaspain.agency\/pt\/wp-json\/wp\/v2\/users\/1"}],"replies":[{"embeddable":true,"href":"https:\/\/holaspain.agency\/pt\/wp-json\/wp\/v2\/comments?post=1227"}],"version-history":[{"count":5,"href":"https:\/\/holaspain.agency\/pt\/wp-json\/wp\/v2\/pages\/1227\/revisions"}],"predecessor-version":[{"id":2330,"href":"https:\/\/holaspain.agency\/pt\/wp-json\/wp\/v2\/pages\/1227\/revisions\/2330"}],"wp:featuredmedia":[{"embeddable":true,"href":"https:\/\/holaspain.agency\/pt\/wp-json\/wp\/v2\/media\/1820"}],"wp:attachment":[{"href":"https:\/\/holaspain.agency\/pt\/wp-json\/wp\/v2\/media?parent=1227"}],"wp:term":[{"taxonomy":"category","embeddable":true,"href":"https:\/\/holaspain.agency\/pt\/wp-json\/wp\/v2\/categories?post=1227"},{"taxonomy":"post_tag","embeddable":true,"href":"https:\/\/holaspain.agency\/pt\/wp-json\/wp\/v2\/tags?post=1227"}],"curies":[{"name":"wp","href":"https:\/\/api.w.org\/{rel}","templated":true}]}}