{"id":1223,"date":"2016-09-06T18:08:09","date_gmt":"2016-09-06T18:08:09","guid":{"rendered":"http:\/\/demos.famethemes.com\/screenr-plus\/?post_type=portfolio&#038;p=1187"},"modified":"2026-01-09T19:05:30","modified_gmt":"2026-01-09T19:05:30","slug":"escolas-de-espanhol-em-granada","status":"publish","type":"page","link":"https:\/\/holaspain.agency\/pt\/spanish-schools-in-granada\/","title":{"rendered":"Escolas de espanhol em Granada"},"content":{"rendered":"<div class=\"wpb-content-wrapper\"><div class=\"vc_row wpb_row vc_row-fluid\"><div class=\"wpb_column vc_column_container vc_col-sm-12\"><div class=\"vc_column-inner\"><div class=\"wpb_wrapper\">\n\t<div class=\"wpb_text_column wpb_content_element\" >\n\t\t<div class=\"wpb_wrapper\">\n\t\t\t<h1 style=\"text-align: justify;\">Estudar espanhol no exterior<\/h1>\n<h3 style=\"text-align: justify;\"><strong>Aprenda espanhol em Granada - Onde o idioma, a cultura e a hist\u00f3ria se encontram<\/strong><\/h3>\n<blockquote>\n<p style=\"text-align: justify;\">Se estiver procurando um destino para aprender espanhol que combine uma hist\u00f3ria impressionante, vistas das montanhas e uma vida estudantil vibrante, <strong>Granada<\/strong> \u00e9 a escolha perfeita. Aninhado aos p\u00e9s do <strong>Montanhas de Sierra Nevada<\/strong> e lar do mundialmente famoso <strong>Pal\u00e1cio de Alhambra<\/strong>, Granada offers a unique blend of <strong>Tradi\u00e7\u00e3o andaluza, energia jovem e excel\u00eancia acad\u00eamica<\/strong>.<\/p>\n<\/blockquote>\n<h3 style=\"text-align: justify;\"><strong>Por que estudar espanhol em Granada?<\/strong><\/h3>\n<p><iframe loading=\"lazy\" title=\"Estudar espanhol em Granada \ud83c\uddea\ud83c\uddf8 | Hist\u00f3ria, cultura e imers\u00e3o\" width=\"790\" height=\"444\" src=\"https:\/\/www.youtube.com\/embed\/0D6AVpzFc-Q?feature=oembed\" frameborder=\"0\" allow=\"accelerometer; autoplay; clipboard-write; encrypted-media; gyroscope; picture-in-picture; web-share\" referrerpolicy=\"strict-origin-when-cross-origin\" allowfullscreen><\/iframe><\/p>\n<p style=\"text-align: justify;\"><span style=\"font-size: 0.9375rem;\">Aqui, cada rua conta uma hist\u00f3ria, cada vista o inspira - e cada momento \u00e9 uma chance de<\/span><span style=\"font-size: 0.9375rem;\">\u00a0<\/span><strong style=\"font-size: 0.9375rem;\">viver e aprender espanhol<\/strong><span style=\"font-size: 0.9375rem;\">\u00a0<\/span><span style=\"font-size: 0.9375rem;\">em uma das cidades mais m\u00e1gicas da Espanha.<\/span><\/p>\n<p style=\"text-align: justify;\">Granada is a <strong>cidade universit\u00e1ria<\/strong> com milhares de alunos locais e internacionais, criando um ambiente din\u00e2mico e multicultural perfeito para aprender e fazer novos amigos.<br \/>\nIt\u2019s smaller and more affordable than Madrid or Barcelona, yet full of beauty, culture, and life.<\/p>\n<p style=\"text-align: justify;\">Students choose Granada because:<\/p>\n<ul style=\"text-align: justify;\">\n<li>Os locais falam <strong>espanhol andaluz claro e tradicional<\/strong>, f\u00e1cil de entender.<\/li>\n<li>\u00c9 <strong>acess\u00edvel<\/strong> e ideal para or\u00e7amentos de estudantes.<\/li>\n<li>H\u00e1 um <strong>Vida noturna e cena cultural vibrantes<\/strong> gra\u00e7as \u00e0 sua grande popula\u00e7\u00e3o estudantil.<\/li>\n<li>Voc\u00ea pode aproveitar <strong>esquiar nas montanhas<\/strong> e <strong>relaxar nas praias do Mediterr\u00e2neo<\/strong> no mesmo fim de semana.<\/li>\n<li>O tamanho da cidade a torna <strong>seguro, f\u00e1cil de caminhar e acolhedor<\/strong>.<\/li>\n<\/ul>\n<p style=\"text-align: justify;\">Granada offers a perfect balance between <strong>estudo, aventura e descoberta cultural<\/strong> - para alunos adolescentes e adultos.<\/p>\n<h3 style=\"text-align: justify;\"><strong>Melhores escolas de espanhol em Granada<\/strong><\/h3>\n<p style=\"text-align: justify;\">Aqui est\u00e3o alguns dos <strong>best and most accredited Spanish schools in Granada<\/strong>, O hotel \u00e9 ideal para estudantes internacionais que buscam qualidade e imers\u00e3o:<\/p>\n<h4 style=\"text-align: justify;\"><strong>1. Enforex Granada<\/strong><\/h4>\n<p style=\"text-align: justify;\">Localizada no centro hist\u00f3rico, a Enforex oferece um ambiente de aprendizado moderno com professores altamente qualificados e aulas din\u00e2micas. Os alunos podem participar de oficinas culturais, excurs\u00f5es e interc\u00e2mbios de idiomas para praticar o espanhol fora da sala de aula.<\/p>\n<h4 style=\"text-align: justify;\"><strong>2. Instituto Mediterr\u00e2neo Sol (iNMSOL)<\/strong><\/h4>\n<p style=\"text-align: justify;\">Credenciada pelo Instituto Cervantes, a iNMSOL tem mais de 30 anos de experi\u00eancia no ensino de espanhol para estudantes internacionais. Oferece cursos intensivos, prepara\u00e7\u00e3o para o DELE e programas personalizados para adultos, adolescentes e profissionais.<\/p>\n<h4 style=\"text-align: justify;\"><strong>3. Escola de Espanhol CastiLa<\/strong><\/h4>\n<p style=\"text-align: justify;\">Situado em um edif\u00edcio charmoso com vista para o <strong>Alhambra<\/strong>, A CastiLa oferece grupos pequenos, aten\u00e7\u00e3o personalizada e um forte foco acad\u00eamico. A escola combina aprendizado com imers\u00e3o cultural por meio de visitas guiadas, experi\u00eancias locais e interc\u00e2mbio de idiomas.<\/p>\n<h4 style=\"text-align: justify;\"><strong>4. Escola Montalb\u00e1n<\/strong><\/h4>\n<p style=\"text-align: justify;\">A member of TANDEM International and accredited by Instituto Cervantes, Escuela Montalb\u00e1n is one of Granada\u2019s most respected schools. It offers intensive and super-intensive Spanish courses, teacher training, and summer camps for teenagers.<\/p>\n<h4 style=\"text-align: justify;\"><strong>5. Academia El Sur<\/strong><\/h4>\n<p style=\"text-align: justify;\">A Academia El Sur \u00e9 uma escola de idiomas boutique localizada perto do bairro de Albaic\u00edn que oferece programas de espanhol imersivos com foco na comunica\u00e7\u00e3o, cultura e aten\u00e7\u00e3o pessoal. Ideal para alunos que desejam um ambiente de aprendizado mais \u00edntimo e aut\u00eantico.<\/p>\n<h3 style=\"text-align: justify;\"><strong>Vivendo a experi\u00eancia de Granada<\/strong><\/h3>\n<p style=\"text-align: justify;\">Studying Spanish in Granada is much more than learning a language \u2014 it\u2019s <strong>vivendo uma aventura cultural<\/strong> todos os dias. Voc\u00ea pode:<\/p>\n<ul style=\"text-align: justify;\">\n<li>Visite o deslumbrante <strong>Alhambra<\/strong>, um Patrim\u00f4nio Mundial da UNESCO.<\/li>\n<li>Passeie pelo <strong>Albaic\u00edn<\/strong> e <strong>Sacromonte<\/strong> bairros repletos de casas caiadas de branco e cavernas de flamenco.<\/li>\n<li>Desfrute de tapas gr\u00e1tis com cada bebida - uma tradi\u00e7\u00e3o de Granada!<\/li>\n<li>Assista ao p\u00f4r do sol de <strong>Mirante de San Nicol\u00e1s<\/strong>, uma das vistas mais ic\u00f4nicas da Espanha.<\/li>\n<li>Experimente festivais vibrantes como <strong>Corpus Christi<\/strong> ou noites de flamenco local em tabernas escondidas.<\/li>\n<\/ul>\n<p style=\"text-align: justify;\">Granada\u2019s unique atmosphere \u2014 a mix of <strong>Heran\u00e7a \u00e1rabe, tradi\u00e7\u00e3o espanhola e energia jovem<\/strong> - torna a cidade um destino inesquec\u00edvel para os estudantes de espanhol.<\/p>\n<blockquote>\n<p style=\"text-align: justify;\">Study Spanish surrounded by history, mountains, and friendly locals \u2014 and live an experience you\u2019ll never forget.\u00a0Learn Spanish and immerse yourself in Granada\u2019s rich history and culture \u2014 every street, tapas bar, and historic monument gives you the chance to practice the language, experience Andalusian traditions, and make every moment unforgettable.<\/p>\n<\/blockquote>\n\n\t\t<\/div>\n\t<\/div>\n<section class=\"vc_cta3-container\"><div class=\"vc_general vc_do_cta3 vc_cta3 vc_cta3-style-outline vc_cta3-shape-rounded vc_cta3-align-left vc_cta3-color-classic vc_cta3-icon-size-md vc_cta3-icons-left vc_cta3-actions-right\"><div class=\"vc_cta3-icons\"><div class=\"vc_icon_element vc_icon_element-outer vc_do_icon vc_icon_element-align-left\"><div class=\"vc_icon_element-inner vc_icon_element-color-turquoise vc_icon_element-size-md vc_icon_element-style- vc_icon_element-background-color-grey\" ><span class=\"vc_icon_element-icon fa fa-solid fa-arrow-right-from-bracket\" ><\/span><\/div><\/div><\/div><div class=\"vc_cta3_content-container\"><div class=\"vc_cta3-content\"><header class=\"vc_cta3-content-header\"><h2>Comece sua jornada de espanhol em Granada hoje mesmo!<\/h2><\/header><p style=\"text-align: justify;\">N\u00e3o importa se voc\u00ea \u00e9 um aluno adulto em busca de imers\u00e3o total ou um adolescente em busca de um ver\u00e3o seguro e inspirador no exterior, <strong>Granada offers the perfect combination of language, culture, and fun<\/strong>.<\/p>\n<\/div><div class=\"vc_cta3-actions\"><div class=\"vc_btn3-container vc_btn3-inline vc_do_btn\" ><a class=\"vc_general vc_btn3 vc_btn3-size-md vc_btn3-shape-rounded vc_btn3-style-modern vc_btn3-color-info\" href=\"https:\/\/holaspain.agency\/pt\/#contact\" title=\"\">Entre em contato hoje mesmo<\/a><\/div><\/div><\/div><\/div><\/section><\/div><\/div><\/div><\/div>\n<\/div>","protected":false},"excerpt":{"rendered":"<p>Aprenda espanhol em Granada, onde a heran\u00e7a mourisca encontra o agito moderno. Com \u00f3timas escolas, a Alhambra e um animado cen\u00e1rio estudantil, \u00e9 ideal para quem est\u00e1 aprendendo idiomas.<\/p>","protected":false},"author":1,"featured_media":1822,"parent":0,"menu_order":0,"comment_status":"closed","ping_status":"closed","template":"","meta":{"_seopress_robots_primary_cat":"","_seopress_titles_title":"Hola Spain %%sep%% %%post_title%%","_seopress_titles_desc":"Learn Spanish in Granada \u2014 immerse yourself in history, culture, and the Sierra Nevada mountains while practicing the language every day.","_seopress_robots_index":"","_daextam_enable_autolinks":"1","footnotes":""},"categories":[54,53],"tags":[],"class_list":["post-1223","page","type-page","status-publish","has-post-thumbnail","hentry","category-andalucia","category-spanish-schools"],"_links":{"self":[{"href":"https:\/\/holaspain.agency\/pt\/wp-json\/wp\/v2\/pages\/1223","targetHints":{"allow":["GET"]}}],"collection":[{"href":"https:\/\/holaspain.agency\/pt\/wp-json\/wp\/v2\/pages"}],"about":[{"href":"https:\/\/holaspain.agency\/pt\/wp-json\/wp\/v2\/types\/page"}],"author":[{"embeddable":true,"href":"https:\/\/holaspain.agency\/pt\/wp-json\/wp\/v2\/users\/1"}],"replies":[{"embeddable":true,"href":"https:\/\/holaspain.agency\/pt\/wp-json\/wp\/v2\/comments?post=1223"}],"version-history":[{"count":7,"href":"https:\/\/holaspain.agency\/pt\/wp-json\/wp\/v2\/pages\/1223\/revisions"}],"predecessor-version":[{"id":2337,"href":"https:\/\/holaspain.agency\/pt\/wp-json\/wp\/v2\/pages\/1223\/revisions\/2337"}],"wp:featuredmedia":[{"embeddable":true,"href":"https:\/\/holaspain.agency\/pt\/wp-json\/wp\/v2\/media\/1822"}],"wp:attachment":[{"href":"https:\/\/holaspain.agency\/pt\/wp-json\/wp\/v2\/media?parent=1223"}],"wp:term":[{"taxonomy":"category","embeddable":true,"href":"https:\/\/holaspain.agency\/pt\/wp-json\/wp\/v2\/categories?post=1223"},{"taxonomy":"post_tag","embeddable":true,"href":"https:\/\/holaspain.agency\/pt\/wp-json\/wp\/v2\/tags?post=1223"}],"curies":[{"name":"wp","href":"https:\/\/api.w.org\/{rel}","templated":true}]}}