{"id":1209,"date":"2016-09-05T20:12:29","date_gmt":"2016-09-05T20:12:29","guid":{"rendered":"http:\/\/demos.famethemes.com\/screenr-plus\/?page_id=18"},"modified":"2025-11-05T11:41:18","modified_gmt":"2025-11-05T11:41:18","slug":"experiencias-de-imersao-cultural","status":"publish","type":"page","link":"https:\/\/holaspain.agency\/pt\/cultural-immersion-experiences\/","title":{"rendered":"Imers\u00e3o cultural e experi\u00eancias"},"content":{"rendered":"<div class=\"wpb-content-wrapper\"><div class=\"vc_row wpb_row vc_row-fluid\"><div class=\"wpb_column vc_column_container vc_col-sm-12\"><div class=\"vc_column-inner\"><div class=\"wpb_wrapper\">\n\t<div class=\"wpb_text_column wpb_content_element\" >\n\t\t<div class=\"wpb_wrapper\">\n\t\t\t<h1 style=\"text-align: justify;\" data-pm-slice=\"0 0 &#091;&#093;\">Experimente a l\u00edngua e a cultura espanholas<\/h1>\n<p style=\"text-align: justify;\" data-pm-slice=\"0 0 &#091;&#093;\">Experimente o <a href=\"https:\/\/holaspain.agency\/pt\/cursos-de-espanhol\/\">Idioma espanhol<\/a> e cultura como nunca antes com o HolaSpain. Nossos programas combinam educa\u00e7\u00e3o, aventura e experi\u00eancias locais aut\u00eanticas, projetados para estudantes irlandeses e adultos que querem aprender espanhol enquanto o vivem de verdade.<\/p>\n<h2 style=\"text-align: justify;\" data-pm-slice=\"0 0 &#091;&#093;\">Aprendizagem imersiva de espanhol<\/h2>\n<p style=\"text-align: justify;\" data-pm-slice=\"0 0 &#091;&#093;\">O aprendizado do espanhol vai al\u00e9m da sala de aula. Os alunos participam de atividades culturais envolventes, como passeios pela cidade, visitas a locais hist\u00f3ricos, festivais locais e workshops interativos. Essas experi\u00eancias permitem que os alunos usem o espanhol em situa\u00e7\u00f5es da vida real enquanto descobrem as ricas tradi\u00e7\u00f5es e costumes da Espanha.<\/p>\n<h2 style=\"text-align: justify;\" data-pm-slice=\"0 0 &#091;&#093;\">Excurs\u00f5es e atividades<\/h2>\n<p style=\"text-align: justify;\" data-pm-slice=\"0 0 &#091;&#093;\">Nossos programas incluem excurs\u00f5es e atividades cuidadosamente planejadas e adaptadas a cada grupo. De oficinas de flamenco e culin\u00e1ria a esportes, projetos de arte e eventos locais, os alunos adquirem experi\u00eancia pr\u00e1tica da cultura espanhola. Essas atividades incentivam a intera\u00e7\u00e3o com as comunidades locais e ajudam os alunos a desenvolver confian\u00e7a no uso do idioma fora da sala de aula.<\/p>\n<h3 style=\"text-align: justify;\" data-pm-slice=\"0 0 &#091;&#093;\">Aprendizado por meio de experi\u00eancias reais<\/h3>\n<p style=\"text-align: justify;\" data-pm-slice=\"0 0 &#091;&#093;\">Cada atividade \u00e9 projetada para tornar o aprendizado do idioma divertido, pr\u00e1tico e significativo. Os alunos participam de exerc\u00edcios de interpreta\u00e7\u00e3o de pap\u00e9is, resolu\u00e7\u00e3o de problemas e trabalho em equipe que refor\u00e7am as habilidades em espanhol enquanto exploram a cultura local. Essas experi\u00eancias imersivas criam um ambiente din\u00e2mico onde os alunos conectam o idioma com a vida cotidiana.<\/p>\n<h3 style=\"text-align: justify;\" data-pm-slice=\"0 0 &#091;&#093;\">Por que escolher o HolaSpain para imers\u00e3o cultural?<\/h3>\n<ul style=\"text-align: justify;\">\n<li style=\"text-align: justify;\" data-pm-slice=\"0 0 &#091;&#093;\">Programas totalmente imersivos para estudantes e adultos irlandeses<\/li>\n<li style=\"text-align: justify;\" data-pm-slice=\"0 0 &#091;&#093;\">Professores nativos experientes e guias locais<\/li>\n<li style=\"text-align: justify;\" data-pm-slice=\"0 0 &#091;&#093;\">Combina\u00e7\u00e3o de aprendizado em sala de aula e experi\u00eancias culturais da vida real<\/li>\n<li style=\"text-align: justify;\" data-pm-slice=\"0 0 &#091;&#093;\">Ambientes de aprendizado seguros, solid\u00e1rios e envolventes<\/li>\n<li style=\"text-align: justify;\" data-pm-slice=\"0 0 &#091;&#093;\">Oportunidades para explorar a Espanha e criar mem\u00f3rias para toda a vida<\/li>\n<\/ul>\n\n\t\t<\/div>\n\t<\/div>\n<section class=\"vc_cta3-container\"><div class=\"vc_general vc_do_cta3 vc_cta3 vc_cta3-style-outline vc_cta3-shape-rounded vc_cta3-align-left vc_cta3-color-classic vc_cta3-icon-size-md vc_cta3-icons-left vc_cta3-actions-right\"><div class=\"vc_cta3-icons\"><div class=\"vc_icon_element vc_icon_element-outer vc_do_icon vc_icon_element-align-left\"><div class=\"vc_icon_element-inner vc_icon_element-color-turquoise vc_icon_element-size-md vc_icon_element-style- vc_icon_element-background-color-grey\" ><span class=\"vc_icon_element-icon fa fa-solid fa-arrow-right-from-bracket\" ><\/span><\/div><\/div><\/div><div class=\"vc_cta3_content-container\"><div class=\"vc_cta3-content\"><header class=\"vc_cta3-content-header\"><h2>Comece sua aventura espanhola hoje mesmo!<\/h2><\/header><p>Tem d\u00favidas ou deseja encontrar o curso de espanhol perfeito? Entre em contato com o HolaSpain hoje mesmo e deixe-nos ajud\u00e1-lo a planejar sua experi\u00eancia de aprendizado na Espanha.<\/p>\n<\/div><div class=\"vc_cta3-actions\"><div class=\"vc_btn3-container vc_btn3-inline vc_do_btn\" ><a class=\"vc_general vc_btn3 vc_btn3-size-md vc_btn3-shape-rounded vc_btn3-style-modern vc_btn3-color-info\" href=\"https:\/\/holaspain.agency\/pt\/#contact\" title=\"\">Entre em contato hoje mesmo<\/a><\/div><\/div><\/div><\/div><\/section><\/div><\/div><\/div><\/div>\n<\/div>","protected":false},"excerpt":{"rendered":"<p>Nossos programas combinam educa\u00e7\u00e3o, aventura e experi\u00eancias locais aut\u00eanticas, projetados para estudantes juniores e adultos que desejam aprender espanhol enquanto o vivem de verdade.<\/p>","protected":false},"author":1,"featured_media":1317,"parent":0,"menu_order":0,"comment_status":"closed","ping_status":"closed","template":"","meta":{"_seopress_robots_primary_cat":"","_seopress_titles_title":"%%sitetitle%% %%sep%% Cultural Immersion","_seopress_titles_desc":"Experience Spanish language and culture with HolaSpain through immersive activities, excursions, and interactive learning for Irish students and adults.","_seopress_robots_index":"","_daextam_enable_autolinks":"","footnotes":""},"categories":[61],"tags":[],"class_list":["post-1209","page","type-page","status-publish","has-post-thumbnail","hentry","category-services"],"_links":{"self":[{"href":"https:\/\/holaspain.agency\/pt\/wp-json\/wp\/v2\/pages\/1209","targetHints":{"allow":["GET"]}}],"collection":[{"href":"https:\/\/holaspain.agency\/pt\/wp-json\/wp\/v2\/pages"}],"about":[{"href":"https:\/\/holaspain.agency\/pt\/wp-json\/wp\/v2\/types\/page"}],"author":[{"embeddable":true,"href":"https:\/\/holaspain.agency\/pt\/wp-json\/wp\/v2\/users\/1"}],"replies":[{"embeddable":true,"href":"https:\/\/holaspain.agency\/pt\/wp-json\/wp\/v2\/comments?post=1209"}],"version-history":[{"count":10,"href":"https:\/\/holaspain.agency\/pt\/wp-json\/wp\/v2\/pages\/1209\/revisions"}],"predecessor-version":[{"id":1329,"href":"https:\/\/holaspain.agency\/pt\/wp-json\/wp\/v2\/pages\/1209\/revisions\/1329"}],"wp:featuredmedia":[{"embeddable":true,"href":"https:\/\/holaspain.agency\/pt\/wp-json\/wp\/v2\/media\/1317"}],"wp:attachment":[{"href":"https:\/\/holaspain.agency\/pt\/wp-json\/wp\/v2\/media?parent=1209"}],"wp:term":[{"taxonomy":"category","embeddable":true,"href":"https:\/\/holaspain.agency\/pt\/wp-json\/wp\/v2\/categories?post=1209"},{"taxonomy":"post_tag","embeddable":true,"href":"https:\/\/holaspain.agency\/pt\/wp-json\/wp\/v2\/tags?post=1209"}],"curies":[{"name":"wp","href":"https:\/\/api.w.org\/{rel}","templated":true}]}}