{"id":1208,"date":"2016-09-05T20:07:42","date_gmt":"2016-09-05T20:07:42","guid":{"rendered":"http:\/\/demos.famethemes.com\/screenr-plus\/?page_id=16"},"modified":"2025-11-17T13:39:03","modified_gmt":"2025-11-17T13:39:03","slug":"programas-de-lingua-espanhola","status":"publish","type":"page","link":"https:\/\/holaspain.agency\/pt\/spanish-language-programmes\/","title":{"rendered":"Programas de l\u00edngua espanhola"},"content":{"rendered":"<div class=\"wpb-content-wrapper\"><div class=\"vc_row wpb_row vc_row-fluid\"><div class=\"wpb_column vc_column_container vc_col-sm-12\"><div class=\"vc_column-inner\"><div class=\"wpb_wrapper\">\n\t<div class=\"wpb_text_column wpb_content_element\" >\n\t\t<div class=\"wpb_wrapper\">\n\t\t\t<h1 style=\"text-align: justify;\">Estudar espanhol no exterior<\/h1>\n<h2 style=\"text-align: justify;\">Cursos de Espanhol na Espanha para Adultos<\/h2>\n<p style=\"text-align: justify;\">Os adultos podem se inscrever em cursos intensivos de espanhol na Espanha para acelerar seu aprendizado. As aulas s\u00e3o ministradas por professores nativos experientes, e os programas do HolaSpain s\u00e3o envolventes e interativos, combinando aulas estruturadas com pr\u00e1tica de conversa\u00e7\u00e3o para uso do idioma no mundo real. Se sua meta \u00e9 melhorar a flu\u00eancia, ganhar confian\u00e7a ou se preparar para oportunidades profissionais, nossos cursos para adultos oferecem o ambiente ideal para atingir seus objetivos.<\/p>\n<p style=\"text-align: justify;\">Nossos cursos para adultos incluem programas intensivos, aulas com foco em conversa\u00e7\u00e3o e prepara\u00e7\u00e3o para o exame DELE para atender \u00e0s necessidades de cada aluno. Os participantes podem se beneficiar de atividades culturais, excurs\u00f5es guiadas e experi\u00eancias interativas que aprimoram o aprendizado. A HolaSpain combina ensino de alta qualidade com programas envolventes, assegurando que os adultos progridam rapidamente enquanto vivenciam plenamente a cultura espanhola.<\/p>\n<h2 style=\"text-align: justify;\">Cursos de espanhol na Espanha para adolescentes<\/h2>\n<p style=\"text-align: justify;\">Os adolescentes podem se inscrever em cursos de espanhol na Espanha criados para desenvolver habilidades lingu\u00edsticas enquanto se divertem e exploram a cultura local. Os programas do HolaSpain s\u00e3o din\u00e2micos e interativos, combinando aulas estruturadas com jogos, atividades em grupo e pr\u00e1tica de conversa\u00e7\u00e3o que tornam o aprendizado agrad\u00e1vel. Seja estudando individualmente, em grupos escolares ou em programas de acampamento de ver\u00e3o, nossos cursos ajudam os adolescentes a ganhar confian\u00e7a e flu\u00eancia em espanhol.<\/p>\n<p style=\"text-align: justify;\">Os cursos para adolescentes incluem acampamentos de ver\u00e3o, programas em grupo para o ensino m\u00e9dio e cursos intensivos adaptados a diferentes n\u00edveis. Os alunos participam de aulas interativas com professores nativos e se beneficiam de excurs\u00f5es culturais e atividades envolventes. O HolaSpain garante que os adolescentes progridam em seu espanhol enquanto desfrutam de uma experi\u00eancia memor\u00e1vel e culturalmente rica.<\/p>\n<h3 style=\"text-align: justify;\">Melhores cursos de espanhol na Espanha<\/h3>\n<p style=\"text-align: justify;\">O HolaSpain tem parceria com as principais escolas de espanhol da Espanha para oferecer cursos de alta qualidade, professores nativos e imers\u00e3o cultural completa. Descubra por que estudar espanhol conosco \u00e9 a maneira mais eficaz e agrad\u00e1vel de dominar o idioma.<\/p>\n<h3 style=\"text-align: justify;\">Programas de l\u00edngua espanhola nos principais destinos espanh\u00f3is<\/h3>\n<p style=\"text-align: justify;\">Oferecemos escolas e programas em Madri, Barcelona, Val\u00eancia, Sevilha, Malaga, Salamanca, Granada e Alicante. Cada cidade oferece um ambiente \u00fanico, desde centros urbanos vibrantes e locais hist\u00f3ricos at\u00e9 praias e bairros culturais. Estudar espanhol nesses locais permite que os alunos mergulhem no idioma, pratiquem em situa\u00e7\u00f5es da vida real e desfrutem de uma variedade de atividades culturais e excurs\u00f5es fora da sala de aula.<\/p>\n\n\t\t<\/div>\n\t<\/div>\n\n<div class=\"vc_grid-container-wrapper vc_clearfix vc_grid-animation-zoomIn\">\n\t<div class=\"vc_grid-container vc_clearfix wpb_content_element vc_masonry_grid\" data-initial-loading-animation=\"zoomIn\" data-vc-grid-settings=\"{&quot;page_id&quot;:1208,&quot;style&quot;:&quot;all-masonry&quot;,&quot;action&quot;:&quot;vc_get_vc_grid_data&quot;,&quot;shortcode_id&quot;:&quot;1763386692637-e3ba8c13-999a-6&quot;,&quot;tag&quot;:&quot;vc_masonry_grid&quot;}\" data-vc-request=\"https:\/\/holaspain.agency\/wp-admin\/admin-ajax.php\" data-vc-post-id=\"1208\" data-vc-public-nonce=\"9ffa800287\">\n\t\t\n\t<\/div>\n<\/div><section class=\"vc_cta3-container\"><div class=\"vc_general vc_do_cta3 vc_cta3 vc_cta3-style-outline vc_cta3-shape-rounded vc_cta3-align-left vc_cta3-color-classic vc_cta3-icon-size-md vc_cta3-icons-left vc_cta3-actions-right\"><div class=\"vc_cta3-icons\"><div class=\"vc_icon_element vc_icon_element-outer vc_do_icon vc_icon_element-align-left\"><div class=\"vc_icon_element-inner vc_icon_element-color-turquoise vc_icon_element-size-md vc_icon_element-style- vc_icon_element-background-color-grey\" ><span class=\"vc_icon_element-icon fa fa-solid fa-arrow-right-from-bracket\" ><\/span><\/div><\/div><\/div><div class=\"vc_cta3_content-container\"><div class=\"vc_cta3-content\"><header class=\"vc_cta3-content-header\"><h2>Comece sua aventura espanhola hoje mesmo!<\/h2><\/header><p>Tem d\u00favidas ou deseja encontrar o curso de espanhol perfeito? Entre em contato com o HolaSpain hoje mesmo e deixe-nos ajud\u00e1-lo a planejar sua experi\u00eancia de aprendizado na Espanha.<\/p>\n<\/div><div class=\"vc_cta3-actions\"><div class=\"vc_btn3-container vc_btn3-inline vc_do_btn\" ><a class=\"vc_general vc_btn3 vc_btn3-size-md vc_btn3-shape-rounded vc_btn3-style-modern vc_btn3-color-info\" href=\"https:\/\/holaspain.agency\/pt\/#contact\" title=\"\">Entre em contato hoje mesmo<\/a><\/div><\/div><\/div><\/div><\/section><\/div><\/div><\/div><\/div><div class=\"vc_row wpb_row vc_row-fluid\"><div class=\"wpb_column vc_column_container vc_col-sm-12\"><div class=\"vc_column-inner\"><div class=\"wpb_wrapper\"><\/div><\/div><\/div><\/div>\n<\/div>","protected":false},"excerpt":{"rendered":"<p>O HolaSpain oferece cursos de espanhol para adolescentes, adultos, grupos de ensino m\u00e9dio e grupos escolares. Os cursos s\u00e3o projetados para serem envolventes, interativos e eficazes.<\/p>","protected":false},"author":1,"featured_media":1266,"parent":0,"menu_order":0,"comment_status":"closed","ping_status":"closed","template":"","meta":{"_seopress_robots_primary_cat":"","_seopress_titles_title":"%%sitetitle%% %%sep%% %%post_title%%","_seopress_titles_desc":"Spanish language courses in Spain for adults and teenagers. Intensive programmes, DELE prep, summer camps, and interactive learning experiences.","_seopress_robots_index":"","_daextam_enable_autolinks":"1","footnotes":""},"categories":[61],"tags":[],"class_list":["post-1208","page","type-page","status-publish","has-post-thumbnail","hentry","category-services"],"_links":{"self":[{"href":"https:\/\/holaspain.agency\/pt\/wp-json\/wp\/v2\/pages\/1208","targetHints":{"allow":["GET"]}}],"collection":[{"href":"https:\/\/holaspain.agency\/pt\/wp-json\/wp\/v2\/pages"}],"about":[{"href":"https:\/\/holaspain.agency\/pt\/wp-json\/wp\/v2\/types\/page"}],"author":[{"embeddable":true,"href":"https:\/\/holaspain.agency\/pt\/wp-json\/wp\/v2\/users\/1"}],"replies":[{"embeddable":true,"href":"https:\/\/holaspain.agency\/pt\/wp-json\/wp\/v2\/comments?post=1208"}],"version-history":[{"count":20,"href":"https:\/\/holaspain.agency\/pt\/wp-json\/wp\/v2\/pages\/1208\/revisions"}],"predecessor-version":[{"id":2200,"href":"https:\/\/holaspain.agency\/pt\/wp-json\/wp\/v2\/pages\/1208\/revisions\/2200"}],"wp:featuredmedia":[{"embeddable":true,"href":"https:\/\/holaspain.agency\/pt\/wp-json\/wp\/v2\/media\/1266"}],"wp:attachment":[{"href":"https:\/\/holaspain.agency\/pt\/wp-json\/wp\/v2\/media?parent=1208"}],"wp:term":[{"taxonomy":"category","embeddable":true,"href":"https:\/\/holaspain.agency\/pt\/wp-json\/wp\/v2\/categories?post=1208"},{"taxonomy":"post_tag","embeddable":true,"href":"https:\/\/holaspain.agency\/pt\/wp-json\/wp\/v2\/tags?post=1208"}],"curies":[{"name":"wp","href":"https:\/\/api.w.org\/{rel}","templated":true}]}}