{"id":1207,"date":"2016-09-05T20:01:09","date_gmt":"2016-09-05T20:01:09","guid":{"rendered":"http:\/\/demos.famethemes.com\/screenr-plus\/?page_id=15"},"modified":"2025-11-06T09:58:54","modified_gmt":"2025-11-06T09:58:54","slug":"projetado-para-todos-os-alunos","status":"publish","type":"page","link":"https:\/\/holaspain.agency\/pt\/designed-for-every-learner\/","title":{"rendered":"Projetado para todos os alunos"},"content":{"rendered":"<div class=\"wpb-content-wrapper\"><div class=\"vc_row wpb_row vc_row-fluid\"><div class=\"wpb_column vc_column_container vc_col-sm-12\"><div class=\"vc_column-inner\"><div class=\"wpb_wrapper\">\n\t<div class=\"wpb_text_column wpb_content_element\" >\n\t\t<div class=\"wpb_wrapper\">\n\t\t\t<h1 style=\"text-align: justify;\">Cursos de espanhol projetados para todos os alunos<\/h1>\n<p style=\"text-align: justify;\">N\u00e3o importa se voc\u00ea \u00e9 um palestrante iniciante ou avan\u00e7ado, nosso <strong>Cursos de espanhol para adolescentes e adultos<\/strong> s\u00e3o adaptados para atender \u00e0s suas metas individuais de aprendizado. Cada programa \u00e9 cuidadosamente estruturado para combinar aulas interativas com experi\u00eancias pr\u00e1ticas, garantindo que suas habilidades em espanhol melhorem com rapidez e confian\u00e7a.<\/p>\n<h2 style=\"text-align: justify;\">Programas sob medida<\/h2>\n<p style=\"text-align: justify;\">Nossos cursos s\u00e3o projetados para todos os n\u00edveis e idades. Desde iniciantes que est\u00e3o dando seus primeiros passos no espanhol at\u00e9 alunos avan\u00e7ados que buscam flu\u00eancia, oferecemos programas que se adaptam \u00e0 sua capacidade e estilo de aprendizado.<\/p>\n<h2 style=\"text-align: justify;\">Op\u00e7\u00f5es flex\u00edveis de aprendizado<\/h2>\n<p style=\"text-align: justify;\">Escolha entre cursos de curta dura\u00e7\u00e3o, programas de ver\u00e3o ou experi\u00eancias de imers\u00e3o de longo prazo. Nossa abordagem flex\u00edvel permite que voc\u00ea estude no seu pr\u00f3prio ritmo enquanto desfruta da cultura e do estilo de vida da Espanha.<\/p>\n<h2 style=\"text-align: justify;\">Experi\u00eancia pr\u00e1tica<\/h2>\n<p style=\"text-align: justify;\">Combinamos aulas em sala de aula com experi\u00eancias da vida real - de excurs\u00f5es culturais a intera\u00e7\u00f5es sociais com falantes nativos - ajudando voc\u00ea a aplicar o que aprende em situa\u00e7\u00f5es aut\u00eanticas e a ganhar confian\u00e7a para falar espanhol.<\/p>\n<p style=\"text-align: justify;\"><strong>Encontre o curso perfeito para voc\u00ea e comece sua jornada rumo \u00e0 flu\u00eancia na Espanha hoje mesmo!<\/strong><\/p>\n\n\t\t<\/div>\n\t<\/div>\n<section class=\"vc_cta3-container\"><div class=\"vc_general vc_do_cta3 vc_cta3 vc_cta3-style-outline vc_cta3-shape-rounded vc_cta3-align-left vc_cta3-color-classic vc_cta3-icon-size-md vc_cta3-icons-left vc_cta3-actions-right\"><div class=\"vc_cta3-icons\"><div class=\"vc_icon_element vc_icon_element-outer vc_do_icon vc_icon_element-align-left\"><div class=\"vc_icon_element-inner vc_icon_element-color-turquoise vc_icon_element-size-md vc_icon_element-style- vc_icon_element-background-color-grey\" ><span class=\"vc_icon_element-icon fa fa-solid fa-arrow-right-from-bracket\" ><\/span><\/div><\/div><\/div><div class=\"vc_cta3_content-container\"><div class=\"vc_cta3-content\"><header class=\"vc_cta3-content-header\"><h2>Comece sua aventura espanhola hoje mesmo!<\/h2><\/header><p>Tem d\u00favidas ou deseja encontrar o curso de espanhol perfeito? Entre em contato com o HolaSpain hoje mesmo e deixe-nos ajud\u00e1-lo a planejar sua experi\u00eancia de aprendizado na Espanha.<\/p>\n<\/div><div class=\"vc_cta3-actions\"><div class=\"vc_btn3-container vc_btn3-inline vc_do_btn\" ><a class=\"vc_general vc_btn3 vc_btn3-size-md vc_btn3-shape-rounded vc_btn3-style-modern vc_btn3-color-info\" href=\"https:\/\/holaspain.agency\/pt\/#contact\" title=\"\">Entre em contato hoje mesmo<\/a><\/div><\/div><\/div><\/div><\/section><\/div><\/div><\/div><\/div>\n<\/div>","protected":false},"excerpt":{"rendered":"<p>Programas personalizados para todas as idades e n\u00edveis - seja voc\u00ea um iniciante ou um falante fluente, n\u00f3s tornamos o aprendizado de espanhol envolvente e eficaz para todos.<\/p>","protected":false},"author":1,"featured_media":1402,"parent":0,"menu_order":0,"comment_status":"closed","ping_status":"closed","template":"","meta":{"_seopress_robots_primary_cat":"","_seopress_titles_title":"Hola Spain %%sep%% %%post_title%%","_seopress_titles_desc":"","_seopress_robots_index":"","_daextam_enable_autolinks":"","footnotes":""},"categories":[],"tags":[],"class_list":["post-1207","page","type-page","status-publish","has-post-thumbnail","hentry"],"_links":{"self":[{"href":"https:\/\/holaspain.agency\/pt\/wp-json\/wp\/v2\/pages\/1207","targetHints":{"allow":["GET"]}}],"collection":[{"href":"https:\/\/holaspain.agency\/pt\/wp-json\/wp\/v2\/pages"}],"about":[{"href":"https:\/\/holaspain.agency\/pt\/wp-json\/wp\/v2\/types\/page"}],"author":[{"embeddable":true,"href":"https:\/\/holaspain.agency\/pt\/wp-json\/wp\/v2\/users\/1"}],"replies":[{"embeddable":true,"href":"https:\/\/holaspain.agency\/pt\/wp-json\/wp\/v2\/comments?post=1207"}],"version-history":[{"count":8,"href":"https:\/\/holaspain.agency\/pt\/wp-json\/wp\/v2\/pages\/1207\/revisions"}],"predecessor-version":[{"id":2026,"href":"https:\/\/holaspain.agency\/pt\/wp-json\/wp\/v2\/pages\/1207\/revisions\/2026"}],"wp:featuredmedia":[{"embeddable":true,"href":"https:\/\/holaspain.agency\/pt\/wp-json\/wp\/v2\/media\/1402"}],"wp:attachment":[{"href":"https:\/\/holaspain.agency\/pt\/wp-json\/wp\/v2\/media?parent=1207"}],"wp:term":[{"taxonomy":"category","embeddable":true,"href":"https:\/\/holaspain.agency\/pt\/wp-json\/wp\/v2\/categories?post=1207"},{"taxonomy":"post_tag","embeddable":true,"href":"https:\/\/holaspain.agency\/pt\/wp-json\/wp\/v2\/tags?post=1207"}],"curies":[{"name":"wp","href":"https:\/\/api.w.org\/{rel}","templated":true}]}}