{"id":1206,"date":"2016-09-05T20:00:36","date_gmt":"2016-09-05T20:00:36","guid":{"rendered":"http:\/\/demos.famethemes.com\/screenr-plus\/?page_id=14"},"modified":"2025-10-19T13:07:05","modified_gmt":"2025-10-19T13:07:05","slug":"descobrir-conectar-e-crescer","status":"publish","type":"page","link":"https:\/\/holaspain.agency\/pt\/discover-connect-and-grow\/","title":{"rendered":"Descubra, conecte-se e cres\u00e7a"},"content":{"rendered":"<div class=\"wpb-content-wrapper\"><div class=\"vc_row wpb_row vc_row-fluid\"><div class=\"wpb_column vc_column_container vc_col-sm-12\"><div class=\"vc_column-inner\"><div class=\"wpb_wrapper\">\n\t<div class=\"wpb_text_column wpb_content_element\" >\n\t\t<div class=\"wpb_wrapper\">\n\t\t\t<h1 style=\"text-align: justify;\">Descubra, conecte-se e cres\u00e7a na Espanha<\/h1>\n<p style=\"text-align: justify;\">Mergulhe na vida espanhola enquanto aprende o idioma. Cada dia oferece oportunidades para <strong>conectar-se com os habitantes locais<\/strong>, A escola oferece aos alunos a oportunidade de aprender espanhol, explorar tradi\u00e7\u00f5es ricas e crescer pessoal e academicamente. Nossos programas s\u00e3o projetados para ajudar os alunos de todas as idades a viver o idioma, fazer conex\u00f5es significativas e ganhar confian\u00e7a em suas habilidades em espanhol.<\/p>\n<h2 style=\"text-align: justify;\">Conecte-se com as pessoas<\/h2>\n<p style=\"text-align: justify;\">Conhe\u00e7a colegas de classe de todo o mundo e participe de atividades sociais e culturais. Fa\u00e7a amizades que durar\u00e3o a vida toda enquanto desfruta de experi\u00eancias aut\u00eanticas de espanhol em uma comunidade acolhedora.<\/p>\n<h2 style=\"text-align: justify;\">Descubra a cultura espanhola<\/h2>\n<p style=\"text-align: justify;\">De oficinas de flamenco a passeios guiados pela cidade e festivais locais, voc\u00ea mergulhar\u00e1 nas vibrantes tradi\u00e7\u00f5es da Espanha. Cada atividade \u00e9 projetada para complementar seu aprendizado do idioma e aprofundar sua compreens\u00e3o cultural.<\/p>\n<h2 style=\"text-align: justify;\">Desenvolva suas habilidades lingu\u00edsticas<\/h2>\n<p style=\"text-align: justify;\">A intera\u00e7\u00e3o di\u00e1ria com falantes nativos, as aulas estruturadas e a pr\u00e1tica no mundo real garantem um aprimoramento r\u00e1pido. N\u00e3o importa se voc\u00ea \u00e9 um aluno iniciante ou avan\u00e7ado, nosso <strong>Programas de imers\u00e3o em espanhol<\/strong> tornar o aprendizado envolvente e eficaz.<\/p>\n<p style=\"text-align: justify;\"><strong>Comece sua aventura espanhola hoje mesmo - viva, conecte-se e cres\u00e7a na Espanha!<\/strong><\/p>\n\n\t\t<\/div>\n\t<\/div>\n<\/div><\/div><\/div><\/div>\n<\/div>","protected":false},"excerpt":{"rendered":"<p>Explore novas culturas, crie conex\u00f5es duradouras e desenvolva suas habilidades lingu\u00edsticas por meio de experi\u00eancias imersivas de aprendizado de espanhol.<\/p>","protected":false},"author":1,"featured_media":1394,"parent":0,"menu_order":0,"comment_status":"closed","ping_status":"closed","template":"","meta":{"_seopress_robots_primary_cat":"","_seopress_titles_title":"Hola Spain %%sep%% Spanish Immersion Programmes in Spain","_seopress_titles_desc":"Explore Spanish immersion programmes that combine language learning, culture, and travel. Study Spanish in Spain and live an unforgettable adventure.","_seopress_robots_index":"","_daextam_enable_autolinks":"","footnotes":""},"categories":[],"tags":[],"class_list":["post-1206","page","type-page","status-publish","has-post-thumbnail","hentry"],"_links":{"self":[{"href":"https:\/\/holaspain.agency\/pt\/wp-json\/wp\/v2\/pages\/1206","targetHints":{"allow":["GET"]}}],"collection":[{"href":"https:\/\/holaspain.agency\/pt\/wp-json\/wp\/v2\/pages"}],"about":[{"href":"https:\/\/holaspain.agency\/pt\/wp-json\/wp\/v2\/types\/page"}],"author":[{"embeddable":true,"href":"https:\/\/holaspain.agency\/pt\/wp-json\/wp\/v2\/users\/1"}],"replies":[{"embeddable":true,"href":"https:\/\/holaspain.agency\/pt\/wp-json\/wp\/v2\/comments?post=1206"}],"version-history":[{"count":8,"href":"https:\/\/holaspain.agency\/pt\/wp-json\/wp\/v2\/pages\/1206\/revisions"}],"predecessor-version":[{"id":1401,"href":"https:\/\/holaspain.agency\/pt\/wp-json\/wp\/v2\/pages\/1206\/revisions\/1401"}],"wp:featuredmedia":[{"embeddable":true,"href":"https:\/\/holaspain.agency\/pt\/wp-json\/wp\/v2\/media\/1394"}],"wp:attachment":[{"href":"https:\/\/holaspain.agency\/pt\/wp-json\/wp\/v2\/media?parent=1206"}],"wp:term":[{"taxonomy":"category","embeddable":true,"href":"https:\/\/holaspain.agency\/pt\/wp-json\/wp\/v2\/categories?post=1206"},{"taxonomy":"post_tag","embeddable":true,"href":"https:\/\/holaspain.agency\/pt\/wp-json\/wp\/v2\/tags?post=1206"}],"curies":[{"name":"wp","href":"https:\/\/api.w.org\/{rel}","templated":true}]}}