{"id":12,"date":"2016-09-05T19:52:33","date_gmt":"2016-09-05T19:52:33","guid":{"rendered":"http:\/\/demos.famethemes.com\/screenr-plus\/?page_id=12"},"modified":"2025-11-06T09:59:08","modified_gmt":"2025-11-06T09:59:08","slug":"aprenda-espanhol-da-maneira-real","status":"publish","type":"page","link":"https:\/\/holaspain.agency\/pt\/learn-spanish-the-real-way\/","title":{"rendered":"Aprenda espanhol da maneira real"},"content":{"rendered":"<div class=\"wpb-content-wrapper\"><div class=\"vc_row wpb_row vc_row-fluid\"><div class=\"wpb_column vc_column_container vc_col-sm-12\"><div class=\"vc_column-inner\"><div class=\"wpb_wrapper\">\n\t<div class=\"wpb_text_column wpb_content_element\" >\n\t\t<div class=\"wpb_wrapper\">\n\t\t\t<h1 style=\"text-align: justify;\">Aprenda espanhol da maneira real<\/h1>\n<p style=\"text-align: justify;\">Mergulhe na vida espanhola - pratique todos os dias, viva a cultura e ganhe flu\u00eancia real al\u00e9m da sala de aula. Nossos programas se concentram em <strong>uso pr\u00e1tico do idioma<\/strong>, Ajudando-o a se comunicar com confian\u00e7a em situa\u00e7\u00f5es cotidianas enquanto vivencia o aut\u00eantico estilo de vida espanhol.<\/p>\n<h2 style=\"text-align: justify;\">Imers\u00e3o di\u00e1ria para um progresso r\u00e1pido<\/h2>\n<p style=\"text-align: justify;\">Das aulas da manh\u00e3 \u00e0s atividades culturais da tarde, cada momento na Espanha \u00e9 uma oportunidade para praticar seu espanhol. Falar com falantes nativos diariamente acelera seu aprendizado e aumenta sua confian\u00e7a mais rapidamente do que nos cursos tradicionais somente em sala de aula.<\/p>\n<h2 style=\"text-align: justify;\">Vivencie a cultura<\/h2>\n<p style=\"text-align: justify;\">Explore as tradi\u00e7\u00f5es espanholas, a culin\u00e1ria, os festivais e a vida local. Nossos programas integram experi\u00eancias culturais com o aprendizado do idioma, garantindo que voc\u00ea n\u00e3o apenas fale espanhol, mas tamb\u00e9m compreenda o contexto e os costumes do pa\u00eds.<\/p>\n<h2 style=\"text-align: justify;\">Flu\u00eancia pr\u00e1tica al\u00e9m da sala de aula<\/h2>\n<p style=\"text-align: justify;\">Nosso objetivo \u00e9 que voc\u00ea <strong>usar o espanhol em situa\u00e7\u00f5es da vida real<\/strong> - desde fazer pedidos em uma cafeteria at\u00e9 navegar em mercados locais ou conversar com amigos. Essa abordagem pr\u00e1tica garante habilidades lingu\u00edsticas duradouras que v\u00e3o muito al\u00e9m de exames ou livros did\u00e1ticos.<\/p>\n<p style=\"text-align: justify;\"><strong>Comece sua jornada imersiva em espanhol hoje mesmo e aprenda o idioma de verdade!<\/strong><\/p>\n\n\t\t<\/div>\n\t<\/div>\n<section class=\"vc_cta3-container\"><div class=\"vc_general vc_do_cta3 vc_cta3 vc_cta3-style-outline vc_cta3-shape-rounded vc_cta3-align-left vc_cta3-color-classic vc_cta3-icon-size-md vc_cta3-icons-left vc_cta3-actions-right\"><div class=\"vc_cta3-icons\"><div class=\"vc_icon_element vc_icon_element-outer vc_do_icon vc_icon_element-align-left\"><div class=\"vc_icon_element-inner vc_icon_element-color-turquoise vc_icon_element-size-md vc_icon_element-style- vc_icon_element-background-color-grey\" ><span class=\"vc_icon_element-icon fa fa-solid fa-arrow-right-from-bracket\" ><\/span><\/div><\/div><\/div><div class=\"vc_cta3_content-container\"><div class=\"vc_cta3-content\"><header class=\"vc_cta3-content-header\"><h2>Comece sua aventura espanhola hoje mesmo!<\/h2><\/header><p>Tem d\u00favidas ou deseja encontrar o curso de espanhol perfeito? Entre em contato com o HolaSpain hoje mesmo e deixe-nos ajud\u00e1-lo a planejar sua experi\u00eancia de aprendizado na Espanha.<\/p>\n<\/div><div class=\"vc_cta3-actions\"><div class=\"vc_btn3-container vc_btn3-inline vc_do_btn\" ><a class=\"vc_general vc_btn3 vc_btn3-size-md vc_btn3-shape-rounded vc_btn3-style-modern vc_btn3-color-info\" href=\"https:\/\/holaspain.agency\/pt\/#contact\" title=\"\">Entre em contato hoje mesmo<\/a><\/div><\/div><\/div><\/div><\/section><\/div><\/div><\/div><\/div>\n<\/div>","protected":false},"excerpt":{"rendered":"<p>Mergulhe na vida espanhola - pratique todos os dias, viva a cultura e adquira flu\u00eancia real al\u00e9m da sala de aula.<\/p>","protected":false},"author":1,"featured_media":1405,"parent":0,"menu_order":0,"comment_status":"closed","ping_status":"closed","template":"","meta":{"_seopress_robots_primary_cat":"","_seopress_titles_title":"","_seopress_titles_desc":"","_seopress_robots_index":"yes","_daextam_enable_autolinks":"","footnotes":""},"categories":[],"tags":[],"class_list":["post-12","page","type-page","status-publish","has-post-thumbnail","hentry"],"_links":{"self":[{"href":"https:\/\/holaspain.agency\/pt\/wp-json\/wp\/v2\/pages\/12","targetHints":{"allow":["GET"]}}],"collection":[{"href":"https:\/\/holaspain.agency\/pt\/wp-json\/wp\/v2\/pages"}],"about":[{"href":"https:\/\/holaspain.agency\/pt\/wp-json\/wp\/v2\/types\/page"}],"author":[{"embeddable":true,"href":"https:\/\/holaspain.agency\/pt\/wp-json\/wp\/v2\/users\/1"}],"replies":[{"embeddable":true,"href":"https:\/\/holaspain.agency\/pt\/wp-json\/wp\/v2\/comments?post=12"}],"version-history":[{"count":7,"href":"https:\/\/holaspain.agency\/pt\/wp-json\/wp\/v2\/pages\/12\/revisions"}],"predecessor-version":[{"id":2027,"href":"https:\/\/holaspain.agency\/pt\/wp-json\/wp\/v2\/pages\/12\/revisions\/2027"}],"wp:featuredmedia":[{"embeddable":true,"href":"https:\/\/holaspain.agency\/pt\/wp-json\/wp\/v2\/media\/1405"}],"wp:attachment":[{"href":"https:\/\/holaspain.agency\/pt\/wp-json\/wp\/v2\/media?parent=12"}],"wp:term":[{"taxonomy":"category","embeddable":true,"href":"https:\/\/holaspain.agency\/pt\/wp-json\/wp\/v2\/categories?post=12"},{"taxonomy":"post_tag","embeddable":true,"href":"https:\/\/holaspain.agency\/pt\/wp-json\/wp\/v2\/tags?post=12"}],"curies":[{"name":"wp","href":"https:\/\/api.w.org\/{rel}","templated":true}]}}