{"id":2393,"date":"2026-01-13T18:13:04","date_gmt":"2026-01-13T18:13:04","guid":{"rendered":"https:\/\/holaspain.agency\/?page_id=2393"},"modified":"2026-01-13T18:15:27","modified_gmt":"2026-01-13T18:15:27","slug":"corsi-di-spagnolo-a-lungo-termine-faqs","status":"publish","type":"page","link":"https:\/\/holaspain.agency\/it\/long-term-spanish-courses-faqs\/","title":{"rendered":"Domande frequenti sui corsi di spagnolo a lungo termine"},"content":{"rendered":"<div class=\"wpb-content-wrapper\"><div class=\"vc_row wpb_row vc_row-fluid\"><div class=\"wpb_column vc_column_container vc_col-sm-12\"><div class=\"vc_column-inner\"><div class=\"wpb_wrapper\">\n\t<div class=\"wpb_text_column wpb_content_element\" >\n\t\t<div class=\"wpb_wrapper\">\n\t\t\t<h1 style=\"text-align: justify;\">Domande frequenti sul visto per studenti spagnoli e sui corsi a lungo termine<\/h1>\n<p style=\"text-align: justify;\" data-start=\"307\" data-end=\"456\">Domande frequenti sui corsi di spagnolo a lungo termine in Spagna. Informazioni sui visti per studenti, sul lavoro durante gli studi, sulle vacanze, sui rinnovi e su come scegliere la citt\u00e0 migliore.<\/p>\n\n\t\t<\/div>\n\t<\/div>\n<div  class=\"vc_do_toggle vc_toggle vc_toggle_default vc_toggle_color_default  vc_toggle_size_md\"><div class=\"vc_toggle_title\"><h4>Perch\u00e9 scegliere la Spagna per uno studio a lungo termine?<\/h4><i class=\"vc_toggle_icon\"><\/i><\/div><div class=\"vc_toggle_content\"><p style=\"text-align: justify;\" data-start=\"317\" data-end=\"452\">La Spagna \u00e8 uno dei Paesi europei pi\u00f9 facili e convenienti per gli adulti internazionali che vogliono studiare, vivere e lavorare legalmente.<\/p>\n<\/div><\/div><div  class=\"vc_do_toggle vc_toggle vc_toggle_default vc_toggle_color_default  vc_toggle_size_md\"><div class=\"vc_toggle_title\"><h4>Ho bisogno di un visto per studiare in Spagna?<\/h4><i class=\"vc_toggle_icon\"><\/i><\/div><div class=\"vc_toggle_content\"><p data-start=\"505\" data-end=\"609\">S\u00ec. Se siete cittadini extracomunitari che soggiornano per pi\u00f9 di 90 giorni, \u00e8 necessario un visto per studenti spagnolo prima dell'arrivo.<\/p>\n<\/div><\/div><div  class=\"vc_do_toggle vc_toggle vc_toggle_default vc_toggle_color_default  vc_toggle_size_md\"><div class=\"vc_toggle_title\"><h4>Questi programmi sono validi per la richiesta del visto per studenti?<\/h4><i class=\"vc_toggle_icon\"><\/i><\/div><div class=\"vc_toggle_content\"><p data-start=\"684\" data-end=\"781\">S\u00ec. Tutti i programmi di 6 e 12 mesi elencati sono progettati per soddisfare i requisiti del visto studentesco spagnolo.<\/p>\n<\/div><\/div><div  class=\"vc_do_toggle vc_toggle vc_toggle_default vc_toggle_color_default  vc_toggle_size_md\"><div class=\"vc_toggle_title\"><h4>Posso lavorare in Spagna con un visto per studenti?<\/h4><i class=\"vc_toggle_icon\"><\/i><\/div><div class=\"vc_toggle_content\"><p data-start=\"839\" data-end=\"943\">S\u00ec. I titolari di un visto per studenti possono lavorare a tempo parziale, a condizione che il lavoro sia compatibile con gli orari dei corsi.<\/p>\n<\/div><\/div><div  class=\"vc_do_toggle vc_toggle vc_toggle_default vc_toggle_color_default  vc_toggle_size_md\"><div class=\"vc_toggle_title\"><h4>Quante ore posso lavorare mentre studio?<\/h4><i class=\"vc_toggle_icon\"><\/i><\/div><div class=\"vc_toggle_content\"><p data-start=\"1002\" data-end=\"1108\">Nella maggior parte dei casi, fino a <strong data-start=\"1023\" data-end=\"1044\">30 ore settimanali<\/strong>, a seconda della normativa vigente e del contratto di lavoro.<\/p>\n<\/div><\/div><div  class=\"vc_do_toggle vc_toggle vc_toggle_default vc_toggle_color_default  vc_toggle_size_md\"><div class=\"vc_toggle_title\"><h4>I corsi di spagnolo a lungo termine includono le vacanze?<\/h4><i class=\"vc_toggle_icon\"><\/i><\/div><div class=\"vc_toggle_content\"><p data-start=\"1172\" data-end=\"1264\">S\u00ec. I programmi a lungo termine comprendono <strong data-start=\"1206\" data-end=\"1234\">periodi di vacanza ufficiali<\/strong> all'interno del calendario accademico.<\/p>\n<\/div><\/div><div  class=\"vc_do_toggle vc_toggle vc_toggle_default vc_toggle_color_default  vc_toggle_size_md\"><div class=\"vc_toggle_title\"><h4>Le vacanze influiscono sul mio visto o sullo status giuridico?<\/h4><i class=\"vc_toggle_icon\"><\/i><\/div><div class=\"vc_toggle_content\"><p data-start=\"1325\" data-end=\"1420\">No. Le ferie fanno parte della durata del programma e <strong data-start=\"1377\" data-end=\"1419\">non cancellare o influenzare la vostra residenza<\/strong>.<\/p>\n<\/div><\/div><div  class=\"vc_do_toggle vc_toggle vc_toggle_default vc_toggle_color_default  vc_toggle_size_md\"><div class=\"vc_toggle_title\"><h4>Posso viaggiare durante le vacanze?<\/h4><i class=\"vc_toggle_icon\"><\/i><\/div><div class=\"vc_toggle_content\"><p data-start=\"1471\" data-end=\"1574\">S\u00ec. \u00c8 possibile viaggiare durante le vacanze ufficiali, purch\u00e9 si rispettino le condizioni del visto e della residenza.<\/p>\n<\/div><\/div><div  class=\"vc_do_toggle vc_toggle vc_toggle_default vc_toggle_color_default  vc_toggle_size_md\"><div class=\"vc_toggle_title\"><h4>Di quale livello di spagnolo ho bisogno per iniziare?<\/h4><i class=\"vc_toggle_icon\"><\/i><\/div><div class=\"vc_toggle_content\"><p data-start=\"1630\" data-end=\"1731\">Non \u00e8 richiesto alcun precedente di spagnolo. I corsi sono disponibili presso <strong data-start=\"1690\" data-end=\"1730\">da principiante assoluto a livello avanzato<\/strong>.<\/p>\n<\/div><\/div><div  class=\"vc_do_toggle vc_toggle vc_toggle_default vc_toggle_color_default  vc_toggle_size_md\"><div class=\"vc_toggle_title\"><h4>C'\u00e8 un limite di et\u00e0 per questi corsi?<\/h4><i class=\"vc_toggle_icon\"><\/i><\/div><div class=\"vc_toggle_content\"><p data-start=\"1789\" data-end=\"1863\">No. Questi programmi sono pensati per <strong data-start=\"1827\" data-end=\"1862\">studenti adulti dai 18 anni in su<\/strong>.<\/p>\n<\/div><\/div><div  class=\"vc_do_toggle vc_toggle vc_toggle_default vc_toggle_color_default  vc_toggle_size_md\"><div class=\"vc_toggle_title\"><h4>Qual \u00e8 la citt\u00e0 migliore per le opzioni economiche?<\/h4><i class=\"vc_toggle_icon\"><\/i><\/div><div class=\"vc_toggle_content\"><p data-start=\"1928\" data-end=\"2020\">Alicante offers the <strong data-start=\"1948\" data-end=\"1984\">i prezzi pi\u00f9 convenienti a lungo termine<\/strong>, soprattutto per i programmi di 20 ore.<\/p>\n<\/div><\/div><div  class=\"vc_do_toggle vc_toggle vc_toggle_default vc_toggle_color_default  vc_toggle_size_md\"><div class=\"vc_toggle_title\"><h4>Qual \u00e8 la citt\u00e0 migliore per opportunit\u00e0 di lavoro e stile di vita?<\/h4><i class=\"vc_toggle_icon\"><\/i><\/div><div class=\"vc_toggle_content\"><p data-start=\"2094\" data-end=\"2192\">Valencia is a modern, international city with strong job opportunities and a high quality of life.<\/p>\n<\/div><\/div><div  class=\"vc_do_toggle vc_toggle vc_toggle_default vc_toggle_color_default  vc_toggle_size_md\"><div class=\"vc_toggle_title\"><h4>Qual \u00e8 la citt\u00e0 migliore per un'immersione culturale?<\/h4><i class=\"vc_toggle_icon\"><\/i><\/div><div class=\"vc_toggle_content\"><p data-start=\"2252\" data-end=\"2341\">Granada is a traditional university city, ideal for full language and cultural immersion.<\/p>\n<\/div><\/div><div  class=\"vc_do_toggle vc_toggle vc_toggle_default vc_toggle_color_default  vc_toggle_size_md\"><div class=\"vc_toggle_title\"><h4>Posso prolungare o rinnovare il mio soggiorno dopo 12 mesi?<\/h4><i class=\"vc_toggle_icon\"><\/i><\/div><div class=\"vc_toggle_content\"><p data-start=\"2405\" data-end=\"2515\">In molti casi, s\u00ec. I visti per studenti possono spesso essere <strong data-start=\"2452\" data-end=\"2463\">rinnovato<\/strong> se si continua a studiare e si soddisfano i requisiti.<\/p>\n<\/div><\/div><div  class=\"vc_do_toggle vc_toggle vc_toggle_default vc_toggle_color_default  vc_toggle_size_md\"><div class=\"vc_toggle_title\"><h4>HolaSpain aiuta a trovare un alloggio?<\/h4><i class=\"vc_toggle_icon\"><\/i><\/div><div class=\"vc_toggle_content\"><p data-start=\"2572\" data-end=\"2690\">S\u00ec. Le opzioni di alloggio come famiglie ospitanti, residenze studentesche e appartamenti privati sono disponibili su richiesta.<\/p>\n<\/div><\/div><div  class=\"vc_do_toggle vc_toggle vc_toggle_default vc_toggle_color_default  vc_toggle_size_md\"><div class=\"vc_toggle_title\"><h4>HolaSpain vi assiste nel processo di rilascio del visto?<\/h4><i class=\"vc_toggle_icon\"><\/i><\/div><div class=\"vc_toggle_content\"><p data-start=\"2752\" data-end=\"2888\">HolaSpain fornisce indicazioni sull'iscrizione a scuola e sulla documentazione necessaria, aiutandovi a prepararvi correttamente prima di richiedere il visto.<\/p>\n<\/div><\/div><\/div><\/div><\/div><\/div>\n<\/div>","protected":false},"excerpt":{"rendered":"<p>Corsi di spagnolo a lungo termine accreditati per adulti che desiderano vivere e studiare in Spagna per 6-12 mesi, che combinano lezioni intensive, immersione culturale e assistenza completa per il rilascio del visto e la gestione del territorio.<\/p>","protected":false},"author":1,"featured_media":2394,"parent":0,"menu_order":0,"comment_status":"closed","ping_status":"closed","template":"","meta":{"_seopress_robots_primary_cat":"","_seopress_titles_title":"%%sitetitle%% %%sep%% %%post_title%%","_seopress_titles_desc":"Accredited long-term Spanish courses in Spain for adults. Visa-ready programmes with 20\u201325 hours weekly, full support, and top destinations.","_seopress_robots_index":"","_daextam_enable_autolinks":"1","footnotes":""},"categories":[62],"tags":[],"class_list":["post-2393","page","type-page","status-publish","has-post-thumbnail","hentry","category-courses"],"_links":{"self":[{"href":"https:\/\/holaspain.agency\/it\/wp-json\/wp\/v2\/pages\/2393","targetHints":{"allow":["GET"]}}],"collection":[{"href":"https:\/\/holaspain.agency\/it\/wp-json\/wp\/v2\/pages"}],"about":[{"href":"https:\/\/holaspain.agency\/it\/wp-json\/wp\/v2\/types\/page"}],"author":[{"embeddable":true,"href":"https:\/\/holaspain.agency\/it\/wp-json\/wp\/v2\/users\/1"}],"replies":[{"embeddable":true,"href":"https:\/\/holaspain.agency\/it\/wp-json\/wp\/v2\/comments?post=2393"}],"version-history":[{"count":3,"href":"https:\/\/holaspain.agency\/it\/wp-json\/wp\/v2\/pages\/2393\/revisions"}],"predecessor-version":[{"id":2397,"href":"https:\/\/holaspain.agency\/it\/wp-json\/wp\/v2\/pages\/2393\/revisions\/2397"}],"wp:featuredmedia":[{"embeddable":true,"href":"https:\/\/holaspain.agency\/it\/wp-json\/wp\/v2\/media\/2394"}],"wp:attachment":[{"href":"https:\/\/holaspain.agency\/it\/wp-json\/wp\/v2\/media?parent=2393"}],"wp:term":[{"taxonomy":"category","embeddable":true,"href":"https:\/\/holaspain.agency\/it\/wp-json\/wp\/v2\/categories?post=2393"},{"taxonomy":"post_tag","embeddable":true,"href":"https:\/\/holaspain.agency\/it\/wp-json\/wp\/v2\/tags?post=2393"}],"curies":[{"name":"wp","href":"https:\/\/api.w.org\/{rel}","templated":true}]}}