{"id":2391,"date":"2026-01-13T18:05:04","date_gmt":"2026-01-13T18:05:04","guid":{"rendered":"https:\/\/holaspain.agency\/?page_id=2391"},"modified":"2026-04-09T08:01:26","modified_gmt":"2026-04-09T08:01:26","slug":"tariffe-dei-corsi-di-spagnolo-a-lungo-termine","status":"publish","type":"page","link":"https:\/\/holaspain.agency\/it\/long-term-spanish-courses-fees\/","title":{"rendered":"Corsi di spagnolo a lungo termine Tariffe"},"content":{"rendered":"<div class=\"wpb-content-wrapper\"><div class=\"vc_row wpb_row vc_row-fluid\"><div class=\"wpb_column vc_column_container vc_col-sm-12\"><div class=\"vc_column-inner\"><div class=\"wpb_wrapper\">\n\t<div class=\"wpb_text_column wpb_content_element\" >\n\t\t<div class=\"wpb_wrapper\">\n\t\t\t<h1 style=\"text-align: justify;\">Prezzi dei corsi di spagnolo a lungo termine in Spagna (6 e 12 mesi)<\/h1>\n<p style=\"text-align: justify;\"><em>Valido per le domande di visto 2026-2027<\/em><\/p>\n<blockquote>\n<p style=\"text-align: justify;\">Compare long-term Spanish course prices by city (Valencia, Alicante, Salamanca, Madrid, Granada and Barcelona). All programmes below are suitable for students who need a Spanish study visa and include official holiday periods within the programme duration.<\/p>\n<\/blockquote>\n<h2 style=\"text-align: justify;\">Corsi di spagnolo a lungo termine - Confronto prezzi per citt\u00e0 (20h\/settimana)<\/h2>\n<table style=\"width: 100%; border-collapse: collapse; text-align: left; table-layout: fixed;\">\n<thead>\n<tr>\n<th style=\"border: 1px solid #ddd; padding: 10px; width: 20%;\">Citt\u00e0<\/th>\n<th style=\"border: 1px solid #ddd; padding: 10px; width: 15%;\">Ore \/ settimana<\/th>\n<th style=\"border: 1px solid #ddd; padding: 10px; width: 20%;\">24 settimane<\/th>\n<th style=\"border: 1px solid #ddd; padding: 10px; width: 20%;\">48 settimane<\/th>\n<th style=\"border: 1px solid #ddd; padding: 10px; width: 25%;\">Il migliore per<\/th>\n<\/tr>\n<\/thead>\n<tbody>\n<tr>\n<td style=\"border: 1px solid #ddd; padding: 10px;\"><strong>Valencia<\/strong><\/td>\n<td style=\"border: 1px solid #ddd; padding: 10px;\">20h<\/td>\n<td style=\"border: 1px solid #ddd; padding: 10px;\"><span style=\"text-decoration: line-through; color: #888;\">\u20ac2,040<\/span><br \/>\n<strong style=\"color: #ad1519; font-weight: bold;\"> -10% \u20ac 1,836<\/strong><\/td>\n<td style=\"border: 1px solid #ddd; padding: 10px;\"><span style=\"text-decoration: line-through; color: #888;\">\u20ac4,080<\/span><br \/>\n<strong style=\"color: #ad1519; font-weight: bold;\"> -15% \u20ac 3,468<\/strong><\/td>\n<td style=\"border: 1px solid #ddd; padding: 10px; word-wrap: break-word;\">Il miglior valore complessivo per un visto per studenti (costo totale pi\u00f9 basso)<\/td>\n<\/tr>\n<tr>\n<td style=\"border: 1px solid #ddd; padding: 10px;\"><strong>Alicante<\/strong><\/td>\n<td style=\"border: 1px solid #ddd; padding: 10px;\">20h<\/td>\n<td style=\"border: 1px solid #ddd; padding: 10px;\"><strong>\u20ac2,040<\/strong><\/td>\n<td style=\"border: 1px solid #ddd; padding: 10px;\"><strong>\u20ac3,600<\/strong><\/td>\n<td style=\"border: 1px solid #ddd; padding: 10px; word-wrap: break-word;\">Stile di vita da spiaggia + costi di vita pi\u00f9 bassi (ideale per soggiorni lunghi)<\/td>\n<\/tr>\n<tr>\n<td style=\"border: 1px solid #ddd; padding: 10px;\"><strong>Salamanca<\/strong><\/td>\n<td style=\"border: 1px solid #ddd; padding: 10px;\">20h<\/td>\n<td style=\"border: 1px solid #ddd; padding: 10px;\">\u20ac2,740<\/td>\n<td style=\"border: 1px solid #ddd; padding: 10px;\">\u20ac5,980<\/td>\n<td style=\"border: 1px solid #ddd; padding: 10px; word-wrap: break-word;\">Progressi linguistici rapidi (la classica citt\u00e0 degli studenti)<\/td>\n<\/tr>\n<tr>\n<td style=\"border: 1px solid #ddd; padding: 10px;\"><strong>Madrid<\/strong><\/td>\n<td style=\"border: 1px solid #ddd; padding: 10px;\">20h<\/td>\n<td style=\"border: 1px solid #ddd; padding: 10px;\">\u20ac3,130<\/td>\n<td style=\"border: 1px solid #ddd; padding: 10px;\">\u20ac6,970<\/td>\n<td style=\"border: 1px solid #ddd; padding: 10px; word-wrap: break-word;\">Opportunit\u00e0 in una grande citt\u00e0 + networking<\/td>\n<\/tr>\n<tr>\n<td style=\"border: 1px solid #ddd; padding: 10px;\"><strong>Granada<\/strong><\/td>\n<td style=\"border: 1px solid #ddd; padding: 10px;\">20h<\/td>\n<td style=\"border: 1px solid #ddd; padding: 10px;\">\u20ac3,140<\/td>\n<td style=\"border: 1px solid #ddd; padding: 10px;\">\u20ac6,220<\/td>\n<td style=\"border: 1px solid #ddd; padding: 10px; word-wrap: break-word;\">Cultura autentica + stile di vita accessibile<\/td>\n<\/tr>\n<tr>\n<td style=\"border: 1px solid #ddd; padding: 10px;\"><strong>Barcellona<\/strong><\/td>\n<td style=\"border: 1px solid #ddd; padding: 10px;\">20h<\/td>\n<td style=\"border: 1px solid #ddd; padding: 10px;\">\u20ac3,960<\/td>\n<td style=\"border: 1px solid #ddd; padding: 10px;\">\u20ac6,600<\/td>\n<td style=\"border: 1px solid #ddd; padding: 10px; word-wrap: break-word;\">Ambiente internazionale + atmosfera di carriera<\/td>\n<\/tr>\n<\/tbody>\n<\/table>\n<h3 style=\"text-align: justify;\"><strong>Sconto valido fino a:<\/strong> 30\/04\/2026<br \/>\n<strong>Valencia promotion:<\/strong> <span style=\"text-decoration: line-through; color: #888;\">\u20ac2,040<\/span> <strong style=\"color: #ad1519;\">\u20ac1,836 (-10%)<\/strong> per 24 settimane. <span style=\"text-decoration: line-through; color: #888;\">\u20ac4,080<\/span> <strong style=\"color: #ad1519;\">\u20ac3,468 (-15%)<\/strong> per 48 settimane<\/h3>\n<p style=\"text-align: justify;\"><strong>Dettagli della confezione:<\/strong><br \/>\n24 settimane = 20 settimane di lezioni + 4 settimane di vacanze<br \/>\n48 settimane = 40 settimane di lezioni + 8 settimane di vacanze<\/p>\n<h2 style=\"text-align: justify;\">Perch\u00e9 Valencia \u00e8 la scelta migliore (Sconto limitato)<\/h2>\n<p style=\"text-align: justify;\">Se la vostra priorit\u00e0 principale \u00e8 ottenere il <strong>Il miglior prezzo per un corso per studenti<\/strong> without compromising on the lifestyle, Valencia is currently the strongest option.<br \/>\nWith the limited-time promotion, Valencia becomes the <strong>programma a lungo termine di 20 ore settimanali a basso costo<\/strong> ideale per gli studenti che desiderano un formato affidabile per il rilascio del visto e una citt\u00e0 vivace con accesso alla spiaggia.<\/p>\n<ul style=\"text-align: justify;\">\n<li><strong>Il costo totale pi\u00f9 basso:<\/strong> Valencia \u00e8 attualmente l'opzione pi\u00f9 economica grazie alla promozione (da <strong style=\"color: #ad1519;\">\u20ac1,836<\/strong> per 24 settimane).<\/li>\n<li><strong>Struttura favorevole ai visti:<\/strong> Il programma include i periodi di vacanza ufficiali all'interno della durata totale (importante per i soggiorni lunghi).<\/li>\n<li><strong>Alta qualit\u00e0 della vita:<\/strong> Citt\u00e0 moderna, comunit\u00e0 internazionale e stile di vita mediterraneo.<\/li>\n<li><strong>Vantaggio di bilancio oltre le tasse scolastiche:<\/strong> Valencia offre spesso un miglior rapporto tra costi e stile di vita rispetto alle grandi citt\u00e0.<\/li>\n<\/ul>\n<h2 style=\"text-align: justify;\">Come scegliere la citt\u00e0<\/h2>\n<p style=\"text-align: justify;\">La scelta della citt\u00e0 giusta per un corso di spagnolo a lungo termine dipende dalle vostre priorit\u00e0: stile di vita, immersione, ritmo accademico e tipo di esperienza che desiderate durante un soggiorno di 6-12 mesi. Ecco una semplice guida per aiutarvi a decidere.<\/p>\n<ul style=\"text-align: justify;\">\n<li><strong>Valencia (miglior equilibrio complessivo):<\/strong> Un forte mix di stile di vita costiero e routine di studio seria. Dal punto di vista accademico, \u00e8 un'ottima opzione per gli studenti di lungo corso che desiderano progressi costanti con un ritmo settimanale costante, godendosi una moderna citt\u00e0 mediterranea.<\/li>\n<li><strong>Alicante (costa + soggiorni lunghi rilassati):<\/strong> Ideale per chi desidera una vita da spiaggia e un ritmo pi\u00f9 tranquillo, pur mantenendo un programma di studio compatibile con il visto. Ideale per gli studenti che preferiscono una citt\u00e0 costiera pi\u00f9 piccola.<\/li>\n<li><strong>Salamanca (immersione massima):<\/strong> Una delle scelte migliori se la vostra priorit\u00e0 \u00e8 un'immersione linguistica profonda e meno distrazioni. Un'atmosfera classica da citt\u00e0 studentesca che favorisce naturalmente progressi pi\u00f9 rapidi.<\/li>\n<li><strong>Madrid (opportunit\u00e0 per le grandi citt\u00e0):<\/strong> Ideale per gli studenti che desiderano l'energia, la cultura e il networking della capitale. \u00c8 l'ideale per chi ama un ambiente frenetico e sa mantenersi disciplinato durante un lungo programma.<\/li>\n<li><strong>Granada (cultura autentica + convenienza):<\/strong> Perfetta per gli studenti che desiderano un'esperienza tradizionale andalusa, una forte atmosfera locale e un'atmosfera favorevole agli studenti che supportano i soggiorni di lunga durata.<\/li>\n<li><strong>Barcellona (stile di vita internazionale):<\/strong> \u00c8 la migliore se si desidera una citt\u00e0 altamente internazionale con una grande comunit\u00e0 di espatriati. \u00c8 adatta agli studenti che apprezzano l'atmosfera globale insieme agli studi di spagnolo.<\/li>\n<\/ul>\n<h3 style=\"text-align: justify;\">Assistenza agli studenti e orientamento sui visti<\/h3>\n<p style=\"text-align: justify;\">HolaSpain vi supporta durante tutto il processo, compresa l'iscrizione a scuola e la documentazione tipicamente richiesta per la richiesta del visto, come ad esempio un <strong>lettera di iscrizione<\/strong> e <strong>conferma del pagamento<\/strong>.<br \/>\nVi guidiamo dalla prima richiesta fino al vostro arrivo in Spagna.<\/p>\n<blockquote>\n<p style=\"text-align: justify;\">Questi programmi sono pensati per studenti adulti di et\u00e0 superiore ai 18 anni che desiderano vivere e studiare in Spagna per 6-12 mesi. Non \u00e8 richiesta alcuna conoscenza precedente dello spagnolo.<\/p>\n<\/blockquote>\n\n\t\t<\/div>\n\t<\/div>\n<section class=\"vc_cta3-container\"><div class=\"vc_general vc_do_cta3 vc_cta3 vc_cta3-style-outline vc_cta3-shape-rounded vc_cta3-align-left vc_cta3-color-classic vc_cta3-icon-size-md vc_cta3-icons-left vc_cta3-actions-right\"><div class=\"vc_cta3-icons\"><div class=\"vc_icon_element vc_icon_element-outer vc_do_icon vc_icon_element-align-left\"><div class=\"vc_icon_element-inner vc_icon_element-color-turquoise vc_icon_element-size-md vc_icon_element-style- vc_icon_element-background-color-grey\" ><span class=\"vc_icon_element-icon fa fa-solid fa-arrow-right-from-bracket\" ><\/span><\/div><\/div><\/div><div class=\"vc_cta3_content-container\"><div class=\"vc_cta3-content\"><header class=\"vc_cta3-content-header\"><h2>Iniziate oggi la vostra avventura spagnola!<\/h2><\/header><p>Hai domande o vuoi trovare il corso di spagnolo perfetto? Contattate HolaSpain oggi stesso e lasciate che vi aiutiamo a pianificare la vostra esperienza di apprendimento in Spagna.<\/p>\n<\/div><div class=\"vc_cta3-actions\"><div class=\"vc_btn3-container vc_btn3-inline vc_do_btn\" ><a class=\"vc_general vc_btn3 vc_btn3-size-md vc_btn3-shape-rounded vc_btn3-style-modern vc_btn3-color-info\" href=\"https:\/\/holaspain.agency\/it\/#contact\" title=\"\">Rivolgetevi oggi stesso<\/a><\/div><\/div><\/div><\/div><\/section><\/div><\/div><\/div><\/div>\n<\/div>","protected":false},"excerpt":{"rendered":"<p>Corsi di spagnolo a lungo termine accreditati per adulti che desiderano vivere e studiare in Spagna per 6-12 mesi, che combinano lezioni intensive, immersione culturale e assistenza completa per il rilascio del visto e la gestione del territorio.<\/p>","protected":false},"author":1,"featured_media":2389,"parent":0,"menu_order":0,"comment_status":"closed","ping_status":"closed","template":"","meta":{"_seopress_robots_primary_cat":"","_seopress_titles_title":"%%sitetitle%% %%sep%% %%post_title%%","_seopress_titles_desc":"","_seopress_robots_index":"","_daextam_enable_autolinks":"1","footnotes":""},"categories":[],"tags":[],"class_list":["post-2391","page","type-page","status-publish","has-post-thumbnail","hentry"],"_links":{"self":[{"href":"https:\/\/holaspain.agency\/it\/wp-json\/wp\/v2\/pages\/2391","targetHints":{"allow":["GET"]}}],"collection":[{"href":"https:\/\/holaspain.agency\/it\/wp-json\/wp\/v2\/pages"}],"about":[{"href":"https:\/\/holaspain.agency\/it\/wp-json\/wp\/v2\/types\/page"}],"author":[{"embeddable":true,"href":"https:\/\/holaspain.agency\/it\/wp-json\/wp\/v2\/users\/1"}],"replies":[{"embeddable":true,"href":"https:\/\/holaspain.agency\/it\/wp-json\/wp\/v2\/comments?post=2391"}],"version-history":[{"count":20,"href":"https:\/\/holaspain.agency\/it\/wp-json\/wp\/v2\/pages\/2391\/revisions"}],"predecessor-version":[{"id":2633,"href":"https:\/\/holaspain.agency\/it\/wp-json\/wp\/v2\/pages\/2391\/revisions\/2633"}],"wp:featuredmedia":[{"embeddable":true,"href":"https:\/\/holaspain.agency\/it\/wp-json\/wp\/v2\/media\/2389"}],"wp:attachment":[{"href":"https:\/\/holaspain.agency\/it\/wp-json\/wp\/v2\/media?parent=2391"}],"wp:term":[{"taxonomy":"category","embeddable":true,"href":"https:\/\/holaspain.agency\/it\/wp-json\/wp\/v2\/categories?post=2391"},{"taxonomy":"post_tag","embeddable":true,"href":"https:\/\/holaspain.agency\/it\/wp-json\/wp\/v2\/tags?post=2391"}],"curies":[{"name":"wp","href":"https:\/\/api.w.org\/{rel}","templated":true}]}}