{"id":2250,"date":"2025-11-24T12:59:14","date_gmt":"2025-11-24T12:59:14","guid":{"rendered":"https:\/\/holaspain.agency\/?page_id=2250"},"modified":"2026-01-13T12:12:09","modified_gmt":"2026-01-13T12:12:09","slug":"prezzi-dei-corsi-professionali-erasmus-plus","status":"publish","type":"page","link":"https:\/\/holaspain.agency\/it\/erasmus-plus-professional-courses-prices\/","title":{"rendered":"Corsi professionali Erasmus Plus e prezzi"},"content":{"rendered":"<div class=\"wpb-content-wrapper\"><div class=\"vc_row wpb_row vc_row-fluid\"><div class=\"wpb_column vc_column_container vc_col-sm-12\"><div class=\"vc_column-inner\"><div class=\"wpb_wrapper\">\n\t<div class=\"wpb_text_column wpb_content_element\" >\n\t\t<div class=\"wpb_wrapper\">\n\t\t\t<h1>Corsi di spagnolo Erasmus+ in Spagna<\/h1>\n<h2>Scegliete la vostra destinazione: Madrid, Barcellona, Valencia, Alicante o Granada<\/h2>\n<p>Spanish programmes for Erasmus+ students who need a minimum of 20 hours per week. Below you can compare 1-week and 2-week all-inclusive packages (course + accommodation + airport transfers).<\/p>\n<h3>1 settimana di confronto all-inclusive<\/h3>\n<h5>(20 ore di corso + alloggio + trasferimenti dall'aeroporto)<\/h5>\n<p>Alloggio incluso in questo confronto: camera singola in appartamento condiviso. I totali includono l'iscrizione e le spese di soggiorno.<\/p>\n<table>\n<thead>\n<tr>\n<th>Citt\u00e0<\/th>\n<th>20h Corso<\/th>\n<th>Sistemazione<\/th>\n<th>Quota di iscrizione<\/th>\n<th>Tassa di soggiorno<\/th>\n<th>Trasferimenti (arrivo + partenza)<\/th>\n<th>Preventivo totale (tutto compreso)<\/th>\n<\/tr>\n<\/thead>\n<tbody>\n<tr>\n<td class=\"city\">Alicante<\/td>\n<td>125 \u20ac<\/td>\n<td>120 \u20ac<\/td>\n<td>60 \u20ac<\/td>\n<td>\u2014<\/td>\n<td>100 \u20ac<\/td>\n<td><strong>405 \u20ac<\/strong><\/td>\n<\/tr>\n<tr>\n<td class=\"city\">Granada<\/td>\n<td>125 \u20ac<\/td>\n<td>120 \u20ac<\/td>\n<td>60 \u20ac<\/td>\n<td>\u2014<\/td>\n<td>80 \u20ac<\/td>\n<td><strong>385 \u20ac<\/strong><\/td>\n<\/tr>\n<tr>\n<td class=\"city\">Barcellona<\/td>\n<td>135 \u20ac<\/td>\n<td>165 \u20ac<\/td>\n<td>60 \u20ac<\/td>\n<td>80 \u20ac<\/td>\n<td>180 \u20ac<\/td>\n<td><strong>620 \u20ac<\/strong><\/td>\n<\/tr>\n<tr>\n<td class=\"city\">Madrid<\/td>\n<td>170 \u20ac<\/td>\n<td>175 \u20ac<\/td>\n<td>60 \u20ac<\/td>\n<td>35 \u20ac<\/td>\n<td>130 \u20ac<\/td>\n<td><strong>570 \u20ac<\/strong><\/td>\n<\/tr>\n<tr>\n<td class=\"city\">Valencia<\/td>\n<td>162 \u20ac<\/td>\n<td>215 \u20ac<\/td>\n<td>\u2014<\/td>\n<td>\u2014<\/td>\n<td>140 \u20ac<\/td>\n<td><strong>517 \u20ac<\/strong><\/td>\n<\/tr>\n<\/tbody>\n<\/table>\n<h3>Confronto 2 settimane all-inclusive<\/h3>\n<h5>(20 ore di corso + alloggio + trasferimenti dall'aeroporto)<\/h5>\n<p>Alloggio incluso in questo confronto: camera singola in appartamento condiviso. I totali includono l'iscrizione e le spese di soggiorno.<\/p>\n<table>\n<thead>\n<tr>\n<th>Citt\u00e0<\/th>\n<th>20h Corso<\/th>\n<th>Sistemazione<\/th>\n<th>Quota di iscrizione<\/th>\n<th>Tassa di soggiorno<\/th>\n<th>Trasferimenti (arrivo + partenza)<\/th>\n<th>Preventivo totale (tutto compreso)<\/th>\n<\/tr>\n<\/thead>\n<tbody>\n<tr>\n<td class=\"city\">Alicante<\/td>\n<td>250 \u20ac<\/td>\n<td>240 \u20ac<\/td>\n<td>60 \u20ac<\/td>\n<td>\u2014<\/td>\n<td>100 \u20ac<\/td>\n<td><strong>650 \u20ac<\/strong><\/td>\n<\/tr>\n<tr>\n<td class=\"city\">Granada<\/td>\n<td>250 \u20ac<\/td>\n<td>240 \u20ac<\/td>\n<td>60 \u20ac<\/td>\n<td>\u2014<\/td>\n<td>80 \u20ac<\/td>\n<td><strong>630 \u20ac<\/strong><\/td>\n<\/tr>\n<tr>\n<td class=\"city\">Barcellona<\/td>\n<td>270 \u20ac<\/td>\n<td>330 \u20ac<\/td>\n<td>60 \u20ac<\/td>\n<td>80 \u20ac<\/td>\n<td>180 \u20ac<\/td>\n<td><strong>920 \u20ac<\/strong><\/td>\n<\/tr>\n<tr>\n<td class=\"city\">Madrid<\/td>\n<td>340 \u20ac<\/td>\n<td>350 \u20ac<\/td>\n<td>60 \u20ac<\/td>\n<td>35 \u20ac<\/td>\n<td>130 \u20ac<\/td>\n<td><strong>915 \u20ac<\/strong><\/td>\n<\/tr>\n<tr>\n<td class=\"city\">Valencia<\/td>\n<td>284 \u20ac<\/td>\n<td>430 \u20ac<\/td>\n<td>\u2014<\/td>\n<td>\u2014<\/td>\n<td>140 \u20ac<\/td>\n<td><strong>854 \u20ac<\/strong><\/td>\n<\/tr>\n<\/tbody>\n<\/table>\n<h3>Requisito Erasmus+: 20 ore settimanali<\/h3>\n<p>To meet Erasmus+ requirements, the recommended option is a 20-hour per week intensive course. A placement test and a participation certificate are provided.<\/p>\n<h2>Informazioni sul bagno dell'alloggio<\/h2>\n<p>Le sistemazioni sono generalmente dotate di bagno in comune. Se preferite un bagno privato, potete richiederlo; \u00e8 soggetto a disponibilit\u00e0 e pu\u00f2 comportare un costo aggiuntivo.<\/p>\n<h2>Cosa \u00e8 incluso nell'esperienza<\/h2>\n<ul>\n<li>20 ore settimanali di corso di spagnolo (conforme a Erasmus+)<\/li>\n<li>Test di ingresso<\/li>\n<li>Certificato di partecipazione<\/li>\n<li>Corsi e attivit\u00e0 culturali quotidiane<\/li>\n<li>Attivit\u00e0 del fine settimana disponibili (gratuite e a pagamento). Le attivit\u00e0 a pagamento devono essere prenotate il primo giorno di lezione.<\/li>\n<\/ul>\n<h2>Nota sui trasferimenti<\/h2>\n<p>I trasferimenti aeroportuali possono essere organizzati come supplemento, ma consigliamo vivamente di includerli per avere la massima tranquillit\u00e0 all'arrivo e alla partenza. Ecco perch\u00e9 i totali sopra riportati sono indicati come tutto compreso.<\/p>\n<h2>Come prenotare<\/h2>\n<ol>\n<li>Scegliete la citt\u00e0 e la durata (1 o 2 settimane)<\/li>\n<li>Confermate il vostro livello e la data di inizio preferita<\/li>\n<li>Chiediamo conferma della disponibilit\u00e0 (corso + alloggio + trasferimenti)<\/li>\n<li>Completate la registrazione e il pagamento<\/li>\n<li>Riceverete la conferma ufficiale e la documentazione<\/li>\n<li>Il primo giorno potete prenotare le attivit\u00e0 a pagamento del fine settimana a cui volete partecipare.<\/li>\n<\/ol>\n\n\t\t<\/div>\n\t<\/div>\n<section class=\"vc_cta3-container\"><div class=\"vc_general vc_do_cta3 vc_cta3 vc_cta3-style-outline vc_cta3-shape-rounded vc_cta3-align-left vc_cta3-color-classic vc_cta3-icon-size-md vc_cta3-icons-left vc_cta3-actions-right\"><div class=\"vc_cta3-icons\"><div class=\"vc_icon_element vc_icon_element-outer vc_do_icon vc_icon_element-align-left\"><div class=\"vc_icon_element-inner vc_icon_element-color-turquoise vc_icon_element-size-md vc_icon_element-style- vc_icon_element-background-color-grey\" ><span class=\"vc_icon_element-icon fa fa-solid fa-arrow-right-from-bracket\" ><\/span><\/div><\/div><\/div><div class=\"vc_cta3_content-container\"><div class=\"vc_cta3-content\"><header class=\"vc_cta3-content-header\"><h2>Siete pronti a pianificare il vostro viaggio Erasmus+?<\/h2><\/header><p style=\"text-align: justify;\" data-pm-slice=\"0 0 &#091;&#093;\">Comunicateci la citt\u00e0 preferita, la data di inizio e la durata e vi invieremo un preventivo personalizzato tutto compreso. Vi assisteremo passo dopo passo con disponibilit\u00e0, prenotazione, dettagli sull'arrivo e tutto ci\u00f2 di cui avete bisogno per iniziare in tutta tranquillit\u00e0.<\/p>\n<\/div><div class=\"vc_cta3-actions\"><div class=\"vc_btn3-container vc_btn3-inline vc_do_btn\" ><a class=\"vc_general vc_btn3 vc_btn3-size-md vc_btn3-shape-rounded vc_btn3-style-modern vc_btn3-color-info\" href=\"https:\/\/holaspain.agency\/it\/#contact\" title=\"\">Rivolgetevi oggi stesso<\/a><\/div><\/div><\/div><\/div><\/section><\/div><\/div><\/div><\/div>\n<\/div>","protected":false},"excerpt":{"rendered":"<p>All-inclusive Erasmus+ Spanish courses in Spain. Study 20h\/week in Madrid, Barcelona, Valencia, Alicante or Granada with accommodation, activities and transfers.<\/p>","protected":false},"author":1,"featured_media":2372,"parent":0,"menu_order":0,"comment_status":"closed","ping_status":"closed","template":"","meta":{"_seopress_robots_primary_cat":"","_seopress_titles_title":"%%sitetitle%% %%sep%% Erasmus+ \u2013 Courses and Prices","_seopress_titles_desc":"All-inclusive Erasmus+ courses in Spain. Study 20h\/week in Madrid, Barcelona, Valencia, Alicante or Granada with accommodation, activities and transfers.","_seopress_robots_index":"","_daextam_enable_autolinks":"1","footnotes":""},"categories":[],"tags":[],"class_list":["post-2250","page","type-page","status-publish","has-post-thumbnail","hentry"],"_links":{"self":[{"href":"https:\/\/holaspain.agency\/it\/wp-json\/wp\/v2\/pages\/2250","targetHints":{"allow":["GET"]}}],"collection":[{"href":"https:\/\/holaspain.agency\/it\/wp-json\/wp\/v2\/pages"}],"about":[{"href":"https:\/\/holaspain.agency\/it\/wp-json\/wp\/v2\/types\/page"}],"author":[{"embeddable":true,"href":"https:\/\/holaspain.agency\/it\/wp-json\/wp\/v2\/users\/1"}],"replies":[{"embeddable":true,"href":"https:\/\/holaspain.agency\/it\/wp-json\/wp\/v2\/comments?post=2250"}],"version-history":[{"count":14,"href":"https:\/\/holaspain.agency\/it\/wp-json\/wp\/v2\/pages\/2250\/revisions"}],"predecessor-version":[{"id":2375,"href":"https:\/\/holaspain.agency\/it\/wp-json\/wp\/v2\/pages\/2250\/revisions\/2375"}],"wp:featuredmedia":[{"embeddable":true,"href":"https:\/\/holaspain.agency\/it\/wp-json\/wp\/v2\/media\/2372"}],"wp:attachment":[{"href":"https:\/\/holaspain.agency\/it\/wp-json\/wp\/v2\/media?parent=2250"}],"wp:term":[{"taxonomy":"category","embeddable":true,"href":"https:\/\/holaspain.agency\/it\/wp-json\/wp\/v2\/categories?post=2250"},{"taxonomy":"post_tag","embeddable":true,"href":"https:\/\/holaspain.agency\/it\/wp-json\/wp\/v2\/tags?post=2250"}],"curies":[{"name":"wp","href":"https:\/\/api.w.org\/{rel}","templated":true}]}}