{"id":2185,"date":"2025-11-17T13:17:46","date_gmt":"2025-11-17T13:17:46","guid":{"rendered":"https:\/\/holaspain.agency\/?page_id=2185"},"modified":"2025-11-17T13:54:06","modified_gmt":"2025-11-17T13:54:06","slug":"anno-di-transizione-spagna","status":"publish","type":"page","link":"https:\/\/holaspain.agency\/it\/transition-year-spain\/","title":{"rendered":"Anno di transizione Spagna"},"content":{"rendered":"<div class=\"wpb-content-wrapper\"><div class=\"vc_row wpb_row vc_row-fluid\"><div class=\"wpb_column vc_column_container vc_col-sm-12\"><div class=\"vc_column-inner\"><div class=\"wpb_wrapper\">\n\t<div class=\"wpb_text_column wpb_content_element\" >\n\t\t<div class=\"wpb_wrapper\">\n\t\t\t<h1>Anno di transizione Spagna - Vivere, imparare e prosperare<\/h1>\n<p><em>Sperimentate la vita scolastica spagnola, accelerate le vostre conoscenze linguistiche e scoprite una nuova cultura. Scegliete un soggiorno diurno o in collegio, da 4 settimane a un intero anno accademico.<\/em><\/p>\n<blockquote><p>\nFrequentare una scuola secondaria spagnola \u00e8 un'esperienza che cambia la vita. La cultura, il cibo, il clima e la calorosa comunit\u00e0 della Spagna la rendono l'ambiente perfetto per migliorare lo spagnolo vivendo come un abitante del posto.\n<\/p><\/blockquote>\n<h2>Panoramica del programma - Scuola superiore in Spagna<\/h2>\n<p>Il programma Transition Year Spain inserisce studenti irlandesi (15-17 anni) in scuole secondarie spagnole affermate. Ogni collocazione \u00e8 personalizzata in base ai vostri interessi, al livello linguistico e alle preferenze del luogo. I soggiorni variano da 4 settimane a un intero anno accademico, e limitiamo il numero di studenti irlandesi per ogni scuola per garantire un'immersione totale.<\/p>\n<h3>Caratteristiche principali del programma TY Spagna<\/h3>\n<ul>\n<li>Inserimento individuale in un collegio o in una scuola diurna spagnola<\/li>\n<li>Alloggio in pensione completa (famiglia ospitante o pensione)<\/li>\n<li>Tutte le lezioni e le tasse scolastiche sono incluse<\/li>\n<li>Coordinatore locale nel paese e supporto di emergenza 24\/7<\/li>\n<li>Trasferimenti aeroporto\/treno e sessioni di orientamento su richiesta<\/li>\n<li>Certificato di fine programma<\/li>\n<\/ul>\n<h2>Idoneit\u00e0 a studiare in Spagna<\/h2>\n<p>Siete adatti se:<\/p>\n<ul>\n<li>Avete 15-17 anni<\/li>\n<li>Avete studiato lo spagnolo per almeno 2 anni<\/li>\n<li>Siete motivati a parlare lo spagnolo e aperti a nuove esperienze culturali<\/li>\n<\/ul>\n<h2>Le migliori localit\u00e0 della Spagna<\/h2>\n<p>Offriamo tirocini in molte citt\u00e0 spagnole popolari, tra cui:<br \/>\n<strong>Madrid - Valencia - Alicante - Siviglia - Salamanca - Cadice - Barcellona<\/strong><br \/>\nOve possibile, garantiamo il collocamento in una delle due sedi preferite.<\/p>\n<h2>Scuola diurna o collegio?<\/h2>\n<h3>Scuola diurna in Spagna<\/h3>\n<ul>\n<li>Vivere con una famiglia ospitante accuratamente selezionata<\/li>\n<li>Colazione e cena a casa, pranzo a scuola<\/li>\n<li>Le scuole si trovano solitamente nel raggio di 20 minuti dalla famiglia ospitante.<\/li>\n<li>Ideale per chi desidera un ambiente familiare e accogliente<\/li>\n<\/ul>\n<h3>Convitto in Spagna<\/h3>\n<ul>\n<li>Soggiorno in pensione dal luned\u00ec al venerd\u00ec (piccoli dormitori)<\/li>\n<li>I fine settimana e le vacanze con la stessa famiglia ospitante dedicata<\/li>\n<li>Perfetto per gli studenti che preferiscono la struttura e la supervisione in loco<\/li>\n<\/ul>\n<h2>Famiglie ospitanti spagnole<\/h2>\n<p>Le nostre famiglie ospitanti sono completamente controllate, hanno esperienza e vengono visitate regolarmente dal Coordinatore locale. Vi accolgono nella loro casa, vi aiutano ad adattarvi e sostengono i vostri progressi nella lingua spagnola. La maggior parte degli studenti crea legami a vita con le famiglie ospitanti.<\/p>\n<h2>Processo di candidatura<\/h2>\n<ol>\n<li><strong>Incontro iniziale<\/strong> - Visitate il nostro ufficio di Dublino o incontratevi via Skype per esplorare le opzioni e porre domande.<\/li>\n<li><strong>Applicazione<\/strong> - Presentate il modulo, due relazioni scolastiche e un breve paragrafo in spagnolo per la vostra famiglia ospitante.<\/li>\n<li><strong>Collocazione scolastica<\/strong> - Il nostro partner si rivolge alla scuola e assegna una famiglia ospitante abbinata.<\/li>\n<li><strong>Contatto prima dell'arrivo<\/strong> - Gli studenti sono invitati a mettersi in contatto con la famiglia ospitante prima del viaggio.<\/li>\n<li><strong>Orientamento<\/strong> - Tenutosi a Dublino o via Skype, comprende regole, sicurezza e consigli per la preparazione.<\/li>\n<li><strong>Viaggio e arrivo<\/strong> - Sarete accolti all'aeroporto o alla stazione ferroviaria dalla vostra famiglia ospitante o dal Coordinatore locale.<\/li>\n<\/ol>\n<h2>Date e viaggi - Piena flessibilit\u00e0<\/h2>\n<p>Non ci sono partenze di gruppo o date fisse. Gli studenti scelgono le date di viaggio e vengono inseriti individualmente per garantire un'immersione completa. Solo 0-3 studenti irlandesi della nostra organizzazione vengono inseriti contemporaneamente in una scuola.<\/p>\n<p>Pi\u00f9 a lungo si rimane, maggiori sono i guadagni in termini di fluidit\u00e0. Molti studenti registrano progressi significativi gi\u00e0 dopo diversi mesi.<\/p>\n<h2>Cosa \u00e8 incluso<\/h2>\n<ul>\n<li>Inserimento in un collegio o in una scuola diurna spagnola<\/li>\n<li>Sistemazione in pensione completa<\/li>\n<li>Tutte le tasse scolastiche<\/li>\n<li>Coordinatore locale assegnato in Spagna<\/li>\n<li>Accoglienza e trasferimento all'aeroporto o alla stazione ferroviaria<\/li>\n<li>Orientamento prima della partenza<\/li>\n<li>Assistenza di emergenza 24 ore su 24<\/li>\n<li>Guida e assistenza durante tutto il soggiorno<\/li>\n<li>Certificato di completamento<\/li>\n<\/ul>\n<h2>Informazioni per i genitori<\/h2>\n<p>Siamo consapevoli che si tratta di una decisione importante ed \u00e8 per questo che i genitori sono coinvolti fin dall'inizio. La sicurezza, il sostegno e la comunicazione sono le priorit\u00e0 principali. Le famiglie ospitanti sono controllate, sono previste procedure di emergenza e il coordinatore locale \u00e8 il punto di contatto principale per tutta la durata del programma.<\/p>\n\n\t\t<\/div>\n\t<\/div>\n<div  class=\"vc_do_toggle vc_toggle vc_toggle_default vc_toggle_color_default  vc_toggle_size_md\"><div class=\"vc_toggle_title\"><h4>Quanto tempo posso restare?<\/h4><i class=\"vc_toggle_icon\"><\/i><\/div><div class=\"vc_toggle_content\"><p>Da <strong data-start=\"5369\" data-end=\"5380\">4 settimane<\/strong> a un <strong data-start=\"5386\" data-end=\"5408\">anno accademico completo<\/strong>. I soggiorni pi\u00f9 lunghi di solito danno risultati linguistici migliori.<\/p>\n<\/div><\/div><div  class=\"vc_do_toggle vc_toggle vc_toggle_default vc_toggle_color_default  vc_toggle_size_md\"><div class=\"vc_toggle_title\"><h4>Posso richiedere una sede o una scuola particolare?<\/h4><i class=\"vc_toggle_icon\"><\/i><\/div><div class=\"vc_toggle_content\"><p>S\u00ec, chiediamo le preferenze per la sede e cerchiamo di collocarla in una delle due migliori scelte.<\/p>\n<\/div><\/div><div  class=\"vc_do_toggle vc_toggle vc_toggle_default vc_toggle_color_default  vc_toggle_size_md\"><div class=\"vc_toggle_title\"><h4>Ci saranno altri studenti irlandesi nella mia scuola?<\/h4><i class=\"vc_toggle_icon\"><\/i><\/div><div class=\"vc_toggle_content\"><p>Limitiamo il numero di studenti irlandesi per scuola (di solito un massimo di 3-4) per mantenere l'immersione.<\/p>\n<\/div><\/div><div  class=\"vc_do_toggle vc_toggle vc_toggle_default vc_toggle_color_default  vc_toggle_size_md\"><div class=\"vc_toggle_title\"><h4>Devo parlare correntemente lo spagnolo?<\/h4><i class=\"vc_toggle_icon\"><\/i><\/div><div class=\"vc_toggle_content\"><p>No. Dovreste avere almeno <strong data-start=\"5850\" data-end=\"5861\">2 anni<\/strong> di studio e di essere motivati a usare lo spagnolo.<\/p>\n<\/div><\/div><div  class=\"vc_do_toggle vc_toggle vc_toggle_default vc_toggle_color_default  vc_toggle_size_md\"><div class=\"vc_toggle_title\"><h4>Qual \u00e8 l'assistenza disponibile in Spagna?<\/h4><i class=\"vc_toggle_icon\"><\/i><\/div><div class=\"vc_toggle_content\"><p>Ogni studente ha un coordinatore locale assegnato e un contatto di emergenza 24 ore su 24, 7 giorni su 7.<\/p>\n<\/div><\/div><div  class=\"vc_do_toggle vc_toggle vc_toggle_default vc_toggle_color_default  vc_toggle_size_md\"><div class=\"vc_toggle_title\"><h4>Posso continuare a praticare sport o musica?<\/h4><i class=\"vc_toggle_icon\"><\/i><\/div><div class=\"vc_toggle_content\"><p>S\u00ec, cerchiamo di adattare gli alloggi ai vostri interessi, in modo che possiate continuare a praticare sport, musica o altre attivit\u00e0.<\/p>\n<\/div><\/div><section class=\"vc_cta3-container\"><div class=\"vc_general vc_do_cta3 vc_cta3 vc_cta3-style-outline vc_cta3-shape-rounded vc_cta3-align-left vc_cta3-color-classic vc_cta3-icon-size-md vc_cta3-icons-left vc_cta3-actions-right\"><div class=\"vc_cta3-icons\"><div class=\"vc_icon_element vc_icon_element-outer vc_do_icon vc_icon_element-align-left\"><div class=\"vc_icon_element-inner vc_icon_element-color-turquoise vc_icon_element-size-md vc_icon_element-style- vc_icon_element-background-color-grey\" ><span class=\"vc_icon_element-icon fa fa-solid fa-arrow-right-from-bracket\" ><\/span><\/div><\/div><\/div><div class=\"vc_cta3_content-container\"><div class=\"vc_cta3-content\"><header class=\"vc_cta3-content-header\"><h2>Iniziate il vostro anno di transizione in Spagna!<\/h2><\/header><p>Se desiderate maggiori dettagli su scuole, famiglie ospitanti o date di viaggio, il nostro team \u00e8 a vostra disposizione per aiutarvi a pianificare un Anno di transizione all'estero sicuro, gratificante e personalizzato.<\/p>\n<\/div><div class=\"vc_cta3-actions\"><div class=\"vc_btn3-container vc_btn3-inline vc_do_btn\" ><a class=\"vc_general vc_btn3 vc_btn3-size-md vc_btn3-shape-rounded vc_btn3-style-modern vc_btn3-color-info\" href=\"https:\/\/holaspain.agency\/it\/#contact\" title=\"\">Rivolgetevi oggi stesso<\/a><\/div><\/div><\/div><\/div><\/section><\/div><\/div><\/div><\/div>\n<\/div>","protected":false},"excerpt":{"rendered":"<p>Regalate a vostro figlio un anno di transizione all'estero ricco di soddisfazioni. Il nostro programma TY Spagna offre alloggi sicuri, famiglie ospitanti premurose, scuole fidate e un'assistenza personalizzata per tutta la durata del soggiorno.<\/p>","protected":false},"author":1,"featured_media":2186,"parent":0,"menu_order":0,"comment_status":"closed","ping_status":"closed","template":"","meta":{"_seopress_robots_primary_cat":"","_seopress_titles_title":"%%sitetitle%% %%sep%% Study in a Spanish Secondary School","_seopress_titles_desc":"Transition Year Spain programme for Irish students to study in a Spanish secondary school, live with a host family and improve Spanish with full support.","_seopress_robots_index":"","_daextam_enable_autolinks":"1","footnotes":""},"categories":[62],"tags":[],"class_list":["post-2185","page","type-page","status-publish","has-post-thumbnail","hentry","category-courses"],"_links":{"self":[{"href":"https:\/\/holaspain.agency\/it\/wp-json\/wp\/v2\/pages\/2185","targetHints":{"allow":["GET"]}}],"collection":[{"href":"https:\/\/holaspain.agency\/it\/wp-json\/wp\/v2\/pages"}],"about":[{"href":"https:\/\/holaspain.agency\/it\/wp-json\/wp\/v2\/types\/page"}],"author":[{"embeddable":true,"href":"https:\/\/holaspain.agency\/it\/wp-json\/wp\/v2\/users\/1"}],"replies":[{"embeddable":true,"href":"https:\/\/holaspain.agency\/it\/wp-json\/wp\/v2\/comments?post=2185"}],"version-history":[{"count":11,"href":"https:\/\/holaspain.agency\/it\/wp-json\/wp\/v2\/pages\/2185\/revisions"}],"predecessor-version":[{"id":2201,"href":"https:\/\/holaspain.agency\/it\/wp-json\/wp\/v2\/pages\/2185\/revisions\/2201"}],"wp:featuredmedia":[{"embeddable":true,"href":"https:\/\/holaspain.agency\/it\/wp-json\/wp\/v2\/media\/2186"}],"wp:attachment":[{"href":"https:\/\/holaspain.agency\/it\/wp-json\/wp\/v2\/media?parent=2185"}],"wp:term":[{"taxonomy":"category","embeddable":true,"href":"https:\/\/holaspain.agency\/it\/wp-json\/wp\/v2\/categories?post=2185"},{"taxonomy":"post_tag","embeddable":true,"href":"https:\/\/holaspain.agency\/it\/wp-json\/wp\/v2\/tags?post=2185"}],"curies":[{"name":"wp","href":"https:\/\/api.w.org\/{rel}","templated":true}]}}