{"id":2122,"date":"2025-11-10T16:04:03","date_gmt":"2025-11-10T16:04:03","guid":{"rendered":"https:\/\/holaspain.agency\/?page_id=2122"},"modified":"2025-11-24T12:17:17","modified_gmt":"2025-11-24T12:17:17","slug":"short-term-spanish-courses-for-adults","status":"publish","type":"page","link":"https:\/\/holaspain.agency\/it\/short-term-spanish-courses-for-adults\/","title":{"rendered":"Corsi di spagnolo a breve termine per adulti"},"content":{"rendered":"<div class=\"wpb-content-wrapper\"><div class=\"vc_row wpb_row vc_row-fluid\"><div class=\"wpb_column vc_column_container vc_col-sm-12\"><div class=\"vc_column-inner\"><div class=\"wpb_wrapper\">\n\t<div class=\"wpb_text_column wpb_content_element\" >\n\t\t<div class=\"wpb_wrapper\">\n\t\t\t<h1 style=\"text-align: justify;\">Corsi di spagnolo a breve termine in Spagna per adulti<\/h1>\n<p style=\"text-align: justify;\"><em>Date di inizio flessibili - Da 1 a 12 settimane - Tutti i livelli<\/em><\/p>\n<blockquote>\n<p style=\"text-align: justify;\">HolaSpain offre corsi di spagnolo accreditati a breve termine in Spagna per adulti che desiderano migliorare rapidamente il proprio spagnolo attraverso un'esperienza coinvolgente. Ideali per vacanze, soggiorni di studio o sviluppo professionale, i nostri corsi combinano l'apprendimento pratico della lingua con la scoperta culturale.<\/p>\n<\/blockquote>\n<h2 style=\"text-align: justify;\">Opzioni di programma - Corsi di spagnolo a breve termine<\/h2>\n<ul style=\"text-align: justify;\">\n<li><strong>Corsi di 1-4 settimane<\/strong> - Perfetto per i principianti o i viaggiatori che cercano un'introduzione intensiva allo spagnolo.<\/li>\n<li><strong>Corsi di 5-8 settimane<\/strong> - Ritmo di apprendimento equilibrato per progressi costanti nella grammatica, nel vocabolario e nella fluidit\u00e0.<\/li>\n<li><strong>Corsi di 9-12 settimane<\/strong> - Un'immersione pi\u00f9 profonda per chi vuole raggiungere un livello avanzato di comunicazione.<\/li>\n<\/ul>\n<p style=\"text-align: justify;\">I corsi sono disponibili con <strong>20 o 25 ore alla settimana<\/strong>, a seconda degli obiettivi di apprendimento e dell'intensit\u00e0 preferita.<\/p>\n<h3 style=\"text-align: justify;\">Cosa include il corso di spagnolo<\/h3>\n<ul style=\"text-align: justify;\">\n<li>Lezioni dinamiche (tutti i livelli) con insegnanti madrelingua qualificati<\/li>\n<li>Attestato di partecipazione e livello raggiunto<\/li>\n<li>Attivit\u00e0 culturali e sociali settimanali<\/li>\n<li>Assistenza locale, orientamento e guida durante tutto il soggiorno<\/li>\n<li>Sistemazione e trasferimenti aeroportuali disponibili su richiesta<\/li>\n<\/ul>\n<h3 style=\"text-align: justify;\">Risultati di apprendimento - Imparare lo spagnolo in Spagna<\/h3>\n<ul style=\"text-align: justify;\">\n<li>Acquisire competenze pratiche di comunicazione per le situazioni della vita reale<\/li>\n<li>Acquisire sicurezza nella conversazione, nell'ascolto e nella comprensione<\/li>\n<li>Migliorare la grammatica, la pronuncia e la comprensione culturale<\/li>\n<li>Preparazione facoltativa agli esami DELE o SIELE<\/li>\n<\/ul>\n<h3 style=\"text-align: justify;\">Destinazioni di studio in Spagna<\/h3>\n<p style=\"text-align: justify;\">Scegliete tra le migliori destinazioni in Spagna, tra cui <strong>Alicante, Valencia, Madrid, Barcellona, Malaga, Salamanca e Siviglia.<\/strong>. Tutte le scuole partner sono accreditate e situate in posizione centrale, offrono strutture moderne e ambienti accoglienti.<\/p>\n<h3 style=\"text-align: justify;\">Opzioni di alloggio per gli studenti<\/h3>\n<ul style=\"text-align: justify;\">\n<li><strong>Famiglie ospitanti<\/strong> per un'immersione culturale e linguistica completa<\/li>\n<li><strong>Residenze per studenti<\/strong> con strutture e supervisione condivise<\/li>\n<li>Appartamenti privati disponibili su richiesta<\/li>\n<\/ul>\n<h3 style=\"text-align: justify;\">Assistenza agli studenti e iscrizioni<\/h3>\n<p style=\"text-align: justify;\">HolaSpain fornisce un'assistenza completa prima e durante il soggiorno, compresa la guida prima dell'arrivo, l'organizzazione dell'alloggio e il coordinamento locale. Il nostro team si assicura che ogni dettaglio sia coperto in modo che possiate concentrarvi sulla vostra esperienza di studio in Spagna.<\/p>\n<blockquote>\n<p style=\"text-align: justify;\">Questi programmi a breve termine sono aperti a studenti adulti dai 18 anni in su, dai principianti ai livelli avanzati. I corsi possono iniziare ogni luned\u00ec, tutto l'anno. Disponibili per Bildungsurlaub, Erasmus+ e CSN (Centrala studiest\u00f6dsn\u00e4mnden).<\/p>\n<\/blockquote>\n\n\t\t<\/div>\n\t<\/div>\n<section class=\"vc_cta3-container\"><div class=\"vc_general vc_do_cta3 vc_cta3 vc_cta3-style-outline vc_cta3-shape-rounded vc_cta3-align-left vc_cta3-color-classic vc_cta3-icon-size-md vc_cta3-icons-left vc_cta3-actions-right\"><div class=\"vc_cta3-icons\"><div class=\"vc_icon_element vc_icon_element-outer vc_do_icon vc_icon_element-align-left\"><div class=\"vc_icon_element-inner vc_icon_element-color-turquoise vc_icon_element-size-md vc_icon_element-style- vc_icon_element-background-color-grey\" ><span class=\"vc_icon_element-icon fa fa-solid fa-arrow-right-from-bracket\" ><\/span><\/div><\/div><\/div><div class=\"vc_cta3_content-container\"><div class=\"vc_cta3-content\"><header class=\"vc_cta3-content-header\"><h2>Iniziate oggi la vostra avventura spagnola!<\/h2><\/header><p>Hai domande o vuoi trovare il corso di spagnolo perfetto? Contattate HolaSpain oggi stesso e lasciate che vi aiutiamo a pianificare la vostra esperienza di apprendimento in Spagna.<\/p>\n<\/div><div class=\"vc_cta3-actions\"><div class=\"vc_btn3-container vc_btn3-inline vc_do_btn\" ><a class=\"vc_general vc_btn3 vc_btn3-size-md vc_btn3-shape-rounded vc_btn3-style-modern vc_btn3-color-info\" href=\"https:\/\/holaspain.agency\/it\/#contact\" title=\"\">Rivolgetevi oggi stesso<\/a><\/div><\/div><\/div><\/div><\/section><\/div><\/div><\/div><\/div>\n<\/div>","protected":false},"excerpt":{"rendered":"<p>Corsi di spagnolo a breve termine per adulti che cercano un'esperienza flessibile e coinvolgente in Spagna. Da una settimana a due mesi, lezioni dinamiche, escursioni culturali e alloggi confortevoli.<\/p>","protected":false},"author":1,"featured_media":2142,"parent":0,"menu_order":0,"comment_status":"closed","ping_status":"closed","template":"","meta":{"_seopress_robots_primary_cat":"","_seopress_titles_title":"%%sitetitle%% %%sep%% %%post_title%%","_seopress_titles_desc":"Short accredited Spanish courses in Spain for adults. Study 1\u201312 weeks with immersive lessons, culture and full local support.","_seopress_robots_index":"","_daextam_enable_autolinks":"1","footnotes":""},"categories":[62],"tags":[],"class_list":["post-2122","page","type-page","status-publish","has-post-thumbnail","hentry","category-courses"],"_links":{"self":[{"href":"https:\/\/holaspain.agency\/it\/wp-json\/wp\/v2\/pages\/2122","targetHints":{"allow":["GET"]}}],"collection":[{"href":"https:\/\/holaspain.agency\/it\/wp-json\/wp\/v2\/pages"}],"about":[{"href":"https:\/\/holaspain.agency\/it\/wp-json\/wp\/v2\/types\/page"}],"author":[{"embeddable":true,"href":"https:\/\/holaspain.agency\/it\/wp-json\/wp\/v2\/users\/1"}],"replies":[{"embeddable":true,"href":"https:\/\/holaspain.agency\/it\/wp-json\/wp\/v2\/comments?post=2122"}],"version-history":[{"count":5,"href":"https:\/\/holaspain.agency\/it\/wp-json\/wp\/v2\/pages\/2122\/revisions"}],"predecessor-version":[{"id":2248,"href":"https:\/\/holaspain.agency\/it\/wp-json\/wp\/v2\/pages\/2122\/revisions\/2248"}],"wp:featuredmedia":[{"embeddable":true,"href":"https:\/\/holaspain.agency\/it\/wp-json\/wp\/v2\/media\/2142"}],"wp:attachment":[{"href":"https:\/\/holaspain.agency\/it\/wp-json\/wp\/v2\/media?parent=2122"}],"wp:term":[{"taxonomy":"category","embeddable":true,"href":"https:\/\/holaspain.agency\/it\/wp-json\/wp\/v2\/categories?post=2122"},{"taxonomy":"post_tag","embeddable":true,"href":"https:\/\/holaspain.agency\/it\/wp-json\/wp\/v2\/tags?post=2122"}],"curies":[{"name":"wp","href":"https:\/\/api.w.org\/{rel}","templated":true}]}}