{"id":1956,"date":"2025-11-05T10:46:53","date_gmt":"2025-11-05T10:46:53","guid":{"rendered":"https:\/\/holaspain.agency\/?page_id=1956"},"modified":"2025-11-06T09:44:43","modified_gmt":"2025-11-06T09:44:43","slug":"csn-centrala-studiestodsnamnden","status":"publish","type":"page","link":"https:\/\/holaspain.agency\/it\/csn-centrala-studiestodsnamnden\/","title":{"rendered":"CSN - Centrala studiest\u00f6dsn\u00e4mnden"},"content":{"rendered":"<div class=\"wpb-content-wrapper\"><div class=\"vc_row wpb_row vc_row-fluid\"><div class=\"wpb_column vc_column_container vc_col-sm-12\"><div class=\"vc_column-inner\"><div class=\"wpb_wrapper\">\n\t<div class=\"wpb_text_column wpb_content_element\" >\n\t\t<div class=\"wpb_wrapper\">\n\t\t\t<h1 style=\"text-align: justify;\">CSN - Studiare lo spagnolo in Spagna con un sostegno finanziario<\/h1>\n<blockquote>\n<p style=\"text-align: justify;\">Con il supporto del CSN (Centrala studiest\u00f6dsn\u00e4mnden), gli studenti svedesi possono studiare lo spagnolo in Spagna ricevendo un aiuto finanziario. HolaSpain collabora con scuole spagnole accreditate che offrono corsi intensivi di lingua approvati dal CSN, consentendovi di imparare lo spagnolo, guadagnare crediti e immergervi completamente nella cultura spagnola, il tutto godendo del sostegno finanziario del sistema nazionale svedese di aiuti agli studenti.<\/p>\n<\/blockquote>\n<h2 style=\"text-align: justify;\">Perch\u00e9 scegliere HolaSpain per gli studi finanziati dal CSN?<\/h2>\n<ul style=\"text-align: justify;\">\n<li>Corsi approvati dal CSN in pi\u00f9 citt\u00e0 spagnole<\/li>\n<li>Programmi intensivi con 20-30 lezioni settimanali<\/li>\n<li>Disponibile per tutti i livelli, dal principiante all'avanzato<\/li>\n<li>Studiare in destinazioni di spicco come Madrid, Valencia, Malaga e Cadice<\/li>\n<li>Guida professionale per le domande di CSN e l'iscrizione alla scuola<\/li>\n<\/ul>\n<h2 style=\"text-align: justify;\">Come richiedere il CSN per studiare in Spagna<\/h2>\n<ol style=\"text-align: justify;\">\n<li>Scegli il tuo corso di spagnolo e la tua destinazione con HolaSpain<\/li>\n<li>Presentare i documenti di iscrizione al CSN per l'approvazione.<\/li>\n<li>Ricevere la borsa di studio (bidrag) e il prestito (l\u00e5n) da CSN<\/li>\n<li>Inizia il tuo corso di spagnolo e vivi un'esperienza di vita all'estero mentre impari<\/li>\n<\/ol>\n<h3 style=\"text-align: justify;\">Scuole di lingua spagnola accreditate per CSN<\/h3>\n<p style=\"text-align: justify;\">HolaSpain collabora con scuole di lingua spagnola pienamente accreditate che soddisfano i requisiti per gli aiuti finanziari CSN. I nostri programmi combinano un'istruzione di alta qualit\u00e0 con attivit\u00e0 culturali, aiutandovi a sviluppare la fluidit\u00e0 mentre godete delle tradizioni locali, del cibo e della vita quotidiana in Spagna.<\/p>\n<blockquote>\n<p style=\"text-align: justify;\">Investite nel vostro futuro, ampliate i vostri orizzonti e imparate lo spagnolo in un ambiente dinamico e coinvolgente, con il sostegno finanziario di CSN. HolaSpain rende lo studio in Spagna semplice, arricchente e indimenticabile.<\/p>\n<\/blockquote>\n\n\t\t<\/div>\n\t<\/div>\n<section class=\"vc_cta3-container\"><div class=\"vc_general vc_do_cta3 vc_cta3 vc_cta3-style-outline vc_cta3-shape-rounded vc_cta3-align-left vc_cta3-color-classic vc_cta3-icon-size-md vc_cta3-icons-left vc_cta3-actions-right\"><div class=\"vc_cta3-icons\"><div class=\"vc_icon_element vc_icon_element-outer vc_do_icon vc_icon_element-align-left\"><div class=\"vc_icon_element-inner vc_icon_element-color-turquoise vc_icon_element-size-md vc_icon_element-style- vc_icon_element-background-color-grey\" ><span class=\"vc_icon_element-icon fa fa-solid fa-arrow-right-from-bracket\" ><\/span><\/div><\/div><\/div><div class=\"vc_cta3_content-container\"><div class=\"vc_cta3-content\"><header class=\"vc_cta3-content-header\"><h2>Iniziate oggi la vostra avventura spagnola!<\/h2><\/header><p>Hai domande o vuoi trovare il corso di spagnolo perfetto? Contattate HolaSpain oggi stesso e lasciate che vi aiutiamo a pianificare la vostra esperienza di apprendimento in Spagna.<\/p>\n<\/div><div class=\"vc_cta3-actions\"><div class=\"vc_btn3-container vc_btn3-inline vc_do_btn\" ><a class=\"vc_general vc_btn3 vc_btn3-size-md vc_btn3-shape-rounded vc_btn3-style-modern vc_btn3-color-info\" href=\"https:\/\/holaspain.agency\/it\/#contact\" title=\"\">Rivolgetevi oggi stesso<\/a><\/div><\/div><\/div><\/div><\/section><\/div><\/div><\/div><\/div>\n<\/div>","protected":false},"excerpt":{"rendered":"<p>Con il supporto del CSN (Centrala studiest\u00f6dsn\u00e4mnden), gli studenti svedesi possono studiare lo spagnolo in Spagna ricevendo un aiuto finanziario. HolaSpain collabora con scuole spagnole accreditate che offrono corsi intensivi di lingua approvati dal CSN, consentendovi di imparare lo spagnolo, guadagnare crediti e immergervi completamente nella cultura spagnola, il tutto godendo del sostegno finanziario del sistema nazionale svedese di aiuti agli studenti.<\/p>","protected":false},"author":1,"featured_media":1960,"parent":0,"menu_order":0,"comment_status":"closed","ping_status":"closed","template":"","meta":{"_seopress_robots_primary_cat":"","_seopress_titles_title":"%%sitetitle%% %%sep%% %%post_title%%","_seopress_titles_desc":"Study Spanish in Spain with CSN support. HolaSpain offers CSN-approved intensive courses in cities like Madrid and Valencia for Swedish students.","_seopress_robots_index":"","_daextam_enable_autolinks":"","footnotes":""},"categories":[60],"tags":[],"class_list":["post-1956","page","type-page","status-publish","has-post-thumbnail","hentry","category-eu-programmes"],"_links":{"self":[{"href":"https:\/\/holaspain.agency\/it\/wp-json\/wp\/v2\/pages\/1956","targetHints":{"allow":["GET"]}}],"collection":[{"href":"https:\/\/holaspain.agency\/it\/wp-json\/wp\/v2\/pages"}],"about":[{"href":"https:\/\/holaspain.agency\/it\/wp-json\/wp\/v2\/types\/page"}],"author":[{"embeddable":true,"href":"https:\/\/holaspain.agency\/it\/wp-json\/wp\/v2\/users\/1"}],"replies":[{"embeddable":true,"href":"https:\/\/holaspain.agency\/it\/wp-json\/wp\/v2\/comments?post=1956"}],"version-history":[{"count":5,"href":"https:\/\/holaspain.agency\/it\/wp-json\/wp\/v2\/pages\/1956\/revisions"}],"predecessor-version":[{"id":2015,"href":"https:\/\/holaspain.agency\/it\/wp-json\/wp\/v2\/pages\/1956\/revisions\/2015"}],"wp:featuredmedia":[{"embeddable":true,"href":"https:\/\/holaspain.agency\/it\/wp-json\/wp\/v2\/media\/1960"}],"wp:attachment":[{"href":"https:\/\/holaspain.agency\/it\/wp-json\/wp\/v2\/media?parent=1956"}],"wp:term":[{"taxonomy":"category","embeddable":true,"href":"https:\/\/holaspain.agency\/it\/wp-json\/wp\/v2\/categories?post=1956"},{"taxonomy":"post_tag","embeddable":true,"href":"https:\/\/holaspain.agency\/it\/wp-json\/wp\/v2\/tags?post=1956"}],"curies":[{"name":"wp","href":"https:\/\/api.w.org\/{rel}","templated":true}]}}