{"id":1803,"date":"2025-11-04T11:11:32","date_gmt":"2025-11-04T11:11:32","guid":{"rendered":"https:\/\/holaspain.agency\/?page_id=1803"},"modified":"2025-11-06T09:56:19","modified_gmt":"2025-11-06T09:56:19","slug":"scuole-partner","status":"publish","type":"page","link":"https:\/\/holaspain.agency\/it\/partner-schools\/","title":{"rendered":"Scuole partner"},"content":{"rendered":"<div class=\"wpb-content-wrapper\"><div class=\"vc_row wpb_row vc_row-fluid\"><div class=\"wpb_column vc_column_container vc_col-sm-12\"><div class=\"vc_column-inner\"><div class=\"wpb_wrapper\">\n\t<div class=\"wpb_text_column wpb_content_element\" >\n\t\t<div class=\"wpb_wrapper\">\n\t\t\t<h1 style=\"text-align: justify;\">Le migliori scuole di spagnolo in Spagna<\/h1>\n<h2 style=\"text-align: justify;\">Imparare lo spagnolo all'estero con partner affidabili<\/h2>\n<p style=\"text-align: justify;\">Scoprite le migliori scuole di lingua spagnola in tutta la Spagna, dalle vivaci citt\u00e0 alle soleggiate localit\u00e0 costiere. Il nostro <strong>scuole partner di fiducia<\/strong> offrono corsi di spagnolo di alta qualit\u00e0, immersione culturale e ambienti accoglienti per studenti di tutte le et\u00e0. Con insegnanti esperti e strutture eccezionali, ogni scuola si dedica ad aiutarvi a raggiungere i vostri obiettivi linguistici e a sperimentare l'autentica vita spagnola.<\/p>\n<h3 style=\"text-align: justify;\">Perch\u00e9 scegliere le nostre scuole partner?<\/h3>\n<p style=\"text-align: justify;\">Che siate principianti o studenti avanzati, le nostre scuole offrono programmi personalizzati, attivit\u00e0 culturali interessanti e la possibilit\u00e0 di creare legami per tutta la vita. Scegliete la vostra destinazione ideale e iniziate a imparare lo spagnolo in modo divertente ed efficace!<\/p>\n\n\t\t<\/div>\n\t<\/div>\n\n<div class=\"vc_grid-container-wrapper vc_clearfix vc_grid-animation-none\">\n\t<div class=\"vc_grid-container vc_clearfix wpb_content_element vc_masonry_grid\" data-initial-loading-animation=\"none\" data-vc-grid-settings=\"{&quot;page_id&quot;:1803,&quot;style&quot;:&quot;all-masonry&quot;,&quot;action&quot;:&quot;vc_get_vc_grid_data&quot;,&quot;shortcode_id&quot;:&quot;1762422560406-03955a6f-0c84-6&quot;,&quot;tag&quot;:&quot;vc_masonry_grid&quot;}\" data-vc-request=\"https:\/\/holaspain.agency\/wp-admin\/admin-ajax.php\" data-vc-post-id=\"1803\" data-vc-public-nonce=\"9ffa800287\">\n\t\t\n\t<\/div>\n<\/div><\/div><\/div><\/div><\/div>\n<\/div>","protected":false},"excerpt":{"rendered":"Le migliori scuole di spagnolo in Spagna Imparare lo spagnolo all'estero con partner affidabili Scoprite le migliori scuole di lingua spagnola in tutta la Spagna, dalle vivaci citt\u00e0 alle soleggiate localit\u00e0 costiere. Le nostre scuole partner di fiducia offrono corsi di spagnolo di alta qualit\u00e0, immersione culturale e ambienti accoglienti per studenti di tutte le et\u00e0. Con insegnanti esperti e strutture eccezionali,...","protected":false},"author":1,"featured_media":2025,"parent":0,"menu_order":0,"comment_status":"closed","ping_status":"closed","template":"","meta":{"_seopress_robots_primary_cat":"","_seopress_titles_title":"%%sitetitle%% %%sep%% %%post_title%%","_seopress_titles_desc":"Discover top Spanish language schools across Spain. Learn Spanish through quality courses, cultural immersion, and unforgettable local experiences.","_seopress_robots_index":"","_daextam_enable_autolinks":"","footnotes":""},"categories":[],"tags":[],"class_list":["post-1803","page","type-page","status-publish","has-post-thumbnail","hentry"],"_links":{"self":[{"href":"https:\/\/holaspain.agency\/it\/wp-json\/wp\/v2\/pages\/1803","targetHints":{"allow":["GET"]}}],"collection":[{"href":"https:\/\/holaspain.agency\/it\/wp-json\/wp\/v2\/pages"}],"about":[{"href":"https:\/\/holaspain.agency\/it\/wp-json\/wp\/v2\/types\/page"}],"author":[{"embeddable":true,"href":"https:\/\/holaspain.agency\/it\/wp-json\/wp\/v2\/users\/1"}],"replies":[{"embeddable":true,"href":"https:\/\/holaspain.agency\/it\/wp-json\/wp\/v2\/comments?post=1803"}],"version-history":[{"count":25,"href":"https:\/\/holaspain.agency\/it\/wp-json\/wp\/v2\/pages\/1803\/revisions"}],"predecessor-version":[{"id":2024,"href":"https:\/\/holaspain.agency\/it\/wp-json\/wp\/v2\/pages\/1803\/revisions\/2024"}],"wp:featuredmedia":[{"embeddable":true,"href":"https:\/\/holaspain.agency\/it\/wp-json\/wp\/v2\/media\/2025"}],"wp:attachment":[{"href":"https:\/\/holaspain.agency\/it\/wp-json\/wp\/v2\/media?parent=1803"}],"wp:term":[{"taxonomy":"category","embeddable":true,"href":"https:\/\/holaspain.agency\/it\/wp-json\/wp\/v2\/categories?post=1803"},{"taxonomy":"post_tag","embeddable":true,"href":"https:\/\/holaspain.agency\/it\/wp-json\/wp\/v2\/tags?post=1803"}],"curies":[{"name":"wp","href":"https:\/\/api.w.org\/{rel}","templated":true}]}}