{"id":1228,"date":"2016-09-06T18:12:04","date_gmt":"2016-09-06T18:12:04","guid":{"rendered":"http:\/\/demos.famethemes.com\/screenr-plus\/?post_type=portfolio&#038;p=1198"},"modified":"2026-01-08T15:44:41","modified_gmt":"2026-01-08T15:44:41","slug":"scuole-di-spagnolo-a-valencia","status":"publish","type":"page","link":"https:\/\/holaspain.agency\/it\/spanish-schools-in-valencia\/","title":{"rendered":"Scuole di spagnolo a Valencia"},"content":{"rendered":"<div class=\"wpb-content-wrapper\"><div class=\"vc_row wpb_row vc_row-fluid\"><div class=\"wpb_column vc_column_container vc_col-sm-12\"><div class=\"vc_column-inner\"><div class=\"wpb_wrapper\">\n\t<div class=\"wpb_text_column wpb_content_element\" >\n\t\t<div class=\"wpb_wrapper\">\n\t\t\t<h1>Studiare lo spagnolo all'estero<\/h1>\n<h3 style=\"text-align: justify;\"><strong>Imparare lo spagnolo a Valencia: dove cultura, sole e apprendimento si incontrano<\/strong><\/h3>\n<blockquote>\n<p style=\"text-align: justify;\">Se state cercando la destinazione perfetta per imparare lo spagnolo in Spagna, <strong>Valencia<\/strong> offre tutto: eccellenti scuole di spagnolo, spiagge mediterranee, una vivace atmosfera studentesca e l'autentica cultura spagnola.<\/p>\n<\/blockquote>\n<p style=\"text-align: justify;\">Conosciuto per la sua <strong>atmosfera moderna, bellissimo centro storico e il famoso festival delle \u201cFallas\u201d.<\/strong>, Valencia combines history, art, and fun \u2014 making it one of the top destinations for international students who want to <strong>Studiare lo spagnolo godendosi la vita in Spagna<\/strong>.<\/p>\n<h3 style=\"text-align: justify;\"><strong>Perch\u00e9 studiare lo spagnolo a Valencia<\/strong><\/h3>\n<p><iframe loading=\"lazy\" title=\"Studiare lo spagnolo a Valencia \ud83c\uddea\ud83c\uddf8 | Qualit\u00e0 di vita e immersione\" width=\"790\" height=\"444\" src=\"https:\/\/www.youtube.com\/embed\/KG9szRBUHsE?feature=oembed\" frameborder=\"0\" allow=\"accelerometer; autoplay; clipboard-write; encrypted-media; gyroscope; picture-in-picture; web-share\" referrerpolicy=\"strict-origin-when-cross-origin\" allowfullscreen><\/iframe><\/p>\n<p style=\"text-align: justify;\">Valencia is Spain\u2019s <strong>terza citt\u00e0 pi\u00f9 grande<\/strong>, La citt\u00e0 \u00e8 situata sulla costa orientale e offre pi\u00f9 di 300 giorni di sole all'anno. \u00c8 abbastanza grande da essere eccitante, ma abbastanza piccola da sentirsi a proprio agio e amichevole. La citt\u00e0 mescola tradizione e innovazione: troverete <strong>antiche rovine romane, la futuristica Citt\u00e0 delle Arti e delle Scienze<\/strong>, e innumerevoli tapas bar e caff\u00e8 dove potrete praticare lo spagnolo ogni giorno.<\/p>\n<p style=\"text-align: justify;\">Students love Valencia because:<\/p>\n<ul style=\"text-align: justify;\">\n<li>E' <strong>accessibile<\/strong> rispetto a Madrid o Barcellona.<\/li>\n<li>Ha <strong>scuole di lingua spagnola di alta qualit\u00e0<\/strong> con insegnanti esperti.<\/li>\n<li>C'\u00e8 un <strong>comunit\u00e0 internazionale attiva<\/strong> degli allievi.<\/li>\n<li>\u00c8 possibile <strong>vivere sulla spiaggia<\/strong> ed esplorare la citt\u00e0 facilmente a piedi o in bicicletta.<\/li>\n<\/ul>\n<p style=\"text-align: justify;\">Che si tratti di un <strong>adolescente<\/strong> alla ricerca di un programma estivo o di un <strong>adulto<\/strong> seeking a full immersion experience, Valencia has a course that fits you.<\/p>\n<h3 style=\"text-align: justify;\"><strong>Le migliori scuole di spagnolo a Valencia<\/strong><\/h3>\n<p style=\"text-align: justify;\">Ecco alcuni dei <strong>le scuole di spagnolo pi\u00f9 riconosciute e accreditate<\/strong> in Valencia, ideal for students from all over the world:<\/p>\n<h4 style=\"text-align: justify;\"><strong>1. Don Quijote Valencia<\/strong><\/h4>\n<p style=\"text-align: justify;\">Situata in uno splendido edificio del XV secolo nel centro storico, Don Quijote offre corsi intensivi di spagnolo di alta qualit\u00e0 per tutti i livelli. La scuola combina l'apprendimento della lingua con attivit\u00e0 culturali come corsi di cucina, lezioni di flamenco ed escursioni.<\/p>\n<h4 style=\"text-align: justify;\"><strong>2. Scuola Taronja<\/strong><\/h4>\n<p style=\"text-align: justify;\">Taronja \u00e8 famosa per il suo approccio divertente e creativo all'insegnamento dello spagnolo. Con settimane a tema, eventi culturali quotidiani e un forte senso di comunit\u00e0, \u00e8 una delle scuole preferite da giovani adulti e adolescenti in cerca di un'esperienza coinvolgente.<\/p>\n<h4 style=\"text-align: justify;\"><strong>3. Hispania, Escuela de Espa\u00f1ol<\/strong><\/h4>\n<p style=\"text-align: justify;\">Una delle scuole di spagnolo pi\u00f9 premiate in Spagna, Hispania si concentra su un insegnamento personalizzato e su orari flessibili. \u00c8 perfetta per adulti e studenti universitari che desiderano combinare lo studio dello spagnolo con obiettivi accademici o professionali.<\/p>\n<h4 style=\"text-align: justify;\"><strong>4. Istituto linguistico AIP<\/strong><\/h4>\n<p style=\"text-align: justify;\">Situata vicino alla zona universitaria, l'AIP offre corsi per adolescenti e adulti, tra cui la preparazione agli esami DELE e programmi di immersione scolastica. La scuola organizza attivit\u00e0 settimanali e gite nel fine settimana in tutta la Spagna.<\/p>\n<h4 style=\"text-align: justify;\"><strong>5. Costa di Valencia<\/strong><\/h4>\n<p style=\"text-align: justify;\">Accredited by Instituto Cervantes, this school provides intensive and super-intensive Spanish courses, as well as summer camps for teenagers. It\u2019s close to the beach \u2014 ideal for students who want to enjoy Valencia\u2019s coastal lifestyle.<\/p>\n<h3 style=\"text-align: justify;\"><strong>Vivere l'esperienza valenciana<\/strong><\/h3>\n<p style=\"text-align: justify;\">Learning Spanish in Valencia is more than studying \u2014 it\u2019s a complete <strong>immersione culturale<\/strong>. Gli studenti possono:<\/p>\n<ul style=\"text-align: justify;\">\n<li>Passare attraverso <strong>El Carmen<\/strong>, il quartiere pi\u00f9 antico della citt\u00e0, ricco di arte di strada e fascino locale.<\/li>\n<li>Visita il sito <strong>Citt\u00e0 delle Arti e delle Scienze<\/strong>, un complesso architettonico di fama mondiale.<\/li>\n<li>Gusto autentico <strong>paella<\/strong>, che \u00e8 nato qui a Valencia.<\/li>\n<li>Godetevi la vivace vita notturna, i concerti all'aperto e le feste in spiaggia.<\/li>\n<li>Unitevi agli abitanti del luogo che celebrano feste tradizionali come <strong>Las Fallas<\/strong> e <strong>La Tomatina<\/strong> (nella vicina Bu\u00f1ol).<\/li>\n<\/ul>\n<blockquote>\n<p style=\"text-align: justify;\">Valencia offers the <strong>perfetto equilibrio tra studio e tempo libero<\/strong>, learn Spanish and immerse yourself in Andalusian culture \u2014 in Seville, every street, caf\u00e9, and plaza offers a chance to practice the language, experience local traditions, and make every moment truly unforgettable.<\/p>\n<\/blockquote>\n\n\t\t<\/div>\n\t<\/div>\n<section class=\"vc_cta3-container\"><div class=\"vc_general vc_do_cta3 vc_cta3 vc_cta3-style-outline vc_cta3-shape-rounded vc_cta3-align-left vc_cta3-color-classic vc_cta3-icon-size-md vc_cta3-icons-left vc_cta3-actions-right\"><div class=\"vc_cta3-icons\"><div class=\"vc_icon_element vc_icon_element-outer vc_do_icon vc_icon_element-align-left\"><div class=\"vc_icon_element-inner vc_icon_element-color-turquoise vc_icon_element-size-md vc_icon_element-style- vc_icon_element-background-color-grey\" ><span class=\"vc_icon_element-icon fa fa-solid fa-arrow-right-from-bracket\" ><\/span><\/div><\/div><\/div><div class=\"vc_cta3_content-container\"><div class=\"vc_cta3-content\"><header class=\"vc_cta3-content-header\"><h2>Iniziate oggi il vostro viaggio in spagnolo a Valencia!<\/h2><\/header><p style=\"text-align: justify;\">Whether you\u2019re an adult learner looking to advance your career, or a teenager searching for an unforgettable summer abroad, Valencia welcomes you with open arms. Come learn Spanish, live the culture, and fall in love with one of Spain\u2019s most exciting cities.<\/p>\n<\/div><div class=\"vc_cta3-actions\"><div class=\"vc_btn3-container vc_btn3-inline vc_do_btn\" ><a class=\"vc_general vc_btn3 vc_btn3-size-md vc_btn3-shape-rounded vc_btn3-style-modern vc_btn3-color-info\" href=\"https:\/\/holaspain.agency\/it\/#contact\" title=\"\">Rivolgetevi oggi stesso<\/a><\/div><\/div><\/div><\/div><\/section><\/div><\/div><\/div><\/div>\n<\/div>","protected":false},"excerpt":{"rendered":"<p>Esplora le migliori scuole di spagnolo a Valencia - una vivace citt\u00e0 costiera dove le spiagge mediterranee, la cultura accattivante e l'atmosfera dinamica degli studenti creano l'ambiente di apprendimento perfetto.<\/p>","protected":false},"author":1,"featured_media":1827,"parent":0,"menu_order":0,"comment_status":"closed","ping_status":"closed","template":"","meta":{"_seopress_robots_primary_cat":"","_seopress_titles_title":"Hola Spain %%sep%% %%post_title%%","_seopress_titles_desc":"Learn Spanish in Valencia \u2014 top schools, sunny beaches, vibrant student life, and authentic Spanish culture in the heart of the Mediterranean.","_seopress_robots_index":"","_daextam_enable_autolinks":"1","footnotes":""},"categories":[53,58],"tags":[],"class_list":["post-1228","page","type-page","status-publish","has-post-thumbnail","hentry","category-spanish-schools","category-valencian-community"],"_links":{"self":[{"href":"https:\/\/holaspain.agency\/it\/wp-json\/wp\/v2\/pages\/1228","targetHints":{"allow":["GET"]}}],"collection":[{"href":"https:\/\/holaspain.agency\/it\/wp-json\/wp\/v2\/pages"}],"about":[{"href":"https:\/\/holaspain.agency\/it\/wp-json\/wp\/v2\/types\/page"}],"author":[{"embeddable":true,"href":"https:\/\/holaspain.agency\/it\/wp-json\/wp\/v2\/users\/1"}],"replies":[{"embeddable":true,"href":"https:\/\/holaspain.agency\/it\/wp-json\/wp\/v2\/comments?post=1228"}],"version-history":[{"count":5,"href":"https:\/\/holaspain.agency\/it\/wp-json\/wp\/v2\/pages\/1228\/revisions"}],"predecessor-version":[{"id":2332,"href":"https:\/\/holaspain.agency\/it\/wp-json\/wp\/v2\/pages\/1228\/revisions\/2332"}],"wp:featuredmedia":[{"embeddable":true,"href":"https:\/\/holaspain.agency\/it\/wp-json\/wp\/v2\/media\/1827"}],"wp:attachment":[{"href":"https:\/\/holaspain.agency\/it\/wp-json\/wp\/v2\/media?parent=1228"}],"wp:term":[{"taxonomy":"category","embeddable":true,"href":"https:\/\/holaspain.agency\/it\/wp-json\/wp\/v2\/categories?post=1228"},{"taxonomy":"post_tag","embeddable":true,"href":"https:\/\/holaspain.agency\/it\/wp-json\/wp\/v2\/tags?post=1228"}],"curies":[{"name":"wp","href":"https:\/\/api.w.org\/{rel}","templated":true}]}}