{"id":1227,"date":"2016-09-06T18:11:23","date_gmt":"2016-09-06T18:11:23","guid":{"rendered":"http:\/\/demos.famethemes.com\/screenr-plus\/?post_type=portfolio&#038;p=1197"},"modified":"2026-01-07T15:28:37","modified_gmt":"2026-01-07T15:28:37","slug":"spanish-schools-in-barcelona","status":"publish","type":"page","link":"https:\/\/holaspain.agency\/it\/spanish-schools-in-barcelona\/","title":{"rendered":"Scuole di spagnolo a Barcellona"},"content":{"rendered":"<div class=\"wpb-content-wrapper\"><div class=\"vc_row wpb_row vc_row-fluid\"><div class=\"wpb_column vc_column_container vc_col-sm-12\"><div class=\"vc_column-inner\"><div class=\"wpb_wrapper\">\n\t<div class=\"wpb_text_column wpb_content_element\" >\n\t\t<div class=\"wpb_wrapper\">\n\t\t\t<h1 style=\"text-align: justify;\">Studiare lo spagnolo all'estero<\/h1>\n<h3 style=\"text-align: justify;\"><strong>Imparare lo spagnolo a Barcellona: dove lingua, arte e Mediterraneo si incontrano<\/strong><\/h3>\n<blockquote>\n<p style=\"text-align: justify;\">Se sognate di imparare lo spagnolo in una citt\u00e0 ricca di creativit\u00e0, cultura e fascino marino, vi consigliamo di visitare la citt\u00e0 di Milano, <strong>Barcellona<\/strong> \u00e8 la destinazione perfetta. Famosa per la sua <strong>Architettura di Gaud\u00ed, stile di vita cosmopolita e spiagge mediterranee<\/strong>, Barcelona offers an inspiring environment to <strong>Studiare lo spagnolo godendo di una delle citt\u00e0 pi\u00f9 vivaci d'Europa<\/strong>.<\/p>\n<\/blockquote>\n<h3 style=\"text-align: justify;\"><strong>Perch\u00e9 studiare lo spagnolo a Barcellona<\/strong><\/h3>\n<p><iframe loading=\"lazy\" title=\"Studiare lo spagnolo a Barcellona \ud83c\uddea\ud83c\uddf8 | Cultura, vita cittadina e immersione\" width=\"790\" height=\"444\" src=\"https:\/\/www.youtube.com\/embed\/ooLzWz08nEo?feature=oembed\" frameborder=\"0\" allow=\"accelerometer; autoplay; clipboard-write; encrypted-media; gyroscope; picture-in-picture; web-share\" referrerpolicy=\"strict-origin-when-cross-origin\" allowfullscreen><\/iframe><\/p>\n<p style=\"text-align: justify;\"><span style=\"font-size: 0.9375rem;\">Che si tratti di un\u00a0<\/span><strong style=\"font-size: 0.9375rem;\">adolescente in cerca di un'estate indimenticabile all'estero<\/strong><span style=\"font-size: 0.9375rem;\">\u00a0o un\u00a0<\/span><strong style=\"font-size: 0.9375rem;\">discente adulto<\/strong><span style=\"font-size: 0.9375rem;\">\u00a0cercando un programma di full-immersion, Barcellona combina l'eccellenza accademica con un'eccitante atmosfera internazionale.<\/span><\/p>\n<p style=\"text-align: justify;\">Barcelona is Spain\u2019s <strong>seconda citt\u00e0 pi\u00f9 grande<\/strong> e una delle destinazioni pi\u00f9 popolari per gli studenti internazionali.<br \/>\n\u00c8 un luogo dove la tradizione incontra l'innovazione, dove si pu\u00f2 studiare lo spagnolo al mattino, visitare un museo di fama mondiale nel pomeriggio e rilassarsi sulla spiaggia la sera.<\/p>\n<p style=\"text-align: justify;\">Students love Barcelona because:<\/p>\n<ul style=\"text-align: justify;\">\n<li>Offre <strong>scuole di spagnolo di alta qualit\u00e0<\/strong> accreditato dall'Instituto Cervantes.<\/li>\n<li>\u00c8 un <strong>citt\u00e0 bilingue<\/strong>, dove potrete ascoltare sia lo spagnolo che il catalano, arricchendo cos\u00ec la vostra esperienza culturale.<\/li>\n<li>Il <strong>Clima mediterraneo<\/strong> e lo stile di vita rendono l'apprendimento rilassato e piacevole.<\/li>\n<li>E' <strong>internazionale, artistico e pieno di vita<\/strong> - perfetto per stringere amicizie globali.<\/li>\n<li>C'\u00e8 sempre qualcosa che accade, dai festival ai mercati alimentari e ai concerti.<\/li>\n<\/ul>\n<p style=\"text-align: justify;\">In Barcelona, you\u2019ll not only learn Spanish \u2014 you\u2019ll <strong>viverlo<\/strong> attraverso l'arte, la cultura e la conversazione quotidiana.<\/p>\n<h3 style=\"text-align: justify;\"><strong>Le migliori scuole di spagnolo a Barcellona<\/strong><\/h3>\n<p style=\"text-align: justify;\">Ecco alcuni dei <strong>best and most accredited Spanish schools in Barcelona<\/strong>, che offre programmi per tutte le et\u00e0 e per tutti i livelli:<\/p>\n<h4 style=\"text-align: justify;\"><strong>1. Enforex Barcellona<\/strong><\/h4>\n<p style=\"text-align: justify;\">Situato vicino al famoso Passeig de Gr\u00e0cia, Enforex offre strutture moderne, insegnanti esperti e un ambiente multiculturale. Gli studenti possono scegliere tra corsi intensivi, preparazione agli esami DELE e programmi estivi per adolescenti.<\/p>\n<h4 style=\"text-align: justify;\"><strong>2. Don Quijote Barcellona<\/strong><\/h4>\n<p style=\"text-align: justify;\">Una delle scuole di lingua leader in Spagna, Don Quijote offre programmi flessibili, classi piccole e attivit\u00e0 culturali coinvolgenti. \u00c8 ideale per gli adulti, gli studenti universitari e i giovani che vogliono migliorare rapidamente godendosi la citt\u00e0.<\/p>\n<h4 style=\"text-align: justify;\"><strong>3. Speakeasy Barcellona<\/strong><\/h4>\n<p style=\"text-align: justify;\">Una scuola moderna altamente valutata con un'atmosfera rilassata e amichevole. Speakeasy offre corsi intensivi e semi-intensivi, lezioni online ed eventi culturali, perfetti per gli studenti internazionali che desiderano qualit\u00e0 e comunit\u00e0.<\/p>\n<h4 style=\"text-align: justify;\"><strong>4. Espandere Barcellona<\/strong><\/h4>\n<p style=\"text-align: justify;\">Accreditata dall'Instituto Cervantes, Expanish punta sull'apprendimento interattivo e sull'immersione totale. La scuola organizza scambi linguistici, laboratori di cucina ed escursioni, che la rendono una delle scuole preferite dagli adulti e dagli studenti in gap year.<\/p>\n<h4 style=\"text-align: justify;\"><strong>5. Scuole linguistiche di Barcellona<\/strong><\/h4>\n<p style=\"text-align: justify;\">Situata in un bellissimo edificio modernista vicino al centro della citt\u00e0, Linguaschools offre corsi in piccoli gruppi e attenzione personalizzata. \u00c8 nota per l'atmosfera accogliente e l'eccellente qualit\u00e0 dell'insegnamento.<\/p>\n<h3 style=\"text-align: justify;\"><strong>Vivere l'esperienza di Barcellona<\/strong><\/h3>\n<p style=\"text-align: justify;\">Learning Spanish in Barcelona is a cultural adventure. You can:<\/p>\n<ul style=\"text-align: justify;\">\n<li>Esplora il <strong>Sagrada Fam\u00edlia<\/strong> e altri capolavori di Gaud\u00ed.<\/li>\n<li>Passeggiate attraverso il <strong>Quartiere gotico<\/strong> e scoprire piazze e caff\u00e8 nascosti.<\/li>\n<li>Rilassati su <strong>Spiaggia di Barceloneta<\/strong> dopo la lezione.<\/li>\n<li>Godetevi le serate di tapas in <strong>El Born<\/strong> o le viste del tramonto da <strong>Collina di Montju\u00efc<\/strong>.<\/li>\n<li>Scoprite i festival locali come <strong>La Merc\u00e8<\/strong> o <strong>Sant Jordi<\/strong>, e scoprire le tradizioni catalane insieme alla cultura spagnola.<\/li>\n<\/ul>\n<blockquote>\n<p style=\"text-align: justify;\">Barcelona offers the perfect mix of <strong>emozioni urbane e relax balneare<\/strong>, making every day of your Spanish course unforgettable.\u00a0Learn Spanish and experience the vibrant energy of Barcelona \u2014 from bustling streets and iconic architecture to seaside caf\u00e9s, every moment is an opportunity to practice the language, embrace Catalan culture, and make your stay unforgettable.<\/p>\n<\/blockquote>\n\n\t\t<\/div>\n\t<\/div>\n<section class=\"vc_cta3-container\"><div class=\"vc_general vc_do_cta3 vc_cta3 vc_cta3-style-outline vc_cta3-shape-rounded vc_cta3-align-left vc_cta3-color-classic vc_cta3-icon-size-md vc_cta3-icons-left vc_cta3-actions-right\"><div class=\"vc_cta3-icons\"><div class=\"vc_icon_element vc_icon_element-outer vc_do_icon vc_icon_element-align-left\"><div class=\"vc_icon_element-inner vc_icon_element-color-turquoise vc_icon_element-size-md vc_icon_element-style- vc_icon_element-background-color-grey\" ><span class=\"vc_icon_element-icon fa fa-solid fa-arrow-right-from-bracket\" ><\/span><\/div><\/div><\/div><div class=\"vc_cta3_content-container\"><div class=\"vc_cta3-content\"><header class=\"vc_cta3-content-header\"><h2>Iniziate oggi il vostro viaggio in spagnolo a Barcellona!<\/h2><\/header><p style=\"text-align: justify;\">Sia che vogliate studiare lo spagnolo per viaggiare, lavorare o divertirvi, <strong>Barcelona is the ideal place to learn and live the language<\/strong>. Con le sue scuole eccellenti, il clima soleggiato e l'energia creativa, la citt\u00e0 vi invita a scoprire lo spagnolo attraverso esperienze che ricorderete per sempre.<\/p>\n<\/div><div class=\"vc_cta3-actions\"><div class=\"vc_btn3-container vc_btn3-inline vc_do_btn\" ><a class=\"vc_general vc_btn3 vc_btn3-size-md vc_btn3-shape-rounded vc_btn3-style-modern vc_btn3-color-info\" href=\"https:\/\/holaspain.agency\/it\/#contact\" title=\"\">Rivolgetevi oggi stesso<\/a><\/div><\/div><\/div><\/div><\/section><\/div><\/div><\/div><\/div>\n<\/div>","protected":false},"excerpt":{"rendered":"<p>Immergetevi nello spagnolo a Barcellona, una citt\u00e0 ricca di creativit\u00e0, cultura e bellezza del mare, che offre scuole eccellenti in un ambiente davvero cosmopolita.<\/p>","protected":false},"author":1,"featured_media":1820,"parent":0,"menu_order":0,"comment_status":"closed","ping_status":"closed","template":"","meta":{"_seopress_robots_primary_cat":"","_seopress_titles_title":"Hola Spain %%sep%% %%post_title%%","_seopress_titles_desc":"Learn Spanish in Barcelona \u2014 immerse yourself in art, culture, and Mediterranean life while practicing the language in a vibrant, sunny city.","_seopress_robots_index":"","_daextam_enable_autolinks":"1","footnotes":""},"categories":[55,53],"tags":[],"class_list":["post-1227","page","type-page","status-publish","has-post-thumbnail","hentry","category-barcelona-spanish-schools","category-spanish-schools"],"_links":{"self":[{"href":"https:\/\/holaspain.agency\/it\/wp-json\/wp\/v2\/pages\/1227","targetHints":{"allow":["GET"]}}],"collection":[{"href":"https:\/\/holaspain.agency\/it\/wp-json\/wp\/v2\/pages"}],"about":[{"href":"https:\/\/holaspain.agency\/it\/wp-json\/wp\/v2\/types\/page"}],"author":[{"embeddable":true,"href":"https:\/\/holaspain.agency\/it\/wp-json\/wp\/v2\/users\/1"}],"replies":[{"embeddable":true,"href":"https:\/\/holaspain.agency\/it\/wp-json\/wp\/v2\/comments?post=1227"}],"version-history":[{"count":5,"href":"https:\/\/holaspain.agency\/it\/wp-json\/wp\/v2\/pages\/1227\/revisions"}],"predecessor-version":[{"id":2330,"href":"https:\/\/holaspain.agency\/it\/wp-json\/wp\/v2\/pages\/1227\/revisions\/2330"}],"wp:featuredmedia":[{"embeddable":true,"href":"https:\/\/holaspain.agency\/it\/wp-json\/wp\/v2\/media\/1820"}],"wp:attachment":[{"href":"https:\/\/holaspain.agency\/it\/wp-json\/wp\/v2\/media?parent=1227"}],"wp:term":[{"taxonomy":"category","embeddable":true,"href":"https:\/\/holaspain.agency\/it\/wp-json\/wp\/v2\/categories?post=1227"},{"taxonomy":"post_tag","embeddable":true,"href":"https:\/\/holaspain.agency\/it\/wp-json\/wp\/v2\/tags?post=1227"}],"curies":[{"name":"wp","href":"https:\/\/api.w.org\/{rel}","templated":true}]}}