{"id":1226,"date":"2016-09-06T18:10:26","date_gmt":"2016-09-06T18:10:26","guid":{"rendered":"http:\/\/demos.famethemes.com\/screenr-plus\/?post_type=portfolio&#038;p=1196"},"modified":"2026-01-12T16:06:36","modified_gmt":"2026-01-12T16:06:36","slug":"spanish-schools-in-seville","status":"publish","type":"page","link":"https:\/\/holaspain.agency\/it\/spanish-schools-in-seville\/","title":{"rendered":"Scuole di spagnolo a Siviglia"},"content":{"rendered":"<div class=\"wpb-content-wrapper\"><div class=\"vc_row wpb_row vc_row-fluid\"><div class=\"wpb_column vc_column_container vc_col-sm-12\"><div class=\"vc_column-inner\"><div class=\"wpb_wrapper\">\n\t<div class=\"wpb_text_column wpb_content_element\" >\n\t\t<div class=\"wpb_wrapper\">\n\t\t\t<h1 style=\"text-align: justify;\">Studiare lo spagnolo all'estero<\/h1>\n<h3 style=\"text-align: justify;\"><strong>Imparare lo spagnolo a Siviglia - dove tradizione, passione e lingua si fondono insieme<\/strong><\/h3>\n<blockquote>\n<p style=\"text-align: justify;\">Se volete sperimentare il <em>il vero cuore della Spagna<\/em> mentre si impara lo spagnolo, <strong>Siviglia<\/strong> \u00e8 la vostra destinazione.Con la sua <strong>cultura vivace, clima caldo e gente accogliente<\/strong>, Seville offers the perfect environment to <strong>immergersi nella lingua spagnola e nello stile di vita andaluso<\/strong>. Qui ogni strada, piazza e caff\u00e8 diventa un'aula scolastica e ogni conversazione un passo avanti verso la fluidit\u00e0.<\/p>\n<\/blockquote>\n<h3 style=\"text-align: justify;\"><strong>Perch\u00e9 studiare lo spagnolo a Siviglia<\/strong><\/h3>\n<p><iframe loading=\"lazy\" title=\"Studiare lo spagnolo a Siviglia \ud83c\uddea\ud83c\uddf8 | Tradizione, Cultura e Immersione\" width=\"790\" height=\"444\" src=\"https:\/\/www.youtube.com\/embed\/ezZV2syjOBg?feature=oembed\" frameborder=\"0\" allow=\"accelerometer; autoplay; clipboard-write; encrypted-media; gyroscope; picture-in-picture; web-share\" referrerpolicy=\"strict-origin-when-cross-origin\" allowfullscreen><\/iframe><\/p>\n<p style=\"text-align: justify;\">Seville is the <strong>capitale dell'Andalusia<\/strong>, famosa per la musica flamenca, le strade profumate di arance e la ricca storia moresca.<br \/>\n\u00c8 una delle citt\u00e0 pi\u00f9 affascinanti della Spagna. <strong>soleggiato quasi tutto l'anno<\/strong>, pieno di colori, tradizione ed energia.<\/p>\n<p style=\"text-align: justify;\">Students choose Seville because:<\/p>\n<ul style=\"text-align: justify;\">\n<li>\u00c8 una delle <strong>i luoghi pi\u00f9 autentici per vivere la cultura spagnola<\/strong>.<\/li>\n<li>Offre <strong>costi di vita accessibili<\/strong> rispetto alle citt\u00e0 pi\u00f9 grandi.<\/li>\n<li>La gente del posto parla <strong>chiaro, tradizionale spagnolo<\/strong>, ideale per gli studenti di lingue.<\/li>\n<li>La citt\u00e0 \u00e8 <strong>sicuro, percorribile e a misura di studente<\/strong>.<\/li>\n<\/ul>\n<p style=\"text-align: justify;\">Che si tratti di un <strong>adolescente che si iscrive a un campo estivo<\/strong> o un <strong>discente adulto<\/strong> pursuing a long-term immersion course, Seville offers unforgettable experiences and world-class education.<\/p>\n<h3 style=\"text-align: justify;\"><strong>Le migliori scuole di spagnolo a Siviglia<\/strong><\/h3>\n<p style=\"text-align: justify;\">Ecco alcuni dei <strong>le scuole di spagnolo pi\u00f9 rinomate e accreditate<\/strong> in Seville \u2014 perfect for students who want to learn the language in a truly Spanish setting:<\/p>\n<h4 style=\"text-align: justify;\"><strong>1. Casa internazionale CLIC Siviglia<\/strong><\/h4>\n<p style=\"text-align: justify;\">Una scuola consolidata e molto rispettata, accreditata dall'Instituto Cervantes. CLIC offre corsi intensivi di spagnolo, preparazione al DELE e programmi estivi per adolescenti. La scuola organizza anche corsi di flamenco, tour delle tapas ed escursioni nei fine settimana.<\/p>\n<h4 style=\"text-align: justify;\"><strong>2. Enforex Siviglia<\/strong><\/h4>\n<p style=\"text-align: justify;\">Situato in un bellissimo palazzo andaluso vicino al centro della citt\u00e0, Enforex offre strutture moderne, insegnanti esperti e un'atmosfera multiculturale. Ideale per adulti e giovani studenti, con orari flessibili e laboratori culturali ogni settimana.<\/p>\n<h4 style=\"text-align: justify;\"><strong>3. Centro di lingua spagnola (SLC)<\/strong><\/h4>\n<p style=\"text-align: justify;\">Conosciuto per il suo ambiente amichevole e le piccole dimensioni delle classi, SLC si concentra sulla comunicazione e sulla pratica dello spagnolo nella vita reale. I corsi includono spagnolo generale, spagnolo commerciale e programmi personalizzati per studenti universitari e professionisti.<\/p>\n<h4 style=\"text-align: justify;\"><strong>4. Siviglia<\/strong><\/h4>\n<p style=\"text-align: justify;\">Una scuola dinamica che offre corsi di spagnolo flessibili e un calendario sociale coinvolgente. Gli studenti imparano attraverso esperienze reali, dagli scambi linguistici alle sessioni di cucina locale e di flamenco.<\/p>\n<h4 style=\"text-align: justify;\"><strong>5. Academia Andaluza<\/strong><\/h4>\n<p style=\"text-align: justify;\">Although based in nearby towns of Seville province, this school offers a more intimate, authentic Spanish experience. Perfect for teenagers and adults who want to learn in a quieter, local setting close to the city.<\/p>\n<h3 style=\"text-align: justify;\"><strong>Vivere l'esperienza di Siviglia<\/strong><\/h3>\n<p style=\"text-align: justify;\">Studying Spanish in Seville means <strong>vivere la cultura spagnola ogni giorno<\/strong>. \u00c8 possibile:<\/p>\n<ul style=\"text-align: justify;\">\n<li>Esplora il <strong>il maestoso Palazzo Alc\u00e1zar<\/strong> e il <strong>Torre Giralda<\/strong>.<\/li>\n<li>Passeggiata attraverso il <strong>Quartiere di Santa Cruz<\/strong>, con i suoi vicoli stretti e i patii nascosti.<\/li>\n<li>Guarda l'autentico <strong>spettacoli di flamenco<\/strong> e sentire la passione dell'Andalusia.<\/li>\n<li>Unitevi agli abitanti del luogo per festeggiare <strong>Semana Santa<\/strong> o il colorato <strong>Feria de Abril<\/strong>.<\/li>\n<li>Godetevi i pomeriggi di sole accanto al <strong>Fiume Guadalquivir<\/strong>, circondati da musica e risate.<\/li>\n<\/ul>\n<blockquote>\n<p style=\"text-align: justify;\">In Seville, learning Spanish becomes a lifestyle \u2014 <strong>divertente, culturale e profondamente umano<\/strong>. Whether for a summer adventure, cultural immersion, or long-term study, Seville offers the perfect mix of learning, tradition, and unforgettable experiences.<\/p>\n<\/blockquote>\n\n\t\t<\/div>\n\t<\/div>\n<section class=\"vc_cta3-container\"><div class=\"vc_general vc_do_cta3 vc_cta3 vc_cta3-style-outline vc_cta3-shape-rounded vc_cta3-align-left vc_cta3-color-classic vc_cta3-icon-size-md vc_cta3-icons-left vc_cta3-actions-right\"><div class=\"vc_cta3-icons\"><div class=\"vc_icon_element vc_icon_element-outer vc_do_icon vc_icon_element-align-left\"><div class=\"vc_icon_element-inner vc_icon_element-color-turquoise vc_icon_element-size-md vc_icon_element-style- vc_icon_element-background-color-grey\" ><span class=\"vc_icon_element-icon fa fa-solid fa-arrow-right-from-bracket\" ><\/span><\/div><\/div><\/div><div class=\"vc_cta3_content-container\"><div class=\"vc_cta3-content\"><header class=\"vc_cta3-content-header\"><h2>Iniziate oggi il vostro viaggio in spagnolo a Valencia!<\/h2><\/header><p>Sia che vogliate <strong>migliorare lo spagnolo per viaggiare, studiare o lavorare<\/strong>, or simply live a new adventure, Seville is ready to welcome you. With excellent schools, affordable living, and endless charm, it\u2019s the <strong>citt\u00e0 ideale per studenti di tutte le et\u00e0<\/strong>.<\/p>\n<\/div><div class=\"vc_cta3-actions\"><div class=\"vc_btn3-container vc_btn3-inline vc_do_btn\" ><a class=\"vc_general vc_btn3 vc_btn3-size-md vc_btn3-shape-rounded vc_btn3-style-modern vc_btn3-color-info\" href=\"https:\/\/holaspain.agency\/it\/#contact\" title=\"\">Rivolgetevi oggi stesso<\/a><\/div><\/div><\/div><\/div><\/section><\/div><\/div><\/div><\/div>\n<\/div>","protected":false},"excerpt":{"rendered":"<p>Imparate lo spagnolo a Siviglia, un'affascinante citt\u00e0 dove le ricche tradizioni, i ritmi del flamenco e le scuole di livello mondiale si fondono sotto il caldo sole andaluso.<\/p>","protected":false},"author":1,"featured_media":1826,"parent":0,"menu_order":0,"comment_status":"closed","ping_status":"closed","template":"","meta":{"_seopress_robots_primary_cat":"","_seopress_titles_title":"Hola Spain %%sep%% %%post_title%%","_seopress_titles_desc":"Learn Spanish in Seville \u2014 immerse yourself in vibrant culture, sunny weather, and the Andalusian lifestyle for an unforgettable language experience.","_seopress_robots_index":"","_daextam_enable_autolinks":"1","footnotes":""},"categories":[54,53],"tags":[],"class_list":["post-1226","page","type-page","status-publish","has-post-thumbnail","hentry","category-andalucia","category-spanish-schools"],"_links":{"self":[{"href":"https:\/\/holaspain.agency\/it\/wp-json\/wp\/v2\/pages\/1226","targetHints":{"allow":["GET"]}}],"collection":[{"href":"https:\/\/holaspain.agency\/it\/wp-json\/wp\/v2\/pages"}],"about":[{"href":"https:\/\/holaspain.agency\/it\/wp-json\/wp\/v2\/types\/page"}],"author":[{"embeddable":true,"href":"https:\/\/holaspain.agency\/it\/wp-json\/wp\/v2\/users\/1"}],"replies":[{"embeddable":true,"href":"https:\/\/holaspain.agency\/it\/wp-json\/wp\/v2\/comments?post=1226"}],"version-history":[{"count":5,"href":"https:\/\/holaspain.agency\/it\/wp-json\/wp\/v2\/pages\/1226\/revisions"}],"predecessor-version":[{"id":2360,"href":"https:\/\/holaspain.agency\/it\/wp-json\/wp\/v2\/pages\/1226\/revisions\/2360"}],"wp:featuredmedia":[{"embeddable":true,"href":"https:\/\/holaspain.agency\/it\/wp-json\/wp\/v2\/media\/1826"}],"wp:attachment":[{"href":"https:\/\/holaspain.agency\/it\/wp-json\/wp\/v2\/media?parent=1226"}],"wp:term":[{"taxonomy":"category","embeddable":true,"href":"https:\/\/holaspain.agency\/it\/wp-json\/wp\/v2\/categories?post=1226"},{"taxonomy":"post_tag","embeddable":true,"href":"https:\/\/holaspain.agency\/it\/wp-json\/wp\/v2\/tags?post=1226"}],"curies":[{"name":"wp","href":"https:\/\/api.w.org\/{rel}","templated":true}]}}