{"id":1223,"date":"2016-09-06T18:08:09","date_gmt":"2016-09-06T18:08:09","guid":{"rendered":"http:\/\/demos.famethemes.com\/screenr-plus\/?post_type=portfolio&#038;p=1187"},"modified":"2026-01-09T19:05:30","modified_gmt":"2026-01-09T19:05:30","slug":"scuole-di-spagnolo-a-granada","status":"publish","type":"page","link":"https:\/\/holaspain.agency\/it\/spanish-schools-in-granada\/","title":{"rendered":"Scuole di spagnolo a Granada"},"content":{"rendered":"<div class=\"wpb-content-wrapper\"><div class=\"vc_row wpb_row vc_row-fluid\"><div class=\"wpb_column vc_column_container vc_col-sm-12\"><div class=\"vc_column-inner\"><div class=\"wpb_wrapper\">\n\t<div class=\"wpb_text_column wpb_content_element\" >\n\t\t<div class=\"wpb_wrapper\">\n\t\t\t<h1 style=\"text-align: justify;\">Studiare lo spagnolo all'estero<\/h1>\n<h3 style=\"text-align: justify;\"><strong>Imparare lo spagnolo a Granada: dove lingua, cultura e storia si incontrano<\/strong><\/h3>\n<blockquote>\n<p style=\"text-align: justify;\">Se siete alla ricerca di una destinazione per l'apprendimento dello spagnolo che combini una storia straordinaria, viste sulle montagne e una vivace vita studentesca, <strong>Granada<\/strong> \u00e8 la scelta perfetta. Situato ai piedi della <strong>Montagne della Sierra Nevada<\/strong> e sede del famosissimo <strong>Palazzo dell'Alhambra<\/strong>, Granada offers a unique blend of <strong>Tradizione andalusa, energia giovanile ed eccellenza accademica<\/strong>.<\/p>\n<\/blockquote>\n<h3 style=\"text-align: justify;\"><strong>Perch\u00e9 studiare lo spagnolo a Granada<\/strong><\/h3>\n<p><iframe loading=\"lazy\" title=\"Studiare lo spagnolo a Granada \ud83c\uddea\ud83c\uddf8 | Storia, Cultura e Immersione\" width=\"790\" height=\"444\" src=\"https:\/\/www.youtube.com\/embed\/0D6AVpzFc-Q?feature=oembed\" frameborder=\"0\" allow=\"accelerometer; autoplay; clipboard-write; encrypted-media; gyroscope; picture-in-picture; web-share\" referrerpolicy=\"strict-origin-when-cross-origin\" allowfullscreen><\/iframe><\/p>\n<p style=\"text-align: justify;\"><span style=\"font-size: 0.9375rem;\">Qui, ogni strada racconta una storia, ogni panorama vi ispira e ogni momento \u00e8 un'occasione per<\/span><span style=\"font-size: 0.9375rem;\">\u00a0<\/span><strong style=\"font-size: 0.9375rem;\">vivere e imparare lo spagnolo<\/strong><span style=\"font-size: 0.9375rem;\">\u00a0<\/span><span style=\"font-size: 0.9375rem;\">in una delle citt\u00e0 pi\u00f9 magiche della Spagna.<\/span><\/p>\n<p style=\"text-align: justify;\">Granada is a <strong>citt\u00e0 universitaria<\/strong> con migliaia di studenti locali e internazionali, creando un ambiente dinamico e multiculturale perfetto per imparare e fare nuove amicizie.<br \/>\nIt\u2019s smaller and more affordable than Madrid or Barcelona, yet full of beauty, culture, and life.<\/p>\n<p style=\"text-align: justify;\">Students choose Granada because:<\/p>\n<ul style=\"text-align: justify;\">\n<li>La gente del posto parla <strong>spagnolo andaluso chiaro e tradizionale<\/strong>, facile da capire.<\/li>\n<li>E' <strong>accessibile<\/strong> e ideale per le tasche degli studenti.<\/li>\n<li>C'\u00e8 un <strong>vivace vita notturna e scena culturale<\/strong> grazie alla sua numerosa popolazione studentesca.<\/li>\n<li>Potete godervi <strong>sciare in montagna<\/strong> e <strong>rilassarsi sulle spiagge del Mediterraneo<\/strong> nello stesso fine settimana.<\/li>\n<li>Le dimensioni della citt\u00e0 la rendono <strong>sicuro, percorribile e accogliente<\/strong>.<\/li>\n<\/ul>\n<p style=\"text-align: justify;\">Granada offers a perfect balance between <strong>studio, avventura e scoperta culturale<\/strong> - sia per gli adolescenti che per gli adulti.<\/p>\n<h3 style=\"text-align: justify;\"><strong>Le migliori scuole di spagnolo a Granada<\/strong><\/h3>\n<p style=\"text-align: justify;\">Ecco alcuni dei <strong>best and most accredited Spanish schools in Granada<\/strong>, ideale per gli studenti internazionali che cercano qualit\u00e0 e immersione:<\/p>\n<h4 style=\"text-align: justify;\"><strong>1. Enforex Granada<\/strong><\/h4>\n<p style=\"text-align: justify;\">Situato nel centro storico, Enforex offre un ambiente di apprendimento moderno con insegnanti altamente qualificati e classi dinamiche. Gli studenti possono partecipare a laboratori culturali, escursioni e scambi linguistici per praticare lo spagnolo al di fuori della classe.<\/p>\n<h4 style=\"text-align: justify;\"><strong>2. Istituto Mediterr\u00e1neo Sol (iNMSOL)<\/strong><\/h4>\n<p style=\"text-align: justify;\">Accreditato dall'Instituto Cervantes, iNMSOL vanta oltre 30 anni di esperienza nell'insegnamento dello spagnolo a studenti internazionali. Offre corsi intensivi, preparazione al DELE e programmi personalizzati per adulti, adolescenti e professionisti.<\/p>\n<h4 style=\"text-align: justify;\"><strong>3. Scuola di spagnolo CastiLa<\/strong><\/h4>\n<p style=\"text-align: justify;\">Situato in un incantevole edificio che si affaccia sul <strong>Alhambra<\/strong>, CastiLa offre piccoli gruppi, attenzione personalizzata e un forte orientamento accademico. La scuola combina l'apprendimento con l'immersione culturale attraverso visite guidate, esperienze locali e scambi linguistici.<\/p>\n<h4 style=\"text-align: justify;\"><strong>4. Scuola Montalb\u00e1n<\/strong><\/h4>\n<p style=\"text-align: justify;\">A member of TANDEM International and accredited by Instituto Cervantes, Escuela Montalb\u00e1n is one of Granada\u2019s most respected schools. It offers intensive and super-intensive Spanish courses, teacher training, and summer camps for teenagers.<\/p>\n<h4 style=\"text-align: justify;\"><strong>5. Academia El Sur<\/strong><\/h4>\n<p style=\"text-align: justify;\">Una scuola di lingua boutique situata vicino al quartiere Albaic\u00edn, Academia El Sur offre programmi di spagnolo immersivi incentrati sulla comunicazione, la cultura e l'attenzione personale. Ideale per gli studenti che desiderano un ambiente di apprendimento pi\u00f9 intimo e autentico.<\/p>\n<h3 style=\"text-align: justify;\"><strong>Vivere l'esperienza di Granada<\/strong><\/h3>\n<p style=\"text-align: justify;\">Studying Spanish in Granada is much more than learning a language \u2014 it\u2019s <strong>vivere un'avventura culturale<\/strong> ogni giorno. \u00c8 possibile:<\/p>\n<ul style=\"text-align: justify;\">\n<li>Visitate il paesaggio mozzafiato <strong>Alhambra<\/strong>, patrimonio dell'umanit\u00e0 dell'UNESCO.<\/li>\n<li>Passeggiate attraverso il <strong>Albaic\u00edn<\/strong> e <strong>Sacromonte<\/strong> quartieri pieni di case imbiancate e grotte di flamenco.<\/li>\n<li>Godetevi le tapas gratuite con ogni bevanda - una tradizione di Granada!<\/li>\n<li>Osservare il tramonto da <strong>Mirador de San Nicol\u00e1s<\/strong>, uno dei panorami pi\u00f9 iconici della Spagna.<\/li>\n<li>Sperimentate festival vivaci come <strong>Corpus Christi<\/strong> o le serate di flamenco in taverne nascoste.<\/li>\n<\/ul>\n<p style=\"text-align: justify;\">Granada\u2019s unique atmosphere \u2014 a mix of <strong>Patrimonio arabo, tradizione spagnola ed energia giovanile<\/strong> - rende la citt\u00e0 una destinazione indimenticabile per gli studenti di spagnolo.<\/p>\n<blockquote>\n<p style=\"text-align: justify;\">Study Spanish surrounded by history, mountains, and friendly locals \u2014 and live an experience you\u2019ll never forget.\u00a0Learn Spanish and immerse yourself in Granada\u2019s rich history and culture \u2014 every street, tapas bar, and historic monument gives you the chance to practice the language, experience Andalusian traditions, and make every moment unforgettable.<\/p>\n<\/blockquote>\n\n\t\t<\/div>\n\t<\/div>\n<section class=\"vc_cta3-container\"><div class=\"vc_general vc_do_cta3 vc_cta3 vc_cta3-style-outline vc_cta3-shape-rounded vc_cta3-align-left vc_cta3-color-classic vc_cta3-icon-size-md vc_cta3-icons-left vc_cta3-actions-right\"><div class=\"vc_cta3-icons\"><div class=\"vc_icon_element vc_icon_element-outer vc_do_icon vc_icon_element-align-left\"><div class=\"vc_icon_element-inner vc_icon_element-color-turquoise vc_icon_element-size-md vc_icon_element-style- vc_icon_element-background-color-grey\" ><span class=\"vc_icon_element-icon fa fa-solid fa-arrow-right-from-bracket\" ><\/span><\/div><\/div><\/div><div class=\"vc_cta3_content-container\"><div class=\"vc_cta3-content\"><header class=\"vc_cta3-content-header\"><h2>Iniziate il vostro viaggio in spagnolo a Granada oggi stesso!<\/h2><\/header><p style=\"text-align: justify;\">Sia che siate adulti alla ricerca di un'immersione totale, sia che siate adolescenti alla ricerca di un'estate all'estero sicura e stimolante, <strong>Granada offers the perfect combination of language, culture, and fun<\/strong>.<\/p>\n<\/div><div class=\"vc_cta3-actions\"><div class=\"vc_btn3-container vc_btn3-inline vc_do_btn\" ><a class=\"vc_general vc_btn3 vc_btn3-size-md vc_btn3-shape-rounded vc_btn3-style-modern vc_btn3-color-info\" href=\"https:\/\/holaspain.agency\/it\/#contact\" title=\"\">Rivolgetevi oggi stesso<\/a><\/div><\/div><\/div><\/div><\/section><\/div><\/div><\/div><\/div>\n<\/div>","protected":false},"excerpt":{"rendered":"<p>Imparate lo spagnolo a Granada, dove l'eredit\u00e0 moresca incontra l'attualit\u00e0. Con ottime scuole, l'Alhambra e una vivace scena studentesca, \u00e8 l'ideale per gli studenti di lingue.<\/p>","protected":false},"author":1,"featured_media":1822,"parent":0,"menu_order":0,"comment_status":"closed","ping_status":"closed","template":"","meta":{"_seopress_robots_primary_cat":"","_seopress_titles_title":"Hola Spain %%sep%% %%post_title%%","_seopress_titles_desc":"Learn Spanish in Granada \u2014 immerse yourself in history, culture, and the Sierra Nevada mountains while practicing the language every day.","_seopress_robots_index":"","_daextam_enable_autolinks":"1","footnotes":""},"categories":[54,53],"tags":[],"class_list":["post-1223","page","type-page","status-publish","has-post-thumbnail","hentry","category-andalucia","category-spanish-schools"],"_links":{"self":[{"href":"https:\/\/holaspain.agency\/it\/wp-json\/wp\/v2\/pages\/1223","targetHints":{"allow":["GET"]}}],"collection":[{"href":"https:\/\/holaspain.agency\/it\/wp-json\/wp\/v2\/pages"}],"about":[{"href":"https:\/\/holaspain.agency\/it\/wp-json\/wp\/v2\/types\/page"}],"author":[{"embeddable":true,"href":"https:\/\/holaspain.agency\/it\/wp-json\/wp\/v2\/users\/1"}],"replies":[{"embeddable":true,"href":"https:\/\/holaspain.agency\/it\/wp-json\/wp\/v2\/comments?post=1223"}],"version-history":[{"count":7,"href":"https:\/\/holaspain.agency\/it\/wp-json\/wp\/v2\/pages\/1223\/revisions"}],"predecessor-version":[{"id":2337,"href":"https:\/\/holaspain.agency\/it\/wp-json\/wp\/v2\/pages\/1223\/revisions\/2337"}],"wp:featuredmedia":[{"embeddable":true,"href":"https:\/\/holaspain.agency\/it\/wp-json\/wp\/v2\/media\/1822"}],"wp:attachment":[{"href":"https:\/\/holaspain.agency\/it\/wp-json\/wp\/v2\/media?parent=1223"}],"wp:term":[{"taxonomy":"category","embeddable":true,"href":"https:\/\/holaspain.agency\/it\/wp-json\/wp\/v2\/categories?post=1223"},{"taxonomy":"post_tag","embeddable":true,"href":"https:\/\/holaspain.agency\/it\/wp-json\/wp\/v2\/tags?post=1223"}],"curies":[{"name":"wp","href":"https:\/\/api.w.org\/{rel}","templated":true}]}}