{"id":1208,"date":"2016-09-05T20:07:42","date_gmt":"2016-09-05T20:07:42","guid":{"rendered":"http:\/\/demos.famethemes.com\/screenr-plus\/?page_id=16"},"modified":"2025-11-17T13:39:03","modified_gmt":"2025-11-17T13:39:03","slug":"programmi-di-lingua-spagnola","status":"publish","type":"page","link":"https:\/\/holaspain.agency\/it\/spanish-language-programmes\/","title":{"rendered":"Programmi di lingua spagnola"},"content":{"rendered":"<div class=\"wpb-content-wrapper\"><div class=\"vc_row wpb_row vc_row-fluid\"><div class=\"wpb_column vc_column_container vc_col-sm-12\"><div class=\"vc_column-inner\"><div class=\"wpb_wrapper\">\n\t<div class=\"wpb_text_column wpb_content_element\" >\n\t\t<div class=\"wpb_wrapper\">\n\t\t\t<h1 style=\"text-align: justify;\">Studiare lo spagnolo all'estero<\/h1>\n<h2 style=\"text-align: justify;\">Corsi di spagnolo in Spagna per adulti<\/h2>\n<p style=\"text-align: justify;\">Gli adulti possono iscriversi a corsi intensivi di spagnolo in Spagna per accelerare il loro apprendimento. Le lezioni sono tenute da insegnanti madrelingua esperti e i programmi di HolaSpain sono coinvolgenti e interattivi, e combinano lezioni strutturate con esercitazioni pratiche di conversazione per un uso reale della lingua. Se il vostro obiettivo \u00e8 migliorare la fluidit\u00e0, acquisire sicurezza o prepararvi per opportunit\u00e0 professionali, i nostri corsi per adulti offrono l'ambiente ideale per raggiungere i vostri obiettivi.<\/p>\n<p style=\"text-align: justify;\">I nostri corsi per adulti comprendono programmi intensivi, lezioni di conversazione e preparazione all'esame DELE per soddisfare le esigenze di ogni studente. I partecipanti possono beneficiare di attivit\u00e0 culturali, escursioni guidate ed esperienze interattive che migliorano l'apprendimento. HolaSpain combina un insegnamento di alta qualit\u00e0 con programmi coinvolgenti, garantendo agli adulti di progredire rapidamente e di vivere appieno la cultura spagnola.<\/p>\n<h2 style=\"text-align: justify;\">Corsi di spagnolo in Spagna per adolescenti<\/h2>\n<p style=\"text-align: justify;\">Gli adolescenti possono iscriversi a corsi di spagnolo in Spagna progettati per sviluppare le competenze linguistiche divertendosi ed esplorando la cultura locale. I programmi di HolaSpain sono dinamici e interattivi e combinano lezioni strutturate con giochi, attivit\u00e0 di gruppo e pratica di conversazione che rendono l'apprendimento piacevole. Sia che si tratti di corsi individuali, di gruppi scolastici o di programmi di campi estivi, i nostri corsi aiutano gli adolescenti ad acquisire sicurezza e scioltezza in spagnolo.<\/p>\n<p style=\"text-align: justify;\">I corsi per adolescenti comprendono campi estivi di spagnolo, programmi di gruppo per le scuole superiori e corsi intensivi adattati a diversi livelli. Gli studenti partecipano a lezioni interattive con insegnanti madrelingua e beneficiano di escursioni culturali e attivit\u00e0 coinvolgenti. HolaSpain garantisce agli adolescenti di progredire nello spagnolo e di vivere un'esperienza memorabile e culturalmente ricca.<\/p>\n<h3 style=\"text-align: justify;\">I migliori corsi di spagnolo in Spagna<\/h3>\n<p style=\"text-align: justify;\">HolaSpain collabora con le principali scuole di lingua spagnola in tutta la Spagna per offrire corsi di alta qualit\u00e0, insegnanti madrelingua e un'immersione culturale completa. Scoprite perch\u00e9 studiare lo spagnolo con noi \u00e8 il modo pi\u00f9 efficace e divertente per imparare la lingua.<\/p>\n<h3 style=\"text-align: justify;\">Programmi di lingua spagnola nelle principali destinazioni spagnole<\/h3>\n<p style=\"text-align: justify;\">Offriamo scuole e programmi a Madrid, Barcellona, Valencia, Siviglia, Malaga, Salamanca, Granada e Alicante. Ogni citt\u00e0 offre un ambiente unico, dai vivaci centri urbani e siti storici alle spiagge e ai quartieri culturali. Studiare lo spagnolo in queste localit\u00e0 permette agli studenti di immergersi nella lingua, di esercitarsi in situazioni reali e di godere di una variet\u00e0 di attivit\u00e0 culturali ed escursioni al di fuori della classe.<\/p>\n\n\t\t<\/div>\n\t<\/div>\n\n<div class=\"vc_grid-container-wrapper vc_clearfix vc_grid-animation-zoomIn\">\n\t<div class=\"vc_grid-container vc_clearfix wpb_content_element vc_masonry_grid\" data-initial-loading-animation=\"zoomIn\" data-vc-grid-settings=\"{&quot;page_id&quot;:1208,&quot;style&quot;:&quot;all-masonry&quot;,&quot;action&quot;:&quot;vc_get_vc_grid_data&quot;,&quot;shortcode_id&quot;:&quot;1763386692637-e3ba8c13-999a-6&quot;,&quot;tag&quot;:&quot;vc_masonry_grid&quot;}\" data-vc-request=\"https:\/\/holaspain.agency\/wp-admin\/admin-ajax.php\" data-vc-post-id=\"1208\" data-vc-public-nonce=\"9ffa800287\">\n\t\t\n\t<\/div>\n<\/div><section class=\"vc_cta3-container\"><div class=\"vc_general vc_do_cta3 vc_cta3 vc_cta3-style-outline vc_cta3-shape-rounded vc_cta3-align-left vc_cta3-color-classic vc_cta3-icon-size-md vc_cta3-icons-left vc_cta3-actions-right\"><div class=\"vc_cta3-icons\"><div class=\"vc_icon_element vc_icon_element-outer vc_do_icon vc_icon_element-align-left\"><div class=\"vc_icon_element-inner vc_icon_element-color-turquoise vc_icon_element-size-md vc_icon_element-style- vc_icon_element-background-color-grey\" ><span class=\"vc_icon_element-icon fa fa-solid fa-arrow-right-from-bracket\" ><\/span><\/div><\/div><\/div><div class=\"vc_cta3_content-container\"><div class=\"vc_cta3-content\"><header class=\"vc_cta3-content-header\"><h2>Iniziate oggi la vostra avventura spagnola!<\/h2><\/header><p>Hai domande o vuoi trovare il corso di spagnolo perfetto? Contattate HolaSpain oggi stesso e lasciate che vi aiutiamo a pianificare la vostra esperienza di apprendimento in Spagna.<\/p>\n<\/div><div class=\"vc_cta3-actions\"><div class=\"vc_btn3-container vc_btn3-inline vc_do_btn\" ><a class=\"vc_general vc_btn3 vc_btn3-size-md vc_btn3-shape-rounded vc_btn3-style-modern vc_btn3-color-info\" href=\"https:\/\/holaspain.agency\/it\/#contact\" title=\"\">Rivolgetevi oggi stesso<\/a><\/div><\/div><\/div><\/div><\/section><\/div><\/div><\/div><\/div><div class=\"vc_row wpb_row vc_row-fluid\"><div class=\"wpb_column vc_column_container vc_col-sm-12\"><div class=\"vc_column-inner\"><div class=\"wpb_wrapper\"><\/div><\/div><\/div><\/div>\n<\/div>","protected":false},"excerpt":{"rendered":"<p>HolaSpain offre corsi di lingua spagnola per adolescenti, adulti, gruppi di scuole superiori e gruppi scolastici. I corsi sono progettati per essere coinvolgenti, interattivi ed efficaci.<\/p>","protected":false},"author":1,"featured_media":1266,"parent":0,"menu_order":0,"comment_status":"closed","ping_status":"closed","template":"","meta":{"_seopress_robots_primary_cat":"","_seopress_titles_title":"%%sitetitle%% %%sep%% %%post_title%%","_seopress_titles_desc":"Spanish language courses in Spain for adults and teenagers. Intensive programmes, DELE prep, summer camps, and interactive learning experiences.","_seopress_robots_index":"","_daextam_enable_autolinks":"1","footnotes":""},"categories":[61],"tags":[],"class_list":["post-1208","page","type-page","status-publish","has-post-thumbnail","hentry","category-services"],"_links":{"self":[{"href":"https:\/\/holaspain.agency\/it\/wp-json\/wp\/v2\/pages\/1208","targetHints":{"allow":["GET"]}}],"collection":[{"href":"https:\/\/holaspain.agency\/it\/wp-json\/wp\/v2\/pages"}],"about":[{"href":"https:\/\/holaspain.agency\/it\/wp-json\/wp\/v2\/types\/page"}],"author":[{"embeddable":true,"href":"https:\/\/holaspain.agency\/it\/wp-json\/wp\/v2\/users\/1"}],"replies":[{"embeddable":true,"href":"https:\/\/holaspain.agency\/it\/wp-json\/wp\/v2\/comments?post=1208"}],"version-history":[{"count":20,"href":"https:\/\/holaspain.agency\/it\/wp-json\/wp\/v2\/pages\/1208\/revisions"}],"predecessor-version":[{"id":2200,"href":"https:\/\/holaspain.agency\/it\/wp-json\/wp\/v2\/pages\/1208\/revisions\/2200"}],"wp:featuredmedia":[{"embeddable":true,"href":"https:\/\/holaspain.agency\/it\/wp-json\/wp\/v2\/media\/1266"}],"wp:attachment":[{"href":"https:\/\/holaspain.agency\/it\/wp-json\/wp\/v2\/media?parent=1208"}],"wp:term":[{"taxonomy":"category","embeddable":true,"href":"https:\/\/holaspain.agency\/it\/wp-json\/wp\/v2\/categories?post=1208"},{"taxonomy":"post_tag","embeddable":true,"href":"https:\/\/holaspain.agency\/it\/wp-json\/wp\/v2\/tags?post=1208"}],"curies":[{"name":"wp","href":"https:\/\/api.w.org\/{rel}","templated":true}]}}