{"id":1207,"date":"2016-09-05T20:01:09","date_gmt":"2016-09-05T20:01:09","guid":{"rendered":"http:\/\/demos.famethemes.com\/screenr-plus\/?page_id=15"},"modified":"2025-11-06T09:58:54","modified_gmt":"2025-11-06T09:58:54","slug":"progettato-per-ogni-studente","status":"publish","type":"page","link":"https:\/\/holaspain.agency\/it\/designed-for-every-learner\/","title":{"rendered":"Progettato per ogni studente"},"content":{"rendered":"<div class=\"wpb-content-wrapper\"><div class=\"vc_row wpb_row vc_row-fluid\"><div class=\"wpb_column vc_column_container vc_col-sm-12\"><div class=\"vc_column-inner\"><div class=\"wpb_wrapper\">\n\t<div class=\"wpb_text_column wpb_content_element\" >\n\t\t<div class=\"wpb_wrapper\">\n\t\t\t<h1 style=\"text-align: justify;\">Corsi di spagnolo pensati per ogni studente<\/h1>\n<p style=\"text-align: justify;\">Sia che siate principianti o esperti, il nostro <strong>Corsi di spagnolo per adolescenti e adulti<\/strong> sono personalizzati per soddisfare i vostri obiettivi di apprendimento individuali. Ogni programma \u00e8 accuratamente strutturato per combinare lezioni interattive ed esperienze pratiche, assicurando che le vostre competenze in spagnolo migliorino rapidamente e con sicurezza.<\/p>\n<h2 style=\"text-align: justify;\">Programmi su misura<\/h2>\n<p style=\"text-align: justify;\">I nostri corsi sono pensati per tutti i livelli e le et\u00e0. Dai principianti che muovono i primi passi nello spagnolo agli studenti avanzati che cercano la fluidit\u00e0, offriamo programmi che si adattano alle vostre capacit\u00e0 e al vostro stile di apprendimento.<\/p>\n<h2 style=\"text-align: justify;\">Opzioni di apprendimento flessibili<\/h2>\n<p style=\"text-align: justify;\">Scegliete tra corsi a breve termine, programmi estivi o esperienze di immersione a lungo termine. Il nostro approccio flessibile vi permette di studiare al vostro ritmo, godendovi la cultura e lo stile di vita della Spagna.<\/p>\n<h2 style=\"text-align: justify;\">Esperienza pratica<\/h2>\n<p style=\"text-align: justify;\">Combiniamo le lezioni in classe con esperienze di vita reale, dalle escursioni culturali alle interazioni sociali con i madrelingua, aiutandovi ad applicare ci\u00f2 che imparate in situazioni autentiche e ad acquisire sicurezza nel parlare spagnolo.<\/p>\n<p style=\"text-align: justify;\"><strong>Trovate il corso perfetto per voi e iniziate oggi stesso il vostro viaggio verso la fluidit\u00e0 in Spagna!<\/strong><\/p>\n\n\t\t<\/div>\n\t<\/div>\n<section class=\"vc_cta3-container\"><div class=\"vc_general vc_do_cta3 vc_cta3 vc_cta3-style-outline vc_cta3-shape-rounded vc_cta3-align-left vc_cta3-color-classic vc_cta3-icon-size-md vc_cta3-icons-left vc_cta3-actions-right\"><div class=\"vc_cta3-icons\"><div class=\"vc_icon_element vc_icon_element-outer vc_do_icon vc_icon_element-align-left\"><div class=\"vc_icon_element-inner vc_icon_element-color-turquoise vc_icon_element-size-md vc_icon_element-style- vc_icon_element-background-color-grey\" ><span class=\"vc_icon_element-icon fa fa-solid fa-arrow-right-from-bracket\" ><\/span><\/div><\/div><\/div><div class=\"vc_cta3_content-container\"><div class=\"vc_cta3-content\"><header class=\"vc_cta3-content-header\"><h2>Iniziate oggi la vostra avventura spagnola!<\/h2><\/header><p>Hai domande o vuoi trovare il corso di spagnolo perfetto? Contattate HolaSpain oggi stesso e lasciate che vi aiutiamo a pianificare la vostra esperienza di apprendimento in Spagna.<\/p>\n<\/div><div class=\"vc_cta3-actions\"><div class=\"vc_btn3-container vc_btn3-inline vc_do_btn\" ><a class=\"vc_general vc_btn3 vc_btn3-size-md vc_btn3-shape-rounded vc_btn3-style-modern vc_btn3-color-info\" href=\"https:\/\/holaspain.agency\/it\/#contact\" title=\"\">Rivolgetevi oggi stesso<\/a><\/div><\/div><\/div><\/div><\/section><\/div><\/div><\/div><\/div>\n<\/div>","protected":false},"excerpt":{"rendered":"<p>Programmi su misura per tutte le et\u00e0 e per tutti i livelli: che siate principianti o parlanti fluenti, rendiamo l'apprendimento dello spagnolo coinvolgente ed efficace per tutti.<\/p>","protected":false},"author":1,"featured_media":1402,"parent":0,"menu_order":0,"comment_status":"closed","ping_status":"closed","template":"","meta":{"_seopress_robots_primary_cat":"","_seopress_titles_title":"Hola Spain %%sep%% %%post_title%%","_seopress_titles_desc":"","_seopress_robots_index":"","_daextam_enable_autolinks":"","footnotes":""},"categories":[],"tags":[],"class_list":["post-1207","page","type-page","status-publish","has-post-thumbnail","hentry"],"_links":{"self":[{"href":"https:\/\/holaspain.agency\/it\/wp-json\/wp\/v2\/pages\/1207","targetHints":{"allow":["GET"]}}],"collection":[{"href":"https:\/\/holaspain.agency\/it\/wp-json\/wp\/v2\/pages"}],"about":[{"href":"https:\/\/holaspain.agency\/it\/wp-json\/wp\/v2\/types\/page"}],"author":[{"embeddable":true,"href":"https:\/\/holaspain.agency\/it\/wp-json\/wp\/v2\/users\/1"}],"replies":[{"embeddable":true,"href":"https:\/\/holaspain.agency\/it\/wp-json\/wp\/v2\/comments?post=1207"}],"version-history":[{"count":8,"href":"https:\/\/holaspain.agency\/it\/wp-json\/wp\/v2\/pages\/1207\/revisions"}],"predecessor-version":[{"id":2026,"href":"https:\/\/holaspain.agency\/it\/wp-json\/wp\/v2\/pages\/1207\/revisions\/2026"}],"wp:featuredmedia":[{"embeddable":true,"href":"https:\/\/holaspain.agency\/it\/wp-json\/wp\/v2\/media\/1402"}],"wp:attachment":[{"href":"https:\/\/holaspain.agency\/it\/wp-json\/wp\/v2\/media?parent=1207"}],"wp:term":[{"taxonomy":"category","embeddable":true,"href":"https:\/\/holaspain.agency\/it\/wp-json\/wp\/v2\/categories?post=1207"},{"taxonomy":"post_tag","embeddable":true,"href":"https:\/\/holaspain.agency\/it\/wp-json\/wp\/v2\/tags?post=1207"}],"curies":[{"name":"wp","href":"https:\/\/api.w.org\/{rel}","templated":true}]}}