{"id":1206,"date":"2016-09-05T20:00:36","date_gmt":"2016-09-05T20:00:36","guid":{"rendered":"http:\/\/demos.famethemes.com\/screenr-plus\/?page_id=14"},"modified":"2025-10-19T13:07:05","modified_gmt":"2025-10-19T13:07:05","slug":"scoprire-connettersi-e-crescere","status":"publish","type":"page","link":"https:\/\/holaspain.agency\/it\/discover-connect-and-grow\/","title":{"rendered":"Scoprire, connettersi e crescere"},"content":{"rendered":"<div class=\"wpb-content-wrapper\"><div class=\"vc_row wpb_row vc_row-fluid\"><div class=\"wpb_column vc_column_container vc_col-sm-12\"><div class=\"vc_column-inner\"><div class=\"wpb_wrapper\">\n\t<div class=\"wpb_text_column wpb_content_element\" >\n\t\t<div class=\"wpb_wrapper\">\n\t\t\t<h1 style=\"text-align: justify;\">Scoprire, connettersi e crescere in Spagna<\/h1>\n<p style=\"text-align: justify;\">Immergetevi nella vita spagnola mentre imparate la lingua. Ogni giorno offre l'opportunit\u00e0 di <strong>entrare in contatto con la gente del posto<\/strong>, esplorare ricche tradizioni e crescere dal punto di vista personale e accademico. I nostri programmi sono pensati per aiutare gli studenti di tutte le et\u00e0 a vivere la lingua, a creare legami significativi e ad acquisire fiducia nelle proprie capacit\u00e0 spagnole.<\/p>\n<h2 style=\"text-align: justify;\">Connettersi con le persone<\/h2>\n<p style=\"text-align: justify;\">Incontrare compagni di classe provenienti da tutto il mondo e partecipare ad attivit\u00e0 sociali e culturali. Costruite amicizie che dureranno per tutta la vita, godendo di autentiche esperienze spagnole in una comunit\u00e0 accogliente.<\/p>\n<h2 style=\"text-align: justify;\">Scoprire la cultura spagnola<\/h2>\n<p style=\"text-align: justify;\">Dai laboratori di flamenco alle visite guidate in citt\u00e0 e ai festival locali, vi immergerete nelle vibranti tradizioni della Spagna. Ogni attivit\u00e0 \u00e8 pensata per integrare l'apprendimento della lingua e approfondire la comprensione culturale.<\/p>\n<h2 style=\"text-align: justify;\">Accrescere le proprie competenze linguistiche<\/h2>\n<p style=\"text-align: justify;\">L'interazione quotidiana con i madrelingua, le lezioni strutturate e la pratica nel mondo reale garantiscono un rapido miglioramento. Sia che siate principianti o studenti avanzati, i nostri <strong>Programmi di immersione nello spagnolo<\/strong> rendere l'apprendimento coinvolgente ed efficace.<\/p>\n<p style=\"text-align: justify;\"><strong>Iniziate oggi stesso la vostra avventura in Spagna: vivete, relazionatevi e crescete in Spagna!<\/strong><\/p>\n\n\t\t<\/div>\n\t<\/div>\n<\/div><\/div><\/div><\/div>\n<\/div>","protected":false},"excerpt":{"rendered":"<p>Esplorare nuove culture, creare legami duraturi e approfondire le proprie conoscenze linguistiche attraverso esperienze di apprendimento dello spagnolo coinvolgenti.<\/p>","protected":false},"author":1,"featured_media":1394,"parent":0,"menu_order":0,"comment_status":"closed","ping_status":"closed","template":"","meta":{"_seopress_robots_primary_cat":"","_seopress_titles_title":"Hola Spain %%sep%% Spanish Immersion Programmes in Spain","_seopress_titles_desc":"Explore Spanish immersion programmes that combine language learning, culture, and travel. Study Spanish in Spain and live an unforgettable adventure.","_seopress_robots_index":"","_daextam_enable_autolinks":"","footnotes":""},"categories":[],"tags":[],"class_list":["post-1206","page","type-page","status-publish","has-post-thumbnail","hentry"],"_links":{"self":[{"href":"https:\/\/holaspain.agency\/it\/wp-json\/wp\/v2\/pages\/1206","targetHints":{"allow":["GET"]}}],"collection":[{"href":"https:\/\/holaspain.agency\/it\/wp-json\/wp\/v2\/pages"}],"about":[{"href":"https:\/\/holaspain.agency\/it\/wp-json\/wp\/v2\/types\/page"}],"author":[{"embeddable":true,"href":"https:\/\/holaspain.agency\/it\/wp-json\/wp\/v2\/users\/1"}],"replies":[{"embeddable":true,"href":"https:\/\/holaspain.agency\/it\/wp-json\/wp\/v2\/comments?post=1206"}],"version-history":[{"count":8,"href":"https:\/\/holaspain.agency\/it\/wp-json\/wp\/v2\/pages\/1206\/revisions"}],"predecessor-version":[{"id":1401,"href":"https:\/\/holaspain.agency\/it\/wp-json\/wp\/v2\/pages\/1206\/revisions\/1401"}],"wp:featuredmedia":[{"embeddable":true,"href":"https:\/\/holaspain.agency\/it\/wp-json\/wp\/v2\/media\/1394"}],"wp:attachment":[{"href":"https:\/\/holaspain.agency\/it\/wp-json\/wp\/v2\/media?parent=1206"}],"wp:term":[{"taxonomy":"category","embeddable":true,"href":"https:\/\/holaspain.agency\/it\/wp-json\/wp\/v2\/categories?post=1206"},{"taxonomy":"post_tag","embeddable":true,"href":"https:\/\/holaspain.agency\/it\/wp-json\/wp\/v2\/tags?post=1206"}],"curies":[{"name":"wp","href":"https:\/\/api.w.org\/{rel}","templated":true}]}}