{"id":12,"date":"2016-09-05T19:52:33","date_gmt":"2016-09-05T19:52:33","guid":{"rendered":"http:\/\/demos.famethemes.com\/screenr-plus\/?page_id=12"},"modified":"2025-11-06T09:59:08","modified_gmt":"2025-11-06T09:59:08","slug":"imparare-lo-spagnolo-in-modo-autentico","status":"publish","type":"page","link":"https:\/\/holaspain.agency\/it\/learn-spanish-the-real-way\/","title":{"rendered":"Imparare lo spagnolo in modo autentico"},"content":{"rendered":"<div class=\"wpb-content-wrapper\"><div class=\"vc_row wpb_row vc_row-fluid\"><div class=\"wpb_column vc_column_container vc_col-sm-12\"><div class=\"vc_column-inner\"><div class=\"wpb_wrapper\">\n\t<div class=\"wpb_text_column wpb_content_element\" >\n\t\t<div class=\"wpb_wrapper\">\n\t\t\t<h1 style=\"text-align: justify;\">Imparare lo spagnolo in modo autentico<\/h1>\n<p style=\"text-align: justify;\">Immergetevi nella vita spagnola - praticate ogni giorno, vivete la cultura e acquisite una reale fluidit\u00e0 al di l\u00e0 della classe. I nostri programmi si concentrano su <strong>uso pratico della lingua<\/strong>, aiutandovi a comunicare con sicurezza nelle situazioni quotidiane e a sperimentare l'autentico stile di vita spagnolo.<\/p>\n<h2 style=\"text-align: justify;\">Immersione quotidiana per un rapido progresso<\/h2>\n<p style=\"text-align: justify;\">Dalle lezioni mattutine alle attivit\u00e0 culturali pomeridiane, ogni momento in Spagna \u00e8 un'opportunit\u00e0 per praticare lo spagnolo. Parlare quotidianamente con persone madrelingua accelera l'apprendimento e rafforza la fiducia in se stessi pi\u00f9 velocemente rispetto ai tradizionali corsi in aula.<\/p>\n<h2 style=\"text-align: justify;\">Vivere la cultura<\/h2>\n<p style=\"text-align: justify;\">Esplorate le tradizioni spagnole, la cucina, le feste e la vita locale. I nostri programmi integrano le esperienze culturali con l'apprendimento della lingua, assicurandovi non solo di parlare lo spagnolo ma anche di comprendere il contesto e le abitudini del Paese.<\/p>\n<h2 style=\"text-align: justify;\">Fluenza pratica oltre la classe<\/h2>\n<p style=\"text-align: justify;\">Il nostro obiettivo \u00e8 quello di <strong>utilizzare lo spagnolo in situazioni reali<\/strong> - dall'ordinazione in un caff\u00e8 alla navigazione nei mercati locali o alla conversazione con gli amici. Questo approccio pratico garantisce competenze linguistiche durature che vanno ben oltre gli esami o i libri di testo.<\/p>\n<p style=\"text-align: justify;\"><strong>Iniziate oggi stesso il vostro viaggio immersivo nello spagnolo e imparate davvero la lingua nel modo pi\u00f9 autentico!<\/strong><\/p>\n\n\t\t<\/div>\n\t<\/div>\n<section class=\"vc_cta3-container\"><div class=\"vc_general vc_do_cta3 vc_cta3 vc_cta3-style-outline vc_cta3-shape-rounded vc_cta3-align-left vc_cta3-color-classic vc_cta3-icon-size-md vc_cta3-icons-left vc_cta3-actions-right\"><div class=\"vc_cta3-icons\"><div class=\"vc_icon_element vc_icon_element-outer vc_do_icon vc_icon_element-align-left\"><div class=\"vc_icon_element-inner vc_icon_element-color-turquoise vc_icon_element-size-md vc_icon_element-style- vc_icon_element-background-color-grey\" ><span class=\"vc_icon_element-icon fa fa-solid fa-arrow-right-from-bracket\" ><\/span><\/div><\/div><\/div><div class=\"vc_cta3_content-container\"><div class=\"vc_cta3-content\"><header class=\"vc_cta3-content-header\"><h2>Iniziate oggi la vostra avventura spagnola!<\/h2><\/header><p>Hai domande o vuoi trovare il corso di spagnolo perfetto? Contattate HolaSpain oggi stesso e lasciate che vi aiutiamo a pianificare la vostra esperienza di apprendimento in Spagna.<\/p>\n<\/div><div class=\"vc_cta3-actions\"><div class=\"vc_btn3-container vc_btn3-inline vc_do_btn\" ><a class=\"vc_general vc_btn3 vc_btn3-size-md vc_btn3-shape-rounded vc_btn3-style-modern vc_btn3-color-info\" href=\"https:\/\/holaspain.agency\/it\/#contact\" title=\"\">Rivolgetevi oggi stesso<\/a><\/div><\/div><\/div><\/div><\/section><\/div><\/div><\/div><\/div>\n<\/div>","protected":false},"excerpt":{"rendered":"<p>Immergetevi nella vita spagnola - esercitatevi ogni giorno, vivete la cultura e acquisite una reale fluidit\u00e0 al di l\u00e0 della classe.<\/p>","protected":false},"author":1,"featured_media":1405,"parent":0,"menu_order":0,"comment_status":"closed","ping_status":"closed","template":"","meta":{"_seopress_robots_primary_cat":"","_seopress_titles_title":"","_seopress_titles_desc":"","_seopress_robots_index":"yes","_daextam_enable_autolinks":"","footnotes":""},"categories":[],"tags":[],"class_list":["post-12","page","type-page","status-publish","has-post-thumbnail","hentry"],"_links":{"self":[{"href":"https:\/\/holaspain.agency\/it\/wp-json\/wp\/v2\/pages\/12","targetHints":{"allow":["GET"]}}],"collection":[{"href":"https:\/\/holaspain.agency\/it\/wp-json\/wp\/v2\/pages"}],"about":[{"href":"https:\/\/holaspain.agency\/it\/wp-json\/wp\/v2\/types\/page"}],"author":[{"embeddable":true,"href":"https:\/\/holaspain.agency\/it\/wp-json\/wp\/v2\/users\/1"}],"replies":[{"embeddable":true,"href":"https:\/\/holaspain.agency\/it\/wp-json\/wp\/v2\/comments?post=12"}],"version-history":[{"count":7,"href":"https:\/\/holaspain.agency\/it\/wp-json\/wp\/v2\/pages\/12\/revisions"}],"predecessor-version":[{"id":2027,"href":"https:\/\/holaspain.agency\/it\/wp-json\/wp\/v2\/pages\/12\/revisions\/2027"}],"wp:featuredmedia":[{"embeddable":true,"href":"https:\/\/holaspain.agency\/it\/wp-json\/wp\/v2\/media\/1405"}],"wp:attachment":[{"href":"https:\/\/holaspain.agency\/it\/wp-json\/wp\/v2\/media?parent=12"}],"wp:term":[{"taxonomy":"category","embeddable":true,"href":"https:\/\/holaspain.agency\/it\/wp-json\/wp\/v2\/categories?post=12"},{"taxonomy":"post_tag","embeddable":true,"href":"https:\/\/holaspain.agency\/it\/wp-json\/wp\/v2\/tags?post=12"}],"curies":[{"name":"wp","href":"https:\/\/api.w.org\/{rel}","templated":true}]}}