{"id":2393,"date":"2026-01-13T18:13:04","date_gmt":"2026-01-13T18:13:04","guid":{"rendered":"https:\/\/holaspain.agency\/?page_id=2393"},"modified":"2026-01-13T18:15:27","modified_gmt":"2026-01-13T18:15:27","slug":"cours-despagnol-a-long-terme-faqs","status":"publish","type":"page","link":"https:\/\/holaspain.agency\/fr\/long-term-spanish-courses-faqs\/","title":{"rendered":"FAQ sur les cours d'espagnol \u00e0 long terme"},"content":{"rendered":"<div class=\"wpb-content-wrapper\"><div class=\"vc_row wpb_row vc_row-fluid\"><div class=\"wpb_column vc_column_container vc_col-sm-12\"><div class=\"vc_column-inner\"><div class=\"wpb_wrapper\">\n\t<div class=\"wpb_text_column wpb_content_element\" >\n\t\t<div class=\"wpb_wrapper\">\n\t\t\t<h1 style=\"text-align: justify;\">FAQ sur le visa d'\u00e9tudiant espagnol et les cours de longue dur\u00e9e<\/h1>\n<p style=\"text-align: justify;\" data-start=\"307\" data-end=\"456\">FAQ sur les cours d'espagnol \u00e0 long terme en Espagne. Apprenez-en plus sur les visas \u00e9tudiants, le travail pendant les \u00e9tudes, les vacances, les renouvellements et comment choisir la meilleure ville.<\/p>\n\n\t\t<\/div>\n\t<\/div>\n<div  class=\"vc_do_toggle vc_toggle vc_toggle_default vc_toggle_color_default  vc_toggle_size_md\"><div class=\"vc_toggle_title\"><h4>Pourquoi choisir l'Espagne pour des \u00e9tudes de longue dur\u00e9e ?<\/h4><i class=\"vc_toggle_icon\"><\/i><\/div><div class=\"vc_toggle_content\"><p style=\"text-align: justify;\" data-start=\"317\" data-end=\"452\">L'Espagne est l'un des pays d'Europe les plus faciles et les plus abordables pour les adultes internationaux qui souhaitent \u00e9tudier, vivre et travailler l\u00e9galement.<\/p>\n<\/div><\/div><div  class=\"vc_do_toggle vc_toggle vc_toggle_default vc_toggle_color_default  vc_toggle_size_md\"><div class=\"vc_toggle_title\"><h4>Ai-je besoin d'un visa pour \u00e9tudier en Espagne ?<\/h4><i class=\"vc_toggle_icon\"><\/i><\/div><div class=\"vc_toggle_content\"><p data-start=\"505\" data-end=\"609\">Si vous n'\u00eates pas ressortissant de l'UE et que vous restez plus de 90 jours, vous devez obtenir un visa d'\u00e9tudiant espagnol avant votre arriv\u00e9e.<\/p>\n<\/div><\/div><div  class=\"vc_do_toggle vc_toggle vc_toggle_default vc_toggle_color_default  vc_toggle_size_md\"><div class=\"vc_toggle_title\"><h4>Ces programmes sont-ils valables pour les demandes de visa d'\u00e9tudiant ?<\/h4><i class=\"vc_toggle_icon\"><\/i><\/div><div class=\"vc_toggle_content\"><p data-start=\"684\" data-end=\"781\">Oui. Tous les programmes de 6 et 12 mois r\u00e9pertori\u00e9s sont con\u00e7us pour r\u00e9pondre aux exigences du visa d'\u00e9tudiant espagnol.<\/p>\n<\/div><\/div><div  class=\"vc_do_toggle vc_toggle vc_toggle_default vc_toggle_color_default  vc_toggle_size_md\"><div class=\"vc_toggle_title\"><h4>Puis-je travailler en Espagne avec un visa d'\u00e9tudiant ?<\/h4><i class=\"vc_toggle_icon\"><\/i><\/div><div class=\"vc_toggle_content\"><p data-start=\"839\" data-end=\"943\">Oui, les titulaires d'un visa d'\u00e9tudiant peuvent travailler \u00e0 temps partiel, \u00e0 condition que l'emploi soit compatible avec leur emploi du temps.<\/p>\n<\/div><\/div><div  class=\"vc_do_toggle vc_toggle vc_toggle_default vc_toggle_color_default  vc_toggle_size_md\"><div class=\"vc_toggle_title\"><h4>Combien d'heures puis-je travailler tout en \u00e9tudiant ?<\/h4><i class=\"vc_toggle_icon\"><\/i><\/div><div class=\"vc_toggle_content\"><p data-start=\"1002\" data-end=\"1108\">Dans la plupart des cas, jusqu'\u00e0 <strong data-start=\"1023\" data-end=\"1044\">30 heures par semaine<\/strong>, En fonction de la r\u00e9glementation en vigueur et de votre contrat de travail.<\/p>\n<\/div><\/div><div  class=\"vc_do_toggle vc_toggle vc_toggle_default vc_toggle_color_default  vc_toggle_size_md\"><div class=\"vc_toggle_title\"><h4>Les cours d'espagnol \u00e0 long terme comprennent-ils les vacances ?<\/h4><i class=\"vc_toggle_icon\"><\/i><\/div><div class=\"vc_toggle_content\"><p data-start=\"1172\" data-end=\"1264\">Oui. Les programmes \u00e0 long terme comprennent <strong data-start=\"1206\" data-end=\"1234\">p\u00e9riodes de vacances officielles<\/strong> dans le cadre du calendrier acad\u00e9mique.<\/p>\n<\/div><\/div><div  class=\"vc_do_toggle vc_toggle vc_toggle_default vc_toggle_color_default  vc_toggle_size_md\"><div class=\"vc_toggle_title\"><h4>Les vacances ont-elles une incidence sur mon visa ou mon statut juridique ?<\/h4><i class=\"vc_toggle_icon\"><\/i><\/div><div class=\"vc_toggle_content\"><p data-start=\"1325\" data-end=\"1420\">Non. Les vacances font partie de la dur\u00e9e du programme et de la formation. <strong data-start=\"1377\" data-end=\"1419\">n'annulent pas ou n'affectent pas votre r\u00e9sidence<\/strong>.<\/p>\n<\/div><\/div><div  class=\"vc_do_toggle vc_toggle vc_toggle_default vc_toggle_color_default  vc_toggle_size_md\"><div class=\"vc_toggle_title\"><h4>Puis-je voyager pendant les vacances ?<\/h4><i class=\"vc_toggle_icon\"><\/i><\/div><div class=\"vc_toggle_content\"><p data-start=\"1471\" data-end=\"1574\">Oui, vous pouvez voyager pendant les jours f\u00e9ri\u00e9s officiels, \u00e0 condition de respecter les conditions de visa et de r\u00e9sidence.<\/p>\n<\/div><\/div><div  class=\"vc_do_toggle vc_toggle vc_toggle_default vc_toggle_color_default  vc_toggle_size_md\"><div class=\"vc_toggle_title\"><h4>Quel niveau d'espagnol dois-je avoir pour commencer ?<\/h4><i class=\"vc_toggle_icon\"><\/i><\/div><div class=\"vc_toggle_content\"><p data-start=\"1630\" data-end=\"1731\">Aucune connaissance pr\u00e9alable de l'espagnol n'est requise. Les cours sont disponibles aupr\u00e8s de <strong data-start=\"1690\" data-end=\"1730\">du niveau d\u00e9butant au niveau avanc\u00e9<\/strong>.<\/p>\n<\/div><\/div><div  class=\"vc_do_toggle vc_toggle vc_toggle_default vc_toggle_color_default  vc_toggle_size_md\"><div class=\"vc_toggle_title\"><h4>Y a-t-il une limite d'\u00e2ge pour ces cours ?<\/h4><i class=\"vc_toggle_icon\"><\/i><\/div><div class=\"vc_toggle_content\"><p data-start=\"1789\" data-end=\"1863\">Non. Ces programmes sont con\u00e7us pour <strong data-start=\"1827\" data-end=\"1862\">les \u00e9tudiants adultes \u00e2g\u00e9s de 18 ans et plus<\/strong>.<\/p>\n<\/div><\/div><div  class=\"vc_do_toggle vc_toggle vc_toggle_default vc_toggle_color_default  vc_toggle_size_md\"><div class=\"vc_toggle_title\"><h4>Quelle est la ville la plus int\u00e9ressante pour les petits budgets ?<\/h4><i class=\"vc_toggle_icon\"><\/i><\/div><div class=\"vc_toggle_content\"><p data-start=\"1928\" data-end=\"2020\">Alicante offers the <strong data-start=\"1948\" data-end=\"1984\">les prix \u00e0 long terme les plus abordables<\/strong>, surtout pour les programmes de 20 heures.<\/p>\n<\/div><\/div><div  class=\"vc_do_toggle vc_toggle vc_toggle_default vc_toggle_color_default  vc_toggle_size_md\"><div class=\"vc_toggle_title\"><h4>Quelle est la ville la plus int\u00e9ressante en termes d'opportunit\u00e9s de travail et de mode de vie ?<\/h4><i class=\"vc_toggle_icon\"><\/i><\/div><div class=\"vc_toggle_content\"><p data-start=\"2094\" data-end=\"2192\">Valencia is a modern, international city with strong job opportunities and a high quality of life.<\/p>\n<\/div><\/div><div  class=\"vc_do_toggle vc_toggle vc_toggle_default vc_toggle_color_default  vc_toggle_size_md\"><div class=\"vc_toggle_title\"><h4>Quelle est la ville la plus propice \u00e0 l'immersion culturelle ?<\/h4><i class=\"vc_toggle_icon\"><\/i><\/div><div class=\"vc_toggle_content\"><p data-start=\"2252\" data-end=\"2341\">Granada is a traditional university city, ideal for full language and cultural immersion.<\/p>\n<\/div><\/div><div  class=\"vc_do_toggle vc_toggle vc_toggle_default vc_toggle_color_default  vc_toggle_size_md\"><div class=\"vc_toggle_title\"><h4>Puis-je prolonger ou renouveler mon s\u00e9jour apr\u00e8s 12 mois ?<\/h4><i class=\"vc_toggle_icon\"><\/i><\/div><div class=\"vc_toggle_content\"><p data-start=\"2405\" data-end=\"2515\">Dans de nombreux cas, oui. Les visas \u00e9tudiants peuvent souvent \u00eatre <strong data-start=\"2452\" data-end=\"2463\">renouvel\u00e9<\/strong> si vous poursuivez vos \u00e9tudes et remplissez les conditions requises.<\/p>\n<\/div><\/div><div  class=\"vc_do_toggle vc_toggle vc_toggle_default vc_toggle_color_default  vc_toggle_size_md\"><div class=\"vc_toggle_title\"><h4>HolaSpain vous aide-t-il \u00e0 trouver un logement ?<\/h4><i class=\"vc_toggle_icon\"><\/i><\/div><div class=\"vc_toggle_content\"><p data-start=\"2572\" data-end=\"2690\">Oui. Des options d'h\u00e9bergement telles que des familles d'accueil, des r\u00e9sidences \u00e9tudiantes et des appartements priv\u00e9s sont disponibles sur demande.<\/p>\n<\/div><\/div><div  class=\"vc_do_toggle vc_toggle vc_toggle_default vc_toggle_color_default  vc_toggle_size_md\"><div class=\"vc_toggle_title\"><h4>HolaSpain vous aide-t-elle \u00e0 obtenir un visa ?<\/h4><i class=\"vc_toggle_icon\"><\/i><\/div><div class=\"vc_toggle_content\"><p data-start=\"2752\" data-end=\"2888\">HolaSpain fournit des conseils sur l'inscription \u00e0 l'\u00e9cole et les documents requis, vous aidant ainsi \u00e0 vous pr\u00e9parer correctement avant de demander votre visa.<\/p>\n<\/div><\/div><\/div><\/div><\/div><\/div>\n<\/div>","protected":false},"excerpt":{"rendered":"<p>Cours d'espagnol \u00e0 long terme accr\u00e9dit\u00e9s pour les adultes qui souhaitent vivre et \u00e9tudier en Espagne pendant 6 \u00e0 12 mois, combinant des le\u00e7ons intensives, une immersion culturelle et une assistance compl\u00e8te en mati\u00e8re de visa et de locaux.<\/p>","protected":false},"author":1,"featured_media":2394,"parent":0,"menu_order":0,"comment_status":"closed","ping_status":"closed","template":"","meta":{"_seopress_robots_primary_cat":"","_seopress_titles_title":"%%sitetitle%% %%sep%% %%post_title%%","_seopress_titles_desc":"Accredited long-term Spanish courses in Spain for adults. Visa-ready programmes with 20\u201325 hours weekly, full support, and top destinations.","_seopress_robots_index":"","_daextam_enable_autolinks":"1","footnotes":""},"categories":[62],"tags":[],"class_list":["post-2393","page","type-page","status-publish","has-post-thumbnail","hentry","category-courses"],"_links":{"self":[{"href":"https:\/\/holaspain.agency\/fr\/wp-json\/wp\/v2\/pages\/2393","targetHints":{"allow":["GET"]}}],"collection":[{"href":"https:\/\/holaspain.agency\/fr\/wp-json\/wp\/v2\/pages"}],"about":[{"href":"https:\/\/holaspain.agency\/fr\/wp-json\/wp\/v2\/types\/page"}],"author":[{"embeddable":true,"href":"https:\/\/holaspain.agency\/fr\/wp-json\/wp\/v2\/users\/1"}],"replies":[{"embeddable":true,"href":"https:\/\/holaspain.agency\/fr\/wp-json\/wp\/v2\/comments?post=2393"}],"version-history":[{"count":3,"href":"https:\/\/holaspain.agency\/fr\/wp-json\/wp\/v2\/pages\/2393\/revisions"}],"predecessor-version":[{"id":2397,"href":"https:\/\/holaspain.agency\/fr\/wp-json\/wp\/v2\/pages\/2393\/revisions\/2397"}],"wp:featuredmedia":[{"embeddable":true,"href":"https:\/\/holaspain.agency\/fr\/wp-json\/wp\/v2\/media\/2394"}],"wp:attachment":[{"href":"https:\/\/holaspain.agency\/fr\/wp-json\/wp\/v2\/media?parent=2393"}],"wp:term":[{"taxonomy":"category","embeddable":true,"href":"https:\/\/holaspain.agency\/fr\/wp-json\/wp\/v2\/categories?post=2393"},{"taxonomy":"post_tag","embeddable":true,"href":"https:\/\/holaspain.agency\/fr\/wp-json\/wp\/v2\/tags?post=2393"}],"curies":[{"name":"wp","href":"https:\/\/api.w.org\/{rel}","templated":true}]}}