{"id":2310,"date":"2026-01-06T10:40:09","date_gmt":"2026-01-06T10:40:09","guid":{"rendered":"https:\/\/holaspain.agency\/?page_id=2310"},"modified":"2026-01-06T13:44:33","modified_gmt":"2026-01-06T13:44:33","slug":"planifiez-votre-appel-video","status":"publish","type":"page","link":"https:\/\/holaspain.agency\/fr\/schedule-your-video-call\/","title":{"rendered":"Planifiez votre appel vid\u00e9o"},"content":{"rendered":"<div class=\"wpb-content-wrapper\"><div class=\"vc_row wpb_row vc_row-fluid\"><div class=\"wpb_column vc_column_container vc_col-sm-12\"><div class=\"vc_column-inner\"><div class=\"wpb_wrapper\">\n\t<div class=\"wpb_text_column wpb_content_element\" >\n\t\t<div class=\"wpb_wrapper\">\n\t\t\t<h2 style=\"text-align: justify;\" data-pm-slice=\"0 0 &#091;&#093;\">Parlons de votre plan pour l'Espagne<\/h2>\n<blockquote>\n<p style=\"text-align: justify;\" data-pm-slice=\"0 0 &#091;&#093;\">Vous envisagez de d\u00e9m\u00e9nager en Espagne, d'\u00e9tudier l'espagnol ou d'explorer les possibilit\u00e9s de travail en Espagne ? La meilleure fa\u00e7on d'obtenir des r\u00e9ponses claires est de parler directement \u00e0 notre \u00e9quipe.<\/p>\n<\/blockquote>\n<p style=\"text-align: justify;\">R\u00e9servez un appel vid\u00e9o gratuit avec un conseiller et parlez-nous de vos objectifs. Nous vous aiderons \u00e0 comprendre les options qui s'offrent \u00e0 vous, nous vous expliquerons le processus \u00e9tape par \u00e9tape et nous verrons comment nous pouvons vous aider - sans aucune obligation.<\/p>\n<h3 style=\"text-align: justify;\">Ce que vous obtiendrez lors de l'appel :<\/h3>\n<ul>\n<li style=\"text-align: justify;\">Des conseils personnalis\u00e9s en fonction de votre situation<\/li>\n<li style=\"text-align: justify;\">Des r\u00e9ponses claires sur les visas, les \u00e9tudes, le travail ou la relocalisation<\/li>\n<li style=\"text-align: justify;\">Des conseils honn\u00eates sur les prochaines \u00e9tapes et le calendrier<\/li>\n<\/ul>\n<p style=\"text-align: justify;\">Choisissez l'heure qui vous convient et r\u00e9servez votre appel vid\u00e9o ci-dessous. Nous sommes impatients de vous rencontrer.<\/p>\n\n\t\t<\/div>\n\t<\/div>\n\n\t<div class=\"wpb_text_column wpb_content_element\" >\n\t\t<div class=\"wpb_wrapper\">\n\t\t\t<div class=\"meetings-iframe-container\" data-src=\"https:\/\/meetings-eu1.hubspot.com\/marcelo-lopez-anido?embed=true\"><\/div>\n<p><script type=\"text\/javascript\" src=\"https:\/\/static.hsappstatic.net\/MeetingsEmbed\/ex\/MeetingsEmbedCode.js\"><\/script><br \/>\n<!-- End of Meetings Embed Script --><\/p>\n\n\t\t<\/div>\n\t<\/div>\n<\/div><\/div><\/div><\/div>\n<\/div>","protected":false},"excerpt":{"rendered":"Let\u2019s Talk About Your Spain Plan Thinking about moving to Spain, studying Spanish, or exploring work opportunities in Spain? The best way to get clear answers is to talk directly with our team. Book a free video call with an advisor and tell us about your goals. We\u2019ll help you...","protected":false},"author":1,"featured_media":0,"parent":0,"menu_order":0,"comment_status":"closed","ping_status":"closed","template":"","meta":{"_seopress_robots_primary_cat":"","_seopress_titles_title":"","_seopress_titles_desc":"","_seopress_robots_index":"","_daextam_enable_autolinks":"1","footnotes":""},"categories":[],"tags":[],"class_list":["post-2310","page","type-page","status-publish","hentry"],"_links":{"self":[{"href":"https:\/\/holaspain.agency\/fr\/wp-json\/wp\/v2\/pages\/2310","targetHints":{"allow":["GET"]}}],"collection":[{"href":"https:\/\/holaspain.agency\/fr\/wp-json\/wp\/v2\/pages"}],"about":[{"href":"https:\/\/holaspain.agency\/fr\/wp-json\/wp\/v2\/types\/page"}],"author":[{"embeddable":true,"href":"https:\/\/holaspain.agency\/fr\/wp-json\/wp\/v2\/users\/1"}],"replies":[{"embeddable":true,"href":"https:\/\/holaspain.agency\/fr\/wp-json\/wp\/v2\/comments?post=2310"}],"version-history":[{"count":6,"href":"https:\/\/holaspain.agency\/fr\/wp-json\/wp\/v2\/pages\/2310\/revisions"}],"predecessor-version":[{"id":2326,"href":"https:\/\/holaspain.agency\/fr\/wp-json\/wp\/v2\/pages\/2310\/revisions\/2326"}],"wp:attachment":[{"href":"https:\/\/holaspain.agency\/fr\/wp-json\/wp\/v2\/media?parent=2310"}],"wp:term":[{"taxonomy":"category","embeddable":true,"href":"https:\/\/holaspain.agency\/fr\/wp-json\/wp\/v2\/categories?post=2310"},{"taxonomy":"post_tag","embeddable":true,"href":"https:\/\/holaspain.agency\/fr\/wp-json\/wp\/v2\/tags?post=2310"}],"curies":[{"name":"wp","href":"https:\/\/api.w.org\/{rel}","templated":true}]}}