{"id":2250,"date":"2025-11-24T12:59:14","date_gmt":"2025-11-24T12:59:14","guid":{"rendered":"https:\/\/holaspain.agency\/?page_id=2250"},"modified":"2026-01-13T12:12:09","modified_gmt":"2026-01-13T12:12:09","slug":"prix-des-cours-professionnels-erasmus-plus","status":"publish","type":"page","link":"https:\/\/holaspain.agency\/fr\/erasmus-plus-professional-courses-prices\/","title":{"rendered":"Cours et prix Erasmus Plus Professional"},"content":{"rendered":"<div class=\"wpb-content-wrapper\"><div class=\"vc_row wpb_row vc_row-fluid\"><div class=\"wpb_column vc_column_container vc_col-sm-12\"><div class=\"vc_column-inner\"><div class=\"wpb_wrapper\">\n\t<div class=\"wpb_text_column wpb_content_element\" >\n\t\t<div class=\"wpb_wrapper\">\n\t\t\t<h1>Cours d'espagnol Erasmus+ en Espagne<\/h1>\n<h2>Choisissez votre destination : Madrid, Barcelone, Valence, Alicante ou Grenade<\/h2>\n<p>Spanish programmes for Erasmus+ students who need a minimum of 20 hours per week. Below you can compare 1-week and 2-week all-inclusive packages (course + accommodation + airport transfers).<\/p>\n<h3>Comparaison de 1 semaine tout compris<\/h3>\n<h5>(20h de cours + h\u00e9bergement + transferts a\u00e9roport)<\/h5>\n<p>H\u00e9bergement inclus dans cette comparaison : chambre simple dans un appartement partag\u00e9. Les totaux incluent les frais d'inscription et les frais d'h\u00e9bergement applicables.<\/p>\n<table>\n<thead>\n<tr>\n<th>Ville<\/th>\n<th>20h Cours<\/th>\n<th>H\u00e9bergement<\/th>\n<th>Frais d'inscription<\/th>\n<th>Frais d'h\u00e9bergement<\/th>\n<th>Transferts (arriv\u00e9e + d\u00e9part)<\/th>\n<th>Estimation totale (tout compris)<\/th>\n<\/tr>\n<\/thead>\n<tbody>\n<tr>\n<td class=\"city\">Alicante<\/td>\n<td>125 \u20ac<\/td>\n<td>120 \u20ac<\/td>\n<td>60 \u20ac<\/td>\n<td>\u2014<\/td>\n<td>100 \u20ac<\/td>\n<td><strong>405 \u20ac<\/strong><\/td>\n<\/tr>\n<tr>\n<td class=\"city\">Grenade<\/td>\n<td>125 \u20ac<\/td>\n<td>120 \u20ac<\/td>\n<td>60 \u20ac<\/td>\n<td>\u2014<\/td>\n<td>80 \u20ac<\/td>\n<td><strong>385 \u20ac<\/strong><\/td>\n<\/tr>\n<tr>\n<td class=\"city\">Barcelone<\/td>\n<td>135 \u20ac<\/td>\n<td>165 \u20ac<\/td>\n<td>60 \u20ac<\/td>\n<td>80 \u20ac<\/td>\n<td>180 \u20ac<\/td>\n<td><strong>620 \u20ac<\/strong><\/td>\n<\/tr>\n<tr>\n<td class=\"city\">Madrid<\/td>\n<td>170 \u20ac<\/td>\n<td>175 \u20ac<\/td>\n<td>60 \u20ac<\/td>\n<td>35 \u20ac<\/td>\n<td>130 \u20ac<\/td>\n<td><strong>570 \u20ac<\/strong><\/td>\n<\/tr>\n<tr>\n<td class=\"city\">Valence<\/td>\n<td>162 \u20ac<\/td>\n<td>215 \u20ac<\/td>\n<td>\u2014<\/td>\n<td>\u2014<\/td>\n<td>140 \u20ac<\/td>\n<td><strong>517 \u20ac<\/strong><\/td>\n<\/tr>\n<\/tbody>\n<\/table>\n<h3>Comparaison de 2 semaines tout compris<\/h3>\n<h5>(20h de cours + h\u00e9bergement + transferts a\u00e9roport)<\/h5>\n<p>H\u00e9bergement inclus dans cette comparaison : chambre simple dans un appartement partag\u00e9. Les totaux incluent les frais d'inscription et les frais d'h\u00e9bergement applicables.<\/p>\n<table>\n<thead>\n<tr>\n<th>Ville<\/th>\n<th>20h Cours<\/th>\n<th>H\u00e9bergement<\/th>\n<th>Frais d'inscription<\/th>\n<th>Frais d'h\u00e9bergement<\/th>\n<th>Transferts (arriv\u00e9e + d\u00e9part)<\/th>\n<th>Estimation totale (tout compris)<\/th>\n<\/tr>\n<\/thead>\n<tbody>\n<tr>\n<td class=\"city\">Alicante<\/td>\n<td>250 \u20ac<\/td>\n<td>240 \u20ac<\/td>\n<td>60 \u20ac<\/td>\n<td>\u2014<\/td>\n<td>100 \u20ac<\/td>\n<td><strong>650 \u20ac<\/strong><\/td>\n<\/tr>\n<tr>\n<td class=\"city\">Grenade<\/td>\n<td>250 \u20ac<\/td>\n<td>240 \u20ac<\/td>\n<td>60 \u20ac<\/td>\n<td>\u2014<\/td>\n<td>80 \u20ac<\/td>\n<td><strong>630 \u20ac<\/strong><\/td>\n<\/tr>\n<tr>\n<td class=\"city\">Barcelone<\/td>\n<td>270 \u20ac<\/td>\n<td>330 \u20ac<\/td>\n<td>60 \u20ac<\/td>\n<td>80 \u20ac<\/td>\n<td>180 \u20ac<\/td>\n<td><strong>920 \u20ac<\/strong><\/td>\n<\/tr>\n<tr>\n<td class=\"city\">Madrid<\/td>\n<td>340 \u20ac<\/td>\n<td>350 \u20ac<\/td>\n<td>60 \u20ac<\/td>\n<td>35 \u20ac<\/td>\n<td>130 \u20ac<\/td>\n<td><strong>915 \u20ac<\/strong><\/td>\n<\/tr>\n<tr>\n<td class=\"city\">Valence<\/td>\n<td>284 \u20ac<\/td>\n<td>430 \u20ac<\/td>\n<td>\u2014<\/td>\n<td>\u2014<\/td>\n<td>140 \u20ac<\/td>\n<td><strong>854 \u20ac<\/strong><\/td>\n<\/tr>\n<\/tbody>\n<\/table>\n<h3>Exigence Erasmus+ : 20 heures par semaine<\/h3>\n<p>To meet Erasmus+ requirements, the recommended option is a 20-hour per week intensive course. A placement test and a participation certificate are provided.<\/p>\n<h2>Informations sur la salle de bain de l'h\u00e9bergement<\/h2>\n<p>Les h\u00e9bergements sont g\u00e9n\u00e9ralement dot\u00e9s d'une salle de bain commune. Si vous pr\u00e9f\u00e9rez une salle de bain priv\u00e9e, vous pouvez en faire la demande ; elle est soumise \u00e0 disponibilit\u00e9 et peut entra\u00eener un co\u00fbt suppl\u00e9mentaire.<\/p>\n<h2>Ce qui est inclus dans l'exp\u00e9rience<\/h2>\n<ul>\n<li>20 heures par semaine de cours d'espagnol (conforme \u00e0 Erasmus+)<\/li>\n<li>Test d'\u00e9valuation<\/li>\n<li>Certificat de participation<\/li>\n<li>Cours et activit\u00e9s culturels quotidiens<\/li>\n<li>Activit\u00e9s de week-end disponibles (gratuites et payantes). Les activit\u00e9s payantes doivent \u00eatre r\u00e9serv\u00e9es le premier jour des cours.<\/li>\n<\/ul>\n<h2>Note sur les transferts<\/h2>\n<p>Les transferts a\u00e9roportuaires peuvent \u00eatre organis\u00e9s en suppl\u00e9ment, mais nous recommandons vivement de les inclure pour une totale tranquillit\u00e9 d'esprit \u00e0 l'arriv\u00e9e et au d\u00e9part. C'est pourquoi les totaux ci-dessus sont indiqu\u00e9s comme \u00e9tant tout compris.<\/p>\n<h2>Comment r\u00e9server<\/h2>\n<ol>\n<li>Choisissez votre ville et la dur\u00e9e (1 ou 2 semaines)<\/li>\n<li>Confirmez votre niveau et la date de d\u00e9but souhait\u00e9e<\/li>\n<li>Nous demandons une confirmation de la disponibilit\u00e9 (cours + h\u00e9bergement + transferts).<\/li>\n<li>Vous effectuez l'inscription et le paiement<\/li>\n<li>Vous recevez une confirmation officielle et de la documentation<\/li>\n<li>Le premier jour, vous pouvez r\u00e9server les activit\u00e9s payantes du week-end auxquelles vous souhaitez participer.<\/li>\n<\/ol>\n\n\t\t<\/div>\n\t<\/div>\n<section class=\"vc_cta3-container\"><div class=\"vc_general vc_do_cta3 vc_cta3 vc_cta3-style-outline vc_cta3-shape-rounded vc_cta3-align-left vc_cta3-color-classic vc_cta3-icon-size-md vc_cta3-icons-left vc_cta3-actions-right\"><div class=\"vc_cta3-icons\"><div class=\"vc_icon_element vc_icon_element-outer vc_do_icon vc_icon_element-align-left\"><div class=\"vc_icon_element-inner vc_icon_element-color-turquoise vc_icon_element-size-md vc_icon_element-style- vc_icon_element-background-color-grey\" ><span class=\"vc_icon_element-icon fa fa-solid fa-arrow-right-from-bracket\" ><\/span><\/div><\/div><\/div><div class=\"vc_cta3_content-container\"><div class=\"vc_cta3-content\"><header class=\"vc_cta3-content-header\"><h2>Pr\u00eat \u00e0 planifier votre voyage Erasmus+ ?<\/h2><\/header><p style=\"text-align: justify;\" data-pm-slice=\"0 0 &#091;&#093;\">Indiquez-nous la ville, la date de d\u00e9but et la dur\u00e9e de votre s\u00e9jour, et nous vous enverrons un devis personnalis\u00e9 tout compris. Nous vous aiderons pas \u00e0 pas en vous indiquant les disponibilit\u00e9s, les r\u00e9servations, les d\u00e9tails de l'arriv\u00e9e et tout ce dont vous avez besoin pour d\u00e9marrer en toute tranquillit\u00e9.<\/p>\n<\/div><div class=\"vc_cta3-actions\"><div class=\"vc_btn3-container vc_btn3-inline vc_do_btn\" ><a class=\"vc_general vc_btn3 vc_btn3-size-md vc_btn3-shape-rounded vc_btn3-style-modern vc_btn3-color-info\" href=\"https:\/\/holaspain.agency\/fr\/#contact\" title=\"\">Prendre contact aujourd'hui<\/a><\/div><\/div><\/div><\/div><\/section><\/div><\/div><\/div><\/div>\n<\/div>","protected":false},"excerpt":{"rendered":"<p>All-inclusive Erasmus+ Spanish courses in Spain. Study 20h\/week in Madrid, Barcelona, Valencia, Alicante or Granada with accommodation, activities and transfers.<\/p>","protected":false},"author":1,"featured_media":2372,"parent":0,"menu_order":0,"comment_status":"closed","ping_status":"closed","template":"","meta":{"_seopress_robots_primary_cat":"","_seopress_titles_title":"%%sitetitle%% %%sep%% Erasmus+ \u2013 Courses and Prices","_seopress_titles_desc":"All-inclusive Erasmus+ courses in Spain. Study 20h\/week in Madrid, Barcelona, Valencia, Alicante or Granada with accommodation, activities and transfers.","_seopress_robots_index":"","_daextam_enable_autolinks":"1","footnotes":""},"categories":[],"tags":[],"class_list":["post-2250","page","type-page","status-publish","has-post-thumbnail","hentry"],"_links":{"self":[{"href":"https:\/\/holaspain.agency\/fr\/wp-json\/wp\/v2\/pages\/2250","targetHints":{"allow":["GET"]}}],"collection":[{"href":"https:\/\/holaspain.agency\/fr\/wp-json\/wp\/v2\/pages"}],"about":[{"href":"https:\/\/holaspain.agency\/fr\/wp-json\/wp\/v2\/types\/page"}],"author":[{"embeddable":true,"href":"https:\/\/holaspain.agency\/fr\/wp-json\/wp\/v2\/users\/1"}],"replies":[{"embeddable":true,"href":"https:\/\/holaspain.agency\/fr\/wp-json\/wp\/v2\/comments?post=2250"}],"version-history":[{"count":14,"href":"https:\/\/holaspain.agency\/fr\/wp-json\/wp\/v2\/pages\/2250\/revisions"}],"predecessor-version":[{"id":2375,"href":"https:\/\/holaspain.agency\/fr\/wp-json\/wp\/v2\/pages\/2250\/revisions\/2375"}],"wp:featuredmedia":[{"embeddable":true,"href":"https:\/\/holaspain.agency\/fr\/wp-json\/wp\/v2\/media\/2372"}],"wp:attachment":[{"href":"https:\/\/holaspain.agency\/fr\/wp-json\/wp\/v2\/media?parent=2250"}],"wp:term":[{"taxonomy":"category","embeddable":true,"href":"https:\/\/holaspain.agency\/fr\/wp-json\/wp\/v2\/categories?post=2250"},{"taxonomy":"post_tag","embeddable":true,"href":"https:\/\/holaspain.agency\/fr\/wp-json\/wp\/v2\/tags?post=2250"}],"curies":[{"name":"wp","href":"https:\/\/api.w.org\/{rel}","templated":true}]}}