{"id":2240,"date":"2025-11-24T11:15:15","date_gmt":"2025-11-24T11:15:15","guid":{"rendered":"https:\/\/holaspain.agency\/?page_id=2240"},"modified":"2026-02-03T14:31:36","modified_gmt":"2026-02-03T14:31:36","slug":"programmes-dimmersion-sportive-en-espagne","status":"publish","type":"page","link":"https:\/\/holaspain.agency\/fr\/sports-immersion-programmes-in-spain\/","title":{"rendered":"Programmes d'immersion sportive en Espagne"},"content":{"rendered":"<div class=\"wpb-content-wrapper\"><div class=\"vc_row wpb_row vc_row-fluid\"><div class=\"wpb_column vc_column_container vc_col-sm-12\"><div class=\"vc_column-inner\"><div class=\"wpb_wrapper\">\n\t<div class=\"wpb_text_column wpb_content_element\" >\n\t\t<div class=\"wpb_wrapper\">\n\t\t\t<h1 style=\"text-align: justify;\">Programmes d'immersion sportive en Espagne<\/h1>\n<p style=\"text-align: justify;\"><em>Entra\u00eenez-vous, participez \u00e0 des comp\u00e9titions et am\u00e9liorez vos comp\u00e9tences au c\u0153ur de l'Espagne<\/em><\/p>\n<blockquote>\n<p style=\"text-align: justify;\">Emmenez votre \u00e9quipe ou votre groupe en Espagne pour un <strong>exp\u00e9rience sportive immersive<\/strong> con\u00e7us pour d\u00e9velopper les comp\u00e9tences, le travail d'\u00e9quipe et la confiance en soi. Nos programmes sont enti\u00e8rement ax\u00e9s sur <strong>le football, le basket-ball et d'autres sports d'\u00e9quipe<\/strong>, L'objectif de ce programme est d'offrir \u00e0 tous les enfants une \u00e9ducation de qualit\u00e9, en combinant un encadrement professionnel avec des s\u00e9ances d'entra\u00eenement structur\u00e9es et des comp\u00e9titions r\u00e9elles.<\/p>\n<\/blockquote>\n<h2 style=\"text-align: justify;\">Pourquoi choisir les programmes sportifs de HolaSpain ?<\/h2>\n<ul style=\"text-align: justify;\">\n<li><strong>Une \u00e9quipe d'entra\u00eeneurs experts<\/strong> avec exp\u00e9rience professionnelle<\/li>\n<li><strong>Des programmes de formation structur\u00e9s<\/strong> pour le d\u00e9veloppement des comp\u00e9tences et la compr\u00e9hension tactique<\/li>\n<li><strong>Activit\u00e9s de renforcement de l'esprit d'\u00e9quipe<\/strong> renforcer la coh\u00e9sion et la communication<\/li>\n<li><strong>Matchs et tournois comp\u00e9titifs<\/strong> contre des \u00e9quipes locales<\/li>\n<li><strong>Programmes personnalis\u00e9s<\/strong> pour tous les niveaux, du d\u00e9butant au joueur confirm\u00e9<\/li>\n<li><strong>Environnement s\u00fbr et supervis\u00e9<\/strong> avec un soutien m\u00e9dical disponible<\/li>\n<\/ul>\n<h3 style=\"text-align: justify;\">Options du programme<\/h3>\n<ul style=\"text-align: justify;\">\n<li>Camps d'\u00e9t\u00e9 de football et de basket-ball<\/li>\n<li>Programmes de d\u00e9veloppement des joueurs<\/li>\n<li>Tourn\u00e9es d'\u00e9quipes et programmes d'entra\u00eenement<\/li>\n<li>Stages d'entra\u00eeneurs adjoints et stages dans l'industrie du sport<\/li>\n<li>Tournois du week-end et matches amicaux<\/li>\n<\/ul>\n<h2 style=\"text-align: justify;\">Localisation des sites<\/h2>\n<p style=\"text-align: justify;\">S'entra\u00eener et jouer dans les plus grandes villes espagnoles comme <strong>Valence<\/strong>, Le sport est un sport de masse, avec un acc\u00e8s \u00e0 des installations de classe mondiale, \u00e0 des stades professionnels et \u00e0 des centres d'entra\u00eenement. Combinez un entra\u00eenement intense avec une exp\u00e9rience de jeu r\u00e9elle dans un environnement s\u00fbr et stimulant.<\/p>\n<h2 style=\"text-align: justify;\">Pourquoi les \u00e9tudiants aiment nos programmes sportifs<\/h2>\n<ul style=\"text-align: justify;\">\n<li>Am\u00e9liorer les comp\u00e9tences techniques et tactiques<\/li>\n<li>Renforcer le travail d'\u00e9quipe et le leadership<\/li>\n<li>D\u00e9couvrez la culture sportive espagnole de premi\u00e8re main<\/li>\n<li>Rencontrer des pairs de toute l'Europe<\/li>\n<li>Des sessions structur\u00e9es, stimulantes et amusantes<\/li>\n<\/ul>\n<blockquote>\n<p style=\"text-align: justify;\">Ne manquez pas l'occasion d'offrir \u00e0 votre \u00e9quipe une exp\u00e9rience inoubliable en Espagne. Avec le programme HolaSpain <strong>un coaching d'experts, des programmes sur mesure et un soutien complet<\/strong>, vos joueurs <strong>s'entra\u00eener plus dur, jouer plus intelligemment et grandir en tant qu'\u00e9quipe<\/strong>. <strong>Contactez-nous d\u00e8s aujourd'hui<\/strong> pour obtenir votre place et faire passer votre \u00e9quipe au niveau sup\u00e9rieur.<\/p>\n<\/blockquote>\n\n\t\t<\/div>\n\t<\/div>\n<section class=\"vc_cta3-container\"><div class=\"vc_general vc_do_cta3 vc_cta3 vc_cta3-style-outline vc_cta3-shape-rounded vc_cta3-align-left vc_cta3-color-classic vc_cta3-icon-size-md vc_cta3-icons-left vc_cta3-actions-right\"><div class=\"vc_cta3-icons\"><div class=\"vc_icon_element vc_icon_element-outer vc_do_icon vc_icon_element-align-left\"><div class=\"vc_icon_element-inner vc_icon_element-color-turquoise vc_icon_element-size-md vc_icon_element-style- vc_icon_element-background-color-grey\" ><span class=\"vc_icon_element-icon fa fa-solid fa-arrow-right-from-bracket\" ><\/span><\/div><\/div><\/div><div class=\"vc_cta3_content-container\"><div class=\"vc_cta3-content\"><header class=\"vc_cta3-content-header\"><h2>Pr\u00eat \u00e0 renforcer votre \u00e9quipe ?<\/h2><\/header><p style=\"text-align: justify;\"><strong>Demandez d\u00e8s aujourd'hui des exemples de programmes, d'horaires et de prix. HolaSpain propose des programmes sportifs personnalis\u00e9s, un encadrement professionnel et une assistance compl\u00e8te de l'arriv\u00e9e au d\u00e9part, afin de garantir \u00e0 votre \u00e9quipe une exp\u00e9rience inoubliable et sans faille.<\/strong><\/p>\n<\/div><div class=\"vc_cta3-actions\"><div class=\"vc_btn3-container vc_btn3-inline vc_do_btn\" ><a class=\"vc_general vc_btn3 vc_btn3-size-md vc_btn3-shape-rounded vc_btn3-style-modern vc_btn3-color-info\" href=\"https:\/\/holaspain.agency\/fr\/#contact\" title=\"\">Prendre contact aujourd'hui<\/a><\/div><\/div><\/div><\/div><\/section><\/div><\/div><\/div><\/div>\n<\/div>","protected":false},"excerpt":{"rendered":"<p>Offrez \u00e0 votre \u00e9quipe de jeunes une exp\u00e9rience sportive inoubliable en Espagne avec HolaSpain : un encadrement professionnel, une formation personnalis\u00e9e et un soutien complet du d\u00e9but \u00e0 la fin.<\/p>","protected":false},"author":1,"featured_media":2242,"parent":0,"menu_order":0,"comment_status":"closed","ping_status":"closed","template":"","meta":{"_seopress_robots_primary_cat":"","_seopress_titles_title":"%%sitetitle%% %%sep%% Sports immersion programmes","_seopress_titles_desc":"Sports immersion programmes in Spain for youth teams. Custom training, professional coaching, and full support with HolaSpain.","_seopress_robots_index":"","_daextam_enable_autolinks":"1","footnotes":""},"categories":[62],"tags":[],"class_list":["post-2240","page","type-page","status-publish","has-post-thumbnail","hentry","category-courses"],"_links":{"self":[{"href":"https:\/\/holaspain.agency\/fr\/wp-json\/wp\/v2\/pages\/2240","targetHints":{"allow":["GET"]}}],"collection":[{"href":"https:\/\/holaspain.agency\/fr\/wp-json\/wp\/v2\/pages"}],"about":[{"href":"https:\/\/holaspain.agency\/fr\/wp-json\/wp\/v2\/types\/page"}],"author":[{"embeddable":true,"href":"https:\/\/holaspain.agency\/fr\/wp-json\/wp\/v2\/users\/1"}],"replies":[{"embeddable":true,"href":"https:\/\/holaspain.agency\/fr\/wp-json\/wp\/v2\/comments?post=2240"}],"version-history":[{"count":3,"href":"https:\/\/holaspain.agency\/fr\/wp-json\/wp\/v2\/pages\/2240\/revisions"}],"predecessor-version":[{"id":2244,"href":"https:\/\/holaspain.agency\/fr\/wp-json\/wp\/v2\/pages\/2240\/revisions\/2244"}],"wp:featuredmedia":[{"embeddable":true,"href":"https:\/\/holaspain.agency\/fr\/wp-json\/wp\/v2\/media\/2242"}],"wp:attachment":[{"href":"https:\/\/holaspain.agency\/fr\/wp-json\/wp\/v2\/media?parent=2240"}],"wp:term":[{"taxonomy":"category","embeddable":true,"href":"https:\/\/holaspain.agency\/fr\/wp-json\/wp\/v2\/categories?post=2240"},{"taxonomy":"post_tag","embeddable":true,"href":"https:\/\/holaspain.agency\/fr\/wp-json\/wp\/v2\/tags?post=2240"}],"curies":[{"name":"wp","href":"https:\/\/api.w.org\/{rel}","templated":true}]}}