{"id":2124,"date":"2025-11-10T16:04:06","date_gmt":"2025-11-10T16:04:06","guid":{"rendered":"https:\/\/holaspain.agency\/?page_id=2124"},"modified":"2026-01-13T14:03:37","modified_gmt":"2026-01-13T14:03:37","slug":"voyages-en-espagne-pour-les-groupes-scolaires","status":"publish","type":"page","link":"https:\/\/holaspain.agency\/fr\/spanish-trips-for-school-groups\/","title":{"rendered":"Voyages en Espagne pour les groupes scolaires"},"content":{"rendered":"<div class=\"wpb-content-wrapper\"><div class=\"vc_row wpb_row vc_row-fluid\"><div class=\"wpb_column vc_column_container vc_col-sm-8\"><div class=\"vc_column-inner\"><div class=\"wpb_wrapper\">\n\t<div class=\"wpb_text_column wpb_content_element\" >\n\t\t<div class=\"wpb_wrapper\">\n\t\t\t<h1 style=\"text-align: justify;\">Voyages en Espagne pour les groupes scolaires<\/h1>\n<p style=\"text-align: justify;\"><em>Programmes sur mesure pour les \u00e9coles secondaires - Voyages de groupe - Immersion \u00e9ducative<\/em><\/p>\n\n\t\t<\/div>\n\t<\/div>\n<\/div><\/div><\/div><div class=\"wpb_column vc_column_container vc_col-sm-4\"><div class=\"vc_column-inner\"><div class=\"wpb_wrapper\"><div class=\"vc_btn3-container vc_btn3-inline vc_do_btn\" ><a class=\"vc_general vc_btn3 vc_btn3-size-md vc_btn3-shape-rounded vc_btn3-style-modern vc_btn3-color-juicy-pink\" href=\"https:\/\/holaspain.agency\/wp-content\/uploads\/2026\/01\/holaspain-brochure-for-school-groups.pdf\" title=\"\" target=\"_blank\">T\u00e9l\u00e9charger notre brochure pour les groupes scolaires<\/a><\/div><\/div><\/div><\/div><\/div><div class=\"vc_row wpb_row vc_row-fluid\"><div class=\"wpb_column vc_column_container vc_col-sm-12\"><div class=\"vc_column-inner\"><div class=\"wpb_wrapper\">\n\t<div class=\"wpb_text_column wpb_content_element\" >\n\t\t<div class=\"wpb_wrapper\">\n\t\t\t<p style=\"text-align: justify;\">HolaSpain organise des programmes accr\u00e9dit\u00e9s d'immersion en Espagne pour les groupes scolaires. Chaque voyage combine un apprentissage dynamique de la langue avec des exp\u00e9riences culturelles, sociales et \u00e9ducatives, con\u00e7ues pour motiver les \u00e9l\u00e8ves et renforcer leur espagnol dans des contextes r\u00e9els.<\/p>\n<h2 style=\"text-align: justify;\">Options du programme - Cours d'espagnol pour groupes scolaires<\/h2>\n<ul style=\"text-align: justify;\">\n<li><strong>Immersion d'une semaine<\/strong> - Id\u00e9al pour les voyages scolaires et les premi\u00e8res exp\u00e9riences culturelles \u00e0 l'\u00e9tranger.<\/li>\n<li><strong>Programme de 2 semaines<\/strong> - Apprentissage \u00e9quilibr\u00e9 de la langue et d\u00e9couverte de la culture.<\/li>\n<li><strong>S\u00e9jour prolong\u00e9 de 3 semaines<\/strong> - Approfondissement des progr\u00e8s linguistiques et int\u00e9gration compl\u00e8te dans la vie espagnole.<\/li>\n<\/ul>\n<p style=\"text-align: justify;\">Les cours comprennent g\u00e9n\u00e9ralement <strong>15 \u00e0 20 heures de cours d'espagnol par semaine<\/strong>, Le programme est compl\u00e9t\u00e9 par des ateliers culturels, des excursions et des activit\u00e9s encadr\u00e9es.<\/p>\n<h3 style=\"text-align: justify;\">Ce qui est inclus dans chaque programme<\/h3>\n<ul style=\"text-align: justify;\">\n<li>Cours d'espagnol (tous niveaux) avec des professeurs natifs qualifi\u00e9s<\/li>\n<li>Activit\u00e9s culturelles et r\u00e9cr\u00e9atives quotidiennes<\/li>\n<li>H\u00e9bergement en pension compl\u00e8te dans des familles d'accueil ou des r\u00e9sidences<\/li>\n<li>Transferts \u00e0 l'a\u00e9roport, transports locaux et excursions guid\u00e9es<\/li>\n<li>Supervision locale et assistance d'urgence 24 heures sur 24 et 7 jours sur 7<\/li>\n<li>Certificat de participation pour chaque \u00e9tudiant<\/li>\n<\/ul>\n<h3 style=\"text-align: justify;\">R\u00e9sultats de l'apprentissage - Immersion \u00e9ducative et culturelle<\/h3>\n<ul style=\"text-align: justify;\">\n<li>Am\u00e9liorer les comp\u00e9tences de communication en espagnol gr\u00e2ce \u00e0 la pratique de la vie r\u00e9elle<\/li>\n<li>D\u00e9velopper la conscience culturelle et l'ind\u00e9pendance dans un environnement s\u00fbr<\/li>\n<li>D\u00e9couvrez les traditions, la gastronomie et la vie quotidienne authentiques de l'Espagne.<\/li>\n<li>D\u00e9velopper le travail d'\u00e9quipe et la confiance en soi en dehors de la salle de classe<\/li>\n<\/ul>\n<h3 style=\"text-align: justify;\">Destinations pour les groupes scolaires en Espagne<\/h3>\n<p style=\"text-align: justify;\">HolaSpain collabore avec des \u00e9coles accr\u00e9dit\u00e9es dans les pays suivants <strong>Alicante, Valence, Madrid, Barcelone, Malaga, Salamanque, S\u00e9ville et Grenade<\/strong>. Chaque destination offre un environnement s\u00fbr, un riche patrimoine culturel et des \u00e9tablissements d'enseignement de qualit\u00e9.<\/p>\n<h3 style=\"text-align: justify;\">Coordination et soutien du groupe<\/h3>\n<p style=\"text-align: justify;\">Depuis la premi\u00e8re demande jusqu'au retour du groupe, HolaSpain g\u00e8re chaque d\u00e9tail - planification des cours, documentation, transferts, h\u00e9bergement et assistance en cas d'urgence. Un coordinateur local est disponible 24 heures sur 24 et 7 jours sur 7 pour garantir une exp\u00e9rience sans heurts et en toute s\u00e9curit\u00e9 pour les \u00e9tudiants et les enseignants.<\/p>\n<blockquote>\n<p style=\"text-align: justify;\">Ces programmes sont con\u00e7us pour les \u00e9coles secondaires, les coll\u00e8ges et les \u00e9tablissements d'enseignement \u00e0 la recherche d'exp\u00e9riences authentiques d'immersion linguistique en Espagne. Tous les programmes sont flexibles et peuvent \u00eatre adapt\u00e9s \u00e0 l'\u00e2ge, au niveau et aux objectifs p\u00e9dagogiques de chaque groupe. Disponible pour Erasmus+ et PCTO. .<\/p>\n<\/blockquote>\n\n\t\t<\/div>\n\t<\/div>\n<section class=\"vc_cta3-container\"><div class=\"vc_general vc_do_cta3 vc_cta3 vc_cta3-style-outline vc_cta3-shape-rounded vc_cta3-align-left vc_cta3-color-classic vc_cta3-icon-size-md vc_cta3-icons-left vc_cta3-actions-right\"><div class=\"vc_cta3-icons\"><div class=\"vc_icon_element vc_icon_element-outer vc_do_icon vc_icon_element-align-left\"><div class=\"vc_icon_element-inner vc_icon_element-color-turquoise vc_icon_element-size-md vc_icon_element-style- vc_icon_element-background-color-grey\" ><span class=\"vc_icon_element-icon fa fa-solid fa-arrow-right-from-bracket\" ><\/span><\/div><\/div><\/div><div class=\"vc_cta3_content-container\"><div class=\"vc_cta3-content\"><header class=\"vc_cta3-content-header\"><h2>Commencez votre aventure espagnole d\u00e8s aujourd'hui !<\/h2><\/header><p>Vous avez des questions ou vous souhaitez trouver le cours d'espagnol id\u00e9al ? Contactez HolaSpain aujourd'hui et laissez-nous vous aider \u00e0 planifier votre exp\u00e9rience d'apprentissage en Espagne.<\/p>\n<\/div><div class=\"vc_cta3-actions\"><div class=\"vc_btn3-container vc_btn3-inline vc_do_btn\" ><a class=\"vc_general vc_btn3 vc_btn3-size-md vc_btn3-shape-rounded vc_btn3-style-modern vc_btn3-color-info\" href=\"https:\/\/holaspain.agency\/fr\/#contact\" title=\"\">Prendre contact aujourd'hui<\/a><\/div><\/div><\/div><\/div><\/section><\/div><\/div><\/div><\/div>\n<\/div>","protected":false},"excerpt":{"rendered":"<p>Voyages d'immersion personnalis\u00e9s pour les groupes scolaires avec cours d'espagnol, visites culturelles et exp\u00e9riences r\u00e9elles. Chaque programme s'adapte \u00e0 l'\u00e2ge et au niveau du groupe, en garantissant une s\u00e9curit\u00e9 et une coordination totales.<\/p>","protected":false},"author":1,"featured_media":2149,"parent":0,"menu_order":0,"comment_status":"closed","ping_status":"closed","template":"","meta":{"_seopress_robots_primary_cat":"","_seopress_titles_title":"%%sitetitle%% %%sep%% %%post_title%%","_seopress_titles_desc":"Spanish trips for school groups. Learn Spanish in Spain with lessons, activities, host families, and full supervision.","_seopress_robots_index":"","_daextam_enable_autolinks":"1","footnotes":""},"categories":[62],"tags":[],"class_list":["post-2124","page","type-page","status-publish","has-post-thumbnail","hentry","category-courses"],"_links":{"self":[{"href":"https:\/\/holaspain.agency\/fr\/wp-json\/wp\/v2\/pages\/2124","targetHints":{"allow":["GET"]}}],"collection":[{"href":"https:\/\/holaspain.agency\/fr\/wp-json\/wp\/v2\/pages"}],"about":[{"href":"https:\/\/holaspain.agency\/fr\/wp-json\/wp\/v2\/types\/page"}],"author":[{"embeddable":true,"href":"https:\/\/holaspain.agency\/fr\/wp-json\/wp\/v2\/users\/1"}],"replies":[{"embeddable":true,"href":"https:\/\/holaspain.agency\/fr\/wp-json\/wp\/v2\/comments?post=2124"}],"version-history":[{"count":11,"href":"https:\/\/holaspain.agency\/fr\/wp-json\/wp\/v2\/pages\/2124\/revisions"}],"predecessor-version":[{"id":2384,"href":"https:\/\/holaspain.agency\/fr\/wp-json\/wp\/v2\/pages\/2124\/revisions\/2384"}],"wp:featuredmedia":[{"embeddable":true,"href":"https:\/\/holaspain.agency\/fr\/wp-json\/wp\/v2\/media\/2149"}],"wp:attachment":[{"href":"https:\/\/holaspain.agency\/fr\/wp-json\/wp\/v2\/media?parent=2124"}],"wp:term":[{"taxonomy":"category","embeddable":true,"href":"https:\/\/holaspain.agency\/fr\/wp-json\/wp\/v2\/categories?post=2124"},{"taxonomy":"post_tag","embeddable":true,"href":"https:\/\/holaspain.agency\/fr\/wp-json\/wp\/v2\/tags?post=2124"}],"curies":[{"name":"wp","href":"https:\/\/api.w.org\/{rel}","templated":true}]}}