{"id":2123,"date":"2025-11-10T16:04:04","date_gmt":"2025-11-10T16:04:04","guid":{"rendered":"https:\/\/holaspain.agency\/?page_id=2123"},"modified":"2026-02-05T18:23:18","modified_gmt":"2026-02-05T18:23:18","slug":"cours-despagnol-a-long-terme-pour-adultes","status":"publish","type":"page","link":"https:\/\/holaspain.agency\/fr\/long-term-spanish-courses-for-adults\/","title":{"rendered":"Cours d'espagnol \u00e0 long terme pour adultes"},"content":{"rendered":"<div class=\"wpb-content-wrapper\"><div class=\"vc_row wpb_row vc_row-fluid\"><div class=\"wpb_column vc_column_container vc_col-sm-12\"><div class=\"vc_column-inner\"><div class=\"wpb_wrapper\">\n\t<div class=\"wpb_text_column wpb_content_element\" >\n\t\t<div class=\"wpb_wrapper\">\n\t\t\t<h1 style=\"text-align: justify;\">Cours d'espagnol \u00e0 long terme en Espagne pour adultes<\/h1>\n<p style=\"text-align: justify;\"><em>Valable pour les demandes de visa 2026-2027<\/em><\/p>\n<blockquote>\n<p style=\"text-align: justify;\">HolaSpain propose des cours d'espagnol \u00e0 long terme accr\u00e9dit\u00e9s en Espagne pour les \u00e9tudiants qui ont besoin d'un visa d'\u00e9tudes. Nos programmes combinent des cours de langue, une immersion culturelle et une assistance compl\u00e8te avant et pendant votre s\u00e9jour en Espagne.<\/p>\n<\/blockquote>\n\n\t\t<\/div>\n\t<\/div>\n<\/div><\/div><\/div><\/div><div class=\"vc_row wpb_row vc_row-fluid\"><div class=\"wpb_column vc_column_container vc_col-sm-12\"><div class=\"vc_column-inner\"><div class=\"wpb_wrapper\">\n\t<div class=\"wpb_text_column wpb_content_element\" >\n\t\t<div class=\"wpb_wrapper\">\n\t\t\t<h2 style=\"text-align: justify;\">Options du programme - Cours d'espagnol \u00e0 long terme<\/h2>\n<ul style=\"text-align: justify;\">\n<li><strong>Cours semestriel<\/strong> - 22 semaines de cours + 4 semaines de vacances<\/li>\n<li><strong>Cours d'une ann\u00e9e enti\u00e8re<\/strong> - 44 semaines de cours + 8 semaines de vacances<\/li>\n<\/ul>\n<p style=\"text-align: justify;\">Les cours sont disponibles avec <strong>20 ou 25 heures par semaine<\/strong>, En fonction de vos objectifs d'apprentissage et des conditions d'obtention de votre visa.<\/p>\n<h3 style=\"text-align: justify;\">Ce qui est inclus dans votre cours d'espagnol<\/h3>\n<ul style=\"text-align: justify;\">\n<li>Cours intensifs (tous niveaux) avec des professeurs qualifi\u00e9s<\/li>\n<li>Certificat de participation et d'ach\u00e8vement<\/li>\n<li>Assistance au transport local et excursions culturelles<\/li>\n<li>Assistance locale 24\/7 et conseils en mati\u00e8re de visas<\/li>\n<li>H\u00e9bergement et transferts a\u00e9roportuaires sur demande<\/li>\n<\/ul>\n<h3 style=\"text-align: justify;\">R\u00e9sultats d'apprentissage - Apprendre l'espagnol en Espagne<\/h3>\n<ul style=\"text-align: justify;\">\n<li>D\u00e9velopper la confiance en soi pour parler espagnol dans les situations de la vie quotidienne<\/li>\n<li>Am\u00e9liorer la grammaire, le vocabulaire et la prononciation<\/li>\n<li>Comprendre la culture et les traditions espagnoles<\/li>\n<li>Se pr\u00e9parer aux examens officiels tels que le DELE ou le SIELE (facultatif)<\/li>\n<\/ul>\n<h3 style=\"text-align: justify;\">Options de logement pour les \u00e9tudiants<\/h3>\n<ul style=\"text-align: justify;\">\n<li>S\u00e9lectionn\u00e9s avec soin <strong>familles d'accueil<\/strong> pour une immersion totale<\/li>\n<li><strong>R\u00e9sidences pour \u00e9tudiants<\/strong> avec supervision et installations communes<\/li>\n<li>Appartements priv\u00e9s disponibles sur demande<\/li>\n<\/ul>\n<h3 style=\"text-align: justify;\">Destinations d'\u00e9tudes en Espagne<\/h3>\n<p style=\"text-align: justify;\">Choisissez parmi les destinations les plus pris\u00e9es d'Espagne, notamment <strong>Alicante, Valence, Madrid, Barcelone, Malaga, Salamanque et S\u00e9ville<\/strong>. Toutes les \u00e9coles partenaires sont accr\u00e9dit\u00e9es et situ\u00e9es au centre, offrant des installations modernes et un environnement accueillant.<\/p>\n<h3 style=\"text-align: justify;\">Aide aux \u00e9tudiants et conseils sur les visas<\/h3>\n<p style=\"text-align: justify;\">HolaSpain fournit tous les documents requis pour les demandes de visa, y compris le formulaire officiel de demande de visa. <strong>lettre d'inscription<\/strong> et <strong>confirmation de paiement<\/strong>. Notre \u00e9quipe vous assiste tout au long du processus jusqu'\u00e0 votre arriv\u00e9e en Espagne.<\/p>\n<blockquote>\n<p style=\"text-align: justify;\">Ces programmes sont con\u00e7us pour les apprenants adultes \u00e2g\u00e9s de 18 ans et plus qui souhaitent vivre et \u00e9tudier en Espagne pendant 6 \u00e0 12 mois. Aucune connaissance pr\u00e9alable de l'espagnol n'est requise. Disponible pour Bildungsurlaub, Erasmus+ et CSN (Centrala studiest\u00f6dsn\u00e4mnden).<\/p>\n<\/blockquote>\n\n\t\t<\/div>\n\t<\/div>\n<\/div><\/div><\/div><\/div><div class=\"vc_row wpb_row vc_row-fluid\"><div class=\"wpb_column vc_column_container vc_col-sm-6\"><div class=\"vc_column-inner\"><div class=\"wpb_wrapper\"><div class=\"vc_btn3-container vc_btn3-center vc_do_btn\" ><a class=\"vc_general vc_btn3 vc_btn3-size-lg vc_btn3-shape-rounded vc_btn3-style-modern vc_btn3-color-black\" href=\"https:\/\/holaspain.agency\/fr\/frais-de-cours-despagnol-a-long-terme\/\" title=\"Frais des cours d&#039;espagnol \u00e0 long terme\">Comparer les prix et obtenir la meilleure option<\/a><\/div><\/div><\/div><\/div><div class=\"wpb_column vc_column_container vc_col-sm-6\"><div class=\"vc_column-inner\"><div class=\"wpb_wrapper\"><div class=\"vc_btn3-container vc_btn3-center vc_do_btn\" ><a class=\"vc_general vc_btn3 vc_btn3-size-lg vc_btn3-shape-rounded vc_btn3-style-modern vc_btn3-color-black\" href=\"https:\/\/holaspain.agency\/fr\/cours-despagnol-a-long-terme-faqs\/\" title=\"Frais des cours d&#039;espagnol \u00e0 long terme\">Obtenir des r\u00e9ponses pour Mon plan d'\u00e9tudes en Espagne<\/a><\/div><\/div><\/div><\/div><\/div><div class=\"vc_row wpb_row vc_row-fluid\"><div class=\"wpb_column vc_column_container vc_col-sm-12\"><div class=\"vc_column-inner\"><div class=\"wpb_wrapper\"><section class=\"vc_cta3-container\"><div class=\"vc_general vc_do_cta3 vc_cta3 vc_cta3-style-outline vc_cta3-shape-rounded vc_cta3-align-left vc_cta3-color-classic vc_cta3-icon-size-md vc_cta3-icons-left vc_cta3-actions-right\"><div class=\"vc_cta3-icons\"><div class=\"vc_icon_element vc_icon_element-outer vc_do_icon vc_icon_element-align-left\"><div class=\"vc_icon_element-inner vc_icon_element-color-turquoise vc_icon_element-size-md vc_icon_element-style- vc_icon_element-background-color-grey\" ><span class=\"vc_icon_element-icon fa fa-solid fa-arrow-right-from-bracket\" ><\/span><\/div><\/div><\/div><div class=\"vc_cta3_content-container\"><div class=\"vc_cta3-content\"><header class=\"vc_cta3-content-header\"><h2>Commencez votre aventure espagnole d\u00e8s aujourd'hui !<\/h2><\/header><p>Vous avez des questions ou vous souhaitez trouver le cours d'espagnol id\u00e9al ? Contactez HolaSpain aujourd'hui et laissez-nous vous aider \u00e0 planifier votre exp\u00e9rience d'apprentissage en Espagne.<\/p>\n<\/div><div class=\"vc_cta3-actions\"><div class=\"vc_btn3-container vc_btn3-inline vc_do_btn\" ><a class=\"vc_general vc_btn3 vc_btn3-size-md vc_btn3-shape-rounded vc_btn3-style-modern vc_btn3-color-info\" href=\"https:\/\/holaspain.agency\/fr\/#contact\" title=\"\">Prendre contact aujourd'hui<\/a><\/div><\/div><\/div><\/div><\/section><\/div><\/div><\/div><\/div>\n<\/div>","protected":false},"excerpt":{"rendered":"<p>Cours d'espagnol \u00e0 long terme accr\u00e9dit\u00e9s pour les adultes qui souhaitent vivre et \u00e9tudier en Espagne pendant 6 \u00e0 12 mois, combinant des le\u00e7ons intensives, une immersion culturelle et une assistance compl\u00e8te en mati\u00e8re de visa et de locaux.<\/p>","protected":false},"author":1,"featured_media":2143,"parent":0,"menu_order":0,"comment_status":"closed","ping_status":"closed","template":"","meta":{"_seopress_robots_primary_cat":"","_seopress_titles_title":"%%sitetitle%% %%sep%% %%post_title%%","_seopress_titles_desc":"Accredited long-term Spanish courses in Spain for adults. Visa-ready programmes with 20\u201325 hours weekly, full support, and top destinations.","_seopress_robots_index":"","_daextam_enable_autolinks":"1","footnotes":""},"categories":[62],"tags":[],"class_list":["post-2123","page","type-page","status-publish","has-post-thumbnail","hentry","category-courses"],"_links":{"self":[{"href":"https:\/\/holaspain.agency\/fr\/wp-json\/wp\/v2\/pages\/2123","targetHints":{"allow":["GET"]}}],"collection":[{"href":"https:\/\/holaspain.agency\/fr\/wp-json\/wp\/v2\/pages"}],"about":[{"href":"https:\/\/holaspain.agency\/fr\/wp-json\/wp\/v2\/types\/page"}],"author":[{"embeddable":true,"href":"https:\/\/holaspain.agency\/fr\/wp-json\/wp\/v2\/users\/1"}],"replies":[{"embeddable":true,"href":"https:\/\/holaspain.agency\/fr\/wp-json\/wp\/v2\/comments?post=2123"}],"version-history":[{"count":21,"href":"https:\/\/holaspain.agency\/fr\/wp-json\/wp\/v2\/pages\/2123\/revisions"}],"predecessor-version":[{"id":2497,"href":"https:\/\/holaspain.agency\/fr\/wp-json\/wp\/v2\/pages\/2123\/revisions\/2497"}],"wp:featuredmedia":[{"embeddable":true,"href":"https:\/\/holaspain.agency\/fr\/wp-json\/wp\/v2\/media\/2143"}],"wp:attachment":[{"href":"https:\/\/holaspain.agency\/fr\/wp-json\/wp\/v2\/media?parent=2123"}],"wp:term":[{"taxonomy":"category","embeddable":true,"href":"https:\/\/holaspain.agency\/fr\/wp-json\/wp\/v2\/categories?post=2123"},{"taxonomy":"post_tag","embeddable":true,"href":"https:\/\/holaspain.agency\/fr\/wp-json\/wp\/v2\/tags?post=2123"}],"curies":[{"name":"wp","href":"https:\/\/api.w.org\/{rel}","templated":true}]}}