{"id":2122,"date":"2025-11-10T16:04:03","date_gmt":"2025-11-10T16:04:03","guid":{"rendered":"https:\/\/holaspain.agency\/?page_id=2122"},"modified":"2025-11-24T12:17:17","modified_gmt":"2025-11-24T12:17:17","slug":"short-term-spanish-courses-for-adults","status":"publish","type":"page","link":"https:\/\/holaspain.agency\/fr\/short-term-spanish-courses-for-adults\/","title":{"rendered":"Cours d'espagnol de courte dur\u00e9e pour adultes"},"content":{"rendered":"<div class=\"wpb-content-wrapper\"><div class=\"vc_row wpb_row vc_row-fluid\"><div class=\"wpb_column vc_column_container vc_col-sm-12\"><div class=\"vc_column-inner\"><div class=\"wpb_wrapper\">\n\t<div class=\"wpb_text_column wpb_content_element\" >\n\t\t<div class=\"wpb_wrapper\">\n\t\t\t<h1 style=\"text-align: justify;\">Cours d'espagnol de courte dur\u00e9e en Espagne pour adultes<\/h1>\n<p style=\"text-align: justify;\"><em>Dates de d\u00e9but flexibles - 1 \u00e0 12 semaines - Tous niveaux<\/em><\/p>\n<blockquote>\n<p style=\"text-align: justify;\">HolaSpain propose des cours d'espagnol accr\u00e9dit\u00e9s de courte dur\u00e9e en Espagne pour les adultes qui souhaitent am\u00e9liorer rapidement leur espagnol gr\u00e2ce \u00e0 une exp\u00e9rience immersive. Id\u00e9aux pour les vacances, les s\u00e9jours d'\u00e9tudes ou le d\u00e9veloppement professionnel, nos cours combinent l'apprentissage pratique de la langue et la d\u00e9couverte culturelle.<\/p>\n<\/blockquote>\n<h2 style=\"text-align: justify;\">Options du programme - Cours d'espagnol de courte dur\u00e9e<\/h2>\n<ul style=\"text-align: justify;\">\n<li><strong>Cours de 1 \u00e0 4 semaines<\/strong> - Parfait pour les d\u00e9butants ou les voyageurs cherchant une introduction intensive \u00e0 l'espagnol.<\/li>\n<li><strong>Cours de 5 \u00e0 8 semaines<\/strong> - Un rythme d'apprentissage \u00e9quilibr\u00e9 pour des progr\u00e8s r\u00e9guliers en grammaire, vocabulaire et fluidit\u00e9.<\/li>\n<li><strong>Cours de 9 \u00e0 12 semaines<\/strong> - Une immersion plus profonde pour ceux qui souhaitent atteindre un niveau de communication avanc\u00e9.<\/li>\n<\/ul>\n<p style=\"text-align: justify;\">Les cours sont disponibles avec <strong>20 ou 25 heures par semaine<\/strong>, selon vos objectifs d'apprentissage et l'intensit\u00e9 souhait\u00e9e.<\/p>\n<h3 style=\"text-align: justify;\">Ce qui est inclus dans votre cours d'espagnol<\/h3>\n<ul style=\"text-align: justify;\">\n<li>Cours dynamiques (tous niveaux) avec des professeurs natifs qualifi\u00e9s<\/li>\n<li>Certificat de participation et niveau atteint<\/li>\n<li>Activit\u00e9s culturelles et sociales hebdomadaires<\/li>\n<li>Soutien local, orientation et conseils tout au long du s\u00e9jour<\/li>\n<li>H\u00e9bergement et transferts a\u00e9roportuaires disponibles sur demande<\/li>\n<\/ul>\n<h3 style=\"text-align: justify;\">R\u00e9sultats d'apprentissage - Apprendre l'espagnol en Espagne<\/h3>\n<ul style=\"text-align: justify;\">\n<li>Acqu\u00e9rir des comp\u00e9tences pratiques en mati\u00e8re de communication dans des situations de la vie r\u00e9elle<\/li>\n<li>Renforcer la confiance en soi \u00e0 l'oral, \u00e0 l'\u00e9coute et \u00e0 la compr\u00e9hension<\/li>\n<li>Am\u00e9liorer la grammaire, la prononciation et la compr\u00e9hension culturelle<\/li>\n<li>Pr\u00e9paration facultative aux examens DELE ou SIELE<\/li>\n<\/ul>\n<h3 style=\"text-align: justify;\">Destinations d'\u00e9tudes en Espagne<\/h3>\n<p style=\"text-align: justify;\">Choisissez parmi les destinations les plus pris\u00e9es d'Espagne, notamment <strong>Alicante, Valence, Madrid, Barcelone, Malaga, Salamanque et S\u00e9ville<\/strong>. Toutes les \u00e9coles partenaires sont accr\u00e9dit\u00e9es et situ\u00e9es au centre, offrant des installations modernes et un environnement accueillant.<\/p>\n<h3 style=\"text-align: justify;\">Options de logement pour les \u00e9tudiants<\/h3>\n<ul style=\"text-align: justify;\">\n<li><strong>Familles d'accueil<\/strong> pour une immersion culturelle et linguistique compl\u00e8te<\/li>\n<li><strong>R\u00e9sidences pour \u00e9tudiants<\/strong> avec des installations et une supervision communes<\/li>\n<li>Appartements priv\u00e9s disponibles sur demande<\/li>\n<\/ul>\n<h3 style=\"text-align: justify;\">Soutien aux \u00e9tudiants et inscription<\/h3>\n<p style=\"text-align: justify;\">HolaSpain vous fournit une assistance compl\u00e8te avant et pendant votre s\u00e9jour, y compris des conseils avant l'arriv\u00e9e, l'organisation du logement et la coordination locale. Notre \u00e9quipe veille \u00e0 ce que chaque d\u00e9tail soit pris en compte afin que vous puissiez vous concentrer sur votre exp\u00e9rience d'apprentissage en Espagne.<\/p>\n<blockquote>\n<p style=\"text-align: justify;\">Ces programmes de courte dur\u00e9e sont ouverts aux apprenants adultes \u00e2g\u00e9s de 18 ans et plus, du niveau d\u00e9butant au niveau avanc\u00e9. Les cours peuvent commencer n'importe quel lundi, tout au long de l'ann\u00e9e. Disponible pour Bildungsurlaub, Erasmus+ et CSN (Centrala studiest\u00f6dsn\u00e4mnden).<\/p>\n<\/blockquote>\n\n\t\t<\/div>\n\t<\/div>\n<section class=\"vc_cta3-container\"><div class=\"vc_general vc_do_cta3 vc_cta3 vc_cta3-style-outline vc_cta3-shape-rounded vc_cta3-align-left vc_cta3-color-classic vc_cta3-icon-size-md vc_cta3-icons-left vc_cta3-actions-right\"><div class=\"vc_cta3-icons\"><div class=\"vc_icon_element vc_icon_element-outer vc_do_icon vc_icon_element-align-left\"><div class=\"vc_icon_element-inner vc_icon_element-color-turquoise vc_icon_element-size-md vc_icon_element-style- vc_icon_element-background-color-grey\" ><span class=\"vc_icon_element-icon fa fa-solid fa-arrow-right-from-bracket\" ><\/span><\/div><\/div><\/div><div class=\"vc_cta3_content-container\"><div class=\"vc_cta3-content\"><header class=\"vc_cta3-content-header\"><h2>Commencez votre aventure espagnole d\u00e8s aujourd'hui !<\/h2><\/header><p>Vous avez des questions ou vous souhaitez trouver le cours d'espagnol id\u00e9al ? Contactez HolaSpain aujourd'hui et laissez-nous vous aider \u00e0 planifier votre exp\u00e9rience d'apprentissage en Espagne.<\/p>\n<\/div><div class=\"vc_cta3-actions\"><div class=\"vc_btn3-container vc_btn3-inline vc_do_btn\" ><a class=\"vc_general vc_btn3 vc_btn3-size-md vc_btn3-shape-rounded vc_btn3-style-modern vc_btn3-color-info\" href=\"https:\/\/holaspain.agency\/fr\/#contact\" title=\"\">Prendre contact aujourd'hui<\/a><\/div><\/div><\/div><\/div><\/section><\/div><\/div><\/div><\/div>\n<\/div>","protected":false},"excerpt":{"rendered":"<p>Cours d'espagnol \u00e0 court terme pour les adultes \u00e0 la recherche d'une exp\u00e9rience flexible et immersive en Espagne. D'une semaine \u00e0 deux mois, vous profiterez de cours dynamiques, d'excursions culturelles et d'un h\u00e9bergement confortable.<\/p>","protected":false},"author":1,"featured_media":2142,"parent":0,"menu_order":0,"comment_status":"closed","ping_status":"closed","template":"","meta":{"_seopress_robots_primary_cat":"","_seopress_titles_title":"%%sitetitle%% %%sep%% %%post_title%%","_seopress_titles_desc":"Short accredited Spanish courses in Spain for adults. Study 1\u201312 weeks with immersive lessons, culture and full local support.","_seopress_robots_index":"","_daextam_enable_autolinks":"1","footnotes":""},"categories":[62],"tags":[],"class_list":["post-2122","page","type-page","status-publish","has-post-thumbnail","hentry","category-courses"],"_links":{"self":[{"href":"https:\/\/holaspain.agency\/fr\/wp-json\/wp\/v2\/pages\/2122","targetHints":{"allow":["GET"]}}],"collection":[{"href":"https:\/\/holaspain.agency\/fr\/wp-json\/wp\/v2\/pages"}],"about":[{"href":"https:\/\/holaspain.agency\/fr\/wp-json\/wp\/v2\/types\/page"}],"author":[{"embeddable":true,"href":"https:\/\/holaspain.agency\/fr\/wp-json\/wp\/v2\/users\/1"}],"replies":[{"embeddable":true,"href":"https:\/\/holaspain.agency\/fr\/wp-json\/wp\/v2\/comments?post=2122"}],"version-history":[{"count":5,"href":"https:\/\/holaspain.agency\/fr\/wp-json\/wp\/v2\/pages\/2122\/revisions"}],"predecessor-version":[{"id":2248,"href":"https:\/\/holaspain.agency\/fr\/wp-json\/wp\/v2\/pages\/2122\/revisions\/2248"}],"wp:featuredmedia":[{"embeddable":true,"href":"https:\/\/holaspain.agency\/fr\/wp-json\/wp\/v2\/media\/2142"}],"wp:attachment":[{"href":"https:\/\/holaspain.agency\/fr\/wp-json\/wp\/v2\/media?parent=2122"}],"wp:term":[{"taxonomy":"category","embeddable":true,"href":"https:\/\/holaspain.agency\/fr\/wp-json\/wp\/v2\/categories?post=2122"},{"taxonomy":"post_tag","embeddable":true,"href":"https:\/\/holaspain.agency\/fr\/wp-json\/wp\/v2\/tags?post=2122"}],"curies":[{"name":"wp","href":"https:\/\/api.w.org\/{rel}","templated":true}]}}