{"id":21,"date":"2016-09-05T20:27:12","date_gmt":"2016-09-05T20:27:12","guid":{"rendered":"http:\/\/demos.famethemes.com\/screenr-plus\/?page_id=21"},"modified":"2025-11-05T11:41:28","modified_gmt":"2025-11-05T11:41:28","slug":"des-services-sur-mesure-pour-les-groupes-scolaires","status":"publish","type":"page","link":"https:\/\/holaspain.agency\/fr\/tailored-services-for-schools-groups\/","title":{"rendered":"Services sur mesure pour les groupes scolaires"},"content":{"rendered":"<div class=\"wpb-content-wrapper\"><div class=\"vc_row wpb_row vc_row-fluid\"><div class=\"wpb_column vc_column_container vc_col-sm-12\"><div class=\"vc_column-inner\"><div class=\"wpb_wrapper\">\n\t<div class=\"wpb_text_column wpb_content_element\" >\n\t\t<div class=\"wpb_wrapper\">\n\t\t\t<h1>Services sur mesure pour les groupes scolaires<\/h1>\n<h2>Programmes de groupe personnalis\u00e9s pour les \u00e9coles secondaires<\/h2>\n<p>Offres Hola Spain <strong>des services sur mesure pour les \u00e9coles<\/strong>, L'\u00e9cole de langue espagnole est un \u00e9tablissement d'enseignement sup\u00e9rieur qui offre une exp\u00e9rience inoubliable d'immersion dans la langue espagnole \u00e0 des groupes d'\u00e9l\u00e8ves de l'enseignement secondaire. Nos programmes combinent l'apprentissage de la langue, des activit\u00e9s culturelles et une assistance compl\u00e8te pour que chaque \u00e9l\u00e8ve profite de son s\u00e9jour.<\/p>\n<h2>Pourquoi choisir Hola Spain pour les groupes scolaires<\/h2>\n<ul>\n<li>Exp\u00e9rience de l'accueil de groupes scolaires internationaux<\/li>\n<li>Des possibilit\u00e9s d'h\u00e9bergement s\u00fbres et supervis\u00e9es<\/li>\n<li>Immersion totale dans la langue et la culture espagnoles<\/li>\n<li>Des programmes flexibles adapt\u00e9s aux besoins des \u00e9coles<\/li>\n<\/ul>\n<h2>Options d'h\u00e9bergement pour les groupes d'\u00e9tudiants<\/h2>\n<h3>Familles d'accueil - Apprendre l'espagnol naturellement<\/h3>\n<p>S\u00e9journer dans des \u00e9tablissements soigneusement s\u00e9lectionn\u00e9s <strong>Familles d'accueil espagnoles<\/strong> pour faire l'exp\u00e9rience de la vie quotidienne en Espagne. Les \u00e9tudiants am\u00e9liorent leurs comp\u00e9tences linguistiques tout en partageant des repas, des activit\u00e9s et des conversations dans un environnement favorable.<\/p>\n<h3>R\u00e9sidences pour \u00e9tudiants - Confort et ind\u00e9pendance<\/h3>\n<p>Notre <strong>R\u00e9sidences \u00e9tudiantes en Espagne<\/strong> sont parfaites pour les groupes scolaires qui recherchent l'ind\u00e9pendance tout en restant dans un environnement s\u00fbr et structur\u00e9. Les r\u00e9sidences proposent des chambres partag\u00e9es, des espaces communs et l'acc\u00e8s \u00e0 des activit\u00e9s de groupe.<\/p>\n<h3>Appartements partag\u00e9s - Flexibilit\u00e9 pour les groupes<\/h3>\n<p>Pour les \u00e9tudiants plus \u00e2g\u00e9s ou les groupes \u00e0 la recherche de flexibilit\u00e9, <strong>appartements en colocation<\/strong> offrent un \u00e9quilibre entre l'ind\u00e9pendance et la communaut\u00e9. Les appartements sont enti\u00e8rement \u00e9quip\u00e9s et situ\u00e9s au centre pour faciliter l'acc\u00e8s aux activit\u00e9s et aux cours.<\/p>\n<h2>Services de soutien aux groupes scolaires<\/h2>\n<p>Hola Spain veille \u00e0 ce que chaque groupe re\u00e7oive des <strong>services d'appui<\/strong> tout au long de leur s\u00e9jour :<\/p>\n<ul>\n<li><strong>Prise en charge et d\u00e9p\u00f4t \u00e0 l'a\u00e9roport<\/strong> pour des arriv\u00e9es et des d\u00e9parts en douceur<\/li>\n<li><strong>Assistance d'urgence 24\/7<\/strong> pour tous les \u00e9tudiants<\/li>\n<li><strong>Des coordinateurs de groupe d\u00e9di\u00e9s<\/strong> g\u00e9rer les calendriers et les activit\u00e9s<\/li>\n<li><strong>Excursions et ateliers culturels<\/strong> adapt\u00e9s aux int\u00e9r\u00eats du groupe<\/li>\n<\/ul>\n\n\t\t<\/div>\n\t<\/div>\n<section class=\"vc_cta3-container\"><div class=\"vc_general vc_do_cta3 vc_cta3 vc_cta3-style-outline vc_cta3-shape-rounded vc_cta3-align-left vc_cta3-color-classic vc_cta3-icon-size-md vc_cta3-icons-left vc_cta3-actions-right\"><div class=\"vc_cta3-icons\"><div class=\"vc_icon_element vc_icon_element-outer vc_do_icon vc_icon_element-align-left\"><div class=\"vc_icon_element-inner vc_icon_element-color-turquoise vc_icon_element-size-md vc_icon_element-style- vc_icon_element-background-color-grey\" ><span class=\"vc_icon_element-icon fa fa-solid fa-arrow-right-from-bracket\" ><\/span><\/div><\/div><\/div><div class=\"vc_cta3_content-container\"><div class=\"vc_cta3-content\"><header class=\"vc_cta3-content-header\"><h2>Planifiez le programme d'immersion en espagnol de votre \u00e9cole<\/h2><\/header><p style=\"text-align: justify;\">Que votre \u00e9cole organise un voyage de courte dur\u00e9e ou un programme d'\u00e9tudes plus long, Hola Spain fournit des informations compl\u00e8tes sur l'Espagne. <strong>solutions personnalis\u00e9es pour les groupes scolaires<\/strong>. Nous vous aidons \u00e0 concevoir la combinaison parfaite entre l'apprentissage de la langue, les exp\u00e9riences culturelles et l'encadrement afin de garantir \u00e0 chaque \u00e9tudiant une exp\u00e9rience s\u00fbre, amusante et \u00e9ducative.<\/p>\n<\/div><div class=\"vc_cta3-actions\"><div class=\"vc_btn3-container vc_btn3-inline vc_do_btn\" ><a class=\"vc_general vc_btn3 vc_btn3-size-md vc_btn3-shape-rounded vc_btn3-style-modern vc_btn3-color-info\" href=\"https:\/\/holaspain.agency\/fr\/#contact\" title=\"\">Prendre contact aujourd'hui<\/a><\/div><\/div><\/div><\/div><\/section><\/div><\/div><\/div><\/div>\n<\/div>","protected":false},"excerpt":{"rendered":"<p>Nos programmes combinent l'apprentissage des langues, les activit\u00e9s culturelles et une assistance compl\u00e8te pour que chaque \u00e9tudiant profite de son s\u00e9jour.<\/p>","protected":false},"author":1,"featured_media":1404,"parent":0,"menu_order":0,"comment_status":"closed","ping_status":"closed","template":"","meta":{"_seopress_robots_primary_cat":"","_seopress_titles_title":"%%sitetitle%% %%sep%% %%post_title%%","_seopress_titles_desc":"Tailored Services for Schools Groups \u2014 Hola Spain helps secondary schools send student groups for a safe, immersive Spanish experience.","_seopress_robots_index":"","_daextam_enable_autolinks":"","footnotes":""},"categories":[61],"tags":[],"class_list":["post-21","page","type-page","status-publish","has-post-thumbnail","hentry","category-services"],"_links":{"self":[{"href":"https:\/\/holaspain.agency\/fr\/wp-json\/wp\/v2\/pages\/21","targetHints":{"allow":["GET"]}}],"collection":[{"href":"https:\/\/holaspain.agency\/fr\/wp-json\/wp\/v2\/pages"}],"about":[{"href":"https:\/\/holaspain.agency\/fr\/wp-json\/wp\/v2\/types\/page"}],"author":[{"embeddable":true,"href":"https:\/\/holaspain.agency\/fr\/wp-json\/wp\/v2\/users\/1"}],"replies":[{"embeddable":true,"href":"https:\/\/holaspain.agency\/fr\/wp-json\/wp\/v2\/comments?post=21"}],"version-history":[{"count":7,"href":"https:\/\/holaspain.agency\/fr\/wp-json\/wp\/v2\/pages\/21\/revisions"}],"predecessor-version":[{"id":1708,"href":"https:\/\/holaspain.agency\/fr\/wp-json\/wp\/v2\/pages\/21\/revisions\/1708"}],"wp:featuredmedia":[{"embeddable":true,"href":"https:\/\/holaspain.agency\/fr\/wp-json\/wp\/v2\/media\/1404"}],"wp:attachment":[{"href":"https:\/\/holaspain.agency\/fr\/wp-json\/wp\/v2\/media?parent=21"}],"wp:term":[{"taxonomy":"category","embeddable":true,"href":"https:\/\/holaspain.agency\/fr\/wp-json\/wp\/v2\/categories?post=21"},{"taxonomy":"post_tag","embeddable":true,"href":"https:\/\/holaspain.agency\/fr\/wp-json\/wp\/v2\/tags?post=21"}],"curies":[{"name":"wp","href":"https:\/\/api.w.org\/{rel}","templated":true}]}}