{"id":2034,"date":"2025-11-06T10:06:46","date_gmt":"2025-11-06T10:06:46","guid":{"rendered":"https:\/\/holaspain.agency\/?page_id=2034"},"modified":"2026-01-20T10:40:23","modified_gmt":"2026-01-20T10:40:23","slug":"cours-dimmersion-en-espagne-espagne","status":"publish","type":"page","link":"https:\/\/holaspain.agency\/fr\/spanish-immersion-courses-spain\/","title":{"rendered":"Cours d'immersion en Espagne Espagne"},"content":{"rendered":"<div class=\"wpb-content-wrapper\"><div class=\"vc_row wpb_row vc_row-fluid\"><div class=\"wpb_column vc_column_container vc_col-sm-12\"><div class=\"vc_column-inner\"><div class=\"wpb_wrapper\">\n\t<div class=\"wpb_text_column wpb_content_element\" >\n\t\t<div class=\"wpb_wrapper\">\n\t\t\t<h1 style=\"text-align: justify;\">Apprendre l'espagnol en Espagne avec un soutien complet et une immersion culturelle<\/h1>\n<h2 style=\"text-align: justify;\">Programmes de langue espagnole pour tous les \u00e2ges et tous les niveaux<\/h2>\n<p style=\"text-align: justify;\">HolaSpain vous met en contact avec des cours d'espagnol accr\u00e9dit\u00e9s dans toute l'Espagne, adapt\u00e9s aux adolescents, aux adultes, aux groupes scolaires et aux professionnels. Nos programmes vont au-del\u00e0 de l'apprentissage en classe en int\u00e9grant la pratique de la communication dans la vie r\u00e9elle, l'exploration culturelle et un soutien logistique complet.<\/p>\n<h3 style=\"text-align: justify;\">Cours d'espagnol avec activit\u00e9s et assistance compl\u00e8te<\/h3>\n<p style=\"text-align: justify;\">Que vous soyez d\u00e9butant ou que vous connaissiez d\u00e9j\u00e0 l'espagnol, nos \u00e9coles partenaires proposent des cours interactifs dans des destinations de premier plan telles que Madrid, Barcelone, S\u00e9ville, Malaga et Salamanque. Votre exp\u00e9rience est enrichie par des activit\u00e9s culturelles, des options d'h\u00e9bergement et une assistance d\u00e9vou\u00e9e du d\u00e9but \u00e0 la fin.<\/p>\n<h2 style=\"text-align: justify;\">\u00c9tudier l'espagnol en Espagne : Cours, visa, logement et services de soutien<\/h2>\n<p style=\"text-align: justify;\">HolaSpain propose un ensemble complet de services : cours de langue, organisation du logement, conseils en mati\u00e8re de visa pour les \u00e9tudiants non ressortissants de l'UE, assistance en mati\u00e8re d'assurance maladie, programmes d'immersion culturelle et services sur mesure pour les groupes scolaires. Nous nous occupons des d\u00e9tails - vous vous concentrez sur l'apprentissage et l'exp\u00e9rience espagnole.<\/p>\n<h3 style=\"text-align: justify;\">Exp\u00e9riences d'\u00e9tudes d'espagnol tout compris en Espagne<\/h3>\n<p style=\"text-align: justify;\">De la demande \u00e0 l'arriv\u00e9e, HolaSpain soutient les \u00e9tudiants, les professionnels et les groupes gr\u00e2ce \u00e0 des conseils personnalis\u00e9s. Des options de financement comme Erasmus+, Bildungsurlaub, PCTO et CSN sont \u00e9galement disponibles en partenariat avec nos \u00e9coles accr\u00e9dit\u00e9es. D\u00e9couvrez une mani\u00e8re transparente et enrichissante d'apprendre l'espagnol tout en d\u00e9couvrant la culture et le mode de vie espagnols.<\/p>\n\n\t\t<\/div>\n\t<\/div>\n\n<div class=\"vc_grid-container-wrapper vc_clearfix vc_grid-animation-none\">\n\t<div class=\"vc_grid-container vc_clearfix wpb_content_element vc_masonry_grid\" data-initial-loading-animation=\"none\" data-vc-grid-settings=\"{&quot;page_id&quot;:2034,&quot;style&quot;:&quot;all-masonry&quot;,&quot;action&quot;:&quot;vc_get_vc_grid_data&quot;,&quot;shortcode_id&quot;:&quot;1768905610451-5efb7850-0f42-4&quot;,&quot;tag&quot;:&quot;vc_masonry_grid&quot;}\" data-vc-request=\"https:\/\/holaspain.agency\/wp-admin\/admin-ajax.php\" data-vc-post-id=\"2034\" data-vc-public-nonce=\"9ffa800287\">\n\t\t\n\t<\/div>\n<\/div><\/div><\/div><\/div><\/div>\n<\/div>","protected":false},"excerpt":{"rendered":"Apprendre l'espagnol en Espagne avec un soutien complet et une immersion culturelle Programmes de langue espagnole pour tous les \u00e2ges et tous les niveaux HolaSpain vous met en contact avec des cours d'espagnol accr\u00e9dit\u00e9s dans toute l'Espagne, adapt\u00e9s aux adolescents, aux adultes, aux groupes scolaires et aux professionnels. Nos programmes vont au-del\u00e0 de l'apprentissage en classe en int\u00e9grant la pratique de la communication dans la vie r\u00e9elle, l'exploration culturelle et...","protected":false},"author":1,"featured_media":2038,"parent":0,"menu_order":0,"comment_status":"closed","ping_status":"closed","template":"","meta":{"_seopress_robots_primary_cat":"","_seopress_titles_title":"%%sitetitle%% %%sep%% %%post_title%%","_seopress_titles_desc":"Spanish immersion courses in Spain with cultural activities, accommodation, and full support. Learn Spanish and live the culture with HolaSpain.","_seopress_robots_index":"","_daextam_enable_autolinks":"1","footnotes":""},"categories":[],"tags":[],"class_list":["post-2034","page","type-page","status-publish","has-post-thumbnail","hentry"],"_links":{"self":[{"href":"https:\/\/holaspain.agency\/fr\/wp-json\/wp\/v2\/pages\/2034","targetHints":{"allow":["GET"]}}],"collection":[{"href":"https:\/\/holaspain.agency\/fr\/wp-json\/wp\/v2\/pages"}],"about":[{"href":"https:\/\/holaspain.agency\/fr\/wp-json\/wp\/v2\/types\/page"}],"author":[{"embeddable":true,"href":"https:\/\/holaspain.agency\/fr\/wp-json\/wp\/v2\/users\/1"}],"replies":[{"embeddable":true,"href":"https:\/\/holaspain.agency\/fr\/wp-json\/wp\/v2\/comments?post=2034"}],"version-history":[{"count":10,"href":"https:\/\/holaspain.agency\/fr\/wp-json\/wp\/v2\/pages\/2034\/revisions"}],"predecessor-version":[{"id":2418,"href":"https:\/\/holaspain.agency\/fr\/wp-json\/wp\/v2\/pages\/2034\/revisions\/2418"}],"wp:featuredmedia":[{"embeddable":true,"href":"https:\/\/holaspain.agency\/fr\/wp-json\/wp\/v2\/media\/2038"}],"wp:attachment":[{"href":"https:\/\/holaspain.agency\/fr\/wp-json\/wp\/v2\/media?parent=2034"}],"wp:term":[{"taxonomy":"category","embeddable":true,"href":"https:\/\/holaspain.agency\/fr\/wp-json\/wp\/v2\/categories?post=2034"},{"taxonomy":"post_tag","embeddable":true,"href":"https:\/\/holaspain.agency\/fr\/wp-json\/wp\/v2\/tags?post=2034"}],"curies":[{"name":"wp","href":"https:\/\/api.w.org\/{rel}","templated":true}]}}