{"id":2007,"date":"2025-11-06T09:39:41","date_gmt":"2025-11-06T09:39:41","guid":{"rendered":"https:\/\/holaspain.agency\/?page_id=2007"},"modified":"2025-11-07T10:15:27","modified_gmt":"2025-11-07T10:15:27","slug":"programmes-detudes-despagnol-en-europe","status":"publish","type":"page","link":"https:\/\/holaspain.agency\/fr\/study-spanish-europe-programmes\/","title":{"rendered":"\u00c9tudier l'espagnol - Programmes europ\u00e9ens"},"content":{"rendered":"<div class=\"wpb-content-wrapper\"><div class=\"vc_row wpb_row vc_row-fluid\"><div class=\"wpb_column vc_column_container vc_col-sm-12\"><div class=\"vc_column-inner\"><div class=\"wpb_wrapper\">\n\t<div class=\"wpb_text_column wpb_content_element\" >\n\t\t<div class=\"wpb_wrapper\">\n\t\t\t<h1 style=\"text-align: justify;\">Apprendre l'espagnol en Espagne avec des programmes europ\u00e9ens enti\u00e8rement accr\u00e9dit\u00e9s<\/h1>\n<h2 style=\"text-align: justify;\">Programmes de langue espagnole sur mesure pour les \u00e9tudiants et les professionnels dans toute l'Europe<\/h2>\n<h3 style=\"text-align: justify;\">Apprendre l'espagnol avec Erasmus+, Bildungsurlaub, PCTO &amp; CSN Support<\/h3>\n<p style=\"text-align: justify;\">HolaSpain collabore avec les meilleures \u00e9coles de langue espagnole pour proposer des programmes sur mesure aux apprenants de tous horizons, qu'il s'agisse de mobilit\u00e9 financ\u00e9e par l'UE ou d'apprentissage de la langue espagnole. <strong>Erasmus+<\/strong>, L'Allemagne a mis en place un syst\u00e8me de cong\u00e9-\u00e9ducation r\u00e9mun\u00e9r\u00e9. <strong>Bildungsurlaub<\/strong>, La mise en place de parcours professionnels pour les \u00e9tudiants italiens par le biais de <strong>PCTO<\/strong>, et <strong>CSN<\/strong>-pour les candidats su\u00e9dois. Chaque programme offre une formation linguistique certifi\u00e9e combin\u00e9e \u00e0 des cours de langue complets.<\/p>\n\n\t\t<\/div>\n\t<\/div>\n\n<div class=\"vc_grid-container-wrapper vc_clearfix vc_grid-animation-zoomIn\">\n\t<div class=\"vc_grid-container vc_clearfix wpb_content_element vc_masonry_grid\" data-initial-loading-animation=\"zoomIn\" data-vc-grid-settings=\"{&quot;page_id&quot;:2007,&quot;style&quot;:&quot;all-masonry&quot;,&quot;action&quot;:&quot;vc_get_vc_grid_data&quot;,&quot;shortcode_id&quot;:&quot;1762434783339-4eae8123-4c63-6&quot;,&quot;tag&quot;:&quot;vc_masonry_grid&quot;}\" data-vc-request=\"https:\/\/holaspain.agency\/wp-admin\/admin-ajax.php\" data-vc-post-id=\"2007\" data-vc-public-nonce=\"9ffa800287\">\n\t\t\n\t<\/div>\n<\/div><section class=\"vc_cta3-container\"><div class=\"vc_general vc_do_cta3 vc_cta3 vc_cta3-style-outline vc_cta3-shape-rounded vc_cta3-align-left vc_cta3-color-classic vc_cta3-icon-size-md vc_cta3-icons-left vc_cta3-actions-right\"><div class=\"vc_cta3-icons\"><div class=\"vc_icon_element vc_icon_element-outer vc_do_icon vc_icon_element-align-left\"><div class=\"vc_icon_element-inner vc_icon_element-color-turquoise vc_icon_element-size-md vc_icon_element-style- vc_icon_element-background-color-grey\" ><span class=\"vc_icon_element-icon fa fa-solid fa-arrow-right-from-bracket\" ><\/span><\/div><\/div><\/div><div class=\"vc_cta3_content-container\"><div class=\"vc_cta3-content\"><header class=\"vc_cta3-content-header\"><h2>Commencez votre aventure espagnole d\u00e8s aujourd'hui !<\/h2><\/header><p>Vous avez des questions ou vous souhaitez trouver le cours d'espagnol id\u00e9al ? Contactez HolaSpain aujourd'hui et laissez-nous vous aider \u00e0 planifier votre exp\u00e9rience d'apprentissage en Espagne.<\/p>\n<\/div><div class=\"vc_cta3-actions\"><div class=\"vc_btn3-container vc_btn3-inline vc_do_btn\" ><a class=\"vc_general vc_btn3 vc_btn3-size-md vc_btn3-shape-rounded vc_btn3-style-modern vc_btn3-color-info\" href=\"https:\/\/holaspain.agency\/fr\/#contact\" title=\"\">Prendre contact aujourd'hui<\/a><\/div><\/div><\/div><\/div><\/section><\/div><\/div><\/div><\/div>\n<\/div>","protected":false},"excerpt":{"rendered":"Apprendre l'espagnol en Espagne avec des programmes europ\u00e9ens enti\u00e8rement accr\u00e9dit\u00e9s Programmes de langue espagnole sur mesure pour les \u00e9tudiants et les professionnels \u00e0 travers l'Europe Apprendre l'espagnol avec Erasmus+, Bildungsurlaub, PCTO &amp; CSN HolaSpain collabore avec les meilleures \u00e9coles de langue espagnole pour offrir des programmes sur mesure pour les apprenants de tous horizons - de la mobilit\u00e9 financ\u00e9e par l'UE par le biais d'Erasmus+,...","protected":false},"author":1,"featured_media":2033,"parent":0,"menu_order":0,"comment_status":"closed","ping_status":"closed","template":"","meta":{"_seopress_robots_primary_cat":"","_seopress_titles_title":"%%sitetitle%% %%sep%% %%post_title%%","_seopress_titles_desc":"Learn Spanish in Spain with Erasmus+, Bildungsurlaub, PCTO & CSN programs. Certified courses, cultural immersion, and tailored learning for European students.","_seopress_robots_index":"","_daextam_enable_autolinks":"","footnotes":""},"categories":[],"tags":[],"class_list":["post-2007","page","type-page","status-publish","has-post-thumbnail","hentry"],"_links":{"self":[{"href":"https:\/\/holaspain.agency\/fr\/wp-json\/wp\/v2\/pages\/2007","targetHints":{"allow":["GET"]}}],"collection":[{"href":"https:\/\/holaspain.agency\/fr\/wp-json\/wp\/v2\/pages"}],"about":[{"href":"https:\/\/holaspain.agency\/fr\/wp-json\/wp\/v2\/types\/page"}],"author":[{"embeddable":true,"href":"https:\/\/holaspain.agency\/fr\/wp-json\/wp\/v2\/users\/1"}],"replies":[{"embeddable":true,"href":"https:\/\/holaspain.agency\/fr\/wp-json\/wp\/v2\/comments?post=2007"}],"version-history":[{"count":15,"href":"https:\/\/holaspain.agency\/fr\/wp-json\/wp\/v2\/pages\/2007\/revisions"}],"predecessor-version":[{"id":2115,"href":"https:\/\/holaspain.agency\/fr\/wp-json\/wp\/v2\/pages\/2007\/revisions\/2115"}],"wp:featuredmedia":[{"embeddable":true,"href":"https:\/\/holaspain.agency\/fr\/wp-json\/wp\/v2\/media\/2033"}],"wp:attachment":[{"href":"https:\/\/holaspain.agency\/fr\/wp-json\/wp\/v2\/media?parent=2007"}],"wp:term":[{"taxonomy":"category","embeddable":true,"href":"https:\/\/holaspain.agency\/fr\/wp-json\/wp\/v2\/categories?post=2007"},{"taxonomy":"post_tag","embeddable":true,"href":"https:\/\/holaspain.agency\/fr\/wp-json\/wp\/v2\/tags?post=2007"}],"curies":[{"name":"wp","href":"https:\/\/api.w.org\/{rel}","templated":true}]}}