{"id":1985,"date":"2025-11-05T11:52:11","date_gmt":"2025-11-05T11:52:11","guid":{"rendered":"https:\/\/holaspain.agency\/?page_id=1985"},"modified":"2026-02-05T18:45:02","modified_gmt":"2026-02-05T18:45:02","slug":"assurance-maladie-etudiante-requise-en-espagne-etudiants-de-longue-duree","status":"publish","type":"page","link":"https:\/\/holaspain.agency\/fr\/student-health-insurance-required-in-spain-long-term-students\/","title":{"rendered":"Assurance maladie des \u00e9tudiants"},"content":{"rendered":"<div class=\"wpb-content-wrapper\"><div class=\"vc_row wpb_row vc_row-fluid\"><div class=\"wpb_column vc_column_container vc_col-sm-12\"><div class=\"vc_column-inner\"><div class=\"wpb_wrapper\">\n\t<div class=\"wpb_text_column wpb_content_element\" >\n\t\t<div class=\"wpb_wrapper\">\n\t\t\t<h1 style=\"text-align: justify;\">Assurance maladie \u00e9tudiante obligatoire en Espagne (\u00e9tudiants de longue dur\u00e9e)<\/h1>\n<blockquote>\n<p style=\"text-align: justify;\">Si vous pr\u00e9voyez d'\u00e9tudier en Espagne pendant plus de 90 jours, la souscription d'une assurance maladie \u00e9tudiante valide est g\u00e9n\u00e9ralement obligatoire dans le cadre de la proc\u00e9dure d'obtention d'un visa d'\u00e9tudiant pour un s\u00e9jour de longue dur\u00e9e.<\/p>\n<\/blockquote>\n<h2 style=\"text-align: justify;\">Pourquoi l'assurance maladie des \u00e9tudiants est-elle obligatoire en Espagne ?<\/h2>\n<p style=\"text-align: justify;\">L'Espagne exige que les \u00e9tudiants \u00e9trangers s\u00e9journant plus de 90 jours prouvent qu'ils b\u00e9n\u00e9ficient d'une couverture m\u00e9dicale ad\u00e9quate pendant leur s\u00e9jour.<\/p>\n<p style=\"text-align: justify;\">Cette exigence vise \u00e0 garantir que les \u00e9tudiants puissent acc\u00e9der \u00e0 des soins m\u00e9dicaux en cas de besoin, sans devenir un fardeau pour le syst\u00e8me de sant\u00e9 publique.<\/p>\n<p style=\"text-align: justify;\">L'assurance maladie pour \u00e9tudiants est donc un \u00e9l\u00e9ment cl\u00e9 de votre demande de visa et un \u00e9l\u00e9ment essentiel de la planification d'un s\u00e9jour de longue dur\u00e9e en Espagne, en toute s\u00e9curit\u00e9 et dans le respect des r\u00e8gles.<\/p>\n<h2 style=\"text-align: justify;\">Assurance maladie \u00e9tudiante obligatoire en Espagne pour les \u00e9tudes de longue dur\u00e9e<\/h2>\n<p style=\"text-align: justify;\">Pour les \u00e9tudiants internationaux qui s'inscrivent \u00e0 des cours de langue, \u00e0 des programmes universitaires ou \u00e0 des s\u00e9jours acad\u00e9miques en Espagne, l'assurance maladie doit normalement couvrir toute la dur\u00e9e du s\u00e9jour et \u00eatre valable \u00e0 partir du moment o\u00f9 l'\u00e9tudiant entre dans le pays.<\/p>\n<p style=\"text-align: justify;\">Les autorit\u00e9s attendent g\u00e9n\u00e9ralement la preuve que l'\u00e9tudiant aura acc\u00e8s \u00e0 une assistance m\u00e9dicale en cas de maladie, d'accident ou d'urgence pendant toute la dur\u00e9e de ses \u00e9tudes.<\/p>\n<h2 style=\"text-align: justify;\">Assurance maladie pour les \u00e9tudiants en Espagne : ce que le visa attend g\u00e9n\u00e9ralement<\/h2>\n<ul style=\"text-align: justify;\">\n<li><strong>Couverture pour la dur\u00e9e totale<\/strong> de vos \u00e9tudes et de votre s\u00e9jour en Espagne<\/li>\n<li><strong>Couverture des frais m\u00e9dicaux en Espagne<\/strong> pour les accidents et les maladies impr\u00e9vues<\/li>\n<li><strong>Aide d'urgence<\/strong> et l'acc\u00e8s aux soins m\u00e9dicaux en cas de besoin<\/li>\n<li><strong>Attestation officielle d'assurance<\/strong> \u00e0 joindre \u00e0 votre demande de visa \u00e9tudiant<\/li>\n<\/ul>\n<h3 style=\"text-align: justify;\">Visa \u00e9tudiant long s\u00e9jour Espagne : certificat d'assurance<\/h3>\n<p style=\"text-align: justify;\">Un certificat d'assurance clair et correctement d\u00e9livr\u00e9 est un document cl\u00e9 pour une demande de visa d'\u00e9tudiant de long s\u00e9jour en Espagne.<\/p>\n<p style=\"text-align: justify;\">Ce certificat confirme que l'\u00e9tudiant satisfait aux exigences en mati\u00e8re de couverture m\u00e9dicale requises par les ambassades, les consulats, les acad\u00e9mies et les universit\u00e9s.<\/p>\n<h2 style=\"text-align: justify;\">Assurance maladie des \u00e9tudiants en Espagne : les malentendus les plus fr\u00e9quents<\/h2>\n<ul style=\"text-align: justify;\">\n<li>Supposer qu'une assurance voyage est suffisante pour obtenir un visa d'\u00e9tudiant de long s\u00e9jour<\/li>\n<li>Souscription d'une assurance pour un nombre de mois inf\u00e9rieur \u00e0 la dur\u00e9e r\u00e9elle de la formation<\/li>\n<li>Ne pas disposer d'un certificat d'assurance officiel \u00e0 soumettre<\/li>\n<li>Croire que toutes les situations m\u00e9dicales sont automatiquement couvertes sans conditions<\/li>\n<\/ul>\n<h3 style=\"text-align: justify;\">Assurance \u00e9tudiants \u00e0 long terme en Espagne : adapter votre s\u00e9jour<\/h3>\n<p style=\"text-align: justify;\">Pour \u00e9viter tout probl\u00e8me lors de la proc\u00e9dure d'obtention du visa, l'assurance maladie de l'\u00e9tudiant doit toujours correspondre \u00e0 la dur\u00e9e totale du s\u00e9jour pr\u00e9vu en Espagne. Toute lacune dans la couverture peut entra\u00eener des retards ou des demandes de documents suppl\u00e9mentaires.<\/p>\n<h2 style=\"text-align: justify;\">Assurance maladie \u00e9tudiante pour l'Espagne avec le soutien de HolaSpain<\/h2>\n<p style=\"text-align: justify;\">HolaSpain soutient les \u00e9tudiants internationaux en les aidant \u00e0 comprendre les exigences en mati\u00e8re d'assurance maladie pour l'Espagne et en veillant \u00e0 ce que leur couverture et leurs documents soient correctement align\u00e9s sur les attentes en mati\u00e8re de visa d'\u00e9tudiant de long s\u00e9jour.<\/p>\n<p style=\"text-align: justify;\">Notre r\u00f4le est de guider les \u00e9tudiants tout au long du processus de mani\u00e8re claire et responsable, afin qu'ils puissent se concentrer sur leurs \u00e9tudes en sachant que cette exigence essentielle est correctement prise en charge.<\/p>\n<h3 style=\"text-align: justify;\">Visa \u00e9tudiant Assurance maladie en Espagne : avant de partir<\/h3>\n<p style=\"text-align: justify;\">Nous vous recommandons vivement de souscrire une assurance maladie \u00e9tudiante bien avant votre d\u00e9part pour l'Espagne,<br \/>\nsurtout lorsqu'elle est exig\u00e9e dans le cadre d'une demande de visa ou d'une inscription \u00e0 l'\u00e9cole.<\/p>\n<blockquote>\n<p style=\"text-align: justify;\">Avec HolaSpain, les \u00e9tudiants internationaux comprennent pourquoi l'assurance maladie est obligatoire en Espagne et re\u00e7oivent les conseils appropri\u00e9s pour un s\u00e9jour de longue dur\u00e9e en toute conformit\u00e9.<\/p>\n<\/blockquote>\n\n\t\t<\/div>\n\t<\/div>\n<section class=\"vc_cta3-container\"><div class=\"vc_general vc_do_cta3 vc_cta3 vc_cta3-style-outline vc_cta3-shape-rounded vc_cta3-align-left vc_cta3-color-classic vc_cta3-icon-size-md vc_cta3-icons-left vc_cta3-actions-right\"><div class=\"vc_cta3-icons\"><div class=\"vc_icon_element vc_icon_element-outer vc_do_icon vc_icon_element-align-left\"><div class=\"vc_icon_element-inner vc_icon_element-color-turquoise vc_icon_element-size-md vc_icon_element-style- vc_icon_element-background-color-grey\" ><span class=\"vc_icon_element-icon fa fa-solid fa-arrow-right-from-bracket\" ><\/span><\/div><\/div><\/div><div class=\"vc_cta3_content-container\"><div class=\"vc_cta3-content\"><header class=\"vc_cta3-content-header\"><h2>Commencez votre aventure espagnole d\u00e8s aujourd'hui !<\/h2><\/header><p>\nVous avez des questions ou vous souhaitez trouver le cours d'espagnol id\u00e9al ? Contactez HolaSpain aujourd'hui et laissez-nous vous aider \u00e0 planifier votre exp\u00e9rience d'apprentissage en Espagne.<\/p>\n<\/div><div class=\"vc_cta3-actions\"><div class=\"vc_btn3-container vc_btn3-inline vc_do_btn\" ><a class=\"vc_general vc_btn3 vc_btn3-size-md vc_btn3-shape-rounded vc_btn3-style-modern vc_btn3-color-info\" href=\"https:\/\/holaspain.agency\/fr\/#contact\" title=\"\">Prendre contact aujourd'hui<\/a><\/div><\/div><\/div><\/div><\/section><\/div><\/div><\/div><\/div>\n<\/div>","protected":false},"excerpt":{"rendered":"<p>Student health insurance is usually required for long-term study in Spain. HolaSpain helps you arrange correct coverage and provides an official certificate for your student visa application.<\/p>","protected":false},"author":1,"featured_media":1992,"parent":0,"menu_order":0,"comment_status":"closed","ping_status":"closed","template":"","meta":{"_seopress_robots_primary_cat":"","_seopress_titles_title":"%%sitetitle%% %%sep%% Student health insurance required in Spain","_seopress_titles_desc":"Student health insurance required in Spain for long-term students. Get the correct coverage and an official certificate for your Spain student visa.","_seopress_robots_index":"","_daextam_enable_autolinks":"1","footnotes":""},"categories":[61],"tags":[],"class_list":["post-1985","page","type-page","status-publish","has-post-thumbnail","hentry","category-services"],"_links":{"self":[{"href":"https:\/\/holaspain.agency\/fr\/wp-json\/wp\/v2\/pages\/1985","targetHints":{"allow":["GET"]}}],"collection":[{"href":"https:\/\/holaspain.agency\/fr\/wp-json\/wp\/v2\/pages"}],"about":[{"href":"https:\/\/holaspain.agency\/fr\/wp-json\/wp\/v2\/types\/page"}],"author":[{"embeddable":true,"href":"https:\/\/holaspain.agency\/fr\/wp-json\/wp\/v2\/users\/1"}],"replies":[{"embeddable":true,"href":"https:\/\/holaspain.agency\/fr\/wp-json\/wp\/v2\/comments?post=1985"}],"version-history":[{"count":39,"href":"https:\/\/holaspain.agency\/fr\/wp-json\/wp\/v2\/pages\/1985\/revisions"}],"predecessor-version":[{"id":2500,"href":"https:\/\/holaspain.agency\/fr\/wp-json\/wp\/v2\/pages\/1985\/revisions\/2500"}],"wp:featuredmedia":[{"embeddable":true,"href":"https:\/\/holaspain.agency\/fr\/wp-json\/wp\/v2\/media\/1992"}],"wp:attachment":[{"href":"https:\/\/holaspain.agency\/fr\/wp-json\/wp\/v2\/media?parent=1985"}],"wp:term":[{"taxonomy":"category","embeddable":true,"href":"https:\/\/holaspain.agency\/fr\/wp-json\/wp\/v2\/categories?post=1985"},{"taxonomy":"post_tag","embeddable":true,"href":"https:\/\/holaspain.agency\/fr\/wp-json\/wp\/v2\/tags?post=1985"}],"curies":[{"name":"wp","href":"https:\/\/api.w.org\/{rel}","templated":true}]}}