{"id":1956,"date":"2025-11-05T10:46:53","date_gmt":"2025-11-05T10:46:53","guid":{"rendered":"https:\/\/holaspain.agency\/?page_id=1956"},"modified":"2025-11-06T09:44:43","modified_gmt":"2025-11-06T09:44:43","slug":"csn-centrala-studiestodsnamnden","status":"publish","type":"page","link":"https:\/\/holaspain.agency\/fr\/csn-centrala-studiestodsnamnden\/","title":{"rendered":"CSN - Centrala studiest\u00f6dsn\u00e4mnden"},"content":{"rendered":"<div class=\"wpb-content-wrapper\"><div class=\"vc_row wpb_row vc_row-fluid\"><div class=\"wpb_column vc_column_container vc_col-sm-12\"><div class=\"vc_column-inner\"><div class=\"wpb_wrapper\">\n\t<div class=\"wpb_text_column wpb_content_element\" >\n\t\t<div class=\"wpb_wrapper\">\n\t\t\t<h1 style=\"text-align: justify;\">CSN - \u00c9tudier l'espagnol en Espagne avec un soutien financier<\/h1>\n<blockquote>\n<p style=\"text-align: justify;\">Avec le soutien du CSN (Centrala studiest\u00f6dsn\u00e4mnden), les \u00e9tudiants su\u00e9dois peuvent \u00e9tudier l'espagnol en Espagne tout en b\u00e9n\u00e9ficiant d'une aide financi\u00e8re. HolaSpain travaille en partenariat avec des \u00e9coles espagnoles accr\u00e9dit\u00e9es qui proposent des cours de langue intensifs approuv\u00e9s par le CSN, ce qui vous permet d'apprendre l'espagnol, d'obtenir des cr\u00e9dits et de vous immerger totalement dans la culture espagnole, tout en b\u00e9n\u00e9ficiant du soutien financier du syst\u00e8me national su\u00e9dois d'aide aux \u00e9tudiants.<\/p>\n<\/blockquote>\n<h2 style=\"text-align: justify;\">Pourquoi choisir HolaSpain pour les \u00e9tudes financ\u00e9es par le CSN ?<\/h2>\n<ul style=\"text-align: justify;\">\n<li>Cours approuv\u00e9s par le CSN dans plusieurs villes espagnoles<\/li>\n<li>Programmes intensifs de 20 \u00e0 30 le\u00e7ons par semaine<\/li>\n<li>Disponible pour tous les niveaux - de d\u00e9butant \u00e0 avanc\u00e9<\/li>\n<li>\u00c9tudier dans des destinations de premier plan telles que Madrid, Valence, Malaga et Cadix<\/li>\n<li>Conseils professionnels sur les demandes de CSN et l'inscription \u00e0 l'\u00e9cole<\/li>\n<\/ul>\n<h2 style=\"text-align: justify;\">Comment faire une demande de CSN pour \u00e9tudier en Espagne ?<\/h2>\n<ol style=\"text-align: justify;\">\n<li>Choisissez votre cours d'espagnol et votre destination avec HolaSpain<\/li>\n<li>Soumettre les documents d'inscription au CSN pour approbation<\/li>\n<li>Recevez votre bourse d'\u00e9tude (bidrag) et votre pr\u00eat (l\u00e5n) du CSN<\/li>\n<li>Commencez votre cours d'espagnol et vivez une exp\u00e9rience \u00e0 l'\u00e9tranger tout en apprenant.<\/li>\n<\/ol>\n<h3 style=\"text-align: justify;\">\u00c9coles d'espagnol accr\u00e9dit\u00e9es pour le CSN<\/h3>\n<p style=\"text-align: justify;\">HolaSpain collabore avec des \u00e9coles de langue espagnole enti\u00e8rement accr\u00e9dit\u00e9es qui r\u00e9pondent aux exigences de l'aide financi\u00e8re du CSN. Nos programmes combinent un enseignement de haute qualit\u00e9 avec des activit\u00e9s culturelles, vous aidant \u00e0 d\u00e9velopper votre aisance tout en profitant des traditions locales, de la nourriture et de la vie quotidienne en Espagne.<\/p>\n<blockquote>\n<p style=\"text-align: justify;\">Investissez dans votre avenir, \u00e9largissez vos horizons et apprenez l'espagnol dans un environnement dynamique et immersif - avec le soutien financier de CSN. HolaSpain rend les \u00e9tudes en Espagne simples, enrichissantes et inoubliables.<\/p>\n<\/blockquote>\n\n\t\t<\/div>\n\t<\/div>\n<section class=\"vc_cta3-container\"><div class=\"vc_general vc_do_cta3 vc_cta3 vc_cta3-style-outline vc_cta3-shape-rounded vc_cta3-align-left vc_cta3-color-classic vc_cta3-icon-size-md vc_cta3-icons-left vc_cta3-actions-right\"><div class=\"vc_cta3-icons\"><div class=\"vc_icon_element vc_icon_element-outer vc_do_icon vc_icon_element-align-left\"><div class=\"vc_icon_element-inner vc_icon_element-color-turquoise vc_icon_element-size-md vc_icon_element-style- vc_icon_element-background-color-grey\" ><span class=\"vc_icon_element-icon fa fa-solid fa-arrow-right-from-bracket\" ><\/span><\/div><\/div><\/div><div class=\"vc_cta3_content-container\"><div class=\"vc_cta3-content\"><header class=\"vc_cta3-content-header\"><h2>Commencez votre aventure espagnole d\u00e8s aujourd'hui !<\/h2><\/header><p>Vous avez des questions ou vous souhaitez trouver le cours d'espagnol id\u00e9al ? Contactez HolaSpain aujourd'hui et laissez-nous vous aider \u00e0 planifier votre exp\u00e9rience d'apprentissage en Espagne.<\/p>\n<\/div><div class=\"vc_cta3-actions\"><div class=\"vc_btn3-container vc_btn3-inline vc_do_btn\" ><a class=\"vc_general vc_btn3 vc_btn3-size-md vc_btn3-shape-rounded vc_btn3-style-modern vc_btn3-color-info\" href=\"https:\/\/holaspain.agency\/fr\/#contact\" title=\"\">Prendre contact aujourd'hui<\/a><\/div><\/div><\/div><\/div><\/section><\/div><\/div><\/div><\/div>\n<\/div>","protected":false},"excerpt":{"rendered":"<p>Avec le soutien du CSN (Centrala studiest\u00f6dsn\u00e4mnden), les \u00e9tudiants su\u00e9dois peuvent \u00e9tudier l'espagnol en Espagne tout en b\u00e9n\u00e9ficiant d'une aide financi\u00e8re. HolaSpain travaille en partenariat avec des \u00e9coles espagnoles accr\u00e9dit\u00e9es qui proposent des cours de langue intensifs approuv\u00e9s par le CSN, ce qui vous permet d'apprendre l'espagnol, d'obtenir des cr\u00e9dits et de vous immerger totalement dans la culture espagnole, tout en b\u00e9n\u00e9ficiant du soutien financier du syst\u00e8me national su\u00e9dois d'aide aux \u00e9tudiants.<\/p>","protected":false},"author":1,"featured_media":1960,"parent":0,"menu_order":0,"comment_status":"closed","ping_status":"closed","template":"","meta":{"_seopress_robots_primary_cat":"","_seopress_titles_title":"%%sitetitle%% %%sep%% %%post_title%%","_seopress_titles_desc":"Study Spanish in Spain with CSN support. HolaSpain offers CSN-approved intensive courses in cities like Madrid and Valencia for Swedish students.","_seopress_robots_index":"","_daextam_enable_autolinks":"","footnotes":""},"categories":[60],"tags":[],"class_list":["post-1956","page","type-page","status-publish","has-post-thumbnail","hentry","category-eu-programmes"],"_links":{"self":[{"href":"https:\/\/holaspain.agency\/fr\/wp-json\/wp\/v2\/pages\/1956","targetHints":{"allow":["GET"]}}],"collection":[{"href":"https:\/\/holaspain.agency\/fr\/wp-json\/wp\/v2\/pages"}],"about":[{"href":"https:\/\/holaspain.agency\/fr\/wp-json\/wp\/v2\/types\/page"}],"author":[{"embeddable":true,"href":"https:\/\/holaspain.agency\/fr\/wp-json\/wp\/v2\/users\/1"}],"replies":[{"embeddable":true,"href":"https:\/\/holaspain.agency\/fr\/wp-json\/wp\/v2\/comments?post=1956"}],"version-history":[{"count":5,"href":"https:\/\/holaspain.agency\/fr\/wp-json\/wp\/v2\/pages\/1956\/revisions"}],"predecessor-version":[{"id":2015,"href":"https:\/\/holaspain.agency\/fr\/wp-json\/wp\/v2\/pages\/1956\/revisions\/2015"}],"wp:featuredmedia":[{"embeddable":true,"href":"https:\/\/holaspain.agency\/fr\/wp-json\/wp\/v2\/media\/1960"}],"wp:attachment":[{"href":"https:\/\/holaspain.agency\/fr\/wp-json\/wp\/v2\/media?parent=1956"}],"wp:term":[{"taxonomy":"category","embeddable":true,"href":"https:\/\/holaspain.agency\/fr\/wp-json\/wp\/v2\/categories?post=1956"},{"taxonomy":"post_tag","embeddable":true,"href":"https:\/\/holaspain.agency\/fr\/wp-json\/wp\/v2\/tags?post=1956"}],"curies":[{"name":"wp","href":"https:\/\/api.w.org\/{rel}","templated":true}]}}