{"id":19,"date":"2016-09-05T20:18:10","date_gmt":"2016-09-05T20:18:10","guid":{"rendered":"http:\/\/demos.famethemes.com\/screenr-plus\/?page_id=19"},"modified":"2025-11-05T11:41:23","modified_gmt":"2025-11-05T11:41:23","slug":"services-dhebergement-et-dassistance","status":"publish","type":"page","link":"https:\/\/holaspain.agency\/fr\/accommodation-and-support-services\/","title":{"rendered":"Services d'h\u00e9bergement et de soutien"},"content":{"rendered":"<div class=\"wpb-content-wrapper\"><div class=\"vc_row wpb_row vc_row-fluid\"><div class=\"wpb_column vc_column_container vc_col-sm-12\"><div class=\"vc_column-inner\"><div class=\"wpb_wrapper\">\n\t<div class=\"wpb_text_column wpb_content_element\" >\n\t\t<div class=\"wpb_wrapper\">\n\t\t\t<h1>Services d'h\u00e9bergement et de soutien<\/h1>\n<h2>Se sentir chez soi en apprenant l'espagnol<\/h2>\n<p>Le choix d'un bon lieu d'h\u00e9bergement peut transformer votre exp\u00e9rience d'\u00e9tudes \u00e0 l'\u00e9tranger. \u00c0 l'adresse <strong>Hola Espagne<\/strong>, Gr\u00e2ce \u00e0 notre syst\u00e8me d'h\u00e9bergement, nous veillons \u00e0 ce que chaque \u00e9tudiant se sente en s\u00e9curit\u00e9, \u00e0 l'aise et v\u00e9ritablement immerg\u00e9 dans la vie espagnole. Que vous pr\u00e9f\u00e9riez la chaleur d'une famille locale, l'ind\u00e9pendance d'une r\u00e9sidence \u00e9tudiante ou la flexibilit\u00e9 d'un appartement en colocation, nous vous aidons \u00e0 trouver la maison id\u00e9ale loin de chez vous.<\/p>\n<h2>Types d'h\u00e9bergement en Espagne<\/h2>\n<h3>1. Familles d'accueil - Vivre \u00e0 la mani\u00e8re espagnole<\/h3>\n<p>Rester avec un <strong>Famille d'accueil espagnole<\/strong> est la mani\u00e8re la plus authentique de d\u00e9couvrir la culture locale. Vous partagerez les repas, les conversations et les traditions tout en pratiquant naturellement votre espagnol tous les jours.<\/p>\n<ul>\n<li>Possibilit\u00e9 de pension compl\u00e8te ou de demi-pension<\/li>\n<li>Des familles soigneusement s\u00e9lectionn\u00e9es et r\u00e9guli\u00e8rement inspect\u00e9es<\/li>\n<li>Id\u00e9al pour les adultes, les adolescents et les personnes qui visitent le pays pour la premi\u00e8re fois.<\/li>\n<\/ul>\n<h3>2. Les r\u00e9sidences \u00e9tudiantes - une option sociale et ind\u00e9pendante<\/h3>\n<p>Notre modernit\u00e9 <strong>R\u00e9sidences \u00e9tudiantes en Espagne<\/strong> offrent un m\u00e9lange parfait de communaut\u00e9 et d'ind\u00e9pendance. Rencontrez de nouveaux amis du monde entier et profitez d'installations de qualit\u00e9 \u00e0 proximit\u00e9 de votre \u00e9cole d'espagnol.<\/p>\n<ul>\n<li>Chambres priv\u00e9es ou partag\u00e9es<\/li>\n<li>Espaces communs, cuisines et espaces d'\u00e9tude<\/li>\n<li>Wi-Fi, blanchisserie et m\u00e9nage hebdomadaire inclus<\/li>\n<\/ul>\n<h3>3. Appartements partag\u00e9s - Libert\u00e9 et flexibilit\u00e9<\/h3>\n<p>Si vous pr\u00e9f\u00e9rez plus d'ind\u00e9pendance, notre <strong>appartements en colocation<\/strong> sont id\u00e9ales. Vivez avec d'autres \u00e9tudiants internationaux, profitez de votre intimit\u00e9 et explorez l'Espagne \u00e0 votre rythme.<\/p>\n<ul>\n<li>Cuisines enti\u00e8rement \u00e9quip\u00e9es et espaces de vie confortables<\/li>\n<li>Dur\u00e9e de s\u00e9jour flexible<\/li>\n<li>Parfait pour les \u00e9tudiants de longue dur\u00e9e et les nomades num\u00e9riques<\/li>\n<\/ul>\n<h2>Services de soutien aux \u00e9tudiants en Espagne<\/h2>\n<p>Hola Spain propose une gamme compl\u00e8te de <strong>services d'aide aux \u00e9tudiants<\/strong> pour rendre votre s\u00e9jour agr\u00e9able et sans souci, de votre arriv\u00e9e jusqu'\u00e0 votre dernier jour en Espagne.<\/p>\n<ul>\n<li><strong>Assistance pour l'accueil et le transfert \u00e0 l'a\u00e9roport<\/strong> pour une arriv\u00e9e en toute s\u00e9curit\u00e9<\/li>\n<li><strong>Contact d'urgence 24\/7<\/strong> pour la tranquillit\u00e9 d'esprit<\/li>\n<li><strong>Sessions d'orientation<\/strong> pour vous aider \u00e0 vous adapter rapidement<\/li>\n<li><strong>Orientations et activit\u00e9s locales<\/strong> pour vous aider \u00e0 vous rapprocher de la culture espagnole<\/li>\n<\/ul>\n<h2>Pourquoi choisir Hola Spain Accommodation<\/h2>\n<ul>\n<li>R\u00e9seau de logement fiable et v\u00e9rifi\u00e9<\/li>\n<li>Des environnements s\u00fbrs, centraux et accueillants<\/li>\n<li>Options personnalis\u00e9es pour les adultes, les adolescents et les groupes<\/li>\n<li>Immersion culturelle compl\u00e8te et soutien continu<\/li>\n<\/ul>\n\n\t\t<\/div>\n\t<\/div>\n<section class=\"vc_cta3-container\"><div class=\"vc_general vc_do_cta3 vc_cta3 vc_cta3-style-outline vc_cta3-shape-rounded vc_cta3-align-left vc_cta3-color-classic vc_cta3-icon-size-md vc_cta3-icons-left vc_cta3-actions-right\"><div class=\"vc_cta3-icons\"><div class=\"vc_icon_element vc_icon_element-outer vc_do_icon vc_icon_element-align-left\"><div class=\"vc_icon_element-inner vc_icon_element-color-turquoise vc_icon_element-size-md vc_icon_element-style- vc_icon_element-background-color-grey\" ><span class=\"vc_icon_element-icon fa fa-solid fa-arrow-right-from-bracket\" ><\/span><\/div><\/div><\/div><div class=\"vc_cta3_content-container\"><div class=\"vc_cta3-content\"><header class=\"vc_cta3-content-header\"><h2>Commencez votre aventure espagnole d\u00e8s aujourd'hui !<\/h2><\/header><p>Vous avez des questions ou vous souhaitez trouver le cours d'espagnol id\u00e9al ? Contactez HolaSpain aujourd'hui et laissez-nous vous aider \u00e0 planifier votre exp\u00e9rience d'apprentissage en Espagne.<\/p>\n<\/div><div class=\"vc_cta3-actions\"><div class=\"vc_btn3-container vc_btn3-inline vc_do_btn\" ><a class=\"vc_general vc_btn3 vc_btn3-size-md vc_btn3-shape-rounded vc_btn3-style-modern vc_btn3-color-info\" href=\"https:\/\/holaspain.agency\/fr\/#contact\" title=\"\">Prendre contact aujourd'hui<\/a><\/div><\/div><\/div><\/div><\/section><\/div><\/div><\/div><\/div>\n<\/div>","protected":false},"excerpt":{"rendered":"<p>Que vous pr\u00e9f\u00e9riez la chaleur d'une famille locale, l'ind\u00e9pendance d'une r\u00e9sidence \u00e9tudiante ou la flexibilit\u00e9 d'un appartement en colocation, nous vous aidons \u00e0 trouver le foyer id\u00e9al loin de chez vous.<\/p>","protected":false},"author":1,"featured_media":1318,"parent":0,"menu_order":0,"comment_status":"closed","ping_status":"closed","template":"","meta":{"_seopress_robots_primary_cat":"","_seopress_titles_title":"%%sitetitle%% %%sep%% %%post_title%%","_seopress_titles_desc":"Live the Spanish Way \u2014 Hola Spain helps students find the best accommodation and host families while they study Spanish in Spain.","_seopress_robots_index":"","_daextam_enable_autolinks":"","footnotes":""},"categories":[61],"tags":[],"class_list":["post-19","page","type-page","status-publish","has-post-thumbnail","hentry","category-services"],"_links":{"self":[{"href":"https:\/\/holaspain.agency\/fr\/wp-json\/wp\/v2\/pages\/19","targetHints":{"allow":["GET"]}}],"collection":[{"href":"https:\/\/holaspain.agency\/fr\/wp-json\/wp\/v2\/pages"}],"about":[{"href":"https:\/\/holaspain.agency\/fr\/wp-json\/wp\/v2\/types\/page"}],"author":[{"embeddable":true,"href":"https:\/\/holaspain.agency\/fr\/wp-json\/wp\/v2\/users\/1"}],"replies":[{"embeddable":true,"href":"https:\/\/holaspain.agency\/fr\/wp-json\/wp\/v2\/comments?post=19"}],"version-history":[{"count":10,"href":"https:\/\/holaspain.agency\/fr\/wp-json\/wp\/v2\/pages\/19\/revisions"}],"predecessor-version":[{"id":1709,"href":"https:\/\/holaspain.agency\/fr\/wp-json\/wp\/v2\/pages\/19\/revisions\/1709"}],"wp:featuredmedia":[{"embeddable":true,"href":"https:\/\/holaspain.agency\/fr\/wp-json\/wp\/v2\/media\/1318"}],"wp:attachment":[{"href":"https:\/\/holaspain.agency\/fr\/wp-json\/wp\/v2\/media?parent=19"}],"wp:term":[{"taxonomy":"category","embeddable":true,"href":"https:\/\/holaspain.agency\/fr\/wp-json\/wp\/v2\/categories?post=19"},{"taxonomy":"post_tag","embeddable":true,"href":"https:\/\/holaspain.agency\/fr\/wp-json\/wp\/v2\/tags?post=19"}],"curies":[{"name":"wp","href":"https:\/\/api.w.org\/{rel}","templated":true}]}}