{"id":1874,"date":"2025-11-04T12:59:24","date_gmt":"2025-11-04T12:59:24","guid":{"rendered":"https:\/\/holaspain.agency\/?page_id=1874"},"modified":"2025-11-06T09:44:32","modified_gmt":"2025-11-06T09:44:32","slug":"bildungsurlaub-apprendre-lespagnol-en-espagne","status":"publish","type":"page","link":"https:\/\/holaspain.agency\/fr\/bildungsurlaub-learn-spanish-in-spain\/","title":{"rendered":"Bildungsurlaub - Apprendre l'espagnol en Espagne"},"content":{"rendered":"<div class=\"wpb-content-wrapper\"><div class=\"vc_row wpb_row vc_row-fluid\"><div class=\"wpb_column vc_column_container vc_col-sm-12\"><div class=\"vc_column-inner\"><div class=\"wpb_wrapper\">\n\t<div class=\"wpb_text_column wpb_content_element\" >\n\t\t<div class=\"wpb_wrapper\">\n\t\t\t<h1 style=\"text-align: justify;\">Bildungsurlaub - Apprendre l'espagnol en Espagne pendant les cong\u00e9s pay\u00e9s<\/h1>\n<blockquote>\n<p style=\"text-align: justify;\">Le Bildungsurlaub (cong\u00e9 de formation) est l'occasion de prendre un cong\u00e9 en Allemagne et d'apprendre l'espagnol tout en d\u00e9couvrant la culture vibrante de l'Espagne. Les programmes intensifs d'espagnol de 30 le\u00e7ons par semaine de HolaSpain sont enti\u00e8rement reconnus pour le Bildungsurlaub dans la plupart des \u00e9tats f\u00e9d\u00e9raux allemands, ce qui permet aux employ\u00e9s de combiner facilement croissance professionnelle et enrichissement culturel.<\/p>\n<\/blockquote>\n<h2 style=\"text-align: justify;\">Pourquoi choisir HolaSpain pour Bildungsurlaub ?<\/h2>\n<ul style=\"text-align: justify;\">\n<li>Programmes reconnus dans plus de 10 \u00c9tats allemands<\/li>\n<li>30 heures d'enseignement par semaine - r\u00e9pondant aux crit\u00e8res officiels<\/li>\n<li>Cours disponibles pour tous les niveaux, des d\u00e9butants aux apprenants avanc\u00e9s<\/li>\n<li>Apprenez dans des villes populaires : Barcelone, Malaga, Valence, S\u00e9ville, etc.<\/li>\n<\/ul>\n<h2 style=\"text-align: justify;\">Comment faire une demande de Bildungsurlaub ?<\/h2>\n<ol style=\"text-align: justify;\">\n<li>Demandez un formulaire de demande de cong\u00e9 \u00e0 votre employeur<\/li>\n<li>S\u00e9lectionnez votre destination et votre date de d\u00e9but<\/li>\n<li>HolaSpain fournit les documents officiels de reconnaissance de votre pays.<\/li>\n<li>R\u00e9servez votre h\u00e9bergement et profitez du style de vie m\u00e9diterran\u00e9en tout en apprenant<\/li>\n<\/ol>\n<h3 style=\"text-align: justify;\">Cours d'espagnol reconnus pour Bildungsurlaub<\/h3>\n<p style=\"text-align: justify;\">Nos cours d'espagnol sont enti\u00e8rement accr\u00e9dit\u00e9s et r\u00e9pondent aux normes \u00e9ducatives requises pour le Bildungsurlaub. Que vous soyez \u00e0 la recherche d'un d\u00e9veloppement professionnel, d'une escapade culturelle ou d'un enrichissement personnel, HolaSpain vous met en contact avec les principales \u00e9coles de langues en Espagne qui proposent des cours attrayants, des professeurs de langue maternelle et des exp\u00e9riences culturelles immersives.<\/p>\n<blockquote>\n<p style=\"text-align: justify;\">D\u00e9veloppez votre carri\u00e8re, enrichissez votre esprit et d\u00e9couvrez une nouvelle culture, tout en apprenant l'espagnol au soleil. Laissez HolaSpain vous aider \u00e0 rendre votre exp\u00e9rience Bildungsurlaub facile, agr\u00e9able et inoubliable.<\/p>\n<\/blockquote>\n\n\t\t<\/div>\n\t<\/div>\n<section class=\"vc_cta3-container\"><div class=\"vc_general vc_do_cta3 vc_cta3 vc_cta3-style-outline vc_cta3-shape-rounded vc_cta3-align-left vc_cta3-color-classic vc_cta3-icon-size-md vc_cta3-icons-left vc_cta3-actions-right\"><div class=\"vc_cta3-icons\"><div class=\"vc_icon_element vc_icon_element-outer vc_do_icon vc_icon_element-align-left\"><div class=\"vc_icon_element-inner vc_icon_element-color-turquoise vc_icon_element-size-md vc_icon_element-style- vc_icon_element-background-color-grey\" ><span class=\"vc_icon_element-icon fa fa-solid fa-arrow-right-from-bracket\" ><\/span><\/div><\/div><\/div><div class=\"vc_cta3_content-container\"><div class=\"vc_cta3-content\"><header class=\"vc_cta3-content-header\"><h2>Commencez votre aventure espagnole d\u00e8s aujourd'hui !<\/h2><\/header><p>Vous avez des questions ou vous souhaitez trouver le cours d'espagnol id\u00e9al ? Contactez HolaSpain aujourd'hui et laissez-nous vous aider \u00e0 planifier votre exp\u00e9rience d'apprentissage en Espagne.<\/p>\n<\/div><div class=\"vc_cta3-actions\"><div class=\"vc_btn3-container vc_btn3-inline vc_do_btn\" ><a class=\"vc_general vc_btn3 vc_btn3-size-md vc_btn3-shape-rounded vc_btn3-style-modern vc_btn3-color-info\" href=\"https:\/\/holaspain.agency\/fr\/#contact\" title=\"\">Prendre contact aujourd'hui<\/a><\/div><\/div><\/div><\/div><\/section><\/div><\/div><\/div><\/div>\n<\/div>","protected":false},"excerpt":{"rendered":"<p>Le Bildungsurlaub (cong\u00e9 de formation) est l'occasion de prendre un cong\u00e9 en Allemagne et d'apprendre l'espagnol tout en d\u00e9couvrant la culture vibrante de l'Espagne. Les programmes intensifs d'espagnol de 30 le\u00e7ons par semaine de HolaSpain sont enti\u00e8rement reconnus pour le Bildungsurlaub dans la plupart des \u00e9tats f\u00e9d\u00e9raux allemands, ce qui permet aux employ\u00e9s de combiner facilement croissance professionnelle et enrichissement culturel.<\/p>","protected":false},"author":1,"featured_media":1869,"parent":0,"menu_order":0,"comment_status":"closed","ping_status":"closed","template":"","meta":{"_seopress_robots_primary_cat":"","_seopress_titles_title":"%%sitetitle%% %%sep%% %%post_title%%","_seopress_titles_desc":"Take your Bildungsurlaub in Spain. Learn Spanish in accredited schools while enjoying cultural immersion during your paid educational leave.","_seopress_robots_index":"","_daextam_enable_autolinks":"","footnotes":""},"categories":[60],"tags":[],"class_list":["post-1874","page","type-page","status-publish","has-post-thumbnail","hentry","category-eu-programmes"],"_links":{"self":[{"href":"https:\/\/holaspain.agency\/fr\/wp-json\/wp\/v2\/pages\/1874","targetHints":{"allow":["GET"]}}],"collection":[{"href":"https:\/\/holaspain.agency\/fr\/wp-json\/wp\/v2\/pages"}],"about":[{"href":"https:\/\/holaspain.agency\/fr\/wp-json\/wp\/v2\/types\/page"}],"author":[{"embeddable":true,"href":"https:\/\/holaspain.agency\/fr\/wp-json\/wp\/v2\/users\/1"}],"replies":[{"embeddable":true,"href":"https:\/\/holaspain.agency\/fr\/wp-json\/wp\/v2\/comments?post=1874"}],"version-history":[{"count":8,"href":"https:\/\/holaspain.agency\/fr\/wp-json\/wp\/v2\/pages\/1874\/revisions"}],"predecessor-version":[{"id":2014,"href":"https:\/\/holaspain.agency\/fr\/wp-json\/wp\/v2\/pages\/1874\/revisions\/2014"}],"wp:featuredmedia":[{"embeddable":true,"href":"https:\/\/holaspain.agency\/fr\/wp-json\/wp\/v2\/media\/1869"}],"wp:attachment":[{"href":"https:\/\/holaspain.agency\/fr\/wp-json\/wp\/v2\/media?parent=1874"}],"wp:term":[{"taxonomy":"category","embeddable":true,"href":"https:\/\/holaspain.agency\/fr\/wp-json\/wp\/v2\/categories?post=1874"},{"taxonomy":"post_tag","embeddable":true,"href":"https:\/\/holaspain.agency\/fr\/wp-json\/wp\/v2\/tags?post=1874"}],"curies":[{"name":"wp","href":"https:\/\/api.w.org\/{rel}","templated":true}]}}