{"id":1873,"date":"2025-11-04T12:59:29","date_gmt":"2025-11-04T12:59:29","guid":{"rendered":"https:\/\/holaspain.agency\/?page_id=1873"},"modified":"2025-11-06T09:45:09","modified_gmt":"2025-11-06T09:45:09","slug":"pcto-espagnol-et-immersion-culturelle-en-espagne","status":"publish","type":"page","link":"https:\/\/holaspain.agency\/fr\/pcto-spanish-and-cultural-immersion-in-spain\/","title":{"rendered":"PCTO - Immersion espagnole et culturelle en Espagne"},"content":{"rendered":"<div class=\"wpb-content-wrapper\"><div class=\"vc_row wpb_row vc_row-fluid\"><div class=\"wpb_column vc_column_container vc_col-sm-12\"><div class=\"vc_column-inner\"><div class=\"wpb_wrapper\">\n\t<div class=\"wpb_text_column wpb_content_element\" >\n\t\t<div class=\"wpb_wrapper\">\n\t\t\t<h1 style=\"text-align: justify;\">PCTO - Apprentissage de l'espagnol dans les \u00e9coles italiennes<\/h1>\n<blockquote>\n<p style=\"text-align: justify;\">Les programmes PCTO (Percorsi per le Competenze Trasversali e l'Orientamento) sont une excellente occasion pour les lyc\u00e9ens italiens d'am\u00e9liorer leur espagnol et d'acqu\u00e9rir une exp\u00e9rience internationale. HolaSpain propose des programmes PCTO enti\u00e8rement personnalis\u00e9s qui combinent des cours d'espagnol avec des activit\u00e9s culturelles et des possibilit\u00e9s d'apprentissage professionnel en Espagne.<\/p>\n<\/blockquote>\n<h2 style=\"text-align: justify;\">Points forts de nos programmes PCTO<\/h2>\n<ul style=\"text-align: justify;\">\n<li>Con\u00e7u sur mesure pour les groupes scolaires italiens<\/li>\n<li>Disponible toute l'ann\u00e9e dans les villes d'Espagne<\/li>\n<li>Cours de langue, ateliers culturels et visites \u00e9ducatives inclus.<\/li>\n<li>Possibilit\u00e9 d'ajouter une formation aux comp\u00e9tences non techniques et des visites d'entreprises locales<\/li>\n<\/ul>\n<h2 style=\"text-align: justify;\">Comment PCTO travaille avec HolaSpain<\/h2>\n<ol style=\"text-align: justify;\">\n<li>Les \u00e9coles choisissent leur destination pr\u00e9f\u00e9r\u00e9e et la dur\u00e9e du programme<\/li>\n<li>HolaSpain pr\u00e9pare une proposition personnalis\u00e9e avec des activit\u00e9s \u00e9ducatives et culturelles.<\/li>\n<li>Nous apportons notre aide en mati\u00e8re de logistique, de mat\u00e9riel p\u00e9dagogique et de coordination.<\/li>\n<li>Les \u00e9tudiants suivent des cours d'espagnol et vivent des exp\u00e9riences culturelles immersives.<\/li>\n<\/ol>\n<h3 style=\"text-align: justify;\">Programmes d'espagnol du PCTO en Espagne<\/h3>\n<p style=\"text-align: justify;\">Nos programmes PCTO donnent aux \u00e9tudiants italiens la possibilit\u00e9 de d\u00e9velopper des comp\u00e9tences essentielles dans la vie quotidienne - de la communication et du travail d'\u00e9quipe \u00e0 la sensibilisation interculturelle. Avec des cours d'espagnol attrayants, des sorties culturelles et des exp\u00e9riences professionnelles facultatives, ces programmes favorisent le d\u00e9veloppement acad\u00e9mique et personnel dans des environnements espagnols inspirants tels que Malaga, Valence et Madrid.<\/p>\n<blockquote>\n<p style=\"text-align: justify;\">Donnez \u00e0 vos \u00e9l\u00e8ves la possibilit\u00e9 de vivre, d'apprendre et de se d\u00e9velopper dans des environnements espagnols authentiques. De la confiance en la langue \u00e0 la sensibilisation au monde, les comp\u00e9tences acquises gr\u00e2ce \u00e0 PCTO en Espagne vont au-del\u00e0 de la salle de classe et permettent de construire un avenir plus solide pour les jeunes apprenants.<\/p>\n<\/blockquote>\n\n\t\t<\/div>\n\t<\/div>\n<section class=\"vc_cta3-container\"><div class=\"vc_general vc_do_cta3 vc_cta3 vc_cta3-style-outline vc_cta3-shape-rounded vc_cta3-align-left vc_cta3-color-classic vc_cta3-icon-size-md vc_cta3-icons-left vc_cta3-actions-right\"><div class=\"vc_cta3-icons\"><div class=\"vc_icon_element vc_icon_element-outer vc_do_icon vc_icon_element-align-left\"><div class=\"vc_icon_element-inner vc_icon_element-color-turquoise vc_icon_element-size-md vc_icon_element-style- vc_icon_element-background-color-grey\" ><span class=\"vc_icon_element-icon fa fa-solid fa-arrow-right-from-bracket\" ><\/span><\/div><\/div><\/div><div class=\"vc_cta3_content-container\"><div class=\"vc_cta3-content\"><header class=\"vc_cta3-content-header\"><h2>Commencez votre aventure espagnole d\u00e8s aujourd'hui !<\/h2><\/header><p>Vous avez des questions ou vous souhaitez trouver le cours d'espagnol id\u00e9al ? Contactez HolaSpain aujourd'hui et laissez-nous vous aider \u00e0 planifier votre exp\u00e9rience d'apprentissage en Espagne.<\/p>\n<\/div><div class=\"vc_cta3-actions\"><div class=\"vc_btn3-container vc_btn3-inline vc_do_btn\" ><a class=\"vc_general vc_btn3 vc_btn3-size-md vc_btn3-shape-rounded vc_btn3-style-modern vc_btn3-color-info\" href=\"https:\/\/holaspain.agency\/fr\/#contact\" title=\"\">Prendre contact aujourd'hui<\/a><\/div><\/div><\/div><\/div><\/section><\/div><\/div><\/div><\/div>\n<\/div>","protected":false},"excerpt":{"rendered":"<p>Les programmes PCTO (Percorsi per le Competenze Trasversali e l'Orientamento) sont une excellente occasion pour les lyc\u00e9ens italiens d'am\u00e9liorer leur espagnol et d'acqu\u00e9rir une exp\u00e9rience internationale. HolaSpain propose des programmes PCTO enti\u00e8rement personnalis\u00e9s qui combinent des cours d'espagnol avec des activit\u00e9s culturelles et des possibilit\u00e9s d'apprentissage professionnel en Espagne.<\/p>","protected":false},"author":1,"featured_media":1870,"parent":0,"menu_order":0,"comment_status":"closed","ping_status":"closed","template":"","meta":{"_seopress_robots_primary_cat":"","_seopress_titles_title":"%%sitetitle%% %%sep%% %%post_title%%","_seopress_titles_desc":"PCTO in Spain for Italian students. Learn Spanish and gain cultural and vocational experience with tailored school programs across Spain.","_seopress_robots_index":"","_daextam_enable_autolinks":"","footnotes":""},"categories":[60],"tags":[],"class_list":["post-1873","page","type-page","status-publish","has-post-thumbnail","hentry","category-eu-programmes"],"_links":{"self":[{"href":"https:\/\/holaspain.agency\/fr\/wp-json\/wp\/v2\/pages\/1873","targetHints":{"allow":["GET"]}}],"collection":[{"href":"https:\/\/holaspain.agency\/fr\/wp-json\/wp\/v2\/pages"}],"about":[{"href":"https:\/\/holaspain.agency\/fr\/wp-json\/wp\/v2\/types\/page"}],"author":[{"embeddable":true,"href":"https:\/\/holaspain.agency\/fr\/wp-json\/wp\/v2\/users\/1"}],"replies":[{"embeddable":true,"href":"https:\/\/holaspain.agency\/fr\/wp-json\/wp\/v2\/comments?post=1873"}],"version-history":[{"count":13,"href":"https:\/\/holaspain.agency\/fr\/wp-json\/wp\/v2\/pages\/1873\/revisions"}],"predecessor-version":[{"id":2017,"href":"https:\/\/holaspain.agency\/fr\/wp-json\/wp\/v2\/pages\/1873\/revisions\/2017"}],"wp:featuredmedia":[{"embeddable":true,"href":"https:\/\/holaspain.agency\/fr\/wp-json\/wp\/v2\/media\/1870"}],"wp:attachment":[{"href":"https:\/\/holaspain.agency\/fr\/wp-json\/wp\/v2\/media?parent=1873"}],"wp:term":[{"taxonomy":"category","embeddable":true,"href":"https:\/\/holaspain.agency\/fr\/wp-json\/wp\/v2\/categories?post=1873"},{"taxonomy":"post_tag","embeddable":true,"href":"https:\/\/holaspain.agency\/fr\/wp-json\/wp\/v2\/tags?post=1873"}],"curies":[{"name":"wp","href":"https:\/\/api.w.org\/{rel}","templated":true}]}}