{"id":1871,"date":"2025-11-04T12:56:45","date_gmt":"2025-11-04T12:56:45","guid":{"rendered":"https:\/\/holaspain.agency\/?page_id=1871"},"modified":"2026-01-13T12:20:23","modified_gmt":"2026-01-13T12:20:23","slug":"erasmus-etudier-lespagnol-en-espagne","status":"publish","type":"page","link":"https:\/\/holaspain.agency\/fr\/erasmus-study-spanish-in-spain\/","title":{"rendered":"Erasmus+ - \u00c9tudier l'espagnol en Espagne"},"content":{"rendered":"<div class=\"wpb-content-wrapper\"><div class=\"vc_row wpb_row vc_row-fluid\"><div class=\"wpb_column vc_column_container vc_col-sm-12\"><div class=\"vc_column-inner\"><div class=\"wpb_wrapper\">\n\t<div class=\"wpb_text_column wpb_content_element\" >\n\t\t<div class=\"wpb_wrapper\">\n\t\t\t<h1 style=\"text-align: justify;\">Erasmus+ - Apprendre l'espagnol et d\u00e9couvrir l'Espagne<\/h1>\n<blockquote>\n<p style=\"text-align: justify;\">Participez \u00e0 une exp\u00e9rience linguistique qui changera votre vie avec Erasmus+ en Espagne. Chez HolaSpain, nous proposons des programmes de langue espagnole accr\u00e9dit\u00e9s con\u00e7us pour soutenir les projets de mobilit\u00e9 Erasmus+ pour les \u00e9tudiants, les enseignants et le personnel. Que vous souhaitiez am\u00e9liorer votre espagnol pour des objectifs acad\u00e9miques, professionnels ou personnels, nos \u00e9coles partenaires \u00e0 travers l'Espagne r\u00e9pondent aux normes de qualit\u00e9 les plus \u00e9lev\u00e9es.<\/p>\n<\/blockquote>\n<h2 style=\"text-align: justify;\">Pourquoi choisir Erasmus+ pour apprendre l'espagnol ?<\/h2>\n<ul style=\"text-align: justify;\">\n<li>Acc\u00e9der aux cours financ\u00e9s par l'UE dans toute l'Espagne en remplissant simplement les conditions d'admissibilit\u00e9<\/li>\n<li>Participer \u00e0 des exp\u00e9riences culturelles immersives tout en apprenant<\/li>\n<li>Cours adapt\u00e9s \u00e0 votre niveau, de d\u00e9butant \u00e0 avanc\u00e9<\/li>\n<li>Assistance pour les formalit\u00e9s administratives et les contrats d'apprentissage Erasmus+.<\/li>\n<\/ul>\n<h2 style=\"text-align: justify;\">Qui peut poser sa candidature ?<\/h2>\n<p style=\"text-align: justify;\">La mobilit\u00e9 Erasmus+ est ouverte aux \u00e9tudiants, aux \u00e9ducateurs et au personnel des \u00e9tablissements ou organisations \u00e9ligibles participant \u00e0 un projet Erasmus+ actif. Vous n'\u00eates pas s\u00fbr d'\u00eatre \u00e9ligible ? Notre \u00e9quipe peut vous guider tout au long du processus.<\/p>\n<h2 style=\"text-align: justify;\">Comment d\u00e9marrer<\/h2>\n<ol style=\"text-align: justify;\">\n<li>Contactez votre coordinateur Erasmus+ ou votre organisme d'envoi<\/li>\n<li>S\u00e9lectionnez votre lieu de s\u00e9jour et votre \u00e9cole de langue en Espagne<\/li>\n<li>Laissez HolaSpain vous aider pour les r\u00e9servations, les formalit\u00e9s administratives et la logistique.<\/li>\n<\/ol>\n<h3 style=\"text-align: justify;\">Cours d'espagnol Erasmus+ en Espagne<\/h3>\n<p style=\"text-align: justify;\">Our Erasmus+ eligible Spanish courses are perfect for anyone looking to build language confidence while immersing in authentic Spanish culture. Offered by partner schools in cities like Barcelona, Valencia, Alicante, Granada, and Madrid, these programs combine dynamic lessons with cultural activities and local experiences \u2014 ensuring your Erasmus+ stay is both educational and unforgettable. <strong>Consultez nos tarifs pour les adultes <a href=\"https:\/\/holaspain.agency\/fr\/prix-des-cours-professionnels-erasmus-plus\/\">ici<\/a><\/strong><\/p>\n<blockquote>\n<p style=\"text-align: justify;\">Qu'il s'agisse d'am\u00e9liorer vos \u00e9tudes, d'\u00e9largir votre vision du monde ou d'acqu\u00e9rir de nouvelles comp\u00e9tences pour l'avenir, l'apprentissage de l'espagnol avec Erasmus+ change des vies. Laissez-nous vous aider \u00e0 rendre votre exp\u00e9rience de mobilit\u00e9 inoubliable. L'Espagne vous attend !<\/p>\n<\/blockquote>\n\n\t\t<\/div>\n\t<\/div>\n<section class=\"vc_cta3-container\"><div class=\"vc_general vc_do_cta3 vc_cta3 vc_cta3-style-outline vc_cta3-shape-rounded vc_cta3-align-left vc_cta3-color-classic vc_cta3-icon-size-md vc_cta3-icons-left vc_cta3-actions-right\"><div class=\"vc_cta3-icons\"><div class=\"vc_icon_element vc_icon_element-outer vc_do_icon vc_icon_element-align-left\"><div class=\"vc_icon_element-inner vc_icon_element-color-turquoise vc_icon_element-size-md vc_icon_element-style- vc_icon_element-background-color-grey\" ><span class=\"vc_icon_element-icon fa fa-solid fa-arrow-right-from-bracket\" ><\/span><\/div><\/div><\/div><div class=\"vc_cta3_content-container\"><div class=\"vc_cta3-content\"><header class=\"vc_cta3-content-header\"><h2>Commencez votre aventure espagnole d\u00e8s aujourd'hui !<\/h2><\/header><p>Vous avez des questions ou vous souhaitez trouver le cours d'espagnol id\u00e9al ? Contactez HolaSpain aujourd'hui et laissez-nous vous aider \u00e0 planifier votre exp\u00e9rience d'apprentissage en Espagne.<\/p>\n<\/div><div class=\"vc_cta3-actions\"><div class=\"vc_btn3-container vc_btn3-inline vc_do_btn\" ><a class=\"vc_general vc_btn3 vc_btn3-size-md vc_btn3-shape-rounded vc_btn3-style-modern vc_btn3-color-info\" href=\"https:\/\/holaspain.agency\/fr\/#contact\" title=\"\">Prendre contact aujourd'hui<\/a><\/div><\/div><\/div><\/div><\/section><\/div><\/div><\/div><\/div>\n<\/div>","protected":false},"excerpt":{"rendered":"<p>Participez \u00e0 une exp\u00e9rience linguistique qui changera votre vie avec Erasmus+ en Espagne. Chez HolaSpain, nous proposons des programmes de langue espagnole accr\u00e9dit\u00e9s con\u00e7us pour soutenir les projets de mobilit\u00e9 Erasmus+ pour les \u00e9tudiants, les enseignants et le personnel. Que vous souhaitiez am\u00e9liorer votre espagnol pour des objectifs acad\u00e9miques, professionnels ou personnels, nos \u00e9coles partenaires \u00e0 travers l'Espagne r\u00e9pondent aux normes de qualit\u00e9 les plus \u00e9lev\u00e9es.<\/p>","protected":false},"author":1,"featured_media":1867,"parent":0,"menu_order":0,"comment_status":"closed","ping_status":"closed","template":"","meta":{"_seopress_robots_primary_cat":"","_seopress_titles_title":"%%sitetitle%% %%sep%% %%post_title%%","_seopress_titles_desc":"Learn Spanish in Spain with Erasmus+. HolaSpain connects you with accredited schools offering language programs fully compatible with Erasmus+ funding.","_seopress_robots_index":"","_daextam_enable_autolinks":"1","footnotes":""},"categories":[60],"tags":[],"class_list":["post-1871","page","type-page","status-publish","has-post-thumbnail","hentry","category-eu-programmes"],"_links":{"self":[{"href":"https:\/\/holaspain.agency\/fr\/wp-json\/wp\/v2\/pages\/1871","targetHints":{"allow":["GET"]}}],"collection":[{"href":"https:\/\/holaspain.agency\/fr\/wp-json\/wp\/v2\/pages"}],"about":[{"href":"https:\/\/holaspain.agency\/fr\/wp-json\/wp\/v2\/types\/page"}],"author":[{"embeddable":true,"href":"https:\/\/holaspain.agency\/fr\/wp-json\/wp\/v2\/users\/1"}],"replies":[{"embeddable":true,"href":"https:\/\/holaspain.agency\/fr\/wp-json\/wp\/v2\/comments?post=1871"}],"version-history":[{"count":12,"href":"https:\/\/holaspain.agency\/fr\/wp-json\/wp\/v2\/pages\/1871\/revisions"}],"predecessor-version":[{"id":2379,"href":"https:\/\/holaspain.agency\/fr\/wp-json\/wp\/v2\/pages\/1871\/revisions\/2379"}],"wp:featuredmedia":[{"embeddable":true,"href":"https:\/\/holaspain.agency\/fr\/wp-json\/wp\/v2\/media\/1867"}],"wp:attachment":[{"href":"https:\/\/holaspain.agency\/fr\/wp-json\/wp\/v2\/media?parent=1871"}],"wp:term":[{"taxonomy":"category","embeddable":true,"href":"https:\/\/holaspain.agency\/fr\/wp-json\/wp\/v2\/categories?post=1871"},{"taxonomy":"post_tag","embeddable":true,"href":"https:\/\/holaspain.agency\/fr\/wp-json\/wp\/v2\/tags?post=1871"}],"curies":[{"name":"wp","href":"https:\/\/api.w.org\/{rel}","templated":true}]}}