{"id":1803,"date":"2025-11-04T11:11:32","date_gmt":"2025-11-04T11:11:32","guid":{"rendered":"https:\/\/holaspain.agency\/?page_id=1803"},"modified":"2025-11-06T09:56:19","modified_gmt":"2025-11-06T09:56:19","slug":"ecoles-partenaires","status":"publish","type":"page","link":"https:\/\/holaspain.agency\/fr\/partner-schools\/","title":{"rendered":"\u00c9coles partenaires"},"content":{"rendered":"<div class=\"wpb-content-wrapper\"><div class=\"vc_row wpb_row vc_row-fluid\"><div class=\"wpb_column vc_column_container vc_col-sm-12\"><div class=\"vc_column-inner\"><div class=\"wpb_wrapper\">\n\t<div class=\"wpb_text_column wpb_content_element\" >\n\t\t<div class=\"wpb_wrapper\">\n\t\t\t<h1 style=\"text-align: justify;\">Meilleures \u00e9coles d'espagnol en Espagne<\/h1>\n<h2 style=\"text-align: justify;\">Apprendre l'espagnol \u00e0 l'\u00e9tranger avec des partenaires de confiance<\/h2>\n<p style=\"text-align: justify;\">D\u00e9couvrez les meilleures \u00e9coles de langue espagnole dans toute l'Espagne, des villes anim\u00e9es aux villes c\u00f4ti\u00e8res ensoleill\u00e9es. Nos <strong>\u00e9coles partenaires de confiance<\/strong> offrent des cours d'espagnol de haute qualit\u00e9, une immersion culturelle et un environnement accueillant pour les \u00e9tudiants de tous \u00e2ges. Avec des professeurs exp\u00e9riment\u00e9s et des installations exceptionnelles, chaque \u00e9cole se consacre \u00e0 vous aider \u00e0 atteindre vos objectifs linguistiques tout en faisant l'exp\u00e9rience de la vie espagnole authentique.<\/p>\n<h3 style=\"text-align: justify;\">Pourquoi choisir nos \u00e9coles partenaires ?<\/h3>\n<p style=\"text-align: justify;\">Que vous soyez d\u00e9butant ou avanc\u00e9, nos \u00e9coles proposent des programmes personnalis\u00e9s, des activit\u00e9s culturelles passionnantes et la possibilit\u00e9 de nouer des liens pour la vie. Choisissez votre destination id\u00e9ale et commencez \u00e0 apprendre l'espagnol de mani\u00e8re amusante et efficace !<\/p>\n\n\t\t<\/div>\n\t<\/div>\n\n<div class=\"vc_grid-container-wrapper vc_clearfix vc_grid-animation-none\">\n\t<div class=\"vc_grid-container vc_clearfix wpb_content_element vc_masonry_grid\" data-initial-loading-animation=\"none\" data-vc-grid-settings=\"{&quot;page_id&quot;:1803,&quot;style&quot;:&quot;all-masonry&quot;,&quot;action&quot;:&quot;vc_get_vc_grid_data&quot;,&quot;shortcode_id&quot;:&quot;1762422560406-03955a6f-0c84-6&quot;,&quot;tag&quot;:&quot;vc_masonry_grid&quot;}\" data-vc-request=\"https:\/\/holaspain.agency\/wp-admin\/admin-ajax.php\" data-vc-post-id=\"1803\" data-vc-public-nonce=\"20757f1178\">\n\t\t\n\t<\/div>\n<\/div><\/div><\/div><\/div><\/div>\n<\/div>","protected":false},"excerpt":{"rendered":"Meilleures \u00e9coles d'espagnol en Espagne Apprenez l'espagnol \u00e0 l'\u00e9tranger avec des partenaires de confiance D\u00e9couvrez les meilleures \u00e9coles d'espagnol \u00e0 travers l'Espagne, des villes anim\u00e9es aux villes c\u00f4ti\u00e8res ensoleill\u00e9es. Nos \u00e9coles partenaires de confiance proposent des cours d'espagnol de grande qualit\u00e9, une immersion culturelle et un environnement accueillant pour les \u00e9tudiants de tous \u00e2ges. Avec des professeurs exp\u00e9riment\u00e9s et des installations exceptionnelles,...","protected":false},"author":1,"featured_media":2025,"parent":0,"menu_order":0,"comment_status":"closed","ping_status":"closed","template":"","meta":{"_seopress_robots_primary_cat":"","_seopress_titles_title":"%%sitetitle%% %%sep%% %%post_title%%","_seopress_titles_desc":"Discover top Spanish language schools across Spain. Learn Spanish through quality courses, cultural immersion, and unforgettable local experiences.","_seopress_robots_index":"","_daextam_enable_autolinks":"","footnotes":""},"categories":[],"tags":[],"class_list":["post-1803","page","type-page","status-publish","has-post-thumbnail","hentry"],"_links":{"self":[{"href":"https:\/\/holaspain.agency\/fr\/wp-json\/wp\/v2\/pages\/1803","targetHints":{"allow":["GET"]}}],"collection":[{"href":"https:\/\/holaspain.agency\/fr\/wp-json\/wp\/v2\/pages"}],"about":[{"href":"https:\/\/holaspain.agency\/fr\/wp-json\/wp\/v2\/types\/page"}],"author":[{"embeddable":true,"href":"https:\/\/holaspain.agency\/fr\/wp-json\/wp\/v2\/users\/1"}],"replies":[{"embeddable":true,"href":"https:\/\/holaspain.agency\/fr\/wp-json\/wp\/v2\/comments?post=1803"}],"version-history":[{"count":25,"href":"https:\/\/holaspain.agency\/fr\/wp-json\/wp\/v2\/pages\/1803\/revisions"}],"predecessor-version":[{"id":2024,"href":"https:\/\/holaspain.agency\/fr\/wp-json\/wp\/v2\/pages\/1803\/revisions\/2024"}],"wp:featuredmedia":[{"embeddable":true,"href":"https:\/\/holaspain.agency\/fr\/wp-json\/wp\/v2\/media\/2025"}],"wp:attachment":[{"href":"https:\/\/holaspain.agency\/fr\/wp-json\/wp\/v2\/media?parent=1803"}],"wp:term":[{"taxonomy":"category","embeddable":true,"href":"https:\/\/holaspain.agency\/fr\/wp-json\/wp\/v2\/categories?post=1803"},{"taxonomy":"post_tag","embeddable":true,"href":"https:\/\/holaspain.agency\/fr\/wp-json\/wp\/v2\/tags?post=1803"}],"curies":[{"name":"wp","href":"https:\/\/api.w.org\/{rel}","templated":true}]}}