{"id":1780,"date":"2025-11-04T10:24:43","date_gmt":"2025-11-04T10:24:43","guid":{"rendered":"https:\/\/holaspain.agency\/?post_type=portfolio&#038;p=1780"},"modified":"2026-01-09T16:03:53","modified_gmt":"2026-01-09T16:03:53","slug":"ecoles-despagnol-a-cadix","status":"publish","type":"page","link":"https:\/\/holaspain.agency\/fr\/spanish-schools-in-cadiz\/","title":{"rendered":"\u00c9coles d'espagnol \u00e0 Cadix"},"content":{"rendered":"<div class=\"wpb-content-wrapper\"><div class=\"vc_row wpb_row vc_row-fluid\"><div class=\"wpb_column vc_column_container vc_col-sm-12\"><div class=\"vc_column-inner\"><div class=\"wpb_wrapper\">\n\t<div class=\"wpb_text_column wpb_content_element\" >\n\t\t<div class=\"wpb_wrapper\">\n\t\t\t<h1 style=\"text-align: justify;\">\u00c9tudier l'espagnol \u00e0 l'\u00e9tranger<\/h1>\n<h3 style=\"text-align: justify;\"><strong>Apprendre l'espagnol \u00e0 Cadix - Histoire, plages et langue sur la Costa de la Luz<\/strong><\/h3>\n<blockquote>\n<p style=\"text-align: justify;\">Si vous r\u00eavez d'\u00e9tudier l'espagnol dans une ville au charme andalou avec vue sur l'oc\u00e9an Atlantique, <strong>Cadix<\/strong> est la destination id\u00e9ale. Situ\u00e9e dans le sud de l'Espagne, le long de l'\u00e9poustouflante <strong>Costa de la Luz<\/strong>, Cadiz offre <strong>des \u00e9coles d'espagnol de grande qualit\u00e9<\/strong>, Un patrimoine culturel riche et un style de vie d\u00e9tendu en bord de mer.<\/p>\n<\/blockquote>\n<h3 style=\"text-align: justify;\"><strong>Pourquoi \u00e9tudier l'espagnol \u00e0 Cadix ?<\/strong><\/h3>\n<p><iframe loading=\"lazy\" title=\"\u00c9tudier l&#039;espagnol \u00e0 Cadix \ud83c\uddea\ud83c\uddf8 | Culture authentique et immersion\" width=\"790\" height=\"444\" src=\"https:\/\/www.youtube.com\/embed\/pSogHnStMjk?feature=oembed\" frameborder=\"0\" allow=\"accelerometer; autoplay; clipboard-write; encrypted-media; gyroscope; picture-in-picture; web-share\" referrerpolicy=\"strict-origin-when-cross-origin\" allowfullscreen><\/iframe><\/p>\n<p style=\"text-align: justify;\">Avec plus de 3 000 ans d'histoire, Cadix est consid\u00e9r\u00e9e comme la plus ancienne ville d'Europe occidentale, tout en restant vivante et jeune. C'est l'endroit id\u00e9al pour <strong>apprendre l'espagnol dans un environnement authentiquement espagnol<\/strong>, Loin de l'agitation des grandes villes touristiques.<\/p>\n<p style=\"text-align: justify;\">Les \u00e9tudiants choisissent Cadix pour les raisons suivantes<\/p>\n<ul style=\"text-align: justify;\">\n<li>Il s'agit d'un <strong>authentique, s\u00fbr et amical<\/strong> ville, id\u00e9ale pour une v\u00e9ritable immersion linguistique.<\/li>\n<li>Il abrite <strong>des \u00e9coles d'espagnol hautement accr\u00e9dit\u00e9es<\/strong> avec des enseignants exp\u00e9riment\u00e9s.<\/li>\n<li>Son <strong>Climat atlantique<\/strong> et des plages \u00e0 perte de vue offrent un mode de vie sain et d\u00e9tendu.<\/li>\n<li>Il s'enorgueillit d'une <strong>un riche patrimoine culturel<\/strong> et de profondes traditions andalouses.<\/li>\n<li>Elle est plus abordable que les grandes villes, mais poss\u00e8de tout ce dont un \u00e9tudiant a besoin.<\/li>\n<\/ul>\n<p style=\"text-align: justify;\">Cadix offre une combinaison parfaite de <strong>Apprentissage de l'espagnol, vie locale et culture andalouse<\/strong> - le tout dans un cadre c\u00f4tier \u00e9poustouflant.<\/p>\n<h2 style=\"text-align: justify;\"><strong>Meilleures \u00e9coles d'espagnol \u00e0 Cadix<\/strong><\/h2>\n<p style=\"text-align: justify;\">Voici quelques-unes des plus <strong>des \u00e9coles d'espagnol respect\u00e9es et accr\u00e9dit\u00e9es<\/strong> \u00e0 Cadix qui proposent des cours d'espagnol de haute qualit\u00e9 :<\/p>\n<h4 style=\"text-align: justify;\"><strong>\u00c9cole de la Trinit\u00e9<\/strong><\/h4>\n<p style=\"text-align: justify;\">L'\u00e9cole Trinity propose une gamme de cours d'espagnol pour adultes et adolescents, y compris des programmes intensifs et des le\u00e7ons individuelles, en mettant l'accent sur la pratique de la communication et les activit\u00e9s culturelles.<\/p>\n<h4 style=\"text-align: justify;\"><strong>CLIC IH Cadix<\/strong><\/h4>\n<p style=\"text-align: justify;\">Faisant partie du r\u00e9seau International House, le CLIC IH Cadiz propose des installations modernes, une pr\u00e9paration au DELE et des programmes d'\u00e9t\u00e9 pour les jeunes apprenants, combinant rigueur acad\u00e9mique et immersion culturelle.<\/p>\n<h4 style=\"text-align: justify;\"><strong>Escuela Hispalense<\/strong><\/h4>\n<p style=\"text-align: justify;\">L'Escuela Hispalense est connue pour son approche personnalis\u00e9e et ses classes de petite taille. L'\u00e9cole propose des cours intensifs, une pr\u00e9paration aux examens et de nombreuses activit\u00e9s culturelles pour aider les \u00e9tudiants \u00e0 s'int\u00e9grer dans la vie locale.<\/p>\n<h4 style=\"text-align: justify;\"><strong>K2 Internacional<\/strong><\/h4>\n<p style=\"text-align: justify;\">Situ\u00e9 dans le centre historique, K2 Internacional associe un enseignement linguistique de qualit\u00e9 \u00e0 des exp\u00e9riences culturelles uniques telles que des ateliers de flamenco et des cours de surf, ce qui le rend populaire aupr\u00e8s des \u00e9tudiants en qu\u00eate d'aventure et d'immersion.<\/p>\n<h4 style=\"text-align: justify;\"><strong>Espagnol \u00e0 Cadix<\/strong><\/h4>\n<p style=\"text-align: justify;\">Pr\u00e8s de la plage Victoria, Spanish in Cadiz propose des cours intensifs, des le\u00e7ons priv\u00e9es et des programmes culturels. L'\u00e9cole est appr\u00e9ci\u00e9e pour son atmosph\u00e8re conviviale et ses professeurs natifs exp\u00e9riment\u00e9s.<\/p>\n<h4 style=\"text-align: justify;\"><strong>T\u00e9nidiomes<\/strong><\/h4>\n<p style=\"text-align: justify;\">Tenidiomas propose des options de cours flexibles, y compris des programmes \u00e0 temps partiel et intensifs, ainsi que des activit\u00e9s culturelles et une aide \u00e0 l'h\u00e9bergement pour garantir une exp\u00e9rience d'\u00e9tude harmonieuse et immersive.<\/p>\n<h3 style=\"text-align: justify;\"><strong>Vivre l'exp\u00e9rience de Cadix<\/strong><\/h3>\n<p style=\"text-align: justify;\">\u00c9tudier l'espagnol \u00e0 Cadix, ce n'est pas seulement aller en classe, c'est aussi... <strong>Adopter le style de vie andalou<\/strong> au bord de la mer. \u00c0 Cadix, vous pouvez :<\/p>\n<ul style=\"text-align: justify;\">\n<li>Se perdre dans les rues \u00e9troites de la <strong>vieille ville<\/strong>, L'un des plus charmants d'Espagne.<\/li>\n<li>Se d\u00e9tendre sur des plages ensoleill\u00e9es comme <strong>La Caleta<\/strong> ou <strong>Santa Mar\u00eda del Mar<\/strong> apr\u00e8s la classe.<\/li>\n<li>Savourer la tradition <strong>tapas et poisson frit<\/strong> dans les tavernes locales.<\/li>\n<li>Faites l'exp\u00e9rience de la c\u00e9l\u00e8bre <strong>Carnaval de Cadix<\/strong>, L'un des festivals les plus embl\u00e9matiques d'Espagne.<\/li>\n<li>Visitez des joyaux historiques comme le <strong>Cath\u00e9drale de Cadix<\/strong> et le th\u00e9\u00e2tre romain.<\/li>\n<\/ul>\n<blockquote>\n<p style=\"text-align: justify;\">Cadix est un endroit unique pour apprendre l'espagnol, entour\u00e9 d'histoire, de vues sur l'oc\u00e9an et de l'esprit joyeux de l'Andalousie. <strong>Vivre la langue espagnole dans une ville c\u00f4ti\u00e8re unique en son genre<\/strong>, o\u00f9 chaque rue, chaque conversation et chaque exp\u00e9rience vous rapproche de la culture espagnole authentique.<\/p>\n<\/blockquote>\n\n\t\t<\/div>\n\t<\/div>\n<section class=\"vc_cta3-container\"><div class=\"vc_general vc_do_cta3 vc_cta3 vc_cta3-style-outline vc_cta3-shape-rounded vc_cta3-align-left vc_cta3-color-classic vc_cta3-icon-size-md vc_cta3-icons-left vc_cta3-actions-right\"><div class=\"vc_cta3-icons\"><div class=\"vc_icon_element vc_icon_element-outer vc_do_icon vc_icon_element-align-left\"><div class=\"vc_icon_element-inner vc_icon_element-color-turquoise vc_icon_element-size-md vc_icon_element-style- vc_icon_element-background-color-grey\" ><span class=\"vc_icon_element-icon fa fa-solid fa-arrow-right-from-bracket\" ><\/span><\/div><\/div><\/div><div class=\"vc_cta3_content-container\"><div class=\"vc_cta3-content\"><header class=\"vc_cta3-content-header\"><h2>Commencez votre s\u00e9jour linguistique \u00e0 Cadix d\u00e8s aujourd'hui !<\/h2><\/header><p style=\"text-align: justify;\">Que vous soyez un adulte en qu\u00eate d'une immersion culturelle compl\u00e8te ou un adolescent \u00e0 la recherche d'une aventure estivale amusante et s\u00fbre, Cadix a tout pour plaire : des \u00e9coles de langues de premier ordre, des plages magnifiques et l'esprit vibrant du sud de l'Espagne.<\/p>\n<\/div><div class=\"vc_cta3-actions\"><div class=\"vc_btn3-container vc_btn3-inline vc_do_btn\" ><a class=\"vc_general vc_btn3 vc_btn3-size-md vc_btn3-shape-rounded vc_btn3-style-modern vc_btn3-color-info\" href=\"https:\/\/holaspain.agency\/fr\/#contact\" title=\"\">Prendre contact aujourd'hui<\/a><\/div><\/div><\/div><\/div><\/section><\/div><\/div><\/div><\/div>\n<\/div>","protected":false},"excerpt":{"rendered":"<p>\u00c9tudiez l'espagnol \u00e0 Cadix, la plus ancienne ville d'Europe. Plongez dans des \u00e9coles de confiance, des plages dor\u00e9es et le charme d\u00e9contract\u00e9 de la c\u00f4te qui caract\u00e9rise le sud de l'Espagne.<\/p>","protected":false},"author":1,"featured_media":1821,"parent":0,"menu_order":0,"comment_status":"closed","ping_status":"closed","template":"","meta":{"_seopress_robots_primary_cat":"","_seopress_titles_title":"Hola Spain %%sep%% %%post_title%%","_seopress_titles_desc":"Study Spanish in Cadiz with accredited schools by the sea. Enjoy history, beaches, and Andalusian culture on the Costa de la Luz.","_seopress_robots_index":"","_daextam_enable_autolinks":"1","footnotes":""},"categories":[54,53],"tags":[],"class_list":["post-1780","page","type-page","status-publish","has-post-thumbnail","hentry","category-andalucia","category-spanish-schools"],"_links":{"self":[{"href":"https:\/\/holaspain.agency\/fr\/wp-json\/wp\/v2\/pages\/1780","targetHints":{"allow":["GET"]}}],"collection":[{"href":"https:\/\/holaspain.agency\/fr\/wp-json\/wp\/v2\/pages"}],"about":[{"href":"https:\/\/holaspain.agency\/fr\/wp-json\/wp\/v2\/types\/page"}],"author":[{"embeddable":true,"href":"https:\/\/holaspain.agency\/fr\/wp-json\/wp\/v2\/users\/1"}],"replies":[{"embeddable":true,"href":"https:\/\/holaspain.agency\/fr\/wp-json\/wp\/v2\/comments?post=1780"}],"version-history":[{"count":8,"href":"https:\/\/holaspain.agency\/fr\/wp-json\/wp\/v2\/pages\/1780\/revisions"}],"predecessor-version":[{"id":2334,"href":"https:\/\/holaspain.agency\/fr\/wp-json\/wp\/v2\/pages\/1780\/revisions\/2334"}],"wp:featuredmedia":[{"embeddable":true,"href":"https:\/\/holaspain.agency\/fr\/wp-json\/wp\/v2\/media\/1821"}],"wp:attachment":[{"href":"https:\/\/holaspain.agency\/fr\/wp-json\/wp\/v2\/media?parent=1780"}],"wp:term":[{"taxonomy":"category","embeddable":true,"href":"https:\/\/holaspain.agency\/fr\/wp-json\/wp\/v2\/categories?post=1780"},{"taxonomy":"post_tag","embeddable":true,"href":"https:\/\/holaspain.agency\/fr\/wp-json\/wp\/v2\/tags?post=1780"}],"curies":[{"name":"wp","href":"https:\/\/api.w.org\/{rel}","templated":true}]}}