{"id":1350,"date":"2025-10-18T11:51:57","date_gmt":"2025-10-18T11:51:57","guid":{"rendered":"https:\/\/holaspain.agency\/?post_type=portfolio&#038;p=1350"},"modified":"2026-01-07T14:42:04","modified_gmt":"2026-01-07T14:42:04","slug":"spanish-schools-in-alicante","status":"publish","type":"page","link":"https:\/\/holaspain.agency\/fr\/spanish-schools-in-alicante\/","title":{"rendered":"\u00c9coles d'espagnol \u00e0 Alicante"},"content":{"rendered":"<div class=\"wpb-content-wrapper\"><div class=\"vc_row wpb_row vc_row-fluid\"><div class=\"wpb_column vc_column_container vc_col-sm-12\"><div class=\"vc_column-inner\"><div class=\"wpb_wrapper\">\n\t<div class=\"wpb_text_column wpb_content_element\" >\n\t\t<div class=\"wpb_wrapper\">\n\t\t\t<h1 style=\"text-align: justify;\">\u00c9tudier l'espagnol \u00e0 l'\u00e9tranger<\/h1>\n<h3 style=\"text-align: justify;\"><strong>Apprendre l'espagnol \u00e0 Alicante - Soleil, mer et langue sur la Costa Blanca<\/strong><\/h3>\n<blockquote>\n<p style=\"text-align: justify;\">Si vous r\u00eavez d'apprendre l'espagnol au bord de la mer M\u00e9diterran\u00e9e, <strong>Alicante<\/strong> est l'endroit id\u00e9al pour y parvenir. Situ\u00e9 sur la magnifique c\u00f4te espagnole de <strong>Costa Blanca<\/strong>, Alicante combine <strong>Excellentes \u00e9coles d'espagnol<\/strong>, Un style de vie d\u00e9contract\u00e9 sur la plage et une atmosph\u00e8re chaleureuse et accueillante.<\/p>\n<\/blockquote>\n<h3 style=\"text-align: justify;\"><strong>Pourquoi \u00e9tudier l'espagnol \u00e0 Alicante ?<\/strong><\/h3>\n<p><iframe loading=\"lazy\" title=\"\u00c9tudier l&#039;espagnol \u00e0 Alicante \ud83c\uddea\ud83c\uddf8 | Soleil, qualit\u00e9 de vie et immersion r\u00e9elle\" width=\"790\" height=\"444\" src=\"https:\/\/www.youtube.com\/embed\/F-J4PsbmAhg?feature=oembed\" frameborder=\"0\" allow=\"accelerometer; autoplay; clipboard-write; encrypted-media; gyroscope; picture-in-picture; web-share\" referrerpolicy=\"strict-origin-when-cross-origin\" allowfullscreen><\/iframe><\/p>\n<p style=\"text-align: justify;\"><span style=\"font-size: 0.9375rem;\">Avec plus de 300 jours de soleil par an, cette charmante ville c\u00f4ti\u00e8re offre un environnement id\u00e9al pour\u00a0<\/span><strong style=\"font-size: 0.9375rem;\">\u00e9tudier l'espagnol, se faire des amis et profiter de la vie sous le soleil m\u00e9diterran\u00e9en<\/strong><span style=\"font-size: 0.9375rem;\">\u00a0- parfait pour les deux\u00a0<\/span><strong style=\"font-size: 0.9375rem;\">adolescents<\/strong><span style=\"font-size: 0.9375rem;\">\u00a0et\u00a0<\/span><strong style=\"font-size: 0.9375rem;\">apprenants adultes<\/strong><span style=\"font-size: 0.9375rem;\">.<\/span><\/p>\n<p style=\"text-align: justify;\">Alicante est l'une des villes \u00e9tudiantes les plus populaires d'Espagne. <strong>culture, plages et prix abordables<\/strong>.<\/p>\n<p style=\"text-align: justify;\">Elle est suffisamment grande pour contenir tout ce dont vous avez besoin, mais suffisamment petite pour \u00eatre conviviale et facile \u00e0 explorer.<\/p>\n<p style=\"text-align: justify;\">Les \u00e9tudiants choisissent Alicante pour les raisons suivantes<\/p>\n<ul style=\"text-align: justify;\">\n<li>Il a <strong>des \u00e9coles d'espagnol de grande qualit\u00e9<\/strong> accr\u00e9dit\u00e9 par l'Instituto Cervantes.<\/li>\n<li>Le <strong>le co\u00fbt de la vie est moins \u00e9lev\u00e9<\/strong> que dans les grandes villes comme Madrid ou Barcelone.<\/li>\n<li>Le <strong>Climat m\u00e9diterran\u00e9en<\/strong> et le cadre c\u00f4tier cr\u00e9ent une atmosph\u00e8re d\u00e9tendue et agr\u00e9able.<\/li>\n<li>Il s'agit d'un <strong>ville s\u00fbre et accueillante pour les \u00e9tudiants<\/strong> avec une communaut\u00e9 internationale.<\/li>\n<li>Les habitants sont ouverts et amicaux, ce qui est id\u00e9al pour pratiquer l'espagnol tous les jours.<\/li>\n<\/ul>\n<p style=\"text-align: justify;\">Alicante offre la combinaison id\u00e9ale de <strong>l'apprentissage, les loisirs et la culture espagnole authentique<\/strong> - le tout dans une magnifique destination en bord de mer.<\/p>\n<h3 style=\"text-align: justify;\"><strong>Meilleures \u00e9coles d'espagnol \u00e0 Alicante<\/strong><\/h3>\n<p style=\"text-align: justify;\">Voici quelques-unes des <strong>les \u00e9coles d'espagnol les plus respect\u00e9es et les plus accr\u00e9dit\u00e9es<\/strong> \u00e0 Alicante, offrant des cours de haute qualit\u00e9 pour les \u00e9tudiants de tous \u00e2ges :<\/p>\n<h4 style=\"text-align: justify;\"><strong>1. Enforex Alicante<\/strong><\/h4>\n<p style=\"text-align: justify;\">Situ\u00e9e \u00e0 proximit\u00e9 de la plage et de la vieille ville, Enforex Alicante offre un \u00e9quilibre parfait entre \u00e9tudes et d\u00e9tente. L'\u00e9cole propose des cours d'espagnol intensifs et super-intensifs, une pr\u00e9paration au DELE et des programmes d'\u00e9t\u00e9 pour les adolescents, tous dispens\u00e9s par des professeurs natifs exp\u00e9riment\u00e9s.<\/p>\n<h4 style=\"text-align: justify;\"><strong>2. Proyecto Espa\u00f1ol Alicante<\/strong><\/h4>\n<p style=\"text-align: justify;\">Un choix populaire parmi les \u00e9tudiants internationaux, Proyecto Espa\u00f1ol combine des prix abordables avec un excellent enseignement. L'\u00e9cole propose des programmes flexibles, des options de parcours universitaire et des activit\u00e9s culturelles telles que des excursions, des cours de cuisine et des \u00e9changes linguistiques.<\/p>\n<h4 style=\"text-align: justify;\"><strong>3. Coll\u00e8ge international d'Alicante<\/strong><\/h4>\n<p style=\"text-align: justify;\">Accr\u00e9dit\u00e9e par l'Instituto Cervantes, cette \u00e9cole conviviale et bien \u00e9tablie est connue pour son approche personnelle et ses normes d'enseignement \u00e9lev\u00e9es. Elle propose un large \u00e9ventail de cours pour les adultes, les \u00e9tudiants universitaires et les jeunes apprenants.<\/p>\n<h4 style=\"text-align: justify;\"><strong>4. Estudio Sampere Alicante<\/strong><\/h4>\n<p style=\"text-align: justify;\">Faisant partie du c\u00e9l\u00e8bre groupe Sampere, cette \u00e9cole propose des cours d'espagnol de grande qualit\u00e9 dans un environnement moderne et d\u00e9tendu. Les \u00e9tudiants b\u00e9n\u00e9ficient de petites classes, d'une immersion culturelle et d'un personnel professionnel qui s'efforce de les aider \u00e0 faire de r\u00e9els progr\u00e8s.<\/p>\n<h4 style=\"text-align: justify;\"><strong>5. ELE USAL Alicante<\/strong><\/h4>\n<p style=\"text-align: justify;\">Affili\u00e9e \u00e0 l'universit\u00e9 de Salamanque, l'\u00e9cole ELE USAL Alicante allie l'excellence acad\u00e9mique \u00e0 des m\u00e9thodes d'enseignement modernes. Elle est id\u00e9ale pour les \u00e9tudiants \u00e0 la recherche d'un enseignement universitaire de l'espagnol sur la c\u00f4te.<\/p>\n<h3 style=\"text-align: justify;\"><strong>Vivre l'exp\u00e9rience d'Alicante<\/strong><\/h3>\n<p style=\"text-align: justify;\">\u00c9tudier l'espagnol \u00e0 Alicante, c'est bien plus que des cours - c'est aussi <strong>vivre le style de vie m\u00e9diterran\u00e9en<\/strong>. Vous pouvez :<\/p>\n<ul style=\"text-align: justify;\">\n<li>Promenade le long de la <strong>Explication de l'Espagne<\/strong>, L'h\u00f4tel de ville est une belle promenade de bord de mer bord\u00e9e de palmiers.<\/li>\n<li>Explorer le <strong>Ch\u00e2teau de Santa B\u00e1rbara<\/strong> avec une vue imprenable sur la ville.<\/li>\n<li>Profitez des apr\u00e8s-midi ensoleill\u00e9s sur <strong>Plage du Postiguet<\/strong> apr\u00e8s la classe.<\/li>\n<li>Go\u00fbt traditionnel <strong>paella<\/strong> et des fruits de mer frais dans les restaurants locaux.<\/li>\n<li>Rejoindre un groupe anim\u00e9 <strong>f\u00eates<\/strong> comme <strong>Las Hogueras de San Juan<\/strong>, L'une des f\u00eates d'\u00e9t\u00e9 les plus passionnantes d'Espagne.<\/li>\n<\/ul>\n<blockquote>\n<p style=\"text-align: justify;\">Le m\u00e9lange de vie baln\u00e9aire, de culture et d'habitants accueillants fait d'Alicante une destination inoubliable pour l'apprentissage de l'espagnol. Apprenez l'espagnol et profitez du charme ensoleill\u00e9 d'Alicante - des plages dor\u00e9es aux promenades anim\u00e9es en passant par les march\u00e9s locaux et les caf\u00e9s, chaque instant est une occasion de pratiquer la langue, d'embrasser la culture m\u00e9diterran\u00e9enne et de rendre votre exp\u00e9rience inoubliable.<\/p>\n<\/blockquote>\n\n\t\t<\/div>\n\t<\/div>\n<section class=\"vc_cta3-container\"><div class=\"vc_general vc_do_cta3 vc_cta3 vc_cta3-style-outline vc_cta3-shape-rounded vc_cta3-align-left vc_cta3-color-classic vc_cta3-icon-size-md vc_cta3-icons-left vc_cta3-actions-right\"><div class=\"vc_cta3-icons\"><div class=\"vc_icon_element vc_icon_element-outer vc_do_icon vc_icon_element-align-left\"><div class=\"vc_icon_element-inner vc_icon_element-color-turquoise vc_icon_element-size-md vc_icon_element-style- vc_icon_element-background-color-grey\" ><span class=\"vc_icon_element-icon fa fa-solid fa-arrow-right-from-bracket\" ><\/span><\/div><\/div><\/div><div class=\"vc_cta3_content-container\"><div class=\"vc_cta3-content\"><header class=\"vc_cta3-content-header\"><h2>Commencez votre s\u00e9jour linguistique \u00e0 Alicante d\u00e8s aujourd'hui !<\/h2><\/header><p style=\"text-align: justify;\">Que vous soyez un apprenant adulte \u00e0 la recherche d'une immersion totale ou un adolescent \u00e0 la recherche d'un \u00e9t\u00e9 amusant et s\u00fbr \u00e0 l'\u00e9tranger, <strong>Alicante offre tout ce dont vous avez besoin<\/strong> - d'excellentes \u00e9coles, le soleil et le charme de la c\u00f4te espagnole.<\/p>\n<\/div><div class=\"vc_cta3-actions\"><div class=\"vc_btn3-container vc_btn3-inline vc_do_btn\" ><a class=\"vc_general vc_btn3 vc_btn3-size-md vc_btn3-shape-rounded vc_btn3-style-modern vc_btn3-color-info\" href=\"https:\/\/holaspain.agency\/fr\/#contact\" title=\"\">Prendre contact aujourd'hui<\/a><\/div><\/div><\/div><\/div><\/section><\/div><\/div><\/div><\/div>\n<\/div>","protected":false},"excerpt":{"rendered":"<p>Apprenez l'espagnol \u00e0 Alicante - un joyau de la c\u00f4te baign\u00e9 de soleil avec des \u00e9coles exceptionnelles, des plages de sable et une ambiance d\u00e9contract\u00e9e parfaite pour les \u00e9tudiants de tous \u00e2ges.<\/p>","protected":false},"author":1,"featured_media":1819,"parent":0,"menu_order":0,"comment_status":"closed","ping_status":"closed","template":"","meta":{"_seopress_robots_primary_cat":"","_seopress_titles_title":"Hola Spain %%sep%% %%post_title%%","_seopress_titles_desc":"Learn Spanish in Alicante \u2014 enjoy the Mediterranean sun, beaches, and vibrant student life while practicing the language in a friendly coastal city.","_seopress_robots_index":"","_daextam_enable_autolinks":"1","footnotes":""},"categories":[53,58],"tags":[],"class_list":["post-1350","page","type-page","status-publish","has-post-thumbnail","hentry","category-spanish-schools","category-valencian-community"],"_links":{"self":[{"href":"https:\/\/holaspain.agency\/fr\/wp-json\/wp\/v2\/pages\/1350","targetHints":{"allow":["GET"]}}],"collection":[{"href":"https:\/\/holaspain.agency\/fr\/wp-json\/wp\/v2\/pages"}],"about":[{"href":"https:\/\/holaspain.agency\/fr\/wp-json\/wp\/v2\/types\/page"}],"author":[{"embeddable":true,"href":"https:\/\/holaspain.agency\/fr\/wp-json\/wp\/v2\/users\/1"}],"replies":[{"embeddable":true,"href":"https:\/\/holaspain.agency\/fr\/wp-json\/wp\/v2\/comments?post=1350"}],"version-history":[{"count":7,"href":"https:\/\/holaspain.agency\/fr\/wp-json\/wp\/v2\/pages\/1350\/revisions"}],"predecessor-version":[{"id":2329,"href":"https:\/\/holaspain.agency\/fr\/wp-json\/wp\/v2\/pages\/1350\/revisions\/2329"}],"wp:featuredmedia":[{"embeddable":true,"href":"https:\/\/holaspain.agency\/fr\/wp-json\/wp\/v2\/media\/1819"}],"wp:attachment":[{"href":"https:\/\/holaspain.agency\/fr\/wp-json\/wp\/v2\/media?parent=1350"}],"wp:term":[{"taxonomy":"category","embeddable":true,"href":"https:\/\/holaspain.agency\/fr\/wp-json\/wp\/v2\/categories?post=1350"},{"taxonomy":"post_tag","embeddable":true,"href":"https:\/\/holaspain.agency\/fr\/wp-json\/wp\/v2\/tags?post=1350"}],"curies":[{"name":"wp","href":"https:\/\/api.w.org\/{rel}","templated":true}]}}