{"id":1342,"date":"2025-10-18T11:48:36","date_gmt":"2025-10-18T11:48:36","guid":{"rendered":"https:\/\/holaspain.agency\/?post_type=portfolio&#038;p=1342"},"modified":"2026-01-07T16:12:32","modified_gmt":"2026-01-07T16:12:32","slug":"spanish-schools-in-madrid","status":"publish","type":"page","link":"https:\/\/holaspain.agency\/fr\/spanish-schools-in-madrid\/","title":{"rendered":"\u00c9coles d'espagnol \u00e0 Madrid"},"content":{"rendered":"<div class=\"wpb-content-wrapper\"><div class=\"vc_row wpb_row vc_row-fluid\"><div class=\"wpb_column vc_column_container vc_col-sm-12\"><div class=\"vc_column-inner\"><div class=\"wpb_wrapper\">\n\t<div class=\"wpb_text_column wpb_content_element\" >\n\t\t<div class=\"wpb_wrapper\">\n\t\t\t<h1 style=\"text-align: justify;\">\u00c9tudier l'espagnol \u00e0 l'\u00e9tranger<\/h1>\n<h3 style=\"text-align: justify;\"><strong>Apprendre l'espagnol \u00e0 Madrid - Le c\u0153ur de l'Espagne, le pouls de la langue<\/strong><\/h3>\n<blockquote>\n<p style=\"text-align: justify;\">Si vous voulez apprendre l'espagnol dans un environnement vraiment dynamique, il n'y a pas de meilleur endroit que <strong>Madrid<\/strong> - les <strong>Capitale dynamique de l'Espagne<\/strong> et la maison de <em>pur espagnol castillan<\/em>. Ville qui ne dort jamais, Madrid combine <strong>des \u00e9coles d'espagnol de niveau international<\/strong>, L'Europe se caract\u00e9rise par la richesse de son patrimoine culturel et par une \u00e9nergie urbaine incomparable.<\/p>\n<\/blockquote>\n<h3 style=\"text-align: justify;\"><strong>Pourquoi \u00e9tudier l'espagnol \u00e0 Madrid ?<\/strong><\/h3>\n<p><iframe loading=\"lazy\" title=\"\u00c9tudier l&#039;espagnol \u00e0 Madrid \ud83c\uddea\ud83c\uddf8 | Culture, \u00e9nergie et immersion totale\" width=\"790\" height=\"444\" src=\"https:\/\/www.youtube.com\/embed\/WgHWdZ0FiqI?feature=oembed\" frameborder=\"0\" allow=\"accelerometer; autoplay; clipboard-write; encrypted-media; gyroscope; picture-in-picture; web-share\" referrerpolicy=\"strict-origin-when-cross-origin\" allowfullscreen><\/iframe><\/p>\n<p style=\"text-align: justify;\"><span style=\"font-size: 0.9375rem;\">Que vous soyez un\u00a0<\/span><strong style=\"font-size: 0.9375rem;\">adolescent \u00e0 la recherche d'une aventure estivale<\/strong><span style=\"font-size: 0.9375rem;\">\u00a0ou un\u00a0<\/span><strong style=\"font-size: 0.9375rem;\">apprenant adulte<\/strong><span style=\"font-size: 0.9375rem;\">\u00a0En qu\u00eate d'une immersion totale, Madrid offre d'innombrables possibilit\u00e9s d'\u00e9tudier, d'explorer et de vivre l'espagnol au quotidien.<\/span><\/p>\n<p style=\"text-align: justify;\">Madrid est le <strong>centre de la culture, de l'histoire et de l'\u00e9ducation espagnoles<\/strong> - une ville cosmopolite qui allie tradition et modernit\u00e9.<br \/>\nElle regorge de mus\u00e9es, de th\u00e9\u00e2tres, de parcs verdoyants et d'une forte communaut\u00e9 internationale, ce qui la rend id\u00e9ale pour les \u00e9tudiants qui souhaitent combiner apprentissage et exploration.<\/p>\n<p style=\"text-align: justify;\">Les \u00e9tudiants aiment Madrid pour les raisons suivantes<\/p>\n<ul style=\"text-align: justify;\">\n<li>C'est le <strong>maison de l'espagnol castillan<\/strong>, La forme standard est enseign\u00e9e dans le monde entier.<\/li>\n<li>La ville offre <strong>des \u00e9coles de langues de qualit\u00e9<\/strong> accr\u00e9dit\u00e9 par l'Instituto Cervantes.<\/li>\n<li>Vous appr\u00e9cierez <strong>une vie culturelle riche<\/strong> - des spectacles de flamenco aux mus\u00e9es d'art de classe mondiale.<\/li>\n<li>Madrid est <strong>s\u00fbrs, accueillants et bien connect\u00e9s<\/strong> \u00e0 toute l'Espagne.<\/li>\n<li>Le <strong>atmosph\u00e8re \u00e9tudiante<\/strong> est anim\u00e9e, avec des personnes du monde entier.<\/li>\n<\/ul>\n<p style=\"text-align: justify;\">\u00c0 Madrid, chaque jour est une nouvelle occasion d'apprendre, de d\u00e9couvrir et de profiter pleinement de la vie espagnole.<\/p>\n<h3 style=\"text-align: justify;\"><strong>Meilleures \u00e9coles d'espagnol \u00e0 Madrid<\/strong><\/h3>\n<p style=\"text-align: justify;\">Voici quelques-unes des <strong>les meilleures \u00e9coles d'espagnol \u00e0 Madrid et les plus accr\u00e9dit\u00e9es<\/strong>, Il offre des programmes pour tous les niveaux, tous les \u00e2ges et tous les objectifs :<\/p>\n<h4 style=\"text-align: justify;\"><strong>1. Enforex Madrid<\/strong><\/h4>\n<p style=\"text-align: justify;\">Situ\u00e9e pr\u00e8s du c\u00e9l\u00e8bre parc Retiro, Enforex propose des cours d'espagnol intensifs et super-intensifs, une pr\u00e9paration \u00e0 l'examen DELE et des programmes d'\u00e9t\u00e9 pour les adolescents. L'\u00e9cole allie l'excellence acad\u00e9mique \u00e0 une atmosph\u00e8re internationale conviviale.<\/p>\n<h4 style=\"text-align: justify;\"><strong>2. Don Quijote Madrid<\/strong><\/h4>\n<p style=\"text-align: justify;\">Don Quijote, l'une des \u00e9coles les plus reconnues d'Espagne, offre une exp\u00e9rience d'apprentissage moderne avec des professeurs hautement qualifi\u00e9s et des classes \u00e0 effectifs r\u00e9duits. Les \u00e9tudiants profitent d'activit\u00e9s culturelles, d'excursions et d'ateliers interactifs pour pratiquer l'espagnol dans des contextes r\u00e9els.<\/p>\n<h4 style=\"text-align: justify;\"><strong>3. AIL Madrid<\/strong><\/h4>\n<p style=\"text-align: justify;\">Une \u00e9cole vivante et moderne connue pour son approche p\u00e9dagogique amusante et communicative. AIL propose des horaires flexibles, des petits groupes et un programme social solide - parfait pour les apprenants adultes comme pour les jeunes \u00e9tudiants.<\/p>\n<h4 style=\"text-align: justify;\"><strong>4. Academia Contacto<\/strong><\/h4>\n<p style=\"text-align: justify;\">Situ\u00e9e dans le centre-ville, l'Academia Contacto propose des cours d'espagnol personnalis\u00e9s en petits groupes. Elle est id\u00e9ale pour les \u00e9tudiants qui souhaitent un environnement d'apprentissage intime et des progr\u00e8s rapides en mati\u00e8re d'expression orale.<\/p>\n<h4 style=\"text-align: justify;\"><strong>5. Tandem Madrid<\/strong><\/h4>\n<p style=\"text-align: justify;\">Accr\u00e9dit\u00e9e par l'Instituto Cervantes, Tandem met l'accent sur l'immersion culturelle par le biais de l'apprentissage par l'exp\u00e9rience. L'\u00e9cole organise r\u00e9guli\u00e8rement des \u00e9changes linguistiques, des visites culturelles et des ateliers qui mettent les \u00e9tudiants en contact avec la vie quotidienne de Madrid.<\/p>\n<h3 style=\"text-align: justify;\"><strong>Vivre l'exp\u00e9rience de Madrid<\/strong><\/h3>\n<p style=\"text-align: justify;\">\u00c9tudier l'espagnol \u00e0 Madrid, c'est vivre dans l'une des capitales les plus passionnantes d'Europe, une ville qui est \u00e0 l'origine d'une grande partie de l'\u00e9conomie europ\u00e9enne. <strong>vivant avec la culture, l'art et l'\u00e9nergie<\/strong>.<br \/>\nLes \u00e9l\u00e8ves peuvent :<\/p>\n<ul style=\"text-align: justify;\">\n<li>Promenade \u00e0 travers <strong>Parc du Retiro<\/strong> ou le <strong>Gran V\u00eda<\/strong>.<\/li>\n<li>Visitez des mus\u00e9es de renomm\u00e9e mondiale tels que le <strong>Prado<\/strong>, <strong>Reina Sof\u00eda<\/strong>, et <strong>Thyssen-Bornemisza<\/strong>.<\/li>\n<li>D\u00e9couvrez des quartiers charmants tels que <strong>Malasa\u00f1a<\/strong>, <strong>La Latina<\/strong>, et <strong>Chueca<\/strong>.<\/li>\n<li>Appr\u00e9ciez la tradition <strong>soir\u00e9es tapas<\/strong>, Des spectacles de flamenco et des excursions le week-end dans des villes voisines comme Tol\u00e8de ou S\u00e9govie.<\/li>\n<li>D\u00e9couvrez les festivals locaux tels que <strong>San Isidro<\/strong> et la vie nocturne tr\u00e9pidante de Madrid.<\/li>\n<\/ul>\n<blockquote>\n<p style=\"text-align: justify;\">\u00c0 Madrid, l'espagnol n'est pas seulement une langue - c'est <strong>un mode de vie empreint de passion, d'art et de connexion<\/strong>. Apprenez l'espagnol et plongez au c\u0153ur de la culture espagnole. \u00c0 Madrid, chaque rue, chaque mus\u00e9e et chaque caf\u00e9 vous offre la possibilit\u00e9 de pratiquer la langue, de d\u00e9couvrir les traditions locales et de rendre chaque moment inoubliable.<\/p>\n<\/blockquote>\n\n\t\t<\/div>\n\t<\/div>\n<section class=\"vc_cta3-container\"><div class=\"vc_general vc_do_cta3 vc_cta3 vc_cta3-style-outline vc_cta3-shape-rounded vc_cta3-align-left vc_cta3-color-classic vc_cta3-icon-size-md vc_cta3-icons-left vc_cta3-actions-right\"><div class=\"vc_cta3-icons\"><div class=\"vc_icon_element vc_icon_element-outer vc_do_icon vc_icon_element-align-left\"><div class=\"vc_icon_element-inner vc_icon_element-color-turquoise vc_icon_element-size-md vc_icon_element-style- vc_icon_element-background-color-grey\" ><span class=\"vc_icon_element-icon fa fa-solid fa-arrow-right-from-bracket\" ><\/span><\/div><\/div><\/div><div class=\"vc_cta3_content-container\"><div class=\"vc_cta3-content\"><header class=\"vc_cta3-content-header\"><h2>Commencez votre voyage \u00e0 Madrid d\u00e8s aujourd'hui !<\/h2><\/header><p style=\"text-align: justify;\">Que vous souhaitiez \u00e9tudier l'espagnol pour voyager, travailler ou vous \u00e9panouir, <strong>Madrid offre tout ce dont vous avez besoin<\/strong> - Des \u00e9coles de classe mondiale, des exp\u00e9riences culturelles sans fin et l'\u00e9nergie du c\u0153ur battant de l'Espagne.<\/p>\n<\/div><div class=\"vc_cta3-actions\"><div class=\"vc_btn3-container vc_btn3-inline vc_do_btn\" ><a class=\"vc_general vc_btn3 vc_btn3-size-md vc_btn3-shape-rounded vc_btn3-style-modern vc_btn3-color-info\" href=\"https:\/\/holaspain.agency\/fr\/#contact\" title=\"\">Prendre contact aujourd'hui<\/a><\/div><\/div><\/div><\/div><\/section><\/div><\/div><\/div><\/div>\n<\/div>","protected":false},"excerpt":{"rendered":"<p>Ma\u00eetrisez l'espagnol \u00e0 Madrid, la capitale \u00e9nergique de l'Espagne. Vous y trouverez des \u00e9coles exceptionnelles, des sites embl\u00e9matiques, une culture florissante et une atmosph\u00e8re v\u00e9ritablement internationale.<\/p>","protected":false},"author":1,"featured_media":1823,"parent":0,"menu_order":0,"comment_status":"closed","ping_status":"closed","template":"","meta":{"_seopress_robots_primary_cat":"","_seopress_titles_title":"Hola Spain %%sep%% %%post_title%%","_seopress_titles_desc":"Learn Spanish in Madrid \u2014 study in Spain\u2019s vibrant capital, enjoy world-class culture, and practice the language in an energetic, cosmopolitan city.","_seopress_robots_index":"","_daextam_enable_autolinks":"1","footnotes":""},"categories":[57,53],"tags":[],"class_list":["post-1342","page","type-page","status-publish","has-post-thumbnail","hentry","category-madrid-community","category-spanish-schools"],"_links":{"self":[{"href":"https:\/\/holaspain.agency\/fr\/wp-json\/wp\/v2\/pages\/1342","targetHints":{"allow":["GET"]}}],"collection":[{"href":"https:\/\/holaspain.agency\/fr\/wp-json\/wp\/v2\/pages"}],"about":[{"href":"https:\/\/holaspain.agency\/fr\/wp-json\/wp\/v2\/types\/page"}],"author":[{"embeddable":true,"href":"https:\/\/holaspain.agency\/fr\/wp-json\/wp\/v2\/users\/1"}],"replies":[{"embeddable":true,"href":"https:\/\/holaspain.agency\/fr\/wp-json\/wp\/v2\/comments?post=1342"}],"version-history":[{"count":5,"href":"https:\/\/holaspain.agency\/fr\/wp-json\/wp\/v2\/pages\/1342\/revisions"}],"predecessor-version":[{"id":2331,"href":"https:\/\/holaspain.agency\/fr\/wp-json\/wp\/v2\/pages\/1342\/revisions\/2331"}],"wp:featuredmedia":[{"embeddable":true,"href":"https:\/\/holaspain.agency\/fr\/wp-json\/wp\/v2\/media\/1823"}],"wp:attachment":[{"href":"https:\/\/holaspain.agency\/fr\/wp-json\/wp\/v2\/media?parent=1342"}],"wp:term":[{"taxonomy":"category","embeddable":true,"href":"https:\/\/holaspain.agency\/fr\/wp-json\/wp\/v2\/categories?post=1342"},{"taxonomy":"post_tag","embeddable":true,"href":"https:\/\/holaspain.agency\/fr\/wp-json\/wp\/v2\/tags?post=1342"}],"curies":[{"name":"wp","href":"https:\/\/api.w.org\/{rel}","templated":true}]}}