{"id":1228,"date":"2016-09-06T18:12:04","date_gmt":"2016-09-06T18:12:04","guid":{"rendered":"http:\/\/demos.famethemes.com\/screenr-plus\/?post_type=portfolio&#038;p=1198"},"modified":"2026-01-08T15:44:41","modified_gmt":"2026-01-08T15:44:41","slug":"ecoles-despagnol-a-valence","status":"publish","type":"page","link":"https:\/\/holaspain.agency\/fr\/spanish-schools-in-valencia\/","title":{"rendered":"Ecoles d'espagnol \u00e0 Valence"},"content":{"rendered":"<div class=\"wpb-content-wrapper\"><div class=\"vc_row wpb_row vc_row-fluid\"><div class=\"wpb_column vc_column_container vc_col-sm-12\"><div class=\"vc_column-inner\"><div class=\"wpb_wrapper\">\n\t<div class=\"wpb_text_column wpb_content_element\" >\n\t\t<div class=\"wpb_wrapper\">\n\t\t\t<h1>\u00c9tudier l'espagnol \u00e0 l'\u00e9tranger<\/h1>\n<h3 style=\"text-align: justify;\"><strong>Apprendre l'espagnol \u00e0 Valence - L\u00e0 o\u00f9 la culture, le soleil et l'apprentissage se rencontrent<\/strong><\/h3>\n<blockquote>\n<p style=\"text-align: justify;\">Si vous cherchez la destination id\u00e9ale pour apprendre l'espagnol en Espagne, <strong>Valence<\/strong> offre tout : d'excellentes \u00e9coles d'espagnol, des plages m\u00e9diterran\u00e9ennes, une atmosph\u00e8re \u00e9tudiante anim\u00e9e et une culture espagnole authentique.<\/p>\n<\/blockquote>\n<p style=\"text-align: justify;\">Connu pour ses <strong>Une ambiance moderne, une belle vieille ville et le c\u00e9l\u00e8bre festival des \u201cFallas\u201d.<\/strong>, Valence allie histoire, art et divertissement, ce qui en fait l'une des destinations les plus pris\u00e9es des \u00e9tudiants internationaux d\u00e9sireux d'\u00e9tudier \u00e0 l'\u00e9tranger. <strong>\u00e9tudier l'espagnol tout en profitant de la vie en Espagne<\/strong>.<\/p>\n<h3 style=\"text-align: justify;\"><strong>Pourquoi \u00e9tudier l'espagnol \u00e0 Valence ?<\/strong><\/h3>\n<p><iframe loading=\"lazy\" title=\"\u00c9tudier l&#039;espagnol \u00e0 Valence \ud83c\uddea\ud83c\uddf8 | Qualit\u00e9 de vie et immersion\" width=\"790\" height=\"444\" src=\"https:\/\/www.youtube.com\/embed\/KG9szRBUHsE?feature=oembed\" frameborder=\"0\" allow=\"accelerometer; autoplay; clipboard-write; encrypted-media; gyroscope; picture-in-picture; web-share\" referrerpolicy=\"strict-origin-when-cross-origin\" allowfullscreen><\/iframe><\/p>\n<p style=\"text-align: justify;\">Valence est la ville la plus importante d'Espagne. <strong>troisi\u00e8me ville du pays<\/strong>, L'\u00eele est situ\u00e9e sur la c\u00f4te est et offre plus de 300 jours de soleil par an. La ville est suffisamment grande pour \u00eatre passionnante, mais suffisamment petite pour que l'on s'y sente \u00e0 l'aise et convivial. La ville allie tradition et innovation. <strong>les anciennes ruines romaines, la futuriste Cit\u00e9 des Arts et des Sciences<\/strong>, Vous y trouverez \u00e9galement d'innombrables bars \u00e0 tapas et caf\u00e9s o\u00f9 vous pourrez pratiquer votre espagnol tous les jours.<\/p>\n<p style=\"text-align: justify;\">Les \u00e9tudiants appr\u00e9cient Valence pour les raisons suivantes<\/p>\n<ul style=\"text-align: justify;\">\n<li>C'est <strong>abordable<\/strong> par rapport \u00e0 Madrid ou Barcelone.<\/li>\n<li>Il a <strong>des \u00e9coles de langue espagnole de grande qualit\u00e9<\/strong> avec des enseignants exp\u00e9riment\u00e9s.<\/li>\n<li>Il y a un <strong>une communaut\u00e9 internationale active<\/strong> des apprenants.<\/li>\n<li>Vous pouvez <strong>vivre au bord de la mer<\/strong> et explorer la ville facilement \u00e0 pied ou \u00e0 v\u00e9lo.<\/li>\n<\/ul>\n<p style=\"text-align: justify;\">Que vous soyez un <strong>adolescent<\/strong> \u00e0 la recherche d'un programme d'\u00e9t\u00e9 ou d'un <strong>adulte<\/strong> \u00e0 la recherche d'une exp\u00e9rience d'immersion totale, Valence a un cours qui vous convient.<\/p>\n<h3 style=\"text-align: justify;\"><strong>Meilleures \u00e9coles d'espagnol \u00e0 Valence<\/strong><\/h3>\n<p style=\"text-align: justify;\">Voici quelques-unes des <strong>les \u00e9coles d'espagnol les plus reconnues et accr\u00e9dit\u00e9es<\/strong> \u00e0 Valence, id\u00e9al pour les \u00e9tudiants du monde entier :<\/p>\n<h4 style=\"text-align: justify;\"><strong>1. Don Quijote Valencia<\/strong><\/h4>\n<p style=\"text-align: justify;\">Situ\u00e9 dans un magnifique b\u00e2timent du XVe si\u00e8cle dans le centre historique, Don Quijote propose des cours d'espagnol intensifs de haute qualit\u00e9 pour tous les niveaux. L'\u00e9cole combine l'apprentissage de la langue avec des activit\u00e9s culturelles telles que des cours de cuisine, des le\u00e7ons de flamenco et des excursions.<\/p>\n<h4 style=\"text-align: justify;\"><strong>2. \u00c9cole Taronja<\/strong><\/h4>\n<p style=\"text-align: justify;\">Taronja est c\u00e9l\u00e8bre pour son approche amusante et cr\u00e9ative de l'enseignement de l'espagnol. Avec des semaines \u00e0 th\u00e8me, des \u00e9v\u00e9nements culturels quotidiens et un fort sentiment d'appartenance \u00e0 la communaut\u00e9, Taronja est tr\u00e8s appr\u00e9ci\u00e9 des jeunes adultes et des adolescents \u00e0 la recherche d'une exp\u00e9rience enrichissante.<\/p>\n<h4 style=\"text-align: justify;\"><strong>3. Hispania, Escuela de Espa\u00f1ol<\/strong><\/h4>\n<p style=\"text-align: justify;\">Hispania, l'une des \u00e9coles d'espagnol les plus prim\u00e9es d'Espagne, met l'accent sur un enseignement personnalis\u00e9 et des horaires flexibles. Elle est id\u00e9ale pour les adultes et les \u00e9tudiants universitaires qui souhaitent combiner l'\u00e9tude de l'espagnol avec leurs objectifs acad\u00e9miques ou professionnels.<\/p>\n<h4 style=\"text-align: justify;\"><strong>4. Institut de langues de l'AIP<\/strong><\/h4>\n<p style=\"text-align: justify;\">Situ\u00e9e \u00e0 proximit\u00e9 de la zone universitaire, l'AIP propose des cours pour adolescents et adultes, y compris la pr\u00e9paration aux examens du DELE et des programmes d'immersion scolaire. L'\u00e9cole organise des activit\u00e9s hebdomadaires et des excursions le week-end dans toute l'Espagne.<\/p>\n<h4 style=\"text-align: justify;\"><strong>5. Costa de Valencia<\/strong><\/h4>\n<p style=\"text-align: justify;\">Accr\u00e9dit\u00e9e par l'Instituto Cervantes, cette \u00e9cole propose des cours d'espagnol intensifs et super-intensifs, ainsi que des camps d'\u00e9t\u00e9 pour adolescents. Elle se trouve \u00e0 proximit\u00e9 de la plage, ce qui est id\u00e9al pour les \u00e9tudiants qui souhaitent profiter du style de vie c\u00f4tier de Valence.<\/p>\n<h3 style=\"text-align: justify;\"><strong>Vivre l'exp\u00e9rience valencienne<\/strong><\/h3>\n<p style=\"text-align: justify;\">Apprendre l'espagnol \u00e0 Valence, c'est plus qu'\u00e9tudier, c'est une exp\u00e9rience compl\u00e8te. <strong>l'immersion culturelle<\/strong>. Les \u00e9l\u00e8ves peuvent :<\/p>\n<ul style=\"text-align: justify;\">\n<li>Se promener dans <strong>El Carmen<\/strong>, Le plus ancien quartier de la ville, qui regorge d'\u0153uvres d'art de rue et de charme local.<\/li>\n<li>Visitez le site <strong>Cit\u00e9 des arts et des sciences<\/strong>, Le mus\u00e9e est un complexe architectural c\u00e9l\u00e8bre dans le monde entier.<\/li>\n<li>Go\u00fbt authentique <strong>paella<\/strong>, qui est n\u00e9 ici \u00e0 Valence.<\/li>\n<li>Profitez d'une vie nocturne anim\u00e9e, de concerts en plein air et de f\u00eates sur la plage.<\/li>\n<li>Rejoignez les habitants qui c\u00e9l\u00e8brent les f\u00eates traditionnelles telles que <strong>Las Fallas<\/strong> et <strong>La Tomatina<\/strong> (dans la ville voisine de Bu\u00f1ol).<\/li>\n<\/ul>\n<blockquote>\n<p style=\"text-align: justify;\">Valence offre le <strong>un \u00e9quilibre parfait entre \u00e9tudes et loisirs<\/strong>, \u00c0 S\u00e9ville, chaque rue, chaque caf\u00e9, chaque place offre la possibilit\u00e9 de pratiquer la langue, de d\u00e9couvrir les traditions locales et de rendre chaque moment inoubliable.<\/p>\n<\/blockquote>\n\n\t\t<\/div>\n\t<\/div>\n<section class=\"vc_cta3-container\"><div class=\"vc_general vc_do_cta3 vc_cta3 vc_cta3-style-outline vc_cta3-shape-rounded vc_cta3-align-left vc_cta3-color-classic vc_cta3-icon-size-md vc_cta3-icons-left vc_cta3-actions-right\"><div class=\"vc_cta3-icons\"><div class=\"vc_icon_element vc_icon_element-outer vc_do_icon vc_icon_element-align-left\"><div class=\"vc_icon_element-inner vc_icon_element-color-turquoise vc_icon_element-size-md vc_icon_element-style- vc_icon_element-background-color-grey\" ><span class=\"vc_icon_element-icon fa fa-solid fa-arrow-right-from-bracket\" ><\/span><\/div><\/div><\/div><div class=\"vc_cta3_content-container\"><div class=\"vc_cta3-content\"><header class=\"vc_cta3-content-header\"><h2>Commencez votre s\u00e9jour linguistique \u00e0 Valence d\u00e8s aujourd'hui !<\/h2><\/header><p style=\"text-align: justify;\">Que vous soyez un adulte d\u00e9sireux d'avancer dans votre carri\u00e8re ou un adolescent \u00e0 la recherche d'un \u00e9t\u00e9 inoubliable \u00e0 l'\u00e9tranger, Valence vous accueille \u00e0 bras ouverts. Venez apprendre l'espagnol, vivre la culture et tomber amoureux de l'une des villes les plus passionnantes d'Espagne.<\/p>\n<\/div><div class=\"vc_cta3-actions\"><div class=\"vc_btn3-container vc_btn3-inline vc_do_btn\" ><a class=\"vc_general vc_btn3 vc_btn3-size-md vc_btn3-shape-rounded vc_btn3-style-modern vc_btn3-color-info\" href=\"https:\/\/holaspain.agency\/fr\/#contact\" title=\"\">Prendre contact aujourd'hui<\/a><\/div><\/div><\/div><\/div><\/section><\/div><\/div><\/div><\/div>\n<\/div>","protected":false},"excerpt":{"rendered":"<p>D\u00e9couvrez les meilleures \u00e9coles d'espagnol de Valence, une ville c\u00f4ti\u00e8re anim\u00e9e o\u00f9 les plages m\u00e9diterran\u00e9ennes, une culture captivante et une atmosph\u00e8re \u00e9tudiante dynamique cr\u00e9ent un environnement d'apprentissage parfait.<\/p>","protected":false},"author":1,"featured_media":1827,"parent":0,"menu_order":0,"comment_status":"closed","ping_status":"closed","template":"","meta":{"_seopress_robots_primary_cat":"","_seopress_titles_title":"Hola Spain %%sep%% %%post_title%%","_seopress_titles_desc":"Learn Spanish in Valencia \u2014 top schools, sunny beaches, vibrant student life, and authentic Spanish culture in the heart of the Mediterranean.","_seopress_robots_index":"","_daextam_enable_autolinks":"1","footnotes":""},"categories":[53,58],"tags":[],"class_list":["post-1228","page","type-page","status-publish","has-post-thumbnail","hentry","category-spanish-schools","category-valencian-community"],"_links":{"self":[{"href":"https:\/\/holaspain.agency\/fr\/wp-json\/wp\/v2\/pages\/1228","targetHints":{"allow":["GET"]}}],"collection":[{"href":"https:\/\/holaspain.agency\/fr\/wp-json\/wp\/v2\/pages"}],"about":[{"href":"https:\/\/holaspain.agency\/fr\/wp-json\/wp\/v2\/types\/page"}],"author":[{"embeddable":true,"href":"https:\/\/holaspain.agency\/fr\/wp-json\/wp\/v2\/users\/1"}],"replies":[{"embeddable":true,"href":"https:\/\/holaspain.agency\/fr\/wp-json\/wp\/v2\/comments?post=1228"}],"version-history":[{"count":5,"href":"https:\/\/holaspain.agency\/fr\/wp-json\/wp\/v2\/pages\/1228\/revisions"}],"predecessor-version":[{"id":2332,"href":"https:\/\/holaspain.agency\/fr\/wp-json\/wp\/v2\/pages\/1228\/revisions\/2332"}],"wp:featuredmedia":[{"embeddable":true,"href":"https:\/\/holaspain.agency\/fr\/wp-json\/wp\/v2\/media\/1827"}],"wp:attachment":[{"href":"https:\/\/holaspain.agency\/fr\/wp-json\/wp\/v2\/media?parent=1228"}],"wp:term":[{"taxonomy":"category","embeddable":true,"href":"https:\/\/holaspain.agency\/fr\/wp-json\/wp\/v2\/categories?post=1228"},{"taxonomy":"post_tag","embeddable":true,"href":"https:\/\/holaspain.agency\/fr\/wp-json\/wp\/v2\/tags?post=1228"}],"curies":[{"name":"wp","href":"https:\/\/api.w.org\/{rel}","templated":true}]}}