{"id":1227,"date":"2016-09-06T18:11:23","date_gmt":"2016-09-06T18:11:23","guid":{"rendered":"http:\/\/demos.famethemes.com\/screenr-plus\/?post_type=portfolio&#038;p=1197"},"modified":"2026-01-07T15:28:37","modified_gmt":"2026-01-07T15:28:37","slug":"spanish-schools-in-barcelona","status":"publish","type":"page","link":"https:\/\/holaspain.agency\/fr\/spanish-schools-in-barcelona\/","title":{"rendered":"\u00c9coles d'espagnol \u00e0 Barcelone"},"content":{"rendered":"<div class=\"wpb-content-wrapper\"><div class=\"vc_row wpb_row vc_row-fluid\"><div class=\"wpb_column vc_column_container vc_col-sm-12\"><div class=\"vc_column-inner\"><div class=\"wpb_wrapper\">\n\t<div class=\"wpb_text_column wpb_content_element\" >\n\t\t<div class=\"wpb_wrapper\">\n\t\t\t<h1 style=\"text-align: justify;\">\u00c9tudier l'espagnol \u00e0 l'\u00e9tranger<\/h1>\n<h3 style=\"text-align: justify;\"><strong>Apprendre l'espagnol \u00e0 Barcelone - L\u00e0 o\u00f9 la langue, l'art et la M\u00e9diterran\u00e9e se rencontrent<\/strong><\/h3>\n<blockquote>\n<p style=\"text-align: justify;\">Si vous r\u00eavez d'apprendre l'espagnol dans une ville pleine de cr\u00e9ativit\u00e9, de culture et de charme baln\u00e9aire, <strong>Barcelone<\/strong> est la destination id\u00e9ale. C\u00e9l\u00e8bre pour ses <strong>Architecture de Gaud\u00ed, style de vie cosmopolite et plages m\u00e9diterran\u00e9ennes<\/strong>, Barcelone offre un environnement inspirant pour <strong>\u00e9tudier l'espagnol tout en profitant de l'une des villes les plus dynamiques d'Europe<\/strong>.<\/p>\n<\/blockquote>\n<h3 style=\"text-align: justify;\"><strong>Pourquoi \u00e9tudier l'espagnol \u00e0 Barcelone ?<\/strong><\/h3>\n<p><iframe loading=\"lazy\" title=\"\u00c9tudier l&#039;espagnol \u00e0 Barcelone \ud83c\uddea\ud83c\uddf8 | Culture, vie urbaine et immersion\" width=\"790\" height=\"444\" src=\"https:\/\/www.youtube.com\/embed\/ooLzWz08nEo?feature=oembed\" frameborder=\"0\" allow=\"accelerometer; autoplay; clipboard-write; encrypted-media; gyroscope; picture-in-picture; web-share\" referrerpolicy=\"strict-origin-when-cross-origin\" allowfullscreen><\/iframe><\/p>\n<p style=\"text-align: justify;\"><span style=\"font-size: 0.9375rem;\">Que vous soyez un\u00a0<\/span><strong style=\"font-size: 0.9375rem;\">adolescent \u00e0 la recherche d'un \u00e9t\u00e9 inoubliable \u00e0 l'\u00e9tranger<\/strong><span style=\"font-size: 0.9375rem;\">\u00a0ou un\u00a0<\/span><strong style=\"font-size: 0.9375rem;\">apprenant adulte<\/strong><span style=\"font-size: 0.9375rem;\">\u00a0qui propose un programme d'immersion compl\u00e8te, Barcelone allie l'excellence acad\u00e9mique \u00e0 une atmosph\u00e8re internationale passionnante.<\/span><\/p>\n<p style=\"text-align: justify;\">Barcelone est la ville la plus importante d'Espagne <strong>deuxi\u00e8me ville du pays<\/strong> et l'une des destinations les plus populaires pour les \u00e9tudiants internationaux.<br \/>\nC'est un lieu o\u00f9 la tradition rencontre l'innovation - o\u00f9 vous pouvez \u00e9tudier l'espagnol le matin, visiter un mus\u00e9e de renomm\u00e9e mondiale l'apr\u00e8s-midi et vous d\u00e9tendre sur la plage le soir.<\/p>\n<p style=\"text-align: justify;\">Les \u00e9tudiants aiment Barcelone pour les raisons suivantes<\/p>\n<ul style=\"text-align: justify;\">\n<li>Il offre <strong>des \u00e9coles d'espagnol de grande qualit\u00e9<\/strong> accr\u00e9dit\u00e9 par l'Instituto Cervantes.<\/li>\n<li>Il s'agit d'un <strong>ville bilingue<\/strong>, o\u00f9 vous pourrez entendre l'espagnol et le catalan, ce qui enrichira votre exp\u00e9rience culturelle.<\/li>\n<li>Le <strong>Climat m\u00e9diterran\u00e9en<\/strong> et le mode de vie rendent l'apprentissage d\u00e9tendu et agr\u00e9able.<\/li>\n<li>C'est <strong>internationale, artistique et pleine de vie<\/strong> - parfait pour se faire des amis dans le monde entier.<\/li>\n<li>Il se passe toujours quelque chose, des festivals aux march\u00e9s alimentaires en passant par les concerts.<\/li>\n<\/ul>\n<p style=\"text-align: justify;\">\u00c0 Barcelone, vous n'apprendrez pas seulement l'espagnol, mais aussi <strong>le vivre<\/strong> \u00e0 travers l'art, la culture et les conversations quotidiennes.<\/p>\n<h3 style=\"text-align: justify;\"><strong>Meilleures \u00e9coles d'espagnol \u00e0 Barcelone<\/strong><\/h3>\n<p style=\"text-align: justify;\">Voici quelques-unes des <strong>les meilleures \u00e9coles d'espagnol de Barcelone et les plus accr\u00e9dit\u00e9es<\/strong>, Il propose des programmes pour tous les \u00e2ges et tous les niveaux :<\/p>\n<h4 style=\"text-align: justify;\"><strong>1. Enforex Barcelone<\/strong><\/h4>\n<p style=\"text-align: justify;\">Situ\u00e9 pr\u00e8s du c\u00e9l\u00e8bre Passeig de Gr\u00e0cia, Enforex offre des installations modernes, des professeurs exp\u00e9riment\u00e9s et un environnement multiculturel. Les \u00e9tudiants peuvent choisir entre des cours intensifs, la pr\u00e9paration \u00e0 l'examen DELE et des programmes d'\u00e9t\u00e9 pour les adolescents.<\/p>\n<h4 style=\"text-align: justify;\"><strong>2. Don Quijote Barcelone<\/strong><\/h4>\n<p style=\"text-align: justify;\">Don Quijote, l'une des principales \u00e9coles de langues d'Espagne, propose des programmes flexibles, de petites classes et des activit\u00e9s culturelles immersives. Elle est id\u00e9ale pour les adultes, les \u00e9tudiants universitaires et les jeunes apprenants qui souhaitent progresser rapidement tout en profitant de la ville.<\/p>\n<h4 style=\"text-align: justify;\"><strong>3. Speakeasy Barcelone<\/strong><\/h4>\n<p style=\"text-align: justify;\">Une \u00e9cole moderne tr\u00e8s appr\u00e9ci\u00e9e, \u00e0 l'atmosph\u00e8re d\u00e9tendue et conviviale. Speakeasy propose des cours intensifs et semi-intensifs, des cours en ligne et des \u00e9v\u00e9nements culturels. Elle est id\u00e9ale pour les \u00e9tudiants internationaux qui recherchent la qualit\u00e9 et la communaut\u00e9.<\/p>\n<h4 style=\"text-align: justify;\"><strong>4. \u00c9tendre Barcelone<\/strong><\/h4>\n<p style=\"text-align: justify;\">Accr\u00e9dit\u00e9e par l'Instituto Cervantes, Expanish se concentre sur l'apprentissage interactif et l'immersion totale. L'\u00e9cole organise des \u00e9changes linguistiques, des ateliers de cuisine et des excursions, ce qui en fait l'une des pr\u00e9f\u00e9r\u00e9es des adultes et des \u00e9tudiants en ann\u00e9e sabbatique.<\/p>\n<h4 style=\"text-align: justify;\"><strong>5. Linguaschools Barcelone<\/strong><\/h4>\n<p style=\"text-align: justify;\">Situ\u00e9e dans un beau b\u00e2timent moderniste pr\u00e8s du centre-ville, Linguaschools propose des cours en petits groupes et une attention personnalis\u00e9e. Elle est r\u00e9put\u00e9e pour son atmosph\u00e8re accueillante et l'excellente qualit\u00e9 de son enseignement.<\/p>\n<h3 style=\"text-align: justify;\"><strong>Vivre l'exp\u00e9rience de Barcelone<\/strong><\/h3>\n<p style=\"text-align: justify;\">Apprendre l'espagnol \u00e0 Barcelone est une aventure culturelle. Vous pouvez :<\/p>\n<ul style=\"text-align: justify;\">\n<li>Explorer le <strong>Sagrada Fam\u00edlia<\/strong> et d'autres chefs-d'\u0153uvre de Gaud\u00ed.<\/li>\n<li>Promenez-vous dans les <strong>Quartier gothique<\/strong> et d\u00e9couvrir des places et des caf\u00e9s cach\u00e9s.<\/li>\n<li>Se d\u00e9tendre sur <strong>Plage de la Barceloneta<\/strong> apr\u00e8s la classe.<\/li>\n<li>Les nuits de tapas dans les <strong>El Born<\/strong> ou des vues sur le coucher de soleil depuis <strong>Colline de Montju\u00efc<\/strong>.<\/li>\n<li>D\u00e9couvrez les festivals locaux tels que <strong>La Merc\u00e8<\/strong> ou <strong>Sant Jordi<\/strong>, Les visiteurs peuvent ainsi d\u00e9couvrir les traditions catalanes en m\u00eame temps que la culture espagnole.<\/li>\n<\/ul>\n<blockquote>\n<p style=\"text-align: justify;\">Barcelone offre un m\u00e9lange parfait de <strong>l'effervescence urbaine et la d\u00e9tente baln\u00e9aire<\/strong>, Les cours d'espagnol \u00e0 Barcelone ont pour but de rendre chaque jour de votre s\u00e9jour inoubliable. Apprenez l'espagnol et d\u00e9couvrez l'\u00e9nergie vibrante de Barcelone - des rues anim\u00e9es et de l'architecture embl\u00e9matique aux caf\u00e9s en bord de mer, chaque moment est une occasion de pratiquer la langue, d'embrasser la culture catalane et de rendre votre s\u00e9jour inoubliable.<\/p>\n<\/blockquote>\n\n\t\t<\/div>\n\t<\/div>\n<section class=\"vc_cta3-container\"><div class=\"vc_general vc_do_cta3 vc_cta3 vc_cta3-style-outline vc_cta3-shape-rounded vc_cta3-align-left vc_cta3-color-classic vc_cta3-icon-size-md vc_cta3-icons-left vc_cta3-actions-right\"><div class=\"vc_cta3-icons\"><div class=\"vc_icon_element vc_icon_element-outer vc_do_icon vc_icon_element-align-left\"><div class=\"vc_icon_element-inner vc_icon_element-color-turquoise vc_icon_element-size-md vc_icon_element-style- vc_icon_element-background-color-grey\" ><span class=\"vc_icon_element-icon fa fa-solid fa-arrow-right-from-bracket\" ><\/span><\/div><\/div><\/div><div class=\"vc_cta3_content-container\"><div class=\"vc_cta3-content\"><header class=\"vc_cta3-content-header\"><h2>Commencez votre s\u00e9jour \u00e0 Barcelone d\u00e8s aujourd'hui !<\/h2><\/header><p style=\"text-align: justify;\">Que vous souhaitiez \u00e9tudier l'espagnol pour voyager, travailler ou vous amuser, <strong>Barcelone est l'endroit id\u00e9al pour apprendre et vivre la langue<\/strong>. Avec ses \u00e9coles exceptionnelles, son climat ensoleill\u00e9 et son \u00e9nergie cr\u00e9atrice, la ville vous invite \u00e0 d\u00e9couvrir l'Espagne \u00e0 travers des exp\u00e9riences dont vous vous souviendrez toute votre vie.<\/p>\n<\/div><div class=\"vc_cta3-actions\"><div class=\"vc_btn3-container vc_btn3-inline vc_do_btn\" ><a class=\"vc_general vc_btn3 vc_btn3-size-md vc_btn3-shape-rounded vc_btn3-style-modern vc_btn3-color-info\" href=\"https:\/\/holaspain.agency\/fr\/#contact\" title=\"\">Prendre contact aujourd'hui<\/a><\/div><\/div><\/div><\/div><\/section><\/div><\/div><\/div><\/div>\n<\/div>","protected":false},"excerpt":{"rendered":"<p>Immergez-vous dans l'espagnol \u00e0 Barcelone - une ville de cr\u00e9ativit\u00e9, de culture et de beaut\u00e9 baln\u00e9aire, offrant d'excellentes \u00e9coles dans un cadre v\u00e9ritablement cosmopolite.<\/p>","protected":false},"author":1,"featured_media":1820,"parent":0,"menu_order":0,"comment_status":"closed","ping_status":"closed","template":"","meta":{"_seopress_robots_primary_cat":"","_seopress_titles_title":"Hola Spain %%sep%% %%post_title%%","_seopress_titles_desc":"Learn Spanish in Barcelona \u2014 immerse yourself in art, culture, and Mediterranean life while practicing the language in a vibrant, sunny city.","_seopress_robots_index":"","_daextam_enable_autolinks":"1","footnotes":""},"categories":[55,53],"tags":[],"class_list":["post-1227","page","type-page","status-publish","has-post-thumbnail","hentry","category-barcelona-spanish-schools","category-spanish-schools"],"_links":{"self":[{"href":"https:\/\/holaspain.agency\/fr\/wp-json\/wp\/v2\/pages\/1227","targetHints":{"allow":["GET"]}}],"collection":[{"href":"https:\/\/holaspain.agency\/fr\/wp-json\/wp\/v2\/pages"}],"about":[{"href":"https:\/\/holaspain.agency\/fr\/wp-json\/wp\/v2\/types\/page"}],"author":[{"embeddable":true,"href":"https:\/\/holaspain.agency\/fr\/wp-json\/wp\/v2\/users\/1"}],"replies":[{"embeddable":true,"href":"https:\/\/holaspain.agency\/fr\/wp-json\/wp\/v2\/comments?post=1227"}],"version-history":[{"count":5,"href":"https:\/\/holaspain.agency\/fr\/wp-json\/wp\/v2\/pages\/1227\/revisions"}],"predecessor-version":[{"id":2330,"href":"https:\/\/holaspain.agency\/fr\/wp-json\/wp\/v2\/pages\/1227\/revisions\/2330"}],"wp:featuredmedia":[{"embeddable":true,"href":"https:\/\/holaspain.agency\/fr\/wp-json\/wp\/v2\/media\/1820"}],"wp:attachment":[{"href":"https:\/\/holaspain.agency\/fr\/wp-json\/wp\/v2\/media?parent=1227"}],"wp:term":[{"taxonomy":"category","embeddable":true,"href":"https:\/\/holaspain.agency\/fr\/wp-json\/wp\/v2\/categories?post=1227"},{"taxonomy":"post_tag","embeddable":true,"href":"https:\/\/holaspain.agency\/fr\/wp-json\/wp\/v2\/tags?post=1227"}],"curies":[{"name":"wp","href":"https:\/\/api.w.org\/{rel}","templated":true}]}}