{"id":1226,"date":"2016-09-06T18:10:26","date_gmt":"2016-09-06T18:10:26","guid":{"rendered":"http:\/\/demos.famethemes.com\/screenr-plus\/?post_type=portfolio&#038;p=1196"},"modified":"2026-01-12T16:06:36","modified_gmt":"2026-01-12T16:06:36","slug":"spanish-schools-in-seville","status":"publish","type":"page","link":"https:\/\/holaspain.agency\/fr\/spanish-schools-in-seville\/","title":{"rendered":"\u00c9coles d'espagnol \u00e0 S\u00e9ville"},"content":{"rendered":"<div class=\"wpb-content-wrapper\"><div class=\"vc_row wpb_row vc_row-fluid\"><div class=\"wpb_column vc_column_container vc_col-sm-12\"><div class=\"vc_column-inner\"><div class=\"wpb_wrapper\">\n\t<div class=\"wpb_text_column wpb_content_element\" >\n\t\t<div class=\"wpb_wrapper\">\n\t\t\t<h1 style=\"text-align: justify;\">\u00c9tudier l'espagnol \u00e0 l'\u00e9tranger<\/h1>\n<h3 style=\"text-align: justify;\"><strong>Apprendre l'espagnol \u00e0 S\u00e9ville - L\u00e0 o\u00f9 la tradition, la passion et la langue se rencontrent<\/strong><\/h3>\n<blockquote>\n<p style=\"text-align: justify;\">Si vous voulez faire l'exp\u00e9rience de la <em>v\u00e9ritable c\u0153ur de l'Espagne<\/em> tout en apprenant l'espagnol, <strong>S\u00e9ville<\/strong> est votre destination. <strong>une culture dynamique, un climat chaud et des gens accueillants<\/strong>, S\u00e9ville offre un environnement id\u00e9al pour <strong>s'immerger dans la langue espagnole et le mode de vie andalou<\/strong>. Ici, chaque rue, place et caf\u00e9 devient une salle de classe - et chaque conversation, un pas de plus vers la ma\u00eetrise de la langue.<\/p>\n<\/blockquote>\n<h3 style=\"text-align: justify;\"><strong>Pourquoi \u00e9tudier l'espagnol \u00e0 S\u00e9ville ?<\/strong><\/h3>\n<p><iframe loading=\"lazy\" title=\"\u00c9tudier l&#039;espagnol \u00e0 S\u00e9ville \ud83c\uddea\ud83c\uddf8 | Tradition, culture et immersion\" width=\"790\" height=\"444\" src=\"https:\/\/www.youtube.com\/embed\/ezZV2syjOBg?feature=oembed\" frameborder=\"0\" allow=\"accelerometer; autoplay; clipboard-write; encrypted-media; gyroscope; picture-in-picture; web-share\" referrerpolicy=\"strict-origin-when-cross-origin\" allowfullscreen><\/iframe><\/p>\n<p style=\"text-align: justify;\">S\u00e9ville est la <strong>capitale de l'Andalousie<\/strong>, La ville est c\u00e9l\u00e8bre pour sa musique flamenco, ses rues parfum\u00e9es \u00e0 l'orange et sa riche histoire mauresque.<br \/>\nC'est l'une des villes les plus captivantes d'Espagne. <strong>ensoleill\u00e9 presque toute l'ann\u00e9e<\/strong>, Il s'agit d'un \u00e9v\u00e9nement qui s'est d\u00e9roul\u00e9 dans une atmosph\u00e8re color\u00e9e, traditionnelle et \u00e9nergique.<\/p>\n<p style=\"text-align: justify;\">Les \u00e9tudiants choisissent S\u00e9ville pour les raisons suivantes<\/p>\n<ul style=\"text-align: justify;\">\n<li>C'est l'un des <strong>Les lieux les plus authentiques pour d\u00e9couvrir la culture espagnole<\/strong>.<\/li>\n<li>Il offre <strong>co\u00fbt de la vie abordable<\/strong> par rapport aux grandes villes.<\/li>\n<li>Les habitants s'expriment <strong>espagnol clair et traditionnel<\/strong>, Id\u00e9al pour les apprenants de langues.<\/li>\n<li>La ville est <strong>s\u00fbr, accessible \u00e0 pied et accueillant pour les \u00e9tudiants<\/strong>.<\/li>\n<\/ul>\n<p style=\"text-align: justify;\">Que vous soyez un <strong>adolescent rejoignant un camp d'\u00e9t\u00e9<\/strong> ou un <strong>apprenant adulte<\/strong> En poursuivant un cours d'immersion \u00e0 long terme, S\u00e9ville offre des exp\u00e9riences inoubliables et un enseignement de niveau international.<\/p>\n<h3 style=\"text-align: justify;\"><strong>Meilleures \u00e9coles d'espagnol \u00e0 S\u00e9ville<\/strong><\/h3>\n<p style=\"text-align: justify;\">Voici quelques-unes des <strong>les \u00e9coles d'espagnol les plus r\u00e9put\u00e9es et les plus accr\u00e9dit\u00e9es<\/strong> \u00e0 S\u00e9ville - parfait pour les \u00e9tudiants qui souhaitent apprendre la langue dans un cadre v\u00e9ritablement espagnol :<\/p>\n<h4 style=\"text-align: justify;\"><strong>1. Maison internationale du CLIC \u00e0 S\u00e9ville<\/strong><\/h4>\n<p style=\"text-align: justify;\">Une \u00e9cole bien \u00e9tablie et tr\u00e8s respect\u00e9e, accr\u00e9dit\u00e9e par l'Instituto Cervantes. CLIC propose des cours d'espagnol intensifs, une pr\u00e9paration au DELE et des programmes d'\u00e9t\u00e9 pour les adolescents. L'\u00e9cole organise \u00e9galement des cours de flamenco, des visites de tapas et des excursions le week-end.<\/p>\n<h4 style=\"text-align: justify;\"><strong>2. Enforex Seville<\/strong><\/h4>\n<p style=\"text-align: justify;\">Situ\u00e9 dans une belle demeure andalouse pr\u00e8s du centre-ville, Enforex propose des installations modernes, des professeurs exp\u00e9riment\u00e9s et une atmosph\u00e8re multiculturelle. Id\u00e9al pour les adultes et les jeunes \u00e9tudiants, avec des horaires flexibles et des ateliers culturels chaque semaine.<\/p>\n<h4 style=\"text-align: justify;\"><strong>3. Centre de langue espagnole (SLC)<\/strong><\/h4>\n<p style=\"text-align: justify;\">R\u00e9put\u00e9 pour son environnement convivial et ses classes de petite taille, SLC met l'accent sur la communication et la pratique de l'espagnol dans la vie r\u00e9elle. Les cours comprennent l'espagnol g\u00e9n\u00e9ral, l'espagnol des affaires et des programmes personnalis\u00e9s pour les \u00e9tudiants universitaires et les professionnels.<\/p>\n<h4 style=\"text-align: justify;\"><strong>4. Seville Habla<\/strong><\/h4>\n<p style=\"text-align: justify;\">Une \u00e9cole dynamique proposant des cours d'espagnol flexibles et un calendrier social attrayant. Les \u00e9tudiants appr\u00e9cient d'apprendre par le biais d'exp\u00e9riences r\u00e9elles, qu'il s'agisse d'\u00e9changes linguistiques, de cuisine locale ou de s\u00e9ances de flamenco.<\/p>\n<h4 style=\"text-align: justify;\"><strong>5. Academia Andaluza<\/strong><\/h4>\n<p style=\"text-align: justify;\">Bien que bas\u00e9e dans les villes voisines de la province de S\u00e9ville, cette \u00e9cole offre une exp\u00e9rience plus intime et authentique de l'espagnol. Elle est id\u00e9ale pour les adolescents et les adultes qui souhaitent apprendre dans un cadre plus calme et local, \u00e0 proximit\u00e9 de la ville.<\/p>\n<h3 style=\"text-align: justify;\"><strong>Vivre l'exp\u00e9rience de S\u00e9ville<\/strong><\/h3>\n<p style=\"text-align: justify;\">\u00c9tudier l'espagnol \u00e0 S\u00e9ville signifie <strong>vivre la culture espagnole au quotidien<\/strong>. Vous pouvez :<\/p>\n<ul style=\"text-align: justify;\">\n<li>Explorer le <strong>Le majestueux palais de l'Alcazar<\/strong> et le <strong>Tour Giralda<\/strong>.<\/li>\n<li>Traversez le <strong>Quartier de Santa Cruz<\/strong>, Avec ses ruelles \u00e9troites et ses patios cach\u00e9s.<\/li>\n<li>Regarder authentiquement <strong>spectacles de flamenco<\/strong> et ressentir la passion de l'Andalousie.<\/li>\n<li>Rejoignez les habitants de la r\u00e9gion pour c\u00e9l\u00e9brer <strong>Semana Santa<\/strong> ou le color\u00e9 <strong>Feria de Abril<\/strong>.<\/li>\n<li>Profitez des apr\u00e8s-midi ensoleill\u00e9s au bord de l'eau. <strong>Rivi\u00e8re Guadalquivir<\/strong>, Les enfants ont \u00e9t\u00e9 accueillis dans une ambiance chaleureuse, entour\u00e9s de musique et de rires.<\/li>\n<\/ul>\n<blockquote>\n<p style=\"text-align: justify;\">\u00c0 S\u00e9ville, l'apprentissage de l'espagnol devient un mode de vie - <strong>ludique, culturelle et profond\u00e9ment humaine<\/strong>. Whether for a summer adventure, cultural immersion, or long-term study, Seville offers the perfect mix of learning, tradition, and unforgettable experiences.<\/p>\n<\/blockquote>\n\n\t\t<\/div>\n\t<\/div>\n<section class=\"vc_cta3-container\"><div class=\"vc_general vc_do_cta3 vc_cta3 vc_cta3-style-outline vc_cta3-shape-rounded vc_cta3-align-left vc_cta3-color-classic vc_cta3-icon-size-md vc_cta3-icons-left vc_cta3-actions-right\"><div class=\"vc_cta3-icons\"><div class=\"vc_icon_element vc_icon_element-outer vc_do_icon vc_icon_element-align-left\"><div class=\"vc_icon_element-inner vc_icon_element-color-turquoise vc_icon_element-size-md vc_icon_element-style- vc_icon_element-background-color-grey\" ><span class=\"vc_icon_element-icon fa fa-solid fa-arrow-right-from-bracket\" ><\/span><\/div><\/div><\/div><div class=\"vc_cta3_content-container\"><div class=\"vc_cta3-content\"><header class=\"vc_cta3-content-header\"><h2>Commencez votre s\u00e9jour linguistique \u00e0 Valence d\u00e8s aujourd'hui !<\/h2><\/header><p>Que vous souhaitiez <strong>am\u00e9liorer votre espagnol pour voyager, \u00e9tudier ou travailler<\/strong>, Seville est pr\u00eate \u00e0 vous accueillir. Avec d'excellentes \u00e9coles, une vie abordable et un charme infini, c'est l'endroit id\u00e9al. <strong>ville id\u00e9ale pour les \u00e9tudiants de tous \u00e2ges<\/strong>.<\/p>\n<\/div><div class=\"vc_cta3-actions\"><div class=\"vc_btn3-container vc_btn3-inline vc_do_btn\" ><a class=\"vc_general vc_btn3 vc_btn3-size-md vc_btn3-shape-rounded vc_btn3-style-modern vc_btn3-color-info\" href=\"https:\/\/holaspain.agency\/fr\/#contact\" title=\"\">Prendre contact aujourd'hui<\/a><\/div><\/div><\/div><\/div><\/section><\/div><\/div><\/div><\/div>\n<\/div>","protected":false},"excerpt":{"rendered":"<p>Apprenez l'espagnol \u00e0 S\u00e9ville, une ville charmante o\u00f9 de riches traditions, des rythmes de flamenco et des \u00e9coles de classe mondiale se c\u00f4toient sous le chaud soleil andalou.<\/p>","protected":false},"author":1,"featured_media":1826,"parent":0,"menu_order":0,"comment_status":"closed","ping_status":"closed","template":"","meta":{"_seopress_robots_primary_cat":"","_seopress_titles_title":"Hola Spain %%sep%% %%post_title%%","_seopress_titles_desc":"Learn Spanish in Seville \u2014 immerse yourself in vibrant culture, sunny weather, and the Andalusian lifestyle for an unforgettable language experience.","_seopress_robots_index":"","_daextam_enable_autolinks":"1","footnotes":""},"categories":[54,53],"tags":[],"class_list":["post-1226","page","type-page","status-publish","has-post-thumbnail","hentry","category-andalucia","category-spanish-schools"],"_links":{"self":[{"href":"https:\/\/holaspain.agency\/fr\/wp-json\/wp\/v2\/pages\/1226","targetHints":{"allow":["GET"]}}],"collection":[{"href":"https:\/\/holaspain.agency\/fr\/wp-json\/wp\/v2\/pages"}],"about":[{"href":"https:\/\/holaspain.agency\/fr\/wp-json\/wp\/v2\/types\/page"}],"author":[{"embeddable":true,"href":"https:\/\/holaspain.agency\/fr\/wp-json\/wp\/v2\/users\/1"}],"replies":[{"embeddable":true,"href":"https:\/\/holaspain.agency\/fr\/wp-json\/wp\/v2\/comments?post=1226"}],"version-history":[{"count":5,"href":"https:\/\/holaspain.agency\/fr\/wp-json\/wp\/v2\/pages\/1226\/revisions"}],"predecessor-version":[{"id":2360,"href":"https:\/\/holaspain.agency\/fr\/wp-json\/wp\/v2\/pages\/1226\/revisions\/2360"}],"wp:featuredmedia":[{"embeddable":true,"href":"https:\/\/holaspain.agency\/fr\/wp-json\/wp\/v2\/media\/1826"}],"wp:attachment":[{"href":"https:\/\/holaspain.agency\/fr\/wp-json\/wp\/v2\/media?parent=1226"}],"wp:term":[{"taxonomy":"category","embeddable":true,"href":"https:\/\/holaspain.agency\/fr\/wp-json\/wp\/v2\/categories?post=1226"},{"taxonomy":"post_tag","embeddable":true,"href":"https:\/\/holaspain.agency\/fr\/wp-json\/wp\/v2\/tags?post=1226"}],"curies":[{"name":"wp","href":"https:\/\/api.w.org\/{rel}","templated":true}]}}