{"id":1225,"date":"2016-09-06T18:09:49","date_gmt":"2016-09-06T18:09:49","guid":{"rendered":"http:\/\/demos.famethemes.com\/screenr-plus\/?post_type=portfolio&#038;p=1195"},"modified":"2026-01-08T17:29:54","modified_gmt":"2026-01-08T17:29:54","slug":"spanish-schools-in-malaga","status":"publish","type":"page","link":"https:\/\/holaspain.agency\/fr\/spanish-schools-in-malaga\/","title":{"rendered":"\u00c9coles d'espagnol \u00e0 Malaga"},"content":{"rendered":"<div class=\"wpb-content-wrapper\"><div class=\"vc_row wpb_row vc_row-fluid\"><div class=\"wpb_column vc_column_container vc_col-sm-12\"><div class=\"vc_column-inner\"><div class=\"wpb_wrapper\">\n\t<div class=\"wpb_text_column wpb_content_element\" >\n\t\t<div class=\"wpb_wrapper\">\n\t\t\t<h1>\u00c9tudier l'espagnol \u00e0 l'\u00e9tranger<\/h1>\n<h3><strong>Apprendre l'espagnol \u00e0 Malaga - L\u00e0 o\u00f9 le soleil, la mer et la langue espagnole brillent ensemble<\/strong><\/h3>\n<blockquote><p>\nSi vous r\u00eavez d'apprendre l'espagnol au bord de la mer M\u00e9diterran\u00e9e, <strong>Malaga<\/strong> est votre destination id\u00e9ale. Situ\u00e9e sur la c\u00e9l\u00e8bre <strong>Costa del Sol<\/strong>, Malaga combine <strong>des \u00e9coles d'espagnol de niveau international<\/strong>, L'Europe est un pays de r\u00eave, avec une sc\u00e8ne culturelle dynamique et du soleil toute l'ann\u00e9e, ce qui cr\u00e9e un cadre id\u00e9al pour une exp\u00e9rience inoubliable d'apprentissage des langues.\n<\/p><\/blockquote>\n<h3><strong>Pourquoi \u00e9tudier l'espagnol \u00e0 Malaga ?<\/strong><\/h3>\n<p><iframe loading=\"lazy\" title=\"\u00c9tudier l&#039;espagnol \u00e0 Malaga \ud83c\uddea\ud83c\uddf8 | Soleil, culture et immersion\" width=\"790\" height=\"444\" src=\"https:\/\/www.youtube.com\/embed\/3Z5TzENVLnQ?feature=oembed\" frameborder=\"0\" allow=\"accelerometer; autoplay; clipboard-write; encrypted-media; gyroscope; picture-in-picture; web-share\" referrerpolicy=\"strict-origin-when-cross-origin\" allowfullscreen><\/iframe><\/p>\n<p>Connu comme le lieu de naissance de <strong>Pablo Picasso<\/strong>, Cette ville c\u00f4ti\u00e8re anim\u00e9e offre le meilleur des deux mondes : des installations modernes et de profondes traditions andalouses. Que vous soyez un <strong>adolescent participant \u00e0 un programme d'\u00e9t\u00e9<\/strong> ou un <strong>apprenant adulte<\/strong> Si vous \u00eates \u00e0 la recherche d'une immersion totale, Malaga vous accueille \u00e0 bras ouverts.<\/p>\n<p>Malaga est l'une des villes espagnoles les plus internationales et les plus accueillantes, appr\u00e9ci\u00e9e des \u00e9tudiants du monde entier.<br \/>\nC'est un lieu s\u00fbr, dynamique et plein d'opportunit\u00e9s pour <strong>pratiquer l'espagnol dans la vie de tous les jours<\/strong> - des discussions dans les caf\u00e9s \u00e0 la d\u00e9couverte des march\u00e9s et des plages de la ville.<\/p>\n<p>Les \u00e9tudiants aiment Malaga parce que :<\/p>\n<ul>\n<li>Il offre <strong>des \u00e9coles d'espagnol de grande qualit\u00e9<\/strong> accr\u00e9dit\u00e9 par l'Instituto Cervantes.<\/li>\n<li>Le <strong>Climat m\u00e9diterran\u00e9en<\/strong> en fait une destination agr\u00e9able tout au long de l'ann\u00e9e.<\/li>\n<li>C'est <strong>plus abordable<\/strong> que les autres grandes villes d'Espagne.<\/li>\n<li>Il y a un <strong>une communaut\u00e9 \u00e9tudiante dynamique<\/strong> avec de nombreuses activit\u00e9s culturelles et sociales.<\/li>\n<li>Vous pouvez <strong>\u00c9tudier l'espagnol \u00e0 la plage !<\/strong><\/li>\n<\/ul>\n<p>Malaga est \u00e9galement parfaitement connect\u00e9e, avec un acc\u00e8s facile \u00e0 Grenade, Cordoue et S\u00e9ville, ce qui est id\u00e9al pour les week-ends.<\/p>\n<h3><strong>Meilleures \u00e9coles d'espagnol \u00e0 Malaga<\/strong><\/h3>\n<p>Voici quelques-unes des <strong>les \u00e9coles d'espagnol les plus respect\u00e9es et les plus accr\u00e9dit\u00e9es<\/strong> \u00e0 Malaga, qui propose des cours pour tous les \u00e2ges et tous les niveaux :<\/p>\n<h4><strong>1. Malaca Instituto<\/strong><\/h4>\n<p>Malaca Instituto est l'une des \u00e9coles de langues les plus prestigieuses d'Espagne. Elle est reconnue internationalement et accr\u00e9dit\u00e9e par l'Instituto Cervantes. L'\u00e9cole propose des cours d'espagnol pour adultes, adolescents et professionnels, ainsi qu'un h\u00e9bergement, des activit\u00e9s et des excursions. Elle est souvent class\u00e9e parmi les <em>Meilleures \u00e9coles d'espagnol au monde<\/em>.<\/p>\n<h4><strong>2. CLIC International House Malaga<\/strong><\/h4>\n<p>Situ\u00e9 au c\u0153ur de la ville, CLIC propose des cours d'espagnol intensifs et super-intensifs, une pr\u00e9paration au DELE et des programmes d'\u00e9t\u00e9 pour les jeunes apprenants. La m\u00e9thodologie dynamique de l'\u00e9cole et les ateliers culturels rendent l'apprentissage de l'espagnol agr\u00e9able et efficace.<\/p>\n<h4><strong>3. Enforex Malaga<\/strong><\/h4>\n<p>Appartenant au c\u00e9l\u00e8bre groupe Enforex, cette \u00e9cole allie des installations modernes \u00e0 une atmosph\u00e8re conviviale et internationale. Les \u00e9tudiants peuvent choisir entre l'espagnol g\u00e9n\u00e9ral, l'immersion \u00e0 long terme ou des cours sp\u00e9ciaux pour adolescents. Enforex organise r\u00e9guli\u00e8rement des sorties et des \u00e9changes linguistiques pour aider les \u00e9tudiants \u00e0 entrer en contact avec la population locale.<\/p>\n<h4><strong>4. AIL Malaga<\/strong><\/h4>\n<p>Une \u00e9cole jeune et \u00e9nergique connue pour son attention personnalis\u00e9e et son programme social amusant. AIL propose des horaires flexibles, de petites classes et des le\u00e7ons interactives con\u00e7ues pour aider les \u00e9tudiants \u00e0 communiquer en toute confiance en espagnol d\u00e8s le premier jour.<\/p>\n<h4><strong>5. Debla<\/strong><\/h4>\n<p>Situ\u00e9e sur une colline pr\u00e8s de la plage, Debla offre une vue imprenable sur la M\u00e9diterran\u00e9e. L'\u00e9cole propose des cours intensifs pour adultes et des camps d'\u00e9t\u00e9 pour adolescents, le tout dans un environnement d\u00e9tendu et amical.<\/p>\n<h3><strong>Vivre l'exp\u00e9rience de Malaga<\/strong><\/h3>\n<p>Apprendre l'espagnol \u00e0 Malaga, ce n'est pas seulement suivre des cours, c'est aussi <strong>vivre le style de vie espagnol<\/strong>. Pendant votre temps libre, vous pouvez<\/p>\n<ul>\n<li>Visitez le site <strong>Mus\u00e9e Picasso<\/strong> et explorer les racines de l'artiste.<\/li>\n<li>Promenez-vous dans les <strong>centre historique<\/strong> et d\u00e9guster des tapas sur des places anim\u00e9es.<\/li>\n<li>Se d\u00e9tendre sur <strong>Plage de La Malagueta<\/strong> apr\u00e8s la classe.<\/li>\n<li>D\u00e9couvrez les <strong>Forteresse d'Alcazaba<\/strong> et le <strong>Th\u00e9\u00e2tre romain<\/strong>.<\/li>\n<li>C\u00e9l\u00e9brer des festivals tels que <strong>Feria de Agosto<\/strong>, L'un des \u00e9v\u00e9nements les plus color\u00e9s d'Espagne.<\/li>\n<\/ul>\n<blockquote>\n<p style=\"text-align: justify;\">Des cours du matin aux promenades en bord de mer au coucher du soleil, chaque jour \u00e0 Malaga est l'occasion d'apprendre \u00e0 conna\u00eetre le monde. <strong>parler espagnol naturellement<\/strong> et profitez pleinement de la vie. Apprenez l'espagnol et profitez du style de vie m\u00e9diterran\u00e9en. \u00c0 Malaga, chaque plage, chaque place et chaque bar \u00e0 tapas est l'occasion de pratiquer la langue, de s'impr\u00e9gner de la culture locale et de rendre chaque moment inoubliable.<\/p>\n<\/blockquote>\n\n\t\t<\/div>\n\t<\/div>\n<section class=\"vc_cta3-container\"><div class=\"vc_general vc_do_cta3 vc_cta3 vc_cta3-style-outline vc_cta3-shape-rounded vc_cta3-align-left vc_cta3-color-classic vc_cta3-icon-size-md vc_cta3-icons-left vc_cta3-actions-right\"><div class=\"vc_cta3-icons\"><div class=\"vc_icon_element vc_icon_element-outer vc_do_icon vc_icon_element-align-left\"><div class=\"vc_icon_element-inner vc_icon_element-color-turquoise vc_icon_element-size-md vc_icon_element-style- vc_icon_element-background-color-grey\" ><span class=\"vc_icon_element-icon fa fa-solid fa-arrow-right-from-bracket\" ><\/span><\/div><\/div><\/div><div class=\"vc_cta3_content-container\"><div class=\"vc_cta3-content\"><header class=\"vc_cta3-content-header\"><h2>Commencez votre s\u00e9jour linguistique \u00e0 Malaga d\u00e8s aujourd'hui !<\/h2><\/header><p style=\"text-align: justify;\">Que vous soyez \u00e0 la recherche d'un\u00a0<strong>aventure estivale<\/strong>, a\u00a0<strong>exp\u00e9rience d'une ann\u00e9e sabbatique<\/strong>, ou un\u00a0<strong>Cours de langue pour les carri\u00e8res<\/strong>, Malaga offre tout ce dont vous avez besoin -\u00a0<strong>une excellente \u00e9ducation, du soleil et une culture espagnole authentique<\/strong>.<\/p>\n<\/div><div class=\"vc_cta3-actions\"><div class=\"vc_btn3-container vc_btn3-inline vc_do_btn\" ><a class=\"vc_general vc_btn3 vc_btn3-size-md vc_btn3-shape-rounded vc_btn3-style-modern vc_btn3-color-info\" href=\"https:\/\/holaspain.agency\/fr\/#contact\" title=\"\">Prendre contact aujourd'hui<\/a><\/div><\/div><\/div><\/div><\/section><\/div><\/div><\/div><\/div>\n<\/div>","protected":false},"excerpt":{"rendered":"<p>D\u00e9couvrez l'apprentissage de l'espagnol \u00e0 Malaga - un paradis c\u00f4tier ensoleill\u00e9 avec des \u00e9coles de grande qualit\u00e9, des plages de sable, une cuisine d\u00e9licieuse et un style de vie andalou d\u00e9contract\u00e9.<\/p>","protected":false},"author":1,"featured_media":1824,"parent":0,"menu_order":0,"comment_status":"closed","ping_status":"closed","template":"","meta":{"_seopress_robots_primary_cat":"","_seopress_titles_title":"Hola Spain %%sep%% %%post_title%%","_seopress_titles_desc":"Learn Spanish in Malaga \u2014 where beaches, plazas, and tapas bars let you practice the language while enjoying the vibrant Mediterranean lifestyle.","_seopress_robots_index":"","_daextam_enable_autolinks":"1","footnotes":""},"categories":[54,53],"tags":[],"class_list":["post-1225","page","type-page","status-publish","has-post-thumbnail","hentry","category-andalucia","category-spanish-schools"],"_links":{"self":[{"href":"https:\/\/holaspain.agency\/fr\/wp-json\/wp\/v2\/pages\/1225","targetHints":{"allow":["GET"]}}],"collection":[{"href":"https:\/\/holaspain.agency\/fr\/wp-json\/wp\/v2\/pages"}],"about":[{"href":"https:\/\/holaspain.agency\/fr\/wp-json\/wp\/v2\/types\/page"}],"author":[{"embeddable":true,"href":"https:\/\/holaspain.agency\/fr\/wp-json\/wp\/v2\/users\/1"}],"replies":[{"embeddable":true,"href":"https:\/\/holaspain.agency\/fr\/wp-json\/wp\/v2\/comments?post=1225"}],"version-history":[{"count":5,"href":"https:\/\/holaspain.agency\/fr\/wp-json\/wp\/v2\/pages\/1225\/revisions"}],"predecessor-version":[{"id":2333,"href":"https:\/\/holaspain.agency\/fr\/wp-json\/wp\/v2\/pages\/1225\/revisions\/2333"}],"wp:featuredmedia":[{"embeddable":true,"href":"https:\/\/holaspain.agency\/fr\/wp-json\/wp\/v2\/media\/1824"}],"wp:attachment":[{"href":"https:\/\/holaspain.agency\/fr\/wp-json\/wp\/v2\/media?parent=1225"}],"wp:term":[{"taxonomy":"category","embeddable":true,"href":"https:\/\/holaspain.agency\/fr\/wp-json\/wp\/v2\/categories?post=1225"},{"taxonomy":"post_tag","embeddable":true,"href":"https:\/\/holaspain.agency\/fr\/wp-json\/wp\/v2\/tags?post=1225"}],"curies":[{"name":"wp","href":"https:\/\/api.w.org\/{rel}","templated":true}]}}