{"id":1224,"date":"2016-09-06T18:09:06","date_gmt":"2016-09-06T18:09:06","guid":{"rendered":"http:\/\/demos.famethemes.com\/screenr-plus\/?post_type=portfolio&#038;p=1194"},"modified":"2025-11-04T11:42:52","modified_gmt":"2025-11-04T11:42:52","slug":"spanish-schools-in-salamanca","status":"publish","type":"page","link":"https:\/\/holaspain.agency\/fr\/spanish-schools-in-salamanca\/","title":{"rendered":"\u00c9coles d'espagnol \u00e0 Salamanque"},"content":{"rendered":"<div class=\"wpb-content-wrapper\"><div class=\"vc_row wpb_row vc_row-fluid\"><div class=\"wpb_column vc_column_container vc_col-sm-12\"><div class=\"vc_column-inner\"><div class=\"wpb_wrapper\">\n\t<div class=\"wpb_text_column wpb_content_element\" >\n\t\t<div class=\"wpb_wrapper\">\n\t\t\t<h1 style=\"text-align: justify;\">\u00c9tudier l'espagnol \u00e0 l'\u00e9tranger<\/h1>\n<h3 style=\"text-align: justify;\"><strong>Apprendre l'espagnol \u00e0 Salamanque - le c\u0153ur acad\u00e9mique et culturel de l'Espagne<\/strong><\/h3>\n<blockquote>\n<p style=\"text-align: justify;\">Si vous cherchez un endroit authentique et inspirant pour apprendre l'espagnol, <strong>Salamanque<\/strong> est l'une des meilleures destinations d'Espagne. Connue comme la <strong>\u201cVille d'or\u201d<\/strong> pour son architecture en gr\u00e8s lumineux,<\/p>\n<\/blockquote>\n<h3 style=\"text-align: justify;\"><strong>Pourquoi \u00e9tudier l'espagnol \u00e0 Salamanque ?<\/strong><\/h3>\n<p style=\"text-align: justify;\">Salamanque offre une atmosph\u00e8re unique o\u00f9 l'histoire, l'apprentissage et la vie \u00e9tudiante se rejoignent. Elle abrite l'une des plus grandes universit\u00e9s d'Europe. <strong>les universit\u00e9s les plus anciennes et les plus prestigieuses<\/strong>, Salamanque est une ville construite autour de l'\u00e9ducation, ce qui en fait la plus grande ville de France. <strong>Un endroit id\u00e9al pour \u00e9tudier l'espagnol<\/strong>, Vous y rencontrerez des amis internationaux et d\u00e9couvrirez le rythme de la vie espagnole traditionnelle.<\/p>\n<p style=\"text-align: justify;\">Salamanque est souvent consid\u00e9r\u00e9e comme la <strong>berceau de l'espagnol le plus pur<\/strong>, Il est donc id\u00e9al pour les apprenants qui souhaitent ma\u00eetriser la langue.<br \/>\nC'est une ville charmante, remplie d'\u00e9tudiants, de culture et d'\u00e9nergie, mais suffisamment petite pour se sentir en s\u00e9curit\u00e9 et accueillante.<\/p>\n<p style=\"text-align: justify;\">Les \u00e9tudiants aiment Salamanque parce que :<\/p>\n<ul style=\"text-align: justify;\">\n<li>C'est l\u00e0 que se trouve la <strong>Universit\u00e9 de Salamanque<\/strong>, Il s'agit de l'un des plus anciens d'Europe.<\/li>\n<li>Les habitants s'expriment <strong>espagnol castillan clair et standard<\/strong>, Parfait pour les apprenants.<\/li>\n<li>Le <strong>le centre ville est compact<\/strong>, Il est possible de s'y rendre \u00e0 pied et il y a beaucoup de vie.<\/li>\n<li>Il offre <strong>une communaut\u00e9 \u00e9tudiante dynamique<\/strong> et un mode de vie abordable.<\/li>\n<li>L'atmosph\u00e8re est <strong>\u00e0 la fois acad\u00e9mique et ludique<\/strong>, L'Europe se caract\u00e9rise par un grand nombre d'\u00e9v\u00e9nements culturels et de festivals.<\/li>\n<\/ul>\n<p style=\"text-align: justify;\">Que vous soyez un <strong>adolescent participant \u00e0 un cours d'\u00e9t\u00e9<\/strong> ou un <strong>apprenant adulte<\/strong> En poursuivant un programme d'immersion totale, Salamanque offre une exp\u00e9rience authentique et profond\u00e9ment espagnole.<\/p>\n<h3 style=\"text-align: justify;\"><strong>Meilleures \u00e9coles d'espagnol \u00e0 Salamanque<\/strong><\/h3>\n<p style=\"text-align: justify;\">Voici quelques-unes des <strong>les \u00e9coles d'espagnol les plus reconnues et accr\u00e9dit\u00e9es<\/strong> \u00e0 Salamanque, offrant un large \u00e9ventail de programmes pour les \u00e9tudiants internationaux :<\/p>\n<h4 style=\"text-align: justify;\"><strong>1. Don Quijote Salamanca<\/strong><\/h4>\n<p style=\"text-align: justify;\">Situ\u00e9e dans un b\u00e2timent du XVIe si\u00e8cle magnifiquement restaur\u00e9, \u00e0 quelques pas de l'universit\u00e9 de Salamanque, Don Quijote est l'une des \u00e9coles les plus prestigieuses de la ville. Elle propose des cours d'espagnol intensifs et super-intensifs, une pr\u00e9paration \u00e0 l'examen DELE et des ateliers culturels.<\/p>\n<h4 style=\"text-align: justify;\"><strong>2. ISLA Salamanque<\/strong><\/h4>\n<p style=\"text-align: justify;\">Avec plus de 30 ans d'exp\u00e9rience, ISLA propose des cours d'espagnol en petits groupes ax\u00e9s sur la communication et l'attention personnelle. Les \u00e9tudiants appr\u00e9cient sa situation centrale, son atmosph\u00e8re familiale et ses normes acad\u00e9miques strictes.<\/p>\n<h4 style=\"text-align: justify;\"><strong>3. Coll\u00e8ge d'Espagne<\/strong><\/h4>\n<p style=\"text-align: justify;\">Accr\u00e9dit\u00e9 par l'Instituto Cervantes, le Colegio de Espa\u00f1a est connu pour son excellence acad\u00e9mique et sa longue tradition d'enseignement de l'espagnol comme langue \u00e9trang\u00e8re. Il propose des programmes flexibles pour les adultes, les \u00e9tudiants universitaires et les adolescents.<\/p>\n<h4 style=\"text-align: justify;\"><strong>4. \u00c9cole d'espagnol T\u00eda Tula<\/strong><\/h4>\n<p style=\"text-align: justify;\">Cette \u00e9cole moderne propose des cours dynamiques et un riche programme culturel. Avec de petits groupes et un environnement accueillant, T\u00eda Tula est id\u00e9ale pour les \u00e9tudiants \u00e0 la recherche d'une exp\u00e9rience immersive au c\u0153ur de Salamanque.<\/p>\n<h4 style=\"text-align: justify;\"><strong>5. Estudio Sampere Salamanca<\/strong><\/h4>\n<p style=\"text-align: justify;\">Faisant partie du prestigieux groupe Sampere, cette \u00e9cole offre un enseignement de haute qualit\u00e9 avec une attention personnalis\u00e9e. Elle propose des cours pour les adultes, les \u00e9tudiants en ann\u00e9e sabbatique et les jeunes apprenants, combinant l'apprentissage de la langue avec des activit\u00e9s culturelles et sociales.<\/p>\n<h3 style=\"text-align: justify;\"><strong>Vivre l'exp\u00e9rience de Salamanque<\/strong><\/h3>\n<p style=\"text-align: justify;\">\u00c9tudier l'espagnol \u00e0 Salamanque, c'est vivre dans une <strong>une ville pleine d'histoire, d'art et d'esprit \u00e9tudiant<\/strong>. Vous pouvez :<\/p>\n<ul style=\"text-align: justify;\">\n<li>Explorez les magnifiques <strong>Plaza Mayor<\/strong>, L'une des plus belles places d'Espagne.<\/li>\n<li>Visitez le site <strong>Universit\u00e9 de Salamanque<\/strong> et sa c\u00e9l\u00e8bre fa\u00e7ade avec la grenouille cach\u00e9e.<\/li>\n<li>Profitez des soir\u00e9es tapas avec les \u00e9tudiants locaux dans des bars et des terrasses anim\u00e9s.<\/li>\n<li>Promenade le long de la <strong>Pont romain<\/strong> et admirer l'\u00e9clat dor\u00e9 de la ville au coucher du soleil.<\/li>\n<li>D\u00e9couvrez l'atmosph\u00e8re festive de <strong>Semana Santa<\/strong> ou <strong>c\u00e9l\u00e9brations des \u00e9tudiants<\/strong> qui remplissent les rues de musique et de joie.<\/li>\n<\/ul>\n<blockquote>\n<p style=\"text-align: justify;\">\u00c0 Salamanque, l'apprentissage de l'espagnol devient plus qu'un objectif acad\u00e9mique - c'est un objectif \u00e0 long terme. <strong>une aventure culturelle qui change la vie<\/strong>. <strong>Apprenez l'espagnol \u00e0 Salamanque - la ville universitaire o\u00f9 l'histoire et la langue prennent vie !<\/strong><\/p>\n<\/blockquote>\n\n\t\t<\/div>\n\t<\/div>\n<section class=\"vc_cta3-container\"><div class=\"vc_general vc_do_cta3 vc_cta3 vc_cta3-style-outline vc_cta3-shape-rounded vc_cta3-align-left vc_cta3-color-classic vc_cta3-icon-size-md vc_cta3-icons-left vc_cta3-actions-right\"><div class=\"vc_cta3-icons\"><div class=\"vc_icon_element vc_icon_element-outer vc_do_icon vc_icon_element-align-left\"><div class=\"vc_icon_element-inner vc_icon_element-color-turquoise vc_icon_element-size-md vc_icon_element-style- vc_icon_element-background-color-grey\" ><span class=\"vc_icon_element-icon fa fa-solid fa-arrow-right-from-bracket\" ><\/span><\/div><\/div><\/div><div class=\"vc_cta3_content-container\"><div class=\"vc_cta3-content\"><header class=\"vc_cta3-content-header\"><h2>Commencez votre s\u00e9jour linguistique \u00e0 Salamanque d\u00e8s aujourd'hui !<\/h2><\/header><p style=\"text-align: justify;\">Salamanque combine <strong>excellence acad\u00e9mique, richesse culturelle et vie \u00e9tudiante<\/strong> comme aucune autre ville d'Espagne. Que vous pr\u00e9pariez des examens, que vous fassiez avancer votre carri\u00e8re ou que vous d\u00e9couvriez simplement l'Espagne, cette ville offre une multitude de possibilit\u00e9s. <strong>un environnement s\u00fbr, amical et stimulant<\/strong> d'apprendre et de grandir.<\/p>\n<\/div><div class=\"vc_cta3-actions\"><div class=\"vc_btn3-container vc_btn3-inline vc_do_btn\" ><a class=\"vc_general vc_btn3 vc_btn3-size-md vc_btn3-shape-rounded vc_btn3-style-modern vc_btn3-color-info\" href=\"https:\/\/holaspain.agency\/fr\/#contact\" title=\"\">Prendre contact aujourd'hui<\/a><\/div><\/div><\/div><\/div><\/section><\/div><\/div><\/div><\/div>\n<\/div>","protected":false},"excerpt":{"rendered":"<p>\u00c9tudiez l'espagnol \u00e0 Salamanque, centre universitaire historique de l'Espagne. Immergez-vous dans des \u00e9coles renomm\u00e9es, une architecture \u00e9tonnante et une communaut\u00e9 \u00e9tudiante dynamique.<\/p>","protected":false},"author":1,"featured_media":1825,"parent":0,"menu_order":0,"comment_status":"closed","ping_status":"closed","template":"","meta":{"_seopress_robots_primary_cat":"","_seopress_titles_title":"Hola Spain %%sep%% %%post_title%%","_seopress_titles_desc":"Learn Spanish in Salamanca \u2014 the Golden City where history, prestigious universities, and student life create the perfect immersive experience.","_seopress_robots_index":"","_daextam_enable_autolinks":"","footnotes":""},"categories":[56,53],"tags":[],"class_list":["post-1224","page","type-page","status-publish","has-post-thumbnail","hentry","category-castilla-y-leon","category-spanish-schools"],"_links":{"self":[{"href":"https:\/\/holaspain.agency\/fr\/wp-json\/wp\/v2\/pages\/1224","targetHints":{"allow":["GET"]}}],"collection":[{"href":"https:\/\/holaspain.agency\/fr\/wp-json\/wp\/v2\/pages"}],"about":[{"href":"https:\/\/holaspain.agency\/fr\/wp-json\/wp\/v2\/types\/page"}],"author":[{"embeddable":true,"href":"https:\/\/holaspain.agency\/fr\/wp-json\/wp\/v2\/users\/1"}],"replies":[{"embeddable":true,"href":"https:\/\/holaspain.agency\/fr\/wp-json\/wp\/v2\/comments?post=1224"}],"version-history":[{"count":4,"href":"https:\/\/holaspain.agency\/fr\/wp-json\/wp\/v2\/pages\/1224\/revisions"}],"predecessor-version":[{"id":1845,"href":"https:\/\/holaspain.agency\/fr\/wp-json\/wp\/v2\/pages\/1224\/revisions\/1845"}],"wp:featuredmedia":[{"embeddable":true,"href":"https:\/\/holaspain.agency\/fr\/wp-json\/wp\/v2\/media\/1825"}],"wp:attachment":[{"href":"https:\/\/holaspain.agency\/fr\/wp-json\/wp\/v2\/media?parent=1224"}],"wp:term":[{"taxonomy":"category","embeddable":true,"href":"https:\/\/holaspain.agency\/fr\/wp-json\/wp\/v2\/categories?post=1224"},{"taxonomy":"post_tag","embeddable":true,"href":"https:\/\/holaspain.agency\/fr\/wp-json\/wp\/v2\/tags?post=1224"}],"curies":[{"name":"wp","href":"https:\/\/api.w.org\/{rel}","templated":true}]}}