{"id":1223,"date":"2016-09-06T18:08:09","date_gmt":"2016-09-06T18:08:09","guid":{"rendered":"http:\/\/demos.famethemes.com\/screenr-plus\/?post_type=portfolio&#038;p=1187"},"modified":"2026-01-09T19:05:30","modified_gmt":"2026-01-09T19:05:30","slug":"ecoles-despagnol-a-granada","status":"publish","type":"page","link":"https:\/\/holaspain.agency\/fr\/spanish-schools-in-granada\/","title":{"rendered":"Ecoles d'espagnol \u00e0 Grenade"},"content":{"rendered":"<div class=\"wpb-content-wrapper\"><div class=\"vc_row wpb_row vc_row-fluid\"><div class=\"wpb_column vc_column_container vc_col-sm-12\"><div class=\"vc_column-inner\"><div class=\"wpb_wrapper\">\n\t<div class=\"wpb_text_column wpb_content_element\" >\n\t\t<div class=\"wpb_wrapper\">\n\t\t\t<h1 style=\"text-align: justify;\">\u00c9tudier l'espagnol \u00e0 l'\u00e9tranger<\/h1>\n<h3 style=\"text-align: justify;\"><strong>Apprendre l'espagnol \u00e0 Grenade - L\u00e0 o\u00f9 la langue, la culture et l'histoire se rencontrent<\/strong><\/h3>\n<blockquote>\n<p style=\"text-align: justify;\">Si vous \u00eates \u00e0 la recherche d'une destination pour apprendre l'espagnol qui combine une histoire \u00e9tonnante, des vues sur les montagnes et une vie \u00e9tudiante dynamique, <strong>Grenade<\/strong> est le choix id\u00e9al. Nich\u00e9 au pied de la <strong>Montagnes de la Sierra Nevada<\/strong> et abrite le c\u00e9l\u00e8bre <strong>Palais de l'Alhambra<\/strong>, Grenade offre un m\u00e9lange unique de <strong>Tradition andalouse, \u00e9nergie de la jeunesse et excellence acad\u00e9mique<\/strong>.<\/p>\n<\/blockquote>\n<h3 style=\"text-align: justify;\"><strong>Pourquoi \u00e9tudier l'espagnol \u00e0 Grenade ?<\/strong><\/h3>\n<p><iframe loading=\"lazy\" title=\"\u00c9tudier l&#039;espagnol \u00e0 Grenade \ud83c\uddea\ud83c\uddf8 | Histoire, culture et immersion\" width=\"790\" height=\"444\" src=\"https:\/\/www.youtube.com\/embed\/0D6AVpzFc-Q?feature=oembed\" frameborder=\"0\" allow=\"accelerometer; autoplay; clipboard-write; encrypted-media; gyroscope; picture-in-picture; web-share\" referrerpolicy=\"strict-origin-when-cross-origin\" allowfullscreen><\/iframe><\/p>\n<p style=\"text-align: justify;\"><span style=\"font-size: 0.9375rem;\">Ici, chaque rue raconte une histoire, chaque vue vous inspire - et chaque instant est une occasion de faire des d\u00e9couvertes.<\/span><span style=\"font-size: 0.9375rem;\">\u00a0<\/span><strong style=\"font-size: 0.9375rem;\">vivre et apprendre l'espagnol<\/strong><span style=\"font-size: 0.9375rem;\">\u00a0<\/span><span style=\"font-size: 0.9375rem;\">dans l'une des villes les plus magiques d'Espagne.<\/span><\/p>\n<p style=\"text-align: justify;\">Grenade est une <strong>ville universitaire<\/strong> avec des milliers d'\u00e9tudiants locaux et internationaux, cr\u00e9ant ainsi un environnement dynamique et multiculturel id\u00e9al pour apprendre et se faire de nouveaux amis.<br \/>\nPlus petite et plus abordable que Madrid ou Barcelone, elle n'en est pas moins pleine de beaut\u00e9, de culture et de vie.<\/p>\n<p style=\"text-align: justify;\">Les \u00e9tudiants choisissent Grenade pour les raisons suivantes<\/p>\n<ul style=\"text-align: justify;\">\n<li>Les habitants s'expriment <strong>espagnol clair et traditionnel andalou<\/strong>, et facile \u00e0 comprendre.<\/li>\n<li>C'est <strong>abordable<\/strong> et id\u00e9al pour les budgets \u00e9tudiants.<\/li>\n<li>Il y a un <strong>une vie nocturne et une sc\u00e8ne culturelle dynamiques<\/strong> gr\u00e2ce \u00e0 l'importance de sa population \u00e9tudiante.<\/li>\n<li>Vous pouvez profiter <strong>le ski en montagne<\/strong> et <strong>se d\u00e9tendre sur les plages de la M\u00e9diterran\u00e9e<\/strong> au cours du m\u00eame week-end.<\/li>\n<li>La taille de la ville la rend <strong>s\u00fbr, praticable et accueillant<\/strong>.<\/li>\n<\/ul>\n<p style=\"text-align: justify;\">Grenade offre un \u00e9quilibre parfait entre <strong>l'\u00e9tude, l'aventure et la d\u00e9couverte culturelle<\/strong> - pour les adolescents et les adultes.<\/p>\n<h3 style=\"text-align: justify;\"><strong>Meilleures \u00e9coles d'espagnol \u00e0 Grenade<\/strong><\/h3>\n<p style=\"text-align: justify;\">Voici quelques-unes des <strong>les meilleures \u00e9coles d'espagnol de Grenade et les plus accr\u00e9dit\u00e9es<\/strong>, L'\u00e9cole est id\u00e9ale pour les \u00e9tudiants internationaux \u00e0 la recherche d'une qualit\u00e9 et d'une immersion :<\/p>\n<h4 style=\"text-align: justify;\"><strong>1. Enforex Grenade<\/strong><\/h4>\n<p style=\"text-align: justify;\">Situ\u00e9 dans le centre historique, Enforex offre un environnement d'apprentissage moderne avec des professeurs hautement qualifi\u00e9s et des classes dynamiques. Les \u00e9tudiants peuvent participer \u00e0 des ateliers culturels, des excursions et des \u00e9changes linguistiques pour pratiquer l'espagnol en dehors de la salle de classe.<\/p>\n<h4 style=\"text-align: justify;\"><strong>2. Instituto Mediterr\u00e1neo Sol (iNMSOL)<\/strong><\/h4>\n<p style=\"text-align: justify;\">Accr\u00e9dit\u00e9 par l'Instituto Cervantes, iNMSOL a plus de 30 ans d'exp\u00e9rience dans l'enseignement de l'espagnol aux \u00e9tudiants internationaux. Il propose des cours intensifs, une pr\u00e9paration au DELE et des programmes personnalis\u00e9s pour les adultes, les adolescents et les professionnels.<\/p>\n<h4 style=\"text-align: justify;\"><strong>3. \u00c9cole d'espagnol CastiLa<\/strong><\/h4>\n<p style=\"text-align: justify;\">Situ\u00e9 dans un charmant b\u00e2timent surplombant le <strong>Alhambra<\/strong>, CastiLa offre des petits groupes, une attention personnalis\u00e9e et une forte concentration acad\u00e9mique. L'\u00e9cole associe l'apprentissage \u00e0 l'immersion culturelle par le biais de visites guid\u00e9es, d'exp\u00e9riences locales et d'\u00e9changes linguistiques.<\/p>\n<h4 style=\"text-align: justify;\"><strong>4. Escuela Montalb\u00e1n<\/strong><\/h4>\n<p style=\"text-align: justify;\">Membre de TANDEM International et accr\u00e9dit\u00e9e par l'Instituto Cervantes, l'Escuela Montalb\u00e1n est l'une des \u00e9coles les plus respect\u00e9es de Grenade. Elle propose des cours d'espagnol intensifs et super-intensifs, une formation pour les enseignants et des camps d'\u00e9t\u00e9 pour les adolescents.<\/p>\n<h4 style=\"text-align: justify;\"><strong>5. Academia El Sur<\/strong><\/h4>\n<p style=\"text-align: justify;\">L'Academia El Sur est une \u00e9cole de langue situ\u00e9e pr\u00e8s du quartier de l'Albaicin. Elle propose des programmes d'immersion en espagnol ax\u00e9s sur la communication, la culture et l'attention personnelle. Elle est id\u00e9ale pour les \u00e9tudiants qui souhaitent un environnement d'apprentissage plus intime et authentique.<\/p>\n<h3 style=\"text-align: justify;\"><strong>Vivre l'exp\u00e9rience grenadine<\/strong><\/h3>\n<p style=\"text-align: justify;\">\u00c9tudier l'espagnol \u00e0 Grenade, c'est bien plus qu'apprendre une langue - c'est <strong>vivre une aventure culturelle<\/strong> tous les jours. Vous pouvez :<\/p>\n<ul style=\"text-align: justify;\">\n<li>Visitez l'\u00e9poustouflante <strong>Alhambra<\/strong>, Le site est inscrit au patrimoine mondial de l'UNESCO.<\/li>\n<li>Promenez-vous dans les <strong>Albaicin<\/strong> et <strong>Sacromonte<\/strong> des quartiers remplis de maisons blanchies \u00e0 la chaux et de grottes de flamenco.<\/li>\n<li>Des tapas sont offertes avec chaque boisson - une tradition grenadine !<\/li>\n<li>Admirez le coucher de soleil depuis <strong>Mirador de San Nicol\u00e1s<\/strong>, L'une des vues les plus embl\u00e9matiques d'Espagne.<\/li>\n<li>D\u00e9couvrez des festivals dynamiques tels que <strong>Corpus Christi<\/strong> ou des soir\u00e9es flamenco dans des tavernes cach\u00e9es.<\/li>\n<\/ul>\n<p style=\"text-align: justify;\">L'atmosph\u00e8re unique de Grenade - un m\u00e9lange de <strong>H\u00e9ritage arabe, tradition espagnole et \u00e9nergie de la jeunesse<\/strong> - en fait une destination inoubliable pour les apprenants d'espagnol.<\/p>\n<blockquote>\n<p style=\"text-align: justify;\">\u00c9tudiez l'espagnol au milieu de l'histoire, des montagnes et des habitants accueillants - et vivez une exp\u00e9rience que vous n'oublierez jamais. Apprenez l'espagnol et immergez-vous dans la riche histoire et la culture de Grenade. Chaque rue, chaque bar \u00e0 tapas et chaque monument historique vous offre la possibilit\u00e9 de pratiquer la langue, de d\u00e9couvrir les traditions andalouses et de rendre chaque moment inoubliable.<\/p>\n<\/blockquote>\n\n\t\t<\/div>\n\t<\/div>\n<section class=\"vc_cta3-container\"><div class=\"vc_general vc_do_cta3 vc_cta3 vc_cta3-style-outline vc_cta3-shape-rounded vc_cta3-align-left vc_cta3-color-classic vc_cta3-icon-size-md vc_cta3-icons-left vc_cta3-actions-right\"><div class=\"vc_cta3-icons\"><div class=\"vc_icon_element vc_icon_element-outer vc_do_icon vc_icon_element-align-left\"><div class=\"vc_icon_element-inner vc_icon_element-color-turquoise vc_icon_element-size-md vc_icon_element-style- vc_icon_element-background-color-grey\" ><span class=\"vc_icon_element-icon fa fa-solid fa-arrow-right-from-bracket\" ><\/span><\/div><\/div><\/div><div class=\"vc_cta3_content-container\"><div class=\"vc_cta3-content\"><header class=\"vc_cta3-content-header\"><h2>Commencez votre s\u00e9jour linguistique \u00e0 Grenade d\u00e8s aujourd'hui !<\/h2><\/header><p style=\"text-align: justify;\">Que vous soyez un apprenant adulte \u00e0 la recherche d'une immersion totale ou un adolescent \u00e0 la recherche d'un \u00e9t\u00e9 s\u00fbr et inspirant \u00e0 l'\u00e9tranger, <strong>Grenade offre une combinaison parfaite de langue, de culture et d'amusement.<\/strong>.<\/p>\n<\/div><div class=\"vc_cta3-actions\"><div class=\"vc_btn3-container vc_btn3-inline vc_do_btn\" ><a class=\"vc_general vc_btn3 vc_btn3-size-md vc_btn3-shape-rounded vc_btn3-style-modern vc_btn3-color-info\" href=\"https:\/\/holaspain.agency\/fr\/#contact\" title=\"\">Prendre contact aujourd'hui<\/a><\/div><\/div><\/div><\/div><\/section><\/div><\/div><\/div><\/div>\n<\/div>","protected":false},"excerpt":{"rendered":"<p>Apprenez l'espagnol \u00e0 Grenade, o\u00f9 l'h\u00e9ritage mauresque rencontre l'effervescence moderne. Avec d'excellentes \u00e9coles, l'Alhambra et une sc\u00e8ne \u00e9tudiante anim\u00e9e, c'est la ville id\u00e9ale pour les \u00e9tudiants en langues.<\/p>","protected":false},"author":1,"featured_media":1822,"parent":0,"menu_order":0,"comment_status":"closed","ping_status":"closed","template":"","meta":{"_seopress_robots_primary_cat":"","_seopress_titles_title":"Hola Spain %%sep%% %%post_title%%","_seopress_titles_desc":"Learn Spanish in Granada \u2014 immerse yourself in history, culture, and the Sierra Nevada mountains while practicing the language every day.","_seopress_robots_index":"","_daextam_enable_autolinks":"1","footnotes":""},"categories":[54,53],"tags":[],"class_list":["post-1223","page","type-page","status-publish","has-post-thumbnail","hentry","category-andalucia","category-spanish-schools"],"_links":{"self":[{"href":"https:\/\/holaspain.agency\/fr\/wp-json\/wp\/v2\/pages\/1223","targetHints":{"allow":["GET"]}}],"collection":[{"href":"https:\/\/holaspain.agency\/fr\/wp-json\/wp\/v2\/pages"}],"about":[{"href":"https:\/\/holaspain.agency\/fr\/wp-json\/wp\/v2\/types\/page"}],"author":[{"embeddable":true,"href":"https:\/\/holaspain.agency\/fr\/wp-json\/wp\/v2\/users\/1"}],"replies":[{"embeddable":true,"href":"https:\/\/holaspain.agency\/fr\/wp-json\/wp\/v2\/comments?post=1223"}],"version-history":[{"count":7,"href":"https:\/\/holaspain.agency\/fr\/wp-json\/wp\/v2\/pages\/1223\/revisions"}],"predecessor-version":[{"id":2337,"href":"https:\/\/holaspain.agency\/fr\/wp-json\/wp\/v2\/pages\/1223\/revisions\/2337"}],"wp:featuredmedia":[{"embeddable":true,"href":"https:\/\/holaspain.agency\/fr\/wp-json\/wp\/v2\/media\/1822"}],"wp:attachment":[{"href":"https:\/\/holaspain.agency\/fr\/wp-json\/wp\/v2\/media?parent=1223"}],"wp:term":[{"taxonomy":"category","embeddable":true,"href":"https:\/\/holaspain.agency\/fr\/wp-json\/wp\/v2\/categories?post=1223"},{"taxonomy":"post_tag","embeddable":true,"href":"https:\/\/holaspain.agency\/fr\/wp-json\/wp\/v2\/tags?post=1223"}],"curies":[{"name":"wp","href":"https:\/\/api.w.org\/{rel}","templated":true}]}}