{"id":1209,"date":"2016-09-05T20:12:29","date_gmt":"2016-09-05T20:12:29","guid":{"rendered":"http:\/\/demos.famethemes.com\/screenr-plus\/?page_id=18"},"modified":"2025-11-05T11:41:18","modified_gmt":"2025-11-05T11:41:18","slug":"experiences-dimmersion-culturelle","status":"publish","type":"page","link":"https:\/\/holaspain.agency\/fr\/cultural-immersion-experiences\/","title":{"rendered":"Immersion et exp\u00e9riences culturelles"},"content":{"rendered":"<div class=\"wpb-content-wrapper\"><div class=\"vc_row wpb_row vc_row-fluid\"><div class=\"wpb_column vc_column_container vc_col-sm-12\"><div class=\"vc_column-inner\"><div class=\"wpb_wrapper\">\n\t<div class=\"wpb_text_column wpb_content_element\" >\n\t\t<div class=\"wpb_wrapper\">\n\t\t\t<h1 style=\"text-align: justify;\" data-pm-slice=\"0 0 &#091;&#093;\">D\u00e9couvrir la langue et la culture espagnoles<\/h1>\n<p style=\"text-align: justify;\" data-pm-slice=\"0 0 &#091;&#093;\">L'exp\u00e9rience de la <a href=\"https:\/\/holaspain.agency\/fr\/cours-despagnol\/\">Langue espagnole<\/a> et la culture comme jamais auparavant avec HolaSpain. Nos programmes combinent \u00e9ducation, aventure et exp\u00e9riences locales authentiques. Ils sont con\u00e7us pour les \u00e9tudiants et les adultes irlandais qui souhaitent apprendre l'espagnol tout en le vivant r\u00e9ellement.<\/p>\n<h2 style=\"text-align: justify;\" data-pm-slice=\"0 0 &#091;&#093;\">Apprentissage immersif de l'espagnol<\/h2>\n<p style=\"text-align: justify;\" data-pm-slice=\"0 0 &#091;&#093;\">L'apprentissage de l'espagnol va au-del\u00e0 de la salle de classe. Les \u00e9tudiants participent \u00e0 des activit\u00e9s culturelles int\u00e9ressantes telles que des visites de la ville, des visites de sites historiques, des festivals locaux et des ateliers interactifs. Ces exp\u00e9riences permettent aux apprenants d'utiliser l'espagnol dans des situations r\u00e9elles tout en d\u00e9couvrant les riches traditions et coutumes de l'Espagne.<\/p>\n<h2 style=\"text-align: justify;\" data-pm-slice=\"0 0 &#091;&#093;\">Excursions et activit\u00e9s<\/h2>\n<p style=\"text-align: justify;\" data-pm-slice=\"0 0 &#091;&#093;\">Nos programmes comprennent des excursions et des activit\u00e9s soigneusement planifi\u00e9es et adapt\u00e9es \u00e0 chaque groupe. Des ateliers de flamenco et de cuisine aux sports, en passant par les projets artistiques et les \u00e9v\u00e9nements locaux, les \u00e9tudiants acqui\u00e8rent une exp\u00e9rience pratique de la culture espagnole. Ces activit\u00e9s encouragent l'interaction avec les communaut\u00e9s locales et aident les apprenants \u00e0 d\u00e9velopper leur confiance en eux en utilisant la langue en dehors de la salle de classe.<\/p>\n<h3 style=\"text-align: justify;\" data-pm-slice=\"0 0 &#091;&#093;\">Apprendre par des exp\u00e9riences r\u00e9elles<\/h3>\n<p style=\"text-align: justify;\" data-pm-slice=\"0 0 &#091;&#093;\">Chaque activit\u00e9 est con\u00e7ue pour rendre l'apprentissage de la langue amusant, pratique et significatif. Les \u00e9tudiants participent \u00e0 des jeux de r\u00f4le, \u00e0 des exercices de r\u00e9solution de probl\u00e8mes et de travail en \u00e9quipe qui renforcent leurs comp\u00e9tences en espagnol tout en explorant la culture locale. Ces exp\u00e9riences immersives cr\u00e9ent un environnement dynamique o\u00f9 les apprenants font le lien entre la langue et la vie de tous les jours.<\/p>\n<h3 style=\"text-align: justify;\" data-pm-slice=\"0 0 &#091;&#093;\">Pourquoi choisir HolaSpain pour une immersion culturelle ?<\/h3>\n<ul style=\"text-align: justify;\">\n<li style=\"text-align: justify;\" data-pm-slice=\"0 0 &#091;&#093;\">Programmes en immersion totale pour les \u00e9tudiants et les adultes irlandais<\/li>\n<li style=\"text-align: justify;\" data-pm-slice=\"0 0 &#091;&#093;\">Enseignants autochtones et guides locaux exp\u00e9riment\u00e9s<\/li>\n<li style=\"text-align: justify;\" data-pm-slice=\"0 0 &#091;&#093;\">Combinaison d'apprentissage en classe et d'exp\u00e9riences culturelles r\u00e9elles<\/li>\n<li style=\"text-align: justify;\" data-pm-slice=\"0 0 &#091;&#093;\">Des environnements d'apprentissage s\u00fbrs, favorables et attrayants<\/li>\n<li style=\"text-align: justify;\" data-pm-slice=\"0 0 &#091;&#093;\">Possibilit\u00e9s d'explorer l'Espagne et de cr\u00e9er des souvenirs inoubliables<\/li>\n<\/ul>\n\n\t\t<\/div>\n\t<\/div>\n<section class=\"vc_cta3-container\"><div class=\"vc_general vc_do_cta3 vc_cta3 vc_cta3-style-outline vc_cta3-shape-rounded vc_cta3-align-left vc_cta3-color-classic vc_cta3-icon-size-md vc_cta3-icons-left vc_cta3-actions-right\"><div class=\"vc_cta3-icons\"><div class=\"vc_icon_element vc_icon_element-outer vc_do_icon vc_icon_element-align-left\"><div class=\"vc_icon_element-inner vc_icon_element-color-turquoise vc_icon_element-size-md vc_icon_element-style- vc_icon_element-background-color-grey\" ><span class=\"vc_icon_element-icon fa fa-solid fa-arrow-right-from-bracket\" ><\/span><\/div><\/div><\/div><div class=\"vc_cta3_content-container\"><div class=\"vc_cta3-content\"><header class=\"vc_cta3-content-header\"><h2>Commencez votre aventure espagnole d\u00e8s aujourd'hui !<\/h2><\/header><p>Vous avez des questions ou vous souhaitez trouver le cours d'espagnol id\u00e9al ? Contactez HolaSpain aujourd'hui et laissez-nous vous aider \u00e0 planifier votre exp\u00e9rience d'apprentissage en Espagne.<\/p>\n<\/div><div class=\"vc_cta3-actions\"><div class=\"vc_btn3-container vc_btn3-inline vc_do_btn\" ><a class=\"vc_general vc_btn3 vc_btn3-size-md vc_btn3-shape-rounded vc_btn3-style-modern vc_btn3-color-info\" href=\"https:\/\/holaspain.agency\/fr\/#contact\" title=\"\">Prendre contact aujourd'hui<\/a><\/div><\/div><\/div><\/div><\/section><\/div><\/div><\/div><\/div>\n<\/div>","protected":false},"excerpt":{"rendered":"<p>Nos programmes combinent \u00e9ducation, aventure et exp\u00e9riences locales authentiques. Ils sont con\u00e7us pour les \u00e9tudiants juniors et adultes qui souhaitent apprendre l'espagnol tout en le vivant r\u00e9ellement.<\/p>","protected":false},"author":1,"featured_media":1317,"parent":0,"menu_order":0,"comment_status":"closed","ping_status":"closed","template":"","meta":{"_seopress_robots_primary_cat":"","_seopress_titles_title":"%%sitetitle%% %%sep%% Cultural Immersion","_seopress_titles_desc":"Experience Spanish language and culture with HolaSpain through immersive activities, excursions, and interactive learning for Irish students and adults.","_seopress_robots_index":"","_daextam_enable_autolinks":"","footnotes":""},"categories":[61],"tags":[],"class_list":["post-1209","page","type-page","status-publish","has-post-thumbnail","hentry","category-services"],"_links":{"self":[{"href":"https:\/\/holaspain.agency\/fr\/wp-json\/wp\/v2\/pages\/1209","targetHints":{"allow":["GET"]}}],"collection":[{"href":"https:\/\/holaspain.agency\/fr\/wp-json\/wp\/v2\/pages"}],"about":[{"href":"https:\/\/holaspain.agency\/fr\/wp-json\/wp\/v2\/types\/page"}],"author":[{"embeddable":true,"href":"https:\/\/holaspain.agency\/fr\/wp-json\/wp\/v2\/users\/1"}],"replies":[{"embeddable":true,"href":"https:\/\/holaspain.agency\/fr\/wp-json\/wp\/v2\/comments?post=1209"}],"version-history":[{"count":10,"href":"https:\/\/holaspain.agency\/fr\/wp-json\/wp\/v2\/pages\/1209\/revisions"}],"predecessor-version":[{"id":1329,"href":"https:\/\/holaspain.agency\/fr\/wp-json\/wp\/v2\/pages\/1209\/revisions\/1329"}],"wp:featuredmedia":[{"embeddable":true,"href":"https:\/\/holaspain.agency\/fr\/wp-json\/wp\/v2\/media\/1317"}],"wp:attachment":[{"href":"https:\/\/holaspain.agency\/fr\/wp-json\/wp\/v2\/media?parent=1209"}],"wp:term":[{"taxonomy":"category","embeddable":true,"href":"https:\/\/holaspain.agency\/fr\/wp-json\/wp\/v2\/categories?post=1209"},{"taxonomy":"post_tag","embeddable":true,"href":"https:\/\/holaspain.agency\/fr\/wp-json\/wp\/v2\/tags?post=1209"}],"curies":[{"name":"wp","href":"https:\/\/api.w.org\/{rel}","templated":true}]}}