{"id":1208,"date":"2016-09-05T20:07:42","date_gmt":"2016-09-05T20:07:42","guid":{"rendered":"http:\/\/demos.famethemes.com\/screenr-plus\/?page_id=16"},"modified":"2025-11-17T13:39:03","modified_gmt":"2025-11-17T13:39:03","slug":"programmes-de-langue-espagnole","status":"publish","type":"page","link":"https:\/\/holaspain.agency\/fr\/spanish-language-programmes\/","title":{"rendered":"Programmes de langue espagnole"},"content":{"rendered":"<div class=\"wpb-content-wrapper\"><div class=\"vc_row wpb_row vc_row-fluid\"><div class=\"wpb_column vc_column_container vc_col-sm-12\"><div class=\"vc_column-inner\"><div class=\"wpb_wrapper\">\n\t<div class=\"wpb_text_column wpb_content_element\" >\n\t\t<div class=\"wpb_wrapper\">\n\t\t\t<h1 style=\"text-align: justify;\">\u00c9tudier l'espagnol \u00e0 l'\u00e9tranger<\/h1>\n<h2 style=\"text-align: justify;\">Cours d'espagnol en Espagne pour adultes<\/h2>\n<p style=\"text-align: justify;\">Les adultes peuvent s'inscrire \u00e0 des cours intensifs d'espagnol en Espagne pour acc\u00e9l\u00e9rer leur apprentissage. Les cours sont dispens\u00e9s par des professeurs natifs exp\u00e9riment\u00e9s, et les programmes de HolaSpain sont attrayants et interactifs, combinant des le\u00e7ons structur\u00e9es avec des conversations pratiques pour une utilisation de la langue dans le monde r\u00e9el. Que votre objectif soit d'am\u00e9liorer votre aisance, de gagner en confiance ou de vous pr\u00e9parer \u00e0 des opportunit\u00e9s professionnelles, nos cours pour adultes constituent l'environnement id\u00e9al pour atteindre vos objectifs.<\/p>\n<p style=\"text-align: justify;\">Nos cours pour adultes comprennent des programmes intensifs, des cours ax\u00e9s sur la conversation et la pr\u00e9paration \u00e0 l'examen DELE afin de r\u00e9pondre aux besoins de chaque apprenant. Les participants peuvent b\u00e9n\u00e9ficier d'activit\u00e9s culturelles, d'excursions guid\u00e9es et d'exp\u00e9riences interactives qui renforcent l'apprentissage. HolaSpain associe un enseignement de haute qualit\u00e9 \u00e0 des programmes attrayants, ce qui permet aux adultes de progresser rapidement tout en vivant pleinement la culture espagnole.<\/p>\n<h2 style=\"text-align: justify;\">Cours d'espagnol en Espagne pour les adolescents<\/h2>\n<p style=\"text-align: justify;\">Les adolescents peuvent s'inscrire \u00e0 des cours d'espagnol en Espagne con\u00e7us pour d\u00e9velopper leurs comp\u00e9tences linguistiques tout en s'amusant et en d\u00e9couvrant la culture locale. Les programmes de HolaSpain sont dynamiques et interactifs, combinant des le\u00e7ons structur\u00e9es avec des jeux, des activit\u00e9s de groupe et des exercices de conversation qui rendent l'apprentissage agr\u00e9able. Qu'il s'agisse d'\u00e9tudes individuelles, de groupes scolaires ou de programmes de camps d'\u00e9t\u00e9, nos cours aident les adolescents \u00e0 gagner en confiance et \u00e0 parler couramment l'espagnol.<\/p>\n<p style=\"text-align: justify;\">Les cours pour adolescents comprennent des camps d'\u00e9t\u00e9 d'espagnol, des programmes pour les lyc\u00e9ens et des cours intensifs adapt\u00e9s \u00e0 diff\u00e9rents niveaux. Les \u00e9tudiants participent \u00e0 des cours interactifs avec des professeurs natifs et b\u00e9n\u00e9ficient d'excursions culturelles et d'activit\u00e9s int\u00e9ressantes. HolaSpain veille \u00e0 ce que les adolescents progressent dans leur apprentissage de l'espagnol tout en vivant une exp\u00e9rience m\u00e9morable et riche sur le plan culturel.<\/p>\n<h3 style=\"text-align: justify;\">Les meilleurs cours d'espagnol en Espagne<\/h3>\n<p style=\"text-align: justify;\">HolaSpain s'associe \u00e0 des \u00e9coles d'espagnol de premier plan dans toute l'Espagne pour offrir des cours de haute qualit\u00e9, des professeurs natifs et une immersion culturelle totale. D\u00e9couvrez pourquoi \u00e9tudier l'espagnol avec nous est le moyen le plus efficace et le plus agr\u00e9able de ma\u00eetriser la langue.<\/p>\n<h3 style=\"text-align: justify;\">Programmes de langue espagnole dans les principales destinations espagnoles<\/h3>\n<p style=\"text-align: justify;\">Nous proposons des \u00e9coles et des programmes \u00e0 Madrid, Barcelone, Valence, S\u00e9ville, Malaga, Salamanque, Grenade et Alicante. Chaque ville offre un environnement unique, depuis les centres urbains anim\u00e9s et les sites historiques jusqu'aux plages et aux quartiers culturels. \u00c9tudier l'espagnol dans ces villes permet aux \u00e9tudiants de s'immerger dans la langue, de pratiquer dans des situations r\u00e9elles et de profiter d'une vari\u00e9t\u00e9 d'activit\u00e9s culturelles et d'excursions en dehors de la salle de classe.<\/p>\n\n\t\t<\/div>\n\t<\/div>\n\n<div class=\"vc_grid-container-wrapper vc_clearfix vc_grid-animation-zoomIn\">\n\t<div class=\"vc_grid-container vc_clearfix wpb_content_element vc_masonry_grid\" data-initial-loading-animation=\"zoomIn\" data-vc-grid-settings=\"{&quot;page_id&quot;:1208,&quot;style&quot;:&quot;all-masonry&quot;,&quot;action&quot;:&quot;vc_get_vc_grid_data&quot;,&quot;shortcode_id&quot;:&quot;1763386692637-e3ba8c13-999a-6&quot;,&quot;tag&quot;:&quot;vc_masonry_grid&quot;}\" data-vc-request=\"https:\/\/holaspain.agency\/wp-admin\/admin-ajax.php\" data-vc-post-id=\"1208\" data-vc-public-nonce=\"9ffa800287\">\n\t\t\n\t<\/div>\n<\/div><section class=\"vc_cta3-container\"><div class=\"vc_general vc_do_cta3 vc_cta3 vc_cta3-style-outline vc_cta3-shape-rounded vc_cta3-align-left vc_cta3-color-classic vc_cta3-icon-size-md vc_cta3-icons-left vc_cta3-actions-right\"><div class=\"vc_cta3-icons\"><div class=\"vc_icon_element vc_icon_element-outer vc_do_icon vc_icon_element-align-left\"><div class=\"vc_icon_element-inner vc_icon_element-color-turquoise vc_icon_element-size-md vc_icon_element-style- vc_icon_element-background-color-grey\" ><span class=\"vc_icon_element-icon fa fa-solid fa-arrow-right-from-bracket\" ><\/span><\/div><\/div><\/div><div class=\"vc_cta3_content-container\"><div class=\"vc_cta3-content\"><header class=\"vc_cta3-content-header\"><h2>Commencez votre aventure espagnole d\u00e8s aujourd'hui !<\/h2><\/header><p>Vous avez des questions ou vous souhaitez trouver le cours d'espagnol id\u00e9al ? Contactez HolaSpain aujourd'hui et laissez-nous vous aider \u00e0 planifier votre exp\u00e9rience d'apprentissage en Espagne.<\/p>\n<\/div><div class=\"vc_cta3-actions\"><div class=\"vc_btn3-container vc_btn3-inline vc_do_btn\" ><a class=\"vc_general vc_btn3 vc_btn3-size-md vc_btn3-shape-rounded vc_btn3-style-modern vc_btn3-color-info\" href=\"https:\/\/holaspain.agency\/fr\/#contact\" title=\"\">Prendre contact aujourd'hui<\/a><\/div><\/div><\/div><\/div><\/section><\/div><\/div><\/div><\/div><div class=\"vc_row wpb_row vc_row-fluid\"><div class=\"wpb_column vc_column_container vc_col-sm-12\"><div class=\"vc_column-inner\"><div class=\"wpb_wrapper\"><\/div><\/div><\/div><\/div>\n<\/div>","protected":false},"excerpt":{"rendered":"<p>HolaSpain propose des cours d'espagnol pour les adolescents, les adultes, les groupes de lyc\u00e9ens et les groupes scolaires. Les cours sont con\u00e7us pour \u00eatre attrayants, interactifs et efficaces.<\/p>","protected":false},"author":1,"featured_media":1266,"parent":0,"menu_order":0,"comment_status":"closed","ping_status":"closed","template":"","meta":{"_seopress_robots_primary_cat":"","_seopress_titles_title":"%%sitetitle%% %%sep%% %%post_title%%","_seopress_titles_desc":"Spanish language courses in Spain for adults and teenagers. Intensive programmes, DELE prep, summer camps, and interactive learning experiences.","_seopress_robots_index":"","_daextam_enable_autolinks":"1","footnotes":""},"categories":[61],"tags":[],"class_list":["post-1208","page","type-page","status-publish","has-post-thumbnail","hentry","category-services"],"_links":{"self":[{"href":"https:\/\/holaspain.agency\/fr\/wp-json\/wp\/v2\/pages\/1208","targetHints":{"allow":["GET"]}}],"collection":[{"href":"https:\/\/holaspain.agency\/fr\/wp-json\/wp\/v2\/pages"}],"about":[{"href":"https:\/\/holaspain.agency\/fr\/wp-json\/wp\/v2\/types\/page"}],"author":[{"embeddable":true,"href":"https:\/\/holaspain.agency\/fr\/wp-json\/wp\/v2\/users\/1"}],"replies":[{"embeddable":true,"href":"https:\/\/holaspain.agency\/fr\/wp-json\/wp\/v2\/comments?post=1208"}],"version-history":[{"count":20,"href":"https:\/\/holaspain.agency\/fr\/wp-json\/wp\/v2\/pages\/1208\/revisions"}],"predecessor-version":[{"id":2200,"href":"https:\/\/holaspain.agency\/fr\/wp-json\/wp\/v2\/pages\/1208\/revisions\/2200"}],"wp:featuredmedia":[{"embeddable":true,"href":"https:\/\/holaspain.agency\/fr\/wp-json\/wp\/v2\/media\/1266"}],"wp:attachment":[{"href":"https:\/\/holaspain.agency\/fr\/wp-json\/wp\/v2\/media?parent=1208"}],"wp:term":[{"taxonomy":"category","embeddable":true,"href":"https:\/\/holaspain.agency\/fr\/wp-json\/wp\/v2\/categories?post=1208"},{"taxonomy":"post_tag","embeddable":true,"href":"https:\/\/holaspain.agency\/fr\/wp-json\/wp\/v2\/tags?post=1208"}],"curies":[{"name":"wp","href":"https:\/\/api.w.org\/{rel}","templated":true}]}}